{"id":3947,"date":"2019-08-19T20:02:29","date_gmt":"2019-08-19T20:02:29","guid":{"rendered":"https:\/\/demo.tz-viskovo.hr\/?page_id=3947"},"modified":"2019-08-19T20:02:30","modified_gmt":"2019-08-19T20:02:30","slug":"wie-sie-uns-erreichen","status":"publish","type":"page","link":"https:\/\/demo.tz-viskovo.hr\/de\/info\/wie-sie-uns-erreichen\/","title":{"rendered":"Wie Sie uns erreichen?"},"content":{"rendered":"\n<p>Vi\u0161kovo ist einfach mit dem Auto zu erreichen, folgen Sie nur dem Wegweiser:<\/p>\n\n\n\n<p>wenn Sie aus dem benachbarten Slowenien kommen, \u00fcber den Grenz\u00fcbergang Rupa, weisen die Verkehrsschilder vor dem westlichen Eingang in Rijeka nach Kastav und dann nach Vi\u0161kovo;<br>wenn Sie \u00fcber Rijeka-Umleitungsstra\u00dfe fahren, w\u00e4hlen Sie den Ausgang Rijeka-West (Kastav);<br>wenn Sie aus der Richtung Opatija kommen, folgen Sie den Schildern aus Matulji nach Kastav und dann nach Vi\u0161kovo.<\/p>\n\n\n\n<p>Wenn Sie nach Kroatien mit dem Bus oder Zug fahren, w\u00e4hlen Sie Rijeka als Reiseziel \u2013 von da aus ist Vi\u0161kovo leicht mit dem Bus oder Taxi zu erreichen. Wenn Sie mit dem Flugzeug fliegen, stehen Ihnen Flugh\u00e4fen wie Rijeka (auf der Insel Krk), Zagreb und Pula zur Verf\u00fcgung. Diese Flugh\u00e4fen haben eine gute \u00f6ffentliche Verkehrsverbindung via Rijeka bzw. Vi\u0161kovo. Sie k\u00f6nnen Vi\u0161kovo einfach mit B\u00fcssen des \u00f6ffentlichen Verkehrs erreichen.<\/p>\n\n\n\n<p>Fahrplan der Busslinie in der Gemeinde Vi\u0161kovo:<\/p>\n\n\n\n<p><a href=\"https:\/\/www.autotrolej.hr\/att\/wp-content\/uploads\/2016\/04\/lin-3-vazi-od-29-04-2019.pdf\">Linie br. 3&nbsp;RIJEKA-DRNJEVCI-BEZJAKI<\/a><br><a href=\"http:\/\/www.autotrolej.hr\/Download\/2015\/09\/07\/18_18B_18C___01.08.20151.pdf\">Linie br. 18 RIJEKA-SPIN\u010cI\u0106I-TRINAJSTI\u0106I-KASTAV-JELU\u0160I\u0106I-BRN\u010cI\u0106I<\/a><br><a href=\"https:\/\/www.autotrolej.hr\/att\/wp-content\/uploads\/2016\/05\/20_21-ispravak-11-02-2019.pdf\">Linie br. 19 RIJEKA-STUPARI-MAR\u010cELJI-KLANA<br>Linie br. 20 RIJEKA-PEHLIN-MARINI\u0106I-MAR\u010cELJI-STUDENA-KLANA-LISAC<br>Linie br. 21 RIJEKA-PEHLIN-MARINI\u0106I-BRN\u010cI\u0106I-JELU\u0160I\u0106I-KUDEJI<\/a><br><a href=\"https:\/\/www.autotrolej.hr\/att\/wp-content\/uploads\/2016\/05\/linija-11-_11-02-2019-ispravak.pdf\">Linie br. 11 RIJEKA-LOKVA-SAR\u0160ONI-GARI\u0106I-VI\u0160KOVO<\/a><\/p>\n","protected":false},"excerpt":{"rendered":"<p>Vi\u0161kovo ist einfach mit dem Auto zu erreichen, folgen Sie nur dem Wegweiser: wenn Sie aus dem benachbarten Slowenien kommen, \u00fcber den Grenz\u00fcbergang Rupa, weisen die Verkehrsschilder vor dem westlichen Eingang in Rijeka nach Kastav und dann nach Vi\u0161kovo;wenn Sie \u00fcber Rijeka-Umleitungsstra\u00dfe fahren, w\u00e4hlen Sie den Ausgang Rijeka-West (Kastav);wenn Sie aus der Richtung Opatija kommen, [&hellip;]<\/p>\n","protected":false},"author":1,"featured_media":3949,"parent":3942,"menu_order":0,"comment_status":"closed","ping_status":"closed","template":"","meta":[],"acf":[],"yoast_head":"<!-- This site is optimized with the Yoast SEO plugin v17.6 - https:\/\/yoast.com\/wordpress\/plugins\/seo\/ -->\n<meta name=\"robots\" content=\"index, follow, max-snippet:-1, max-image-preview:large, max-video-preview:-1\" \/>\n<link rel=\"canonical\" href=\"https:\/\/demo.tz-viskovo.hr\/de\/info\/wie-sie-uns-erreichen\/\" \/>\n<meta property=\"og:locale\" content=\"de_DE\" \/>\n<meta property=\"og:type\" content=\"article\" \/>\n<meta property=\"og:title\" content=\"Wie Sie uns erreichen? - Turisti\u010dka zajednica op\u0107ine Vi\u0161kovo\" \/>\n<meta property=\"og:description\" content=\"Vi\u0161kovo ist einfach mit dem Auto zu erreichen, folgen Sie nur dem Wegweiser: wenn Sie aus dem benachbarten Slowenien kommen, \u00fcber den Grenz\u00fcbergang Rupa, weisen die Verkehrsschilder vor dem westlichen Eingang in Rijeka nach Kastav und dann nach Vi\u0161kovo;wenn Sie \u00fcber Rijeka-Umleitungsstra\u00dfe fahren, w\u00e4hlen Sie den Ausgang Rijeka-West (Kastav);wenn Sie aus der Richtung Opatija kommen, [&hellip;]\" \/>\n<meta property=\"og:url\" content=\"https:\/\/demo.tz-viskovo.hr\/de\/info\/wie-sie-uns-erreichen\/\" \/>\n<meta property=\"og:site_name\" content=\"Turisti\u010dka zajednica op\u0107ine Vi\u0161kovo\" \/>\n<meta property=\"article:modified_time\" content=\"2019-08-19T20:02:30+00:00\" \/>\n<meta property=\"og:image\" content=\"https:\/\/demo.tz-viskovo.hr\/wp-content\/uploads\/2019\/08\/20131113111706000000-main.jpg\" \/>\n\t<meta property=\"og:image:width\" content=\"839\" \/>\n\t<meta property=\"og:image:height\" content=\"568\" \/>\n<meta name=\"twitter:card\" content=\"summary_large_image\" \/>\n<meta name=\"twitter:label1\" content=\"Gesch\u00e4tzte Lesezeit\" \/>\n\t<meta name=\"twitter:data1\" content=\"1\u00a0Minute\" \/>\n<script type=\"application\/ld+json\" class=\"yoast-schema-graph\">{\"@context\":\"https:\/\/schema.org\",\"@graph\":[{\"@type\":\"WebSite\",\"@id\":\"https:\/\/demo.tz-viskovo.hr\/it\/#website\",\"url\":\"https:\/\/demo.tz-viskovo.hr\/it\/\",\"name\":\"Turisti\\u010dka zajednica op\\u0107ine Vi\\u0161kovo\",\"description\":\"\",\"potentialAction\":[{\"@type\":\"SearchAction\",\"target\":{\"@type\":\"EntryPoint\",\"urlTemplate\":\"https:\/\/demo.tz-viskovo.hr\/it\/?s={search_term_string}\"},\"query-input\":\"required name=search_term_string\"}],\"inLanguage\":\"de\"},{\"@type\":\"ImageObject\",\"@id\":\"https:\/\/demo.tz-viskovo.hr\/de\/info\/wie-sie-uns-erreichen\/#primaryimage\",\"inLanguage\":\"de\",\"url\":\"https:\/\/demo.tz-viskovo.hr\/wp-content\/uploads\/2019\/08\/20131113111706000000-main.jpg\",\"contentUrl\":\"https:\/\/demo.tz-viskovo.hr\/wp-content\/uploads\/2019\/08\/20131113111706000000-main.jpg\",\"width\":839,\"height\":568},{\"@type\":\"WebPage\",\"@id\":\"https:\/\/demo.tz-viskovo.hr\/de\/info\/wie-sie-uns-erreichen\/#webpage\",\"url\":\"https:\/\/demo.tz-viskovo.hr\/de\/info\/wie-sie-uns-erreichen\/\",\"name\":\"Wie Sie uns erreichen? - Turisti\\u010dka zajednica op\\u0107ine Vi\\u0161kovo\",\"isPartOf\":{\"@id\":\"https:\/\/demo.tz-viskovo.hr\/it\/#website\"},\"primaryImageOfPage\":{\"@id\":\"https:\/\/demo.tz-viskovo.hr\/de\/info\/wie-sie-uns-erreichen\/#primaryimage\"},\"datePublished\":\"2019-08-19T20:02:29+00:00\",\"dateModified\":\"2019-08-19T20:02:30+00:00\",\"breadcrumb\":{\"@id\":\"https:\/\/demo.tz-viskovo.hr\/de\/info\/wie-sie-uns-erreichen\/#breadcrumb\"},\"inLanguage\":\"de\",\"potentialAction\":[{\"@type\":\"ReadAction\",\"target\":[\"https:\/\/demo.tz-viskovo.hr\/de\/info\/wie-sie-uns-erreichen\/\"]}]},{\"@type\":\"BreadcrumbList\",\"@id\":\"https:\/\/demo.tz-viskovo.hr\/de\/info\/wie-sie-uns-erreichen\/#breadcrumb\",\"itemListElement\":[{\"@type\":\"ListItem\",\"position\":1,\"name\":\"Home\",\"item\":\"https:\/\/demo.tz-viskovo.hr\/de\/\"},{\"@type\":\"ListItem\",\"position\":2,\"name\":\"Info\",\"item\":\"https:\/\/demo.tz-viskovo.hr\/de\/info\/\"},{\"@type\":\"ListItem\",\"position\":3,\"name\":\"Wie Sie uns erreichen?\"}]}]}<\/script>\n<!-- \/ Yoast SEO plugin. -->","yoast_head_json":{"robots":{"index":"index","follow":"follow","max-snippet":"max-snippet:-1","max-image-preview":"max-image-preview:large","max-video-preview":"max-video-preview:-1"},"canonical":"https:\/\/demo.tz-viskovo.hr\/de\/info\/wie-sie-uns-erreichen\/","og_locale":"de_DE","og_type":"article","og_title":"Wie Sie uns erreichen? - Turisti\u010dka zajednica op\u0107ine Vi\u0161kovo","og_description":"Vi\u0161kovo ist einfach mit dem Auto zu erreichen, folgen Sie nur dem Wegweiser: wenn Sie aus dem benachbarten Slowenien kommen, \u00fcber den Grenz\u00fcbergang Rupa, weisen die Verkehrsschilder vor dem westlichen Eingang in Rijeka nach Kastav und dann nach Vi\u0161kovo;wenn Sie \u00fcber Rijeka-Umleitungsstra\u00dfe fahren, w\u00e4hlen Sie den Ausgang Rijeka-West (Kastav);wenn Sie aus der Richtung Opatija kommen, [&hellip;]","og_url":"https:\/\/demo.tz-viskovo.hr\/de\/info\/wie-sie-uns-erreichen\/","og_site_name":"Turisti\u010dka zajednica op\u0107ine Vi\u0161kovo","article_modified_time":"2019-08-19T20:02:30+00:00","og_image":[{"width":839,"height":568,"url":"https:\/\/demo.tz-viskovo.hr\/wp-content\/uploads\/2019\/08\/20131113111706000000-main.jpg","type":"image\/jpeg"}],"twitter_card":"summary_large_image","twitter_misc":{"Gesch\u00e4tzte Lesezeit":"1\u00a0Minute"},"schema":{"@context":"https:\/\/schema.org","@graph":[{"@type":"WebSite","@id":"https:\/\/demo.tz-viskovo.hr\/it\/#website","url":"https:\/\/demo.tz-viskovo.hr\/it\/","name":"Turisti\u010dka zajednica op\u0107ine Vi\u0161kovo","description":"","potentialAction":[{"@type":"SearchAction","target":{"@type":"EntryPoint","urlTemplate":"https:\/\/demo.tz-viskovo.hr\/it\/?s={search_term_string}"},"query-input":"required name=search_term_string"}],"inLanguage":"de"},{"@type":"ImageObject","@id":"https:\/\/demo.tz-viskovo.hr\/de\/info\/wie-sie-uns-erreichen\/#primaryimage","inLanguage":"de","url":"https:\/\/demo.tz-viskovo.hr\/wp-content\/uploads\/2019\/08\/20131113111706000000-main.jpg","contentUrl":"https:\/\/demo.tz-viskovo.hr\/wp-content\/uploads\/2019\/08\/20131113111706000000-main.jpg","width":839,"height":568},{"@type":"WebPage","@id":"https:\/\/demo.tz-viskovo.hr\/de\/info\/wie-sie-uns-erreichen\/#webpage","url":"https:\/\/demo.tz-viskovo.hr\/de\/info\/wie-sie-uns-erreichen\/","name":"Wie Sie uns erreichen? - Turisti\u010dka zajednica op\u0107ine Vi\u0161kovo","isPartOf":{"@id":"https:\/\/demo.tz-viskovo.hr\/it\/#website"},"primaryImageOfPage":{"@id":"https:\/\/demo.tz-viskovo.hr\/de\/info\/wie-sie-uns-erreichen\/#primaryimage"},"datePublished":"2019-08-19T20:02:29+00:00","dateModified":"2019-08-19T20:02:30+00:00","breadcrumb":{"@id":"https:\/\/demo.tz-viskovo.hr\/de\/info\/wie-sie-uns-erreichen\/#breadcrumb"},"inLanguage":"de","potentialAction":[{"@type":"ReadAction","target":["https:\/\/demo.tz-viskovo.hr\/de\/info\/wie-sie-uns-erreichen\/"]}]},{"@type":"BreadcrumbList","@id":"https:\/\/demo.tz-viskovo.hr\/de\/info\/wie-sie-uns-erreichen\/#breadcrumb","itemListElement":[{"@type":"ListItem","position":1,"name":"Home","item":"https:\/\/demo.tz-viskovo.hr\/de\/"},{"@type":"ListItem","position":2,"name":"Info","item":"https:\/\/demo.tz-viskovo.hr\/de\/info\/"},{"@type":"ListItem","position":3,"name":"Wie Sie uns erreichen?"}]}]}},"_links":{"self":[{"href":"https:\/\/demo.tz-viskovo.hr\/de\/wp-json\/wp\/v2\/pages\/3947"}],"collection":[{"href":"https:\/\/demo.tz-viskovo.hr\/de\/wp-json\/wp\/v2\/pages"}],"about":[{"href":"https:\/\/demo.tz-viskovo.hr\/de\/wp-json\/wp\/v2\/types\/page"}],"author":[{"embeddable":true,"href":"https:\/\/demo.tz-viskovo.hr\/de\/wp-json\/wp\/v2\/users\/1"}],"replies":[{"embeddable":true,"href":"https:\/\/demo.tz-viskovo.hr\/de\/wp-json\/wp\/v2\/comments?post=3947"}],"version-history":[{"count":1,"href":"https:\/\/demo.tz-viskovo.hr\/de\/wp-json\/wp\/v2\/pages\/3947\/revisions"}],"predecessor-version":[{"id":3948,"href":"https:\/\/demo.tz-viskovo.hr\/de\/wp-json\/wp\/v2\/pages\/3947\/revisions\/3948"}],"up":[{"embeddable":true,"href":"https:\/\/demo.tz-viskovo.hr\/de\/wp-json\/wp\/v2\/pages\/3942"}],"wp:featuredmedia":[{"embeddable":true,"href":"https:\/\/demo.tz-viskovo.hr\/de\/wp-json\/wp\/v2\/media\/3949"}],"wp:attachment":[{"href":"https:\/\/demo.tz-viskovo.hr\/de\/wp-json\/wp\/v2\/media?parent=3947"}],"curies":[{"name":"wp","href":"https:\/\/api.w.org\/{rel}","templated":true}]}}