{"id":3959,"date":"2019-08-19T20:05:47","date_gmt":"2019-08-19T20:05:47","guid":{"rendered":"https:\/\/demo.tz-viskovo.hr\/?page_id=3959"},"modified":"2019-08-19T20:05:47","modified_gmt":"2019-08-19T20:05:47","slug":"grundinfo","status":"publish","type":"page","link":"https:\/\/demo.tz-viskovo.hr\/de\/info\/tipps-informationen\/grundinfo\/","title":{"rendered":"Grundinfo"},"content":{"rendered":"\n<h2>Grenze<\/h2>\n\n\n\n<p>Als Ausweis beim Eingang in Kroatien wird der Reisepass oder ein anderes Identifikationsdokument angenommen, das aber innerhalb eines internationalen Abkommens akzeptiert wurde.<\/p>\n\n\n\n<p>Das Zollrecht von der Republik Kroatien ist mit EU-Standards abgestimmt. Fremde W\u00e4hrungen d\u00fcrfen frei ein- und ausgetragen werden und zwar bis zur H\u00f6he von 15.000 HRK.<\/p>\n\n\n\n<p>Die professionele und technische Ausr\u00fcstung von gr\u00f6\u00dferem Wert soll schon an der Grenze angemeldet werden Hunde und Katzen m\u00fcssen ein internationales Zertifikat vom Tierarzt besitzen. Dieses muss bescheinigen, dass nicht mehr als sechs Monate und 15 Tage, vor dem Eingang nach Kroatien, die letzte Impfung stattgefunden hat.<\/p>\n\n\n\n<h2>Staatsfeiertage<\/h2>\n\n\n\n<p>JAHR 2019<\/p>\n\n\n\n<p>JANUAR<br>01.01. Neujahr<br>06.01. Heilige Drei K\u00f6nige<\/p>\n\n\n\n<p>APRIL&nbsp;<br>21.04. Ostern<br>22.04. Ostermontag<\/p>\n\n\n\n<p>MAI<br>01.05. Tag der Arbeit<\/p>\n\n\n\n<p>JUNI&nbsp;<br>20.06. Fronleichnam<br>22.6. Tag des antifaschistischen Kampf<br>25.6. Tag der Souver\u00e4nit\u00e4t<\/p>\n\n\n\n<p>AUGUST&nbsp;<br>05.08. Tag des Sieges und der heimatlichen Dankbarkeit<br>15.08. Maria Himmelfahrt<\/p>\n\n\n\n<p>OKTOBER<br>08.10. Unabh\u00e4ngigkeitstag<\/p>\n\n\n\n<p>NOVEMBER<br>01.11. Allerheiligen<\/p>\n\n\n\n<p>DEZEMBER<br>25.12. Weihnachten<br>26.12. St. Stefan<\/p>\n","protected":false},"excerpt":{"rendered":"<p>Grenze Als Ausweis beim Eingang in Kroatien wird der Reisepass oder ein anderes Identifikationsdokument angenommen, das aber innerhalb eines internationalen Abkommens akzeptiert wurde. Das Zollrecht von der Republik Kroatien ist mit EU-Standards abgestimmt. Fremde W\u00e4hrungen d\u00fcrfen frei ein- und ausgetragen werden und zwar bis zur H\u00f6he von 15.000 HRK. Die professionele und technische Ausr\u00fcstung von [&hellip;]<\/p>\n","protected":false},"author":1,"featured_media":3961,"parent":3953,"menu_order":0,"comment_status":"closed","ping_status":"closed","template":"","meta":[],"acf":[],"yoast_head":"<!-- This site is optimized with the Yoast SEO plugin v17.6 - https:\/\/yoast.com\/wordpress\/plugins\/seo\/ -->\n<meta name=\"robots\" content=\"index, follow, max-snippet:-1, max-image-preview:large, max-video-preview:-1\" \/>\n<link rel=\"canonical\" href=\"https:\/\/demo.tz-viskovo.hr\/de\/info\/tipps-informationen\/grundinfo\/\" \/>\n<meta property=\"og:locale\" content=\"de_DE\" \/>\n<meta property=\"og:type\" content=\"article\" \/>\n<meta property=\"og:title\" content=\"Grundinfo - Turisti\u010dka zajednica op\u0107ine Vi\u0161kovo\" \/>\n<meta property=\"og:description\" content=\"Grenze Als Ausweis beim Eingang in Kroatien wird der Reisepass oder ein anderes Identifikationsdokument angenommen, das aber innerhalb eines internationalen Abkommens akzeptiert wurde. Das Zollrecht von der Republik Kroatien ist mit EU-Standards abgestimmt. Fremde W\u00e4hrungen d\u00fcrfen frei ein- und ausgetragen werden und zwar bis zur H\u00f6he von 15.000 HRK. Die professionele und technische Ausr\u00fcstung von [&hellip;]\" \/>\n<meta property=\"og:url\" content=\"https:\/\/demo.tz-viskovo.hr\/de\/info\/tipps-informationen\/grundinfo\/\" \/>\n<meta property=\"og:site_name\" content=\"Turisti\u010dka zajednica op\u0107ine Vi\u0161kovo\" \/>\n<meta property=\"og:image\" content=\"https:\/\/demo.tz-viskovo.hr\/wp-content\/uploads\/2019\/05\/tips.jpg\" \/>\n\t<meta property=\"og:image:width\" content=\"1280\" \/>\n\t<meta property=\"og:image:height\" content=\"648\" \/>\n<meta name=\"twitter:card\" content=\"summary_large_image\" \/>\n<meta name=\"twitter:label1\" content=\"Gesch\u00e4tzte Lesezeit\" \/>\n\t<meta name=\"twitter:data1\" content=\"1\u00a0Minute\" \/>\n<script type=\"application\/ld+json\" class=\"yoast-schema-graph\">{\"@context\":\"https:\/\/schema.org\",\"@graph\":[{\"@type\":\"WebSite\",\"@id\":\"https:\/\/demo.tz-viskovo.hr\/it\/#website\",\"url\":\"https:\/\/demo.tz-viskovo.hr\/it\/\",\"name\":\"Turisti\\u010dka zajednica op\\u0107ine Vi\\u0161kovo\",\"description\":\"\",\"potentialAction\":[{\"@type\":\"SearchAction\",\"target\":{\"@type\":\"EntryPoint\",\"urlTemplate\":\"https:\/\/demo.tz-viskovo.hr\/it\/?s={search_term_string}\"},\"query-input\":\"required name=search_term_string\"}],\"inLanguage\":\"de\"},{\"@type\":\"ImageObject\",\"@id\":\"https:\/\/demo.tz-viskovo.hr\/de\/info\/tipps-informationen\/grundinfo\/#primaryimage\",\"inLanguage\":\"de\",\"url\":\"https:\/\/demo.tz-viskovo.hr\/wp-content\/uploads\/2019\/05\/tips.jpg\",\"contentUrl\":\"https:\/\/demo.tz-viskovo.hr\/wp-content\/uploads\/2019\/05\/tips.jpg\",\"width\":1280,\"height\":648},{\"@type\":\"WebPage\",\"@id\":\"https:\/\/demo.tz-viskovo.hr\/de\/info\/tipps-informationen\/grundinfo\/#webpage\",\"url\":\"https:\/\/demo.tz-viskovo.hr\/de\/info\/tipps-informationen\/grundinfo\/\",\"name\":\"Grundinfo - Turisti\\u010dka zajednica op\\u0107ine Vi\\u0161kovo\",\"isPartOf\":{\"@id\":\"https:\/\/demo.tz-viskovo.hr\/it\/#website\"},\"primaryImageOfPage\":{\"@id\":\"https:\/\/demo.tz-viskovo.hr\/de\/info\/tipps-informationen\/grundinfo\/#primaryimage\"},\"datePublished\":\"2019-08-19T20:05:47+00:00\",\"dateModified\":\"2019-08-19T20:05:47+00:00\",\"breadcrumb\":{\"@id\":\"https:\/\/demo.tz-viskovo.hr\/de\/info\/tipps-informationen\/grundinfo\/#breadcrumb\"},\"inLanguage\":\"de\",\"potentialAction\":[{\"@type\":\"ReadAction\",\"target\":[\"https:\/\/demo.tz-viskovo.hr\/de\/info\/tipps-informationen\/grundinfo\/\"]}]},{\"@type\":\"BreadcrumbList\",\"@id\":\"https:\/\/demo.tz-viskovo.hr\/de\/info\/tipps-informationen\/grundinfo\/#breadcrumb\",\"itemListElement\":[{\"@type\":\"ListItem\",\"position\":1,\"name\":\"Home\",\"item\":\"https:\/\/demo.tz-viskovo.hr\/de\/\"},{\"@type\":\"ListItem\",\"position\":2,\"name\":\"Info\",\"item\":\"https:\/\/demo.tz-viskovo.hr\/de\/info\/\"},{\"@type\":\"ListItem\",\"position\":3,\"name\":\"Tipps &#038; Informationen\",\"item\":\"https:\/\/demo.tz-viskovo.hr\/de\/info\/tipps-informationen\/\"},{\"@type\":\"ListItem\",\"position\":4,\"name\":\"Grundinfo\"}]}]}<\/script>\n<!-- \/ Yoast SEO plugin. -->","yoast_head_json":{"robots":{"index":"index","follow":"follow","max-snippet":"max-snippet:-1","max-image-preview":"max-image-preview:large","max-video-preview":"max-video-preview:-1"},"canonical":"https:\/\/demo.tz-viskovo.hr\/de\/info\/tipps-informationen\/grundinfo\/","og_locale":"de_DE","og_type":"article","og_title":"Grundinfo - Turisti\u010dka zajednica op\u0107ine Vi\u0161kovo","og_description":"Grenze Als Ausweis beim Eingang in Kroatien wird der Reisepass oder ein anderes Identifikationsdokument angenommen, das aber innerhalb eines internationalen Abkommens akzeptiert wurde. Das Zollrecht von der Republik Kroatien ist mit EU-Standards abgestimmt. Fremde W\u00e4hrungen d\u00fcrfen frei ein- und ausgetragen werden und zwar bis zur H\u00f6he von 15.000 HRK. Die professionele und technische Ausr\u00fcstung von [&hellip;]","og_url":"https:\/\/demo.tz-viskovo.hr\/de\/info\/tipps-informationen\/grundinfo\/","og_site_name":"Turisti\u010dka zajednica op\u0107ine Vi\u0161kovo","og_image":[{"width":1280,"height":648,"url":"https:\/\/demo.tz-viskovo.hr\/wp-content\/uploads\/2019\/05\/tips.jpg","type":"image\/jpeg"}],"twitter_card":"summary_large_image","twitter_misc":{"Gesch\u00e4tzte Lesezeit":"1\u00a0Minute"},"schema":{"@context":"https:\/\/schema.org","@graph":[{"@type":"WebSite","@id":"https:\/\/demo.tz-viskovo.hr\/it\/#website","url":"https:\/\/demo.tz-viskovo.hr\/it\/","name":"Turisti\u010dka zajednica op\u0107ine Vi\u0161kovo","description":"","potentialAction":[{"@type":"SearchAction","target":{"@type":"EntryPoint","urlTemplate":"https:\/\/demo.tz-viskovo.hr\/it\/?s={search_term_string}"},"query-input":"required name=search_term_string"}],"inLanguage":"de"},{"@type":"ImageObject","@id":"https:\/\/demo.tz-viskovo.hr\/de\/info\/tipps-informationen\/grundinfo\/#primaryimage","inLanguage":"de","url":"https:\/\/demo.tz-viskovo.hr\/wp-content\/uploads\/2019\/05\/tips.jpg","contentUrl":"https:\/\/demo.tz-viskovo.hr\/wp-content\/uploads\/2019\/05\/tips.jpg","width":1280,"height":648},{"@type":"WebPage","@id":"https:\/\/demo.tz-viskovo.hr\/de\/info\/tipps-informationen\/grundinfo\/#webpage","url":"https:\/\/demo.tz-viskovo.hr\/de\/info\/tipps-informationen\/grundinfo\/","name":"Grundinfo - Turisti\u010dka zajednica op\u0107ine Vi\u0161kovo","isPartOf":{"@id":"https:\/\/demo.tz-viskovo.hr\/it\/#website"},"primaryImageOfPage":{"@id":"https:\/\/demo.tz-viskovo.hr\/de\/info\/tipps-informationen\/grundinfo\/#primaryimage"},"datePublished":"2019-08-19T20:05:47+00:00","dateModified":"2019-08-19T20:05:47+00:00","breadcrumb":{"@id":"https:\/\/demo.tz-viskovo.hr\/de\/info\/tipps-informationen\/grundinfo\/#breadcrumb"},"inLanguage":"de","potentialAction":[{"@type":"ReadAction","target":["https:\/\/demo.tz-viskovo.hr\/de\/info\/tipps-informationen\/grundinfo\/"]}]},{"@type":"BreadcrumbList","@id":"https:\/\/demo.tz-viskovo.hr\/de\/info\/tipps-informationen\/grundinfo\/#breadcrumb","itemListElement":[{"@type":"ListItem","position":1,"name":"Home","item":"https:\/\/demo.tz-viskovo.hr\/de\/"},{"@type":"ListItem","position":2,"name":"Info","item":"https:\/\/demo.tz-viskovo.hr\/de\/info\/"},{"@type":"ListItem","position":3,"name":"Tipps &#038; Informationen","item":"https:\/\/demo.tz-viskovo.hr\/de\/info\/tipps-informationen\/"},{"@type":"ListItem","position":4,"name":"Grundinfo"}]}]}},"_links":{"self":[{"href":"https:\/\/demo.tz-viskovo.hr\/de\/wp-json\/wp\/v2\/pages\/3959"}],"collection":[{"href":"https:\/\/demo.tz-viskovo.hr\/de\/wp-json\/wp\/v2\/pages"}],"about":[{"href":"https:\/\/demo.tz-viskovo.hr\/de\/wp-json\/wp\/v2\/types\/page"}],"author":[{"embeddable":true,"href":"https:\/\/demo.tz-viskovo.hr\/de\/wp-json\/wp\/v2\/users\/1"}],"replies":[{"embeddable":true,"href":"https:\/\/demo.tz-viskovo.hr\/de\/wp-json\/wp\/v2\/comments?post=3959"}],"version-history":[{"count":1,"href":"https:\/\/demo.tz-viskovo.hr\/de\/wp-json\/wp\/v2\/pages\/3959\/revisions"}],"predecessor-version":[{"id":3960,"href":"https:\/\/demo.tz-viskovo.hr\/de\/wp-json\/wp\/v2\/pages\/3959\/revisions\/3960"}],"up":[{"embeddable":true,"href":"https:\/\/demo.tz-viskovo.hr\/de\/wp-json\/wp\/v2\/pages\/3953"}],"wp:featuredmedia":[{"embeddable":true,"href":"https:\/\/demo.tz-viskovo.hr\/de\/wp-json\/wp\/v2\/media\/3961"}],"wp:attachment":[{"href":"https:\/\/demo.tz-viskovo.hr\/de\/wp-json\/wp\/v2\/media?parent=3959"}],"curies":[{"name":"wp","href":"https:\/\/api.w.org\/{rel}","templated":true}]}}