{"id":3965,"date":"2019-08-19T20:07:43","date_gmt":"2019-08-19T20:07:43","guid":{"rendered":"https:\/\/demo.tz-viskovo.hr\/?page_id=3965"},"modified":"2020-07-07T12:41:13","modified_gmt":"2020-07-07T12:41:13","slug":"geld-und-geldautomate","status":"publish","type":"page","link":"https:\/\/demo.tz-viskovo.hr\/de\/info\/tipps-informationen\/geld-und-geldautomate\/","title":{"rendered":"Geld Und Geldautomate"},"content":{"rendered":"\n<p>Kroatische W\u00e4hrung hei\u00dft Kuna, 1 Kuna (kn) = 100 Lipa (lp).<\/p>\n\n\n\n<p>Die Geldscheine sind in 1000-, 500-, 200-, 100-, 50-, 20-, und 10-, HRK zu haben und die M\u00fcnzen in 5-, 2-, und 1- Kuna und in 50-, 20-, 10-, 5-, 2- und 1- Lipa.<\/p>\n\n\n\n<p>Fremdw\u00e4hrungen k\u00f6nnen in Banken, Wechselstuben, Postb\u00fcros, Turistb\u00fcros, Hotels und Camps gewechselt werden.\u00a0<\/p>\n\n\n\n<p><br>Der Wechselkurs wird in den Zeitungen ver\u00f6ffentlicht und ist auch in den Wechselb\u00fcros ausgeschrieben. Wechselkurs sind auch online zu finden, auf der Internetseite von kroatischer Nationalbank. Checks k\u00f6nnen nur in Banken eingel\u00f6st werden.<\/p>\n\n\n\n<p>Mehrheit der Gesch\u00e4fte, Restaurants und Agenturen akzeptiert alle bekannten Kreditkarten \u00a0(Eurocard\/Mastercard, American Express, Diners, Visa). Die Verkaufsstellen wo diese Karten angenommen werden, sind mit Aufkleber mit Kartenlogo versehen.\u00a0<\/p>\n\n\n\n<p><br>In Vi\u0161kovo gibt es 7 Banken, Postb\u00fcro und 2 Wechselstuben.\u00a0<\/p>\n\n\n\n<p><br>In Vi\u0161kovo gibt es 10 Geldautomaten von folgenden Banken:<\/p>\n\n\n\n<table class=\"wp-block-table\"><tbody><tr><td><strong>ERSTE BANKA<\/strong><\/td><\/tr><tr><td>Vi\u0161kovo 122c<\/td><\/tr><tr><td>Gornji Sroki 57A<\/td><\/tr><tr><td>Marini\u0107i b.b., market Plodine<\/td><\/tr><tr><td>Marini\u0107i 18<\/td><\/tr><tr><td><strong>OTP BANKA<\/strong><\/td><\/tr><tr><td>Vi\u0161kovo 122<\/td><\/tr><tr><td><strong>PRIVREDNA BANKA<\/strong><\/td><\/tr><tr><td>Marini\u0107i 11<\/td><\/tr><tr><td>Vi\u0161kovo 30<\/td><\/tr><tr><td><strong>ZAGREBA\u010cKA BANKA<\/strong><\/td><\/tr><tr><td>Vozi\u0161\u0107e 24<\/td><\/tr><tr><td><strong>RAIFFEISEN BANKA<\/strong><\/td><\/tr><tr><td>Vozi\u0161\u0107e 3<\/td><\/tr><tr><td><strong>ADDIKO BANKA<\/strong><\/td><\/tr><tr><td>Vozi\u0161\u0107e 5<\/td><\/tr><\/tbody><\/table>\n\n\n\n<p><\/p>\n\n\n\n<p>Wechselstuben in Vi\u0161kovo<\/p>\n\n\n\n<table class=\"wp-block-table\"><tbody><tr><td><strong>KREDITNA UNIJA DUKAT &#8211; POSLOVNICA VI\u0160KOVO<\/strong><\/td><\/tr><tr><td>Adresa<\/td><td>Vi\u0161kovo 32, 51216 Vi\u0161kovo<\/td><\/tr><tr><td>Telefon<\/td><td>+385 51 257 515&nbsp;<\/td><\/tr><tr><td>Radno vrijeme<\/td><td>&nbsp;07:30 &#8211; 19:30<\/td><\/tr><tr><td><strong>MJENJA\u010cNICA KUNA<\/strong><\/td><\/tr><tr><td>Adresa<\/td><td>Vozi\u0161\u0107e 1, 51216 Vi\u0161kovo<\/td><\/tr><tr><td>Telefon<\/td><td>+385 51 257 710<\/td><\/tr><\/tbody><\/table>\n","protected":false},"excerpt":{"rendered":"<p>Kroatische W\u00e4hrung hei\u00dft Kuna, 1 Kuna (kn) = 100 Lipa (lp). Die Geldscheine sind in 1000-, 500-, 200-, 100-, 50-, 20-, und 10-, HRK zu haben und die M\u00fcnzen in 5-, 2-, und 1- Kuna und in 50-, 20-, 10-, 5-, 2- und 1- Lipa. Fremdw\u00e4hrungen k\u00f6nnen in Banken, Wechselstuben, Postb\u00fcros, Turistb\u00fcros, Hotels und Camps [&hellip;]<\/p>\n","protected":false},"author":1,"featured_media":14774,"parent":3953,"menu_order":0,"comment_status":"closed","ping_status":"closed","template":"","meta":[],"acf":[],"yoast_head":"<!-- This site is optimized with the Yoast SEO plugin v17.6 - https:\/\/yoast.com\/wordpress\/plugins\/seo\/ -->\n<meta name=\"robots\" content=\"index, follow, max-snippet:-1, max-image-preview:large, max-video-preview:-1\" \/>\n<link rel=\"canonical\" href=\"https:\/\/demo.tz-viskovo.hr\/de\/info\/tipps-informationen\/geld-und-geldautomate\/\" \/>\n<meta property=\"og:locale\" content=\"de_DE\" \/>\n<meta property=\"og:type\" content=\"article\" \/>\n<meta property=\"og:title\" content=\"Geld Und Geldautomate - Turisti\u010dka zajednica op\u0107ine Vi\u0161kovo\" \/>\n<meta property=\"og:description\" content=\"Kroatische W\u00e4hrung hei\u00dft Kuna, 1 Kuna (kn) = 100 Lipa (lp). Die Geldscheine sind in 1000-, 500-, 200-, 100-, 50-, 20-, und 10-, HRK zu haben und die M\u00fcnzen in 5-, 2-, und 1- Kuna und in 50-, 20-, 10-, 5-, 2- und 1- Lipa. Fremdw\u00e4hrungen k\u00f6nnen in Banken, Wechselstuben, Postb\u00fcros, Turistb\u00fcros, Hotels und Camps [&hellip;]\" \/>\n<meta property=\"og:url\" content=\"https:\/\/demo.tz-viskovo.hr\/de\/info\/tipps-informationen\/geld-und-geldautomate\/\" \/>\n<meta property=\"og:site_name\" content=\"Turisti\u010dka zajednica op\u0107ine Vi\u0161kovo\" \/>\n<meta property=\"article:modified_time\" content=\"2020-07-07T12:41:13+00:00\" \/>\n<meta property=\"og:image\" content=\"https:\/\/demo.tz-viskovo.hr\/wp-content\/uploads\/2020\/07\/preuzmi.jpg\" \/>\n\t<meta property=\"og:image:width\" content=\"273\" \/>\n\t<meta property=\"og:image:height\" content=\"185\" \/>\n<meta name=\"twitter:card\" content=\"summary_large_image\" \/>\n<meta name=\"twitter:label1\" content=\"Gesch\u00e4tzte Lesezeit\" \/>\n\t<meta name=\"twitter:data1\" content=\"1\u00a0Minute\" \/>\n<script type=\"application\/ld+json\" class=\"yoast-schema-graph\">{\"@context\":\"https:\/\/schema.org\",\"@graph\":[{\"@type\":\"WebSite\",\"@id\":\"https:\/\/demo.tz-viskovo.hr\/it\/#website\",\"url\":\"https:\/\/demo.tz-viskovo.hr\/it\/\",\"name\":\"Turisti\\u010dka zajednica op\\u0107ine Vi\\u0161kovo\",\"description\":\"\",\"potentialAction\":[{\"@type\":\"SearchAction\",\"target\":{\"@type\":\"EntryPoint\",\"urlTemplate\":\"https:\/\/demo.tz-viskovo.hr\/it\/?s={search_term_string}\"},\"query-input\":\"required name=search_term_string\"}],\"inLanguage\":\"de\"},{\"@type\":\"ImageObject\",\"@id\":\"https:\/\/demo.tz-viskovo.hr\/de\/info\/tipps-informationen\/geld-und-geldautomate\/#primaryimage\",\"inLanguage\":\"de\",\"url\":\"https:\/\/demo.tz-viskovo.hr\/wp-content\/uploads\/2020\/07\/preuzmi.jpg\",\"contentUrl\":\"https:\/\/demo.tz-viskovo.hr\/wp-content\/uploads\/2020\/07\/preuzmi.jpg\",\"width\":273,\"height\":185},{\"@type\":\"WebPage\",\"@id\":\"https:\/\/demo.tz-viskovo.hr\/de\/info\/tipps-informationen\/geld-und-geldautomate\/#webpage\",\"url\":\"https:\/\/demo.tz-viskovo.hr\/de\/info\/tipps-informationen\/geld-und-geldautomate\/\",\"name\":\"Geld Und Geldautomate - Turisti\\u010dka zajednica op\\u0107ine Vi\\u0161kovo\",\"isPartOf\":{\"@id\":\"https:\/\/demo.tz-viskovo.hr\/it\/#website\"},\"primaryImageOfPage\":{\"@id\":\"https:\/\/demo.tz-viskovo.hr\/de\/info\/tipps-informationen\/geld-und-geldautomate\/#primaryimage\"},\"datePublished\":\"2019-08-19T20:07:43+00:00\",\"dateModified\":\"2020-07-07T12:41:13+00:00\",\"breadcrumb\":{\"@id\":\"https:\/\/demo.tz-viskovo.hr\/de\/info\/tipps-informationen\/geld-und-geldautomate\/#breadcrumb\"},\"inLanguage\":\"de\",\"potentialAction\":[{\"@type\":\"ReadAction\",\"target\":[\"https:\/\/demo.tz-viskovo.hr\/de\/info\/tipps-informationen\/geld-und-geldautomate\/\"]}]},{\"@type\":\"BreadcrumbList\",\"@id\":\"https:\/\/demo.tz-viskovo.hr\/de\/info\/tipps-informationen\/geld-und-geldautomate\/#breadcrumb\",\"itemListElement\":[{\"@type\":\"ListItem\",\"position\":1,\"name\":\"Home\",\"item\":\"https:\/\/demo.tz-viskovo.hr\/de\/\"},{\"@type\":\"ListItem\",\"position\":2,\"name\":\"Info\",\"item\":\"https:\/\/demo.tz-viskovo.hr\/de\/info\/\"},{\"@type\":\"ListItem\",\"position\":3,\"name\":\"Tipps &#038; Informationen\",\"item\":\"https:\/\/demo.tz-viskovo.hr\/de\/info\/tipps-informationen\/\"},{\"@type\":\"ListItem\",\"position\":4,\"name\":\"Geld Und Geldautomate\"}]}]}<\/script>\n<!-- \/ Yoast SEO plugin. -->","yoast_head_json":{"robots":{"index":"index","follow":"follow","max-snippet":"max-snippet:-1","max-image-preview":"max-image-preview:large","max-video-preview":"max-video-preview:-1"},"canonical":"https:\/\/demo.tz-viskovo.hr\/de\/info\/tipps-informationen\/geld-und-geldautomate\/","og_locale":"de_DE","og_type":"article","og_title":"Geld Und Geldautomate - Turisti\u010dka zajednica op\u0107ine Vi\u0161kovo","og_description":"Kroatische W\u00e4hrung hei\u00dft Kuna, 1 Kuna (kn) = 100 Lipa (lp). Die Geldscheine sind in 1000-, 500-, 200-, 100-, 50-, 20-, und 10-, HRK zu haben und die M\u00fcnzen in 5-, 2-, und 1- Kuna und in 50-, 20-, 10-, 5-, 2- und 1- Lipa. Fremdw\u00e4hrungen k\u00f6nnen in Banken, Wechselstuben, Postb\u00fcros, Turistb\u00fcros, Hotels und Camps [&hellip;]","og_url":"https:\/\/demo.tz-viskovo.hr\/de\/info\/tipps-informationen\/geld-und-geldautomate\/","og_site_name":"Turisti\u010dka zajednica op\u0107ine Vi\u0161kovo","article_modified_time":"2020-07-07T12:41:13+00:00","og_image":[{"width":273,"height":185,"url":"https:\/\/demo.tz-viskovo.hr\/wp-content\/uploads\/2020\/07\/preuzmi.jpg","type":"image\/jpeg"}],"twitter_card":"summary_large_image","twitter_misc":{"Gesch\u00e4tzte Lesezeit":"1\u00a0Minute"},"schema":{"@context":"https:\/\/schema.org","@graph":[{"@type":"WebSite","@id":"https:\/\/demo.tz-viskovo.hr\/it\/#website","url":"https:\/\/demo.tz-viskovo.hr\/it\/","name":"Turisti\u010dka zajednica op\u0107ine Vi\u0161kovo","description":"","potentialAction":[{"@type":"SearchAction","target":{"@type":"EntryPoint","urlTemplate":"https:\/\/demo.tz-viskovo.hr\/it\/?s={search_term_string}"},"query-input":"required name=search_term_string"}],"inLanguage":"de"},{"@type":"ImageObject","@id":"https:\/\/demo.tz-viskovo.hr\/de\/info\/tipps-informationen\/geld-und-geldautomate\/#primaryimage","inLanguage":"de","url":"https:\/\/demo.tz-viskovo.hr\/wp-content\/uploads\/2020\/07\/preuzmi.jpg","contentUrl":"https:\/\/demo.tz-viskovo.hr\/wp-content\/uploads\/2020\/07\/preuzmi.jpg","width":273,"height":185},{"@type":"WebPage","@id":"https:\/\/demo.tz-viskovo.hr\/de\/info\/tipps-informationen\/geld-und-geldautomate\/#webpage","url":"https:\/\/demo.tz-viskovo.hr\/de\/info\/tipps-informationen\/geld-und-geldautomate\/","name":"Geld Und Geldautomate - Turisti\u010dka zajednica op\u0107ine Vi\u0161kovo","isPartOf":{"@id":"https:\/\/demo.tz-viskovo.hr\/it\/#website"},"primaryImageOfPage":{"@id":"https:\/\/demo.tz-viskovo.hr\/de\/info\/tipps-informationen\/geld-und-geldautomate\/#primaryimage"},"datePublished":"2019-08-19T20:07:43+00:00","dateModified":"2020-07-07T12:41:13+00:00","breadcrumb":{"@id":"https:\/\/demo.tz-viskovo.hr\/de\/info\/tipps-informationen\/geld-und-geldautomate\/#breadcrumb"},"inLanguage":"de","potentialAction":[{"@type":"ReadAction","target":["https:\/\/demo.tz-viskovo.hr\/de\/info\/tipps-informationen\/geld-und-geldautomate\/"]}]},{"@type":"BreadcrumbList","@id":"https:\/\/demo.tz-viskovo.hr\/de\/info\/tipps-informationen\/geld-und-geldautomate\/#breadcrumb","itemListElement":[{"@type":"ListItem","position":1,"name":"Home","item":"https:\/\/demo.tz-viskovo.hr\/de\/"},{"@type":"ListItem","position":2,"name":"Info","item":"https:\/\/demo.tz-viskovo.hr\/de\/info\/"},{"@type":"ListItem","position":3,"name":"Tipps &#038; Informationen","item":"https:\/\/demo.tz-viskovo.hr\/de\/info\/tipps-informationen\/"},{"@type":"ListItem","position":4,"name":"Geld Und Geldautomate"}]}]}},"_links":{"self":[{"href":"https:\/\/demo.tz-viskovo.hr\/de\/wp-json\/wp\/v2\/pages\/3965"}],"collection":[{"href":"https:\/\/demo.tz-viskovo.hr\/de\/wp-json\/wp\/v2\/pages"}],"about":[{"href":"https:\/\/demo.tz-viskovo.hr\/de\/wp-json\/wp\/v2\/types\/page"}],"author":[{"embeddable":true,"href":"https:\/\/demo.tz-viskovo.hr\/de\/wp-json\/wp\/v2\/users\/1"}],"replies":[{"embeddable":true,"href":"https:\/\/demo.tz-viskovo.hr\/de\/wp-json\/wp\/v2\/comments?post=3965"}],"version-history":[{"count":3,"href":"https:\/\/demo.tz-viskovo.hr\/de\/wp-json\/wp\/v2\/pages\/3965\/revisions"}],"predecessor-version":[{"id":14809,"href":"https:\/\/demo.tz-viskovo.hr\/de\/wp-json\/wp\/v2\/pages\/3965\/revisions\/14809"}],"up":[{"embeddable":true,"href":"https:\/\/demo.tz-viskovo.hr\/de\/wp-json\/wp\/v2\/pages\/3953"}],"wp:featuredmedia":[{"embeddable":true,"href":"https:\/\/demo.tz-viskovo.hr\/de\/wp-json\/wp\/v2\/media\/14774"}],"wp:attachment":[{"href":"https:\/\/demo.tz-viskovo.hr\/de\/wp-json\/wp\/v2\/media?parent=3965"}],"curies":[{"name":"wp","href":"https:\/\/api.w.org\/{rel}","templated":true}]}}