{"id":3984,"date":"2019-08-19T20:12:33","date_gmt":"2019-08-19T20:12:33","guid":{"rendered":"https:\/\/demo.tz-viskovo.hr\/?page_id=3984"},"modified":"2020-07-07T11:20:46","modified_gmt":"2020-07-07T11:20:46","slug":"wichtige-nummer-stadtsverwaltung","status":"publish","type":"page","link":"https:\/\/demo.tz-viskovo.hr\/de\/info\/tipps-informationen\/wichtige-nummer-stadtsverwaltung\/","title":{"rendered":"Wichtige nummer &#8211; Stadtsverwaltung"},"content":{"rendered":"\n<h2>Gemeindeverwaltung<\/h2>\n\n\n\n<p>Vozi\u0161\u0107e 3, 51216 Vi\u0161kovo<br>Tel: +385 51 503 770<br>Fax: +385 51 257 521<br>www.opcina-viskovo.com<br>e-mail: opcina-viskovo@ri.t-com.hr<\/p>\n\n\n\n<h2>Wichtige Nummer<\/h2>\n\n\n\n<table class=\"wp-block-table\"><tbody><tr><td>Internationale Vorwahl f\u00fcr Kroatien<\/td><td>00385<\/td><\/tr><tr><td>Vorwahl f\u00fcr Gespanschaft Primorsko-goranska<\/td><td>051<\/td><\/tr><tr><td>Polizei<\/td><td>192<\/td><\/tr><tr><td>Feuerwehr<\/td><td>193<\/td><\/tr><tr><td>Notdienst<\/td><td>194<\/td><\/tr><tr><td>Stra\u00dfenhilfe<\/td><td>1987<\/td><\/tr><tr><td>Wetterprognose und Stra\u00dfenstand<\/td><td>060 520 520<\/td><\/tr><tr><td>Kroatischer Autoklub<\/td><td>01 4640 800<\/td><\/tr><tr><td>Gemeinde Vi\u0161kovo<\/td><td>00385 51 503 770<\/td><\/tr><tr><td>Post<\/td><td>00385 51 256 791<\/td><\/tr><tr><td>Fina (Finanzagentur)<\/td><td>00385 51 256 329<\/td><\/tr><tr><td>Erste Bank<\/td><td>00385 62 376 169<\/td><\/tr><tr><td>Zagreba\u010dka Bank<\/td><td>00385 51 353 940<\/td><\/tr><tr><td>Sparkasse Dukat<\/td><td>00385 51 257 515<\/td><\/tr><tr><td>Hypo-Alpe-Adria-Bank<\/td><td>00385 51 650 999<\/td><\/tr><tr><td>Istarska kreditna Bank<\/td><td>00385 51 504 320<\/td><\/tr><tr><td>Podravska Bank<\/td><td>00385 51 504 190<\/td><\/tr><tr><td>Privredna Bank Marini\u0107i<\/td><td>00385 51 681 216<\/td><\/tr><tr><td>Gesundheitsdienst Vi\u0161kovo<\/td><td>00385 51 226 451<\/td><\/tr><tr><td>Apotheke mr.ph. Nada Poli\u0107<\/td><td>00385 51 257 388<\/td><\/tr><tr><td>Pfarrerb\u00fcro<\/td><td>00385 51 256 862<\/td><\/tr><\/tbody><\/table>\n","protected":false},"excerpt":{"rendered":"<p>Gemeindeverwaltung Vozi\u0161\u0107e 3, 51216 Vi\u0161kovoTel: +385 51 503 770Fax: +385 51 257 521www.opcina-viskovo.come-mail: opcina-viskovo@ri.t-com.hr Wichtige Nummer Internationale Vorwahl f\u00fcr Kroatien 00385 Vorwahl f\u00fcr Gespanschaft Primorsko-goranska 051 Polizei 192 Feuerwehr 193 Notdienst 194 Stra\u00dfenhilfe 1987 Wetterprognose und Stra\u00dfenstand 060 520 520 Kroatischer Autoklub 01 4640 800 Gemeinde Vi\u0161kovo 00385 51 503 770 Post 00385 51 256 [&hellip;]<\/p>\n","protected":false},"author":1,"featured_media":14774,"parent":3953,"menu_order":0,"comment_status":"closed","ping_status":"closed","template":"","meta":[],"acf":[],"yoast_head":"<!-- This site is optimized with the Yoast SEO plugin v17.6 - https:\/\/yoast.com\/wordpress\/plugins\/seo\/ -->\n<meta name=\"robots\" content=\"index, follow, max-snippet:-1, max-image-preview:large, max-video-preview:-1\" \/>\n<link rel=\"canonical\" href=\"https:\/\/demo.tz-viskovo.hr\/de\/info\/tipps-informationen\/wichtige-nummer-stadtsverwaltung\/\" \/>\n<meta property=\"og:locale\" content=\"de_DE\" \/>\n<meta property=\"og:type\" content=\"article\" \/>\n<meta property=\"og:title\" content=\"Wichtige nummer - Stadtsverwaltung - Turisti\u010dka zajednica op\u0107ine Vi\u0161kovo\" \/>\n<meta property=\"og:description\" content=\"Gemeindeverwaltung Vozi\u0161\u0107e 3, 51216 Vi\u0161kovoTel: +385 51 503 770Fax: +385 51 257 521www.opcina-viskovo.come-mail: opcina-viskovo@ri.t-com.hr Wichtige Nummer Internationale Vorwahl f\u00fcr Kroatien 00385 Vorwahl f\u00fcr Gespanschaft Primorsko-goranska 051 Polizei 192 Feuerwehr 193 Notdienst 194 Stra\u00dfenhilfe 1987 Wetterprognose und Stra\u00dfenstand 060 520 520 Kroatischer Autoklub 01 4640 800 Gemeinde Vi\u0161kovo 00385 51 503 770 Post 00385 51 256 [&hellip;]\" \/>\n<meta property=\"og:url\" content=\"https:\/\/demo.tz-viskovo.hr\/de\/info\/tipps-informationen\/wichtige-nummer-stadtsverwaltung\/\" \/>\n<meta property=\"og:site_name\" content=\"Turisti\u010dka zajednica op\u0107ine Vi\u0161kovo\" \/>\n<meta property=\"article:modified_time\" content=\"2020-07-07T11:20:46+00:00\" \/>\n<meta property=\"og:image\" content=\"https:\/\/demo.tz-viskovo.hr\/wp-content\/uploads\/2020\/07\/preuzmi.jpg\" \/>\n\t<meta property=\"og:image:width\" content=\"273\" \/>\n\t<meta property=\"og:image:height\" content=\"185\" \/>\n<meta name=\"twitter:card\" content=\"summary_large_image\" \/>\n<script type=\"application\/ld+json\" class=\"yoast-schema-graph\">{\"@context\":\"https:\/\/schema.org\",\"@graph\":[{\"@type\":\"WebSite\",\"@id\":\"https:\/\/demo.tz-viskovo.hr\/it\/#website\",\"url\":\"https:\/\/demo.tz-viskovo.hr\/it\/\",\"name\":\"Turisti\\u010dka zajednica op\\u0107ine Vi\\u0161kovo\",\"description\":\"\",\"potentialAction\":[{\"@type\":\"SearchAction\",\"target\":{\"@type\":\"EntryPoint\",\"urlTemplate\":\"https:\/\/demo.tz-viskovo.hr\/it\/?s={search_term_string}\"},\"query-input\":\"required name=search_term_string\"}],\"inLanguage\":\"de\"},{\"@type\":\"ImageObject\",\"@id\":\"https:\/\/demo.tz-viskovo.hr\/de\/info\/tipps-informationen\/wichtige-nummer-stadtsverwaltung\/#primaryimage\",\"inLanguage\":\"de\",\"url\":\"https:\/\/demo.tz-viskovo.hr\/wp-content\/uploads\/2020\/07\/preuzmi.jpg\",\"contentUrl\":\"https:\/\/demo.tz-viskovo.hr\/wp-content\/uploads\/2020\/07\/preuzmi.jpg\",\"width\":273,\"height\":185},{\"@type\":\"WebPage\",\"@id\":\"https:\/\/demo.tz-viskovo.hr\/de\/info\/tipps-informationen\/wichtige-nummer-stadtsverwaltung\/#webpage\",\"url\":\"https:\/\/demo.tz-viskovo.hr\/de\/info\/tipps-informationen\/wichtige-nummer-stadtsverwaltung\/\",\"name\":\"Wichtige nummer - Stadtsverwaltung - Turisti\\u010dka zajednica op\\u0107ine Vi\\u0161kovo\",\"isPartOf\":{\"@id\":\"https:\/\/demo.tz-viskovo.hr\/it\/#website\"},\"primaryImageOfPage\":{\"@id\":\"https:\/\/demo.tz-viskovo.hr\/de\/info\/tipps-informationen\/wichtige-nummer-stadtsverwaltung\/#primaryimage\"},\"datePublished\":\"2019-08-19T20:12:33+00:00\",\"dateModified\":\"2020-07-07T11:20:46+00:00\",\"breadcrumb\":{\"@id\":\"https:\/\/demo.tz-viskovo.hr\/de\/info\/tipps-informationen\/wichtige-nummer-stadtsverwaltung\/#breadcrumb\"},\"inLanguage\":\"de\",\"potentialAction\":[{\"@type\":\"ReadAction\",\"target\":[\"https:\/\/demo.tz-viskovo.hr\/de\/info\/tipps-informationen\/wichtige-nummer-stadtsverwaltung\/\"]}]},{\"@type\":\"BreadcrumbList\",\"@id\":\"https:\/\/demo.tz-viskovo.hr\/de\/info\/tipps-informationen\/wichtige-nummer-stadtsverwaltung\/#breadcrumb\",\"itemListElement\":[{\"@type\":\"ListItem\",\"position\":1,\"name\":\"Home\",\"item\":\"https:\/\/demo.tz-viskovo.hr\/de\/\"},{\"@type\":\"ListItem\",\"position\":2,\"name\":\"Info\",\"item\":\"https:\/\/demo.tz-viskovo.hr\/de\/info\/\"},{\"@type\":\"ListItem\",\"position\":3,\"name\":\"Tipps &#038; Informationen\",\"item\":\"https:\/\/demo.tz-viskovo.hr\/de\/info\/tipps-informationen\/\"},{\"@type\":\"ListItem\",\"position\":4,\"name\":\"Wichtige nummer &#8211; Stadtsverwaltung\"}]}]}<\/script>\n<!-- \/ Yoast SEO plugin. -->","yoast_head_json":{"robots":{"index":"index","follow":"follow","max-snippet":"max-snippet:-1","max-image-preview":"max-image-preview:large","max-video-preview":"max-video-preview:-1"},"canonical":"https:\/\/demo.tz-viskovo.hr\/de\/info\/tipps-informationen\/wichtige-nummer-stadtsverwaltung\/","og_locale":"de_DE","og_type":"article","og_title":"Wichtige nummer - Stadtsverwaltung - Turisti\u010dka zajednica op\u0107ine Vi\u0161kovo","og_description":"Gemeindeverwaltung Vozi\u0161\u0107e 3, 51216 Vi\u0161kovoTel: +385 51 503 770Fax: +385 51 257 521www.opcina-viskovo.come-mail: opcina-viskovo@ri.t-com.hr Wichtige Nummer Internationale Vorwahl f\u00fcr Kroatien 00385 Vorwahl f\u00fcr Gespanschaft Primorsko-goranska 051 Polizei 192 Feuerwehr 193 Notdienst 194 Stra\u00dfenhilfe 1987 Wetterprognose und Stra\u00dfenstand 060 520 520 Kroatischer Autoklub 01 4640 800 Gemeinde Vi\u0161kovo 00385 51 503 770 Post 00385 51 256 [&hellip;]","og_url":"https:\/\/demo.tz-viskovo.hr\/de\/info\/tipps-informationen\/wichtige-nummer-stadtsverwaltung\/","og_site_name":"Turisti\u010dka zajednica op\u0107ine Vi\u0161kovo","article_modified_time":"2020-07-07T11:20:46+00:00","og_image":[{"width":273,"height":185,"url":"https:\/\/demo.tz-viskovo.hr\/wp-content\/uploads\/2020\/07\/preuzmi.jpg","type":"image\/jpeg"}],"twitter_card":"summary_large_image","schema":{"@context":"https:\/\/schema.org","@graph":[{"@type":"WebSite","@id":"https:\/\/demo.tz-viskovo.hr\/it\/#website","url":"https:\/\/demo.tz-viskovo.hr\/it\/","name":"Turisti\u010dka zajednica op\u0107ine Vi\u0161kovo","description":"","potentialAction":[{"@type":"SearchAction","target":{"@type":"EntryPoint","urlTemplate":"https:\/\/demo.tz-viskovo.hr\/it\/?s={search_term_string}"},"query-input":"required name=search_term_string"}],"inLanguage":"de"},{"@type":"ImageObject","@id":"https:\/\/demo.tz-viskovo.hr\/de\/info\/tipps-informationen\/wichtige-nummer-stadtsverwaltung\/#primaryimage","inLanguage":"de","url":"https:\/\/demo.tz-viskovo.hr\/wp-content\/uploads\/2020\/07\/preuzmi.jpg","contentUrl":"https:\/\/demo.tz-viskovo.hr\/wp-content\/uploads\/2020\/07\/preuzmi.jpg","width":273,"height":185},{"@type":"WebPage","@id":"https:\/\/demo.tz-viskovo.hr\/de\/info\/tipps-informationen\/wichtige-nummer-stadtsverwaltung\/#webpage","url":"https:\/\/demo.tz-viskovo.hr\/de\/info\/tipps-informationen\/wichtige-nummer-stadtsverwaltung\/","name":"Wichtige nummer - Stadtsverwaltung - Turisti\u010dka zajednica op\u0107ine Vi\u0161kovo","isPartOf":{"@id":"https:\/\/demo.tz-viskovo.hr\/it\/#website"},"primaryImageOfPage":{"@id":"https:\/\/demo.tz-viskovo.hr\/de\/info\/tipps-informationen\/wichtige-nummer-stadtsverwaltung\/#primaryimage"},"datePublished":"2019-08-19T20:12:33+00:00","dateModified":"2020-07-07T11:20:46+00:00","breadcrumb":{"@id":"https:\/\/demo.tz-viskovo.hr\/de\/info\/tipps-informationen\/wichtige-nummer-stadtsverwaltung\/#breadcrumb"},"inLanguage":"de","potentialAction":[{"@type":"ReadAction","target":["https:\/\/demo.tz-viskovo.hr\/de\/info\/tipps-informationen\/wichtige-nummer-stadtsverwaltung\/"]}]},{"@type":"BreadcrumbList","@id":"https:\/\/demo.tz-viskovo.hr\/de\/info\/tipps-informationen\/wichtige-nummer-stadtsverwaltung\/#breadcrumb","itemListElement":[{"@type":"ListItem","position":1,"name":"Home","item":"https:\/\/demo.tz-viskovo.hr\/de\/"},{"@type":"ListItem","position":2,"name":"Info","item":"https:\/\/demo.tz-viskovo.hr\/de\/info\/"},{"@type":"ListItem","position":3,"name":"Tipps &#038; Informationen","item":"https:\/\/demo.tz-viskovo.hr\/de\/info\/tipps-informationen\/"},{"@type":"ListItem","position":4,"name":"Wichtige nummer &#8211; Stadtsverwaltung"}]}]}},"_links":{"self":[{"href":"https:\/\/demo.tz-viskovo.hr\/de\/wp-json\/wp\/v2\/pages\/3984"}],"collection":[{"href":"https:\/\/demo.tz-viskovo.hr\/de\/wp-json\/wp\/v2\/pages"}],"about":[{"href":"https:\/\/demo.tz-viskovo.hr\/de\/wp-json\/wp\/v2\/types\/page"}],"author":[{"embeddable":true,"href":"https:\/\/demo.tz-viskovo.hr\/de\/wp-json\/wp\/v2\/users\/1"}],"replies":[{"embeddable":true,"href":"https:\/\/demo.tz-viskovo.hr\/de\/wp-json\/wp\/v2\/comments?post=3984"}],"version-history":[{"count":1,"href":"https:\/\/demo.tz-viskovo.hr\/de\/wp-json\/wp\/v2\/pages\/3984\/revisions"}],"predecessor-version":[{"id":3985,"href":"https:\/\/demo.tz-viskovo.hr\/de\/wp-json\/wp\/v2\/pages\/3984\/revisions\/3985"}],"up":[{"embeddable":true,"href":"https:\/\/demo.tz-viskovo.hr\/de\/wp-json\/wp\/v2\/pages\/3953"}],"wp:featuredmedia":[{"embeddable":true,"href":"https:\/\/demo.tz-viskovo.hr\/de\/wp-json\/wp\/v2\/media\/14774"}],"wp:attachment":[{"href":"https:\/\/demo.tz-viskovo.hr\/de\/wp-json\/wp\/v2\/media?parent=3984"}],"curies":[{"name":"wp","href":"https:\/\/api.w.org\/{rel}","templated":true}]}}