{"id":3990,"date":"2019-08-19T20:14:19","date_gmt":"2019-08-19T20:14:19","guid":{"rendered":"https:\/\/demo.tz-viskovo.hr\/?page_id=3990"},"modified":"2020-07-07T11:34:23","modified_gmt":"2020-07-07T11:34:23","slug":"reisebuero","status":"publish","type":"page","link":"https:\/\/demo.tz-viskovo.hr\/de\/info\/tipps-informationen\/reisebuero\/","title":{"rendered":"Reiseb\u00fcro"},"content":{"rendered":"\n<h2><strong>Promotiv Travel Outdoor<\/strong><\/h2>\n\n\n\n<p>Adresse:  Stra\u017ea 102, 51216 Vi\u0161kovo <br>Tel:  +385 51 681 602 <br>Webseite:\u00a0<a href=\"http:\/\/www.prolingua-travel.hr\/de\">www.prolingua-travel.hr<\/a><br>E-mail:\u00a0<a rel=\"noreferrer noopener\" href=\"mailto:info@promotiv-turizam.hr\" target=\"_blank\">info@promotiv-turizam.hr<\/a><br>Web:\u00a0<a href=\"http:\/\/www.promotiv-turizam.hr\/\">www.promotiv-turizam.hr<\/a><br>FB:\u00a0<a href=\"https:\/\/www.facebook.com\/Promotiv-Travel-Outdoor-144556165583405\/?hc_ref=SEARCH\">www.facebook.com\/Promotiv-Travel-Outdoor<\/a> <\/p>\n\n\n\n<h2><strong>\u0160tok travel<\/strong><\/h2>\n\n\n\n<p>Adresse: Vi\u0161kovo 123, 51216 Vi\u0161kovo<br>Tel: +385 51 257 408<br>E-mail: stok.travel@ri.t-com.hr<br>FB:\u00a0<a href=\"https:\/\/www.facebook.com\/aristiki\/?fref=ts\">Putni\u010dka agencija \u201c\u0160tok travel\u201d<\/a> <\/p>\n","protected":false},"excerpt":{"rendered":"<p>Promotiv Travel Outdoor Adresse: Stra\u017ea 102, 51216 Vi\u0161kovo Tel: +385 51 681 602 Webseite:\u00a0www.prolingua-travel.hrE-mail:\u00a0info@promotiv-turizam.hrWeb:\u00a0www.promotiv-turizam.hrFB:\u00a0www.facebook.com\/Promotiv-Travel-Outdoor \u0160tok travel Adresse: Vi\u0161kovo 123, 51216 Vi\u0161kovoTel: +385 51 257 408E-mail: stok.travel@ri.t-com.hrFB:\u00a0Putni\u010dka agencija \u201c\u0160tok travel\u201d<\/p>\n","protected":false},"author":1,"featured_media":3992,"parent":3953,"menu_order":0,"comment_status":"closed","ping_status":"closed","template":"","meta":[],"acf":[],"yoast_head":"<!-- This site is optimized with the Yoast SEO plugin v17.6 - https:\/\/yoast.com\/wordpress\/plugins\/seo\/ -->\n<meta name=\"robots\" content=\"index, follow, max-snippet:-1, max-image-preview:large, max-video-preview:-1\" \/>\n<link rel=\"canonical\" href=\"https:\/\/demo.tz-viskovo.hr\/de\/info\/tipps-informationen\/reisebuero\/\" \/>\n<meta property=\"og:locale\" content=\"de_DE\" \/>\n<meta property=\"og:type\" content=\"article\" \/>\n<meta property=\"og:title\" content=\"Reiseb\u00fcro - Turisti\u010dka zajednica op\u0107ine Vi\u0161kovo\" \/>\n<meta property=\"og:description\" content=\"Promotiv Travel Outdoor Adresse: Stra\u017ea 102, 51216 Vi\u0161kovo Tel: +385 51 681 602 Webseite:\u00a0www.prolingua-travel.hrE-mail:\u00a0info@promotiv-turizam.hrWeb:\u00a0www.promotiv-turizam.hrFB:\u00a0www.facebook.com\/Promotiv-Travel-Outdoor \u0160tok travel Adresse: Vi\u0161kovo 123, 51216 Vi\u0161kovoTel: +385 51 257 408E-mail: stok.travel@ri.t-com.hrFB:\u00a0Putni\u010dka agencija \u201c\u0160tok travel\u201d\" \/>\n<meta property=\"og:url\" content=\"https:\/\/demo.tz-viskovo.hr\/de\/info\/tipps-informationen\/reisebuero\/\" \/>\n<meta property=\"og:site_name\" content=\"Turisti\u010dka zajednica op\u0107ine Vi\u0161kovo\" \/>\n<meta property=\"article:modified_time\" content=\"2020-07-07T11:34:23+00:00\" \/>\n<meta property=\"og:image\" content=\"https:\/\/demo.tz-viskovo.hr\/wp-content\/uploads\/2019\/07\/20151214093559000000-main.jpg\" \/>\n\t<meta property=\"og:image:width\" content=\"265\" \/>\n\t<meta property=\"og:image:height\" content=\"220\" \/>\n<meta name=\"twitter:card\" content=\"summary_large_image\" \/>\n<script type=\"application\/ld+json\" class=\"yoast-schema-graph\">{\"@context\":\"https:\/\/schema.org\",\"@graph\":[{\"@type\":\"WebSite\",\"@id\":\"https:\/\/demo.tz-viskovo.hr\/it\/#website\",\"url\":\"https:\/\/demo.tz-viskovo.hr\/it\/\",\"name\":\"Turisti\\u010dka zajednica op\\u0107ine Vi\\u0161kovo\",\"description\":\"\",\"potentialAction\":[{\"@type\":\"SearchAction\",\"target\":{\"@type\":\"EntryPoint\",\"urlTemplate\":\"https:\/\/demo.tz-viskovo.hr\/it\/?s={search_term_string}\"},\"query-input\":\"required name=search_term_string\"}],\"inLanguage\":\"de\"},{\"@type\":\"ImageObject\",\"@id\":\"https:\/\/demo.tz-viskovo.hr\/de\/info\/tipps-informationen\/reisebuero\/#primaryimage\",\"inLanguage\":\"de\",\"url\":\"https:\/\/demo.tz-viskovo.hr\/wp-content\/uploads\/2019\/07\/20151214093559000000-main.jpg\",\"contentUrl\":\"https:\/\/demo.tz-viskovo.hr\/wp-content\/uploads\/2019\/07\/20151214093559000000-main.jpg\",\"width\":265,\"height\":220},{\"@type\":\"WebPage\",\"@id\":\"https:\/\/demo.tz-viskovo.hr\/de\/info\/tipps-informationen\/reisebuero\/#webpage\",\"url\":\"https:\/\/demo.tz-viskovo.hr\/de\/info\/tipps-informationen\/reisebuero\/\",\"name\":\"Reiseb\\u00fcro - Turisti\\u010dka zajednica op\\u0107ine Vi\\u0161kovo\",\"isPartOf\":{\"@id\":\"https:\/\/demo.tz-viskovo.hr\/it\/#website\"},\"primaryImageOfPage\":{\"@id\":\"https:\/\/demo.tz-viskovo.hr\/de\/info\/tipps-informationen\/reisebuero\/#primaryimage\"},\"datePublished\":\"2019-08-19T20:14:19+00:00\",\"dateModified\":\"2020-07-07T11:34:23+00:00\",\"breadcrumb\":{\"@id\":\"https:\/\/demo.tz-viskovo.hr\/de\/info\/tipps-informationen\/reisebuero\/#breadcrumb\"},\"inLanguage\":\"de\",\"potentialAction\":[{\"@type\":\"ReadAction\",\"target\":[\"https:\/\/demo.tz-viskovo.hr\/de\/info\/tipps-informationen\/reisebuero\/\"]}]},{\"@type\":\"BreadcrumbList\",\"@id\":\"https:\/\/demo.tz-viskovo.hr\/de\/info\/tipps-informationen\/reisebuero\/#breadcrumb\",\"itemListElement\":[{\"@type\":\"ListItem\",\"position\":1,\"name\":\"Home\",\"item\":\"https:\/\/demo.tz-viskovo.hr\/de\/\"},{\"@type\":\"ListItem\",\"position\":2,\"name\":\"Info\",\"item\":\"https:\/\/demo.tz-viskovo.hr\/de\/info\/\"},{\"@type\":\"ListItem\",\"position\":3,\"name\":\"Tipps &#038; Informationen\",\"item\":\"https:\/\/demo.tz-viskovo.hr\/de\/info\/tipps-informationen\/\"},{\"@type\":\"ListItem\",\"position\":4,\"name\":\"Reiseb\\u00fcro\"}]}]}<\/script>\n<!-- \/ Yoast SEO plugin. -->","yoast_head_json":{"robots":{"index":"index","follow":"follow","max-snippet":"max-snippet:-1","max-image-preview":"max-image-preview:large","max-video-preview":"max-video-preview:-1"},"canonical":"https:\/\/demo.tz-viskovo.hr\/de\/info\/tipps-informationen\/reisebuero\/","og_locale":"de_DE","og_type":"article","og_title":"Reiseb\u00fcro - Turisti\u010dka zajednica op\u0107ine Vi\u0161kovo","og_description":"Promotiv Travel Outdoor Adresse: Stra\u017ea 102, 51216 Vi\u0161kovo Tel: +385 51 681 602 Webseite:\u00a0www.prolingua-travel.hrE-mail:\u00a0info@promotiv-turizam.hrWeb:\u00a0www.promotiv-turizam.hrFB:\u00a0www.facebook.com\/Promotiv-Travel-Outdoor \u0160tok travel Adresse: Vi\u0161kovo 123, 51216 Vi\u0161kovoTel: +385 51 257 408E-mail: stok.travel@ri.t-com.hrFB:\u00a0Putni\u010dka agencija \u201c\u0160tok travel\u201d","og_url":"https:\/\/demo.tz-viskovo.hr\/de\/info\/tipps-informationen\/reisebuero\/","og_site_name":"Turisti\u010dka zajednica op\u0107ine Vi\u0161kovo","article_modified_time":"2020-07-07T11:34:23+00:00","og_image":[{"width":265,"height":220,"url":"https:\/\/demo.tz-viskovo.hr\/wp-content\/uploads\/2019\/07\/20151214093559000000-main.jpg","type":"image\/jpeg"}],"twitter_card":"summary_large_image","schema":{"@context":"https:\/\/schema.org","@graph":[{"@type":"WebSite","@id":"https:\/\/demo.tz-viskovo.hr\/it\/#website","url":"https:\/\/demo.tz-viskovo.hr\/it\/","name":"Turisti\u010dka zajednica op\u0107ine Vi\u0161kovo","description":"","potentialAction":[{"@type":"SearchAction","target":{"@type":"EntryPoint","urlTemplate":"https:\/\/demo.tz-viskovo.hr\/it\/?s={search_term_string}"},"query-input":"required name=search_term_string"}],"inLanguage":"de"},{"@type":"ImageObject","@id":"https:\/\/demo.tz-viskovo.hr\/de\/info\/tipps-informationen\/reisebuero\/#primaryimage","inLanguage":"de","url":"https:\/\/demo.tz-viskovo.hr\/wp-content\/uploads\/2019\/07\/20151214093559000000-main.jpg","contentUrl":"https:\/\/demo.tz-viskovo.hr\/wp-content\/uploads\/2019\/07\/20151214093559000000-main.jpg","width":265,"height":220},{"@type":"WebPage","@id":"https:\/\/demo.tz-viskovo.hr\/de\/info\/tipps-informationen\/reisebuero\/#webpage","url":"https:\/\/demo.tz-viskovo.hr\/de\/info\/tipps-informationen\/reisebuero\/","name":"Reiseb\u00fcro - Turisti\u010dka zajednica op\u0107ine Vi\u0161kovo","isPartOf":{"@id":"https:\/\/demo.tz-viskovo.hr\/it\/#website"},"primaryImageOfPage":{"@id":"https:\/\/demo.tz-viskovo.hr\/de\/info\/tipps-informationen\/reisebuero\/#primaryimage"},"datePublished":"2019-08-19T20:14:19+00:00","dateModified":"2020-07-07T11:34:23+00:00","breadcrumb":{"@id":"https:\/\/demo.tz-viskovo.hr\/de\/info\/tipps-informationen\/reisebuero\/#breadcrumb"},"inLanguage":"de","potentialAction":[{"@type":"ReadAction","target":["https:\/\/demo.tz-viskovo.hr\/de\/info\/tipps-informationen\/reisebuero\/"]}]},{"@type":"BreadcrumbList","@id":"https:\/\/demo.tz-viskovo.hr\/de\/info\/tipps-informationen\/reisebuero\/#breadcrumb","itemListElement":[{"@type":"ListItem","position":1,"name":"Home","item":"https:\/\/demo.tz-viskovo.hr\/de\/"},{"@type":"ListItem","position":2,"name":"Info","item":"https:\/\/demo.tz-viskovo.hr\/de\/info\/"},{"@type":"ListItem","position":3,"name":"Tipps &#038; Informationen","item":"https:\/\/demo.tz-viskovo.hr\/de\/info\/tipps-informationen\/"},{"@type":"ListItem","position":4,"name":"Reiseb\u00fcro"}]}]}},"_links":{"self":[{"href":"https:\/\/demo.tz-viskovo.hr\/de\/wp-json\/wp\/v2\/pages\/3990"}],"collection":[{"href":"https:\/\/demo.tz-viskovo.hr\/de\/wp-json\/wp\/v2\/pages"}],"about":[{"href":"https:\/\/demo.tz-viskovo.hr\/de\/wp-json\/wp\/v2\/types\/page"}],"author":[{"embeddable":true,"href":"https:\/\/demo.tz-viskovo.hr\/de\/wp-json\/wp\/v2\/users\/1"}],"replies":[{"embeddable":true,"href":"https:\/\/demo.tz-viskovo.hr\/de\/wp-json\/wp\/v2\/comments?post=3990"}],"version-history":[{"count":3,"href":"https:\/\/demo.tz-viskovo.hr\/de\/wp-json\/wp\/v2\/pages\/3990\/revisions"}],"predecessor-version":[{"id":14784,"href":"https:\/\/demo.tz-viskovo.hr\/de\/wp-json\/wp\/v2\/pages\/3990\/revisions\/14784"}],"up":[{"embeddable":true,"href":"https:\/\/demo.tz-viskovo.hr\/de\/wp-json\/wp\/v2\/pages\/3953"}],"wp:featuredmedia":[{"embeddable":true,"href":"https:\/\/demo.tz-viskovo.hr\/de\/wp-json\/wp\/v2\/media\/3992"}],"wp:attachment":[{"href":"https:\/\/demo.tz-viskovo.hr\/de\/wp-json\/wp\/v2\/media?parent=3990"}],"curies":[{"name":"wp","href":"https:\/\/api.w.org\/{rel}","templated":true}]}}