{"id":3997,"date":"2019-08-19T20:17:31","date_gmt":"2019-08-19T20:17:31","guid":{"rendered":"https:\/\/demo.tz-viskovo.hr\/?page_id=3997"},"modified":"2020-07-07T11:40:56","modified_gmt":"2020-07-07T11:40:56","slug":"links","status":"publish","type":"page","link":"https:\/\/demo.tz-viskovo.hr\/de\/info\/tipps-informationen\/links\/","title":{"rendered":"Links"},"content":{"rendered":"\n<p><strong>Sollten Ihnen einige Informationen auf diesen Seiten vorenthalten bleiben, bieten wir Ihnen eine Liste mit n\u00fctzlichen Links\u2026<\/strong><\/p>\n\n\n\n<table class=\"wp-block-table is-style-stripes\"><tbody><tr><td><a href=\"http:\/\/croatia.hr\/de-DE\/Homepage\" target=\"_blank\" rel=\"noreferrer noopener\">Kroatische Zentrale f\u00fcr Tourismus<\/a><\/td><\/tr><tr><td><a href=\"http:\/\/www.kvarner.hr\/deu\/tourismus\" target=\"_blank\" rel=\"noreferrer noopener\">Tourismusverband&nbsp;der Region Kvarner<\/a><\/td><\/tr><tr><td><a href=\"http:\/\/meteo.hr\/index_en.php\" target=\"_blank\" rel=\"noreferrer noopener\">Kroatisches&nbsp;<\/a><a href=\"http:\/\/www.geo.fu-berlin.de\/met\/index.html\">Institut f\u00fcr Meteorologie<\/a><\/td><\/tr><tr><td><a href=\"http:\/\/www.hak.hr\/de\" target=\"_blank\" rel=\"noreferrer noopener\">Kroatische Autobahn<\/a><\/td><\/tr><tr><td><a href=\"http:\/\/www.gss.hr\/en\/news.htm\" target=\"_blank\" rel=\"noreferrer noopener\">Bergrettungsdienst<\/a><\/td><\/tr><tr><td><a href=\"http:\/\/www.hac.hr\/en\/\" target=\"_blank\" rel=\"noreferrer noopener\">Kroatischen Autobahn<\/a><\/td><\/tr><\/tbody><\/table>\n\n\n\n<table class=\"wp-block-table is-style-stripes\"><tbody><tr><td> <a rel=\"noreferrer noopener\" href=\"http:\/\/www.autotrolej.hr\/default.asp?ru=90&amp;sid=&amp;jezik=1\" target=\"_blank\">Autotrolej<\/a> <\/td><\/tr><tr><td> <a rel=\"noreferrer noopener\" href=\"https:\/\/www.autotrans.hr\/de-de\/home\" target=\"_blank\">Autotrans<\/a> <\/td><\/tr><tr><td> <a rel=\"noreferrer noopener\" href=\"http:\/\/www.jadrolinija.hr\/de\/startseite\" target=\"_blank\">Jadrolinija<\/a> <\/td><\/tr><tr><td> <a rel=\"noreferrer noopener\" href=\"http:\/\/www.rijeka-airport.hr\/index_eng.asp\" target=\"_blank\">Flughafen&nbsp;Rijeka<\/a> <\/td><\/tr><tr><td> <a rel=\"noreferrer noopener\" href=\"http:\/\/www.hzpp.hr\/Default.aspx?sec=282\" target=\"_blank\">Kroatische Bahn<\/a> <\/td><\/tr><\/tbody><\/table>\n","protected":false},"excerpt":{"rendered":"<p>Sollten Ihnen einige Informationen auf diesen Seiten vorenthalten bleiben, bieten wir Ihnen eine Liste mit n\u00fctzlichen Links\u2026 Kroatische Zentrale f\u00fcr Tourismus Tourismusverband&nbsp;der Region Kvarner Kroatisches&nbsp;Institut f\u00fcr Meteorologie Kroatische Autobahn Bergrettungsdienst Kroatischen Autobahn Autotrolej Autotrans Jadrolinija Flughafen&nbsp;Rijeka Kroatische Bahn<\/p>\n","protected":false},"author":1,"featured_media":14774,"parent":3953,"menu_order":0,"comment_status":"closed","ping_status":"closed","template":"","meta":[],"acf":[],"yoast_head":"<!-- This site is optimized with the Yoast SEO plugin v17.6 - https:\/\/yoast.com\/wordpress\/plugins\/seo\/ -->\n<meta name=\"robots\" content=\"index, follow, max-snippet:-1, max-image-preview:large, max-video-preview:-1\" \/>\n<link rel=\"canonical\" href=\"https:\/\/demo.tz-viskovo.hr\/de\/info\/tipps-informationen\/links\/\" \/>\n<meta property=\"og:locale\" content=\"de_DE\" \/>\n<meta property=\"og:type\" content=\"article\" \/>\n<meta property=\"og:title\" content=\"Links - Turisti\u010dka zajednica op\u0107ine Vi\u0161kovo\" \/>\n<meta property=\"og:description\" content=\"Sollten Ihnen einige Informationen auf diesen Seiten vorenthalten bleiben, bieten wir Ihnen eine Liste mit n\u00fctzlichen Links\u2026 Kroatische Zentrale f\u00fcr Tourismus Tourismusverband&nbsp;der Region Kvarner Kroatisches&nbsp;Institut f\u00fcr Meteorologie Kroatische Autobahn Bergrettungsdienst Kroatischen Autobahn Autotrolej Autotrans Jadrolinija Flughafen&nbsp;Rijeka Kroatische Bahn\" \/>\n<meta property=\"og:url\" content=\"https:\/\/demo.tz-viskovo.hr\/de\/info\/tipps-informationen\/links\/\" \/>\n<meta property=\"og:site_name\" content=\"Turisti\u010dka zajednica op\u0107ine Vi\u0161kovo\" \/>\n<meta property=\"article:modified_time\" content=\"2020-07-07T11:40:56+00:00\" \/>\n<meta property=\"og:image\" content=\"https:\/\/demo.tz-viskovo.hr\/wp-content\/uploads\/2020\/07\/preuzmi.jpg\" \/>\n\t<meta property=\"og:image:width\" content=\"273\" \/>\n\t<meta property=\"og:image:height\" content=\"185\" \/>\n<meta name=\"twitter:card\" content=\"summary_large_image\" \/>\n<script type=\"application\/ld+json\" class=\"yoast-schema-graph\">{\"@context\":\"https:\/\/schema.org\",\"@graph\":[{\"@type\":\"WebSite\",\"@id\":\"https:\/\/demo.tz-viskovo.hr\/it\/#website\",\"url\":\"https:\/\/demo.tz-viskovo.hr\/it\/\",\"name\":\"Turisti\\u010dka zajednica op\\u0107ine Vi\\u0161kovo\",\"description\":\"\",\"potentialAction\":[{\"@type\":\"SearchAction\",\"target\":{\"@type\":\"EntryPoint\",\"urlTemplate\":\"https:\/\/demo.tz-viskovo.hr\/it\/?s={search_term_string}\"},\"query-input\":\"required name=search_term_string\"}],\"inLanguage\":\"de\"},{\"@type\":\"ImageObject\",\"@id\":\"https:\/\/demo.tz-viskovo.hr\/de\/info\/tipps-informationen\/links\/#primaryimage\",\"inLanguage\":\"de\",\"url\":\"https:\/\/demo.tz-viskovo.hr\/wp-content\/uploads\/2020\/07\/preuzmi.jpg\",\"contentUrl\":\"https:\/\/demo.tz-viskovo.hr\/wp-content\/uploads\/2020\/07\/preuzmi.jpg\",\"width\":273,\"height\":185},{\"@type\":\"WebPage\",\"@id\":\"https:\/\/demo.tz-viskovo.hr\/de\/info\/tipps-informationen\/links\/#webpage\",\"url\":\"https:\/\/demo.tz-viskovo.hr\/de\/info\/tipps-informationen\/links\/\",\"name\":\"Links - Turisti\\u010dka zajednica op\\u0107ine Vi\\u0161kovo\",\"isPartOf\":{\"@id\":\"https:\/\/demo.tz-viskovo.hr\/it\/#website\"},\"primaryImageOfPage\":{\"@id\":\"https:\/\/demo.tz-viskovo.hr\/de\/info\/tipps-informationen\/links\/#primaryimage\"},\"datePublished\":\"2019-08-19T20:17:31+00:00\",\"dateModified\":\"2020-07-07T11:40:56+00:00\",\"breadcrumb\":{\"@id\":\"https:\/\/demo.tz-viskovo.hr\/de\/info\/tipps-informationen\/links\/#breadcrumb\"},\"inLanguage\":\"de\",\"potentialAction\":[{\"@type\":\"ReadAction\",\"target\":[\"https:\/\/demo.tz-viskovo.hr\/de\/info\/tipps-informationen\/links\/\"]}]},{\"@type\":\"BreadcrumbList\",\"@id\":\"https:\/\/demo.tz-viskovo.hr\/de\/info\/tipps-informationen\/links\/#breadcrumb\",\"itemListElement\":[{\"@type\":\"ListItem\",\"position\":1,\"name\":\"Home\",\"item\":\"https:\/\/demo.tz-viskovo.hr\/de\/\"},{\"@type\":\"ListItem\",\"position\":2,\"name\":\"Info\",\"item\":\"https:\/\/demo.tz-viskovo.hr\/de\/info\/\"},{\"@type\":\"ListItem\",\"position\":3,\"name\":\"Tipps &#038; Informationen\",\"item\":\"https:\/\/demo.tz-viskovo.hr\/de\/info\/tipps-informationen\/\"},{\"@type\":\"ListItem\",\"position\":4,\"name\":\"Links\"}]}]}<\/script>\n<!-- \/ Yoast SEO plugin. -->","yoast_head_json":{"robots":{"index":"index","follow":"follow","max-snippet":"max-snippet:-1","max-image-preview":"max-image-preview:large","max-video-preview":"max-video-preview:-1"},"canonical":"https:\/\/demo.tz-viskovo.hr\/de\/info\/tipps-informationen\/links\/","og_locale":"de_DE","og_type":"article","og_title":"Links - Turisti\u010dka zajednica op\u0107ine Vi\u0161kovo","og_description":"Sollten Ihnen einige Informationen auf diesen Seiten vorenthalten bleiben, bieten wir Ihnen eine Liste mit n\u00fctzlichen Links\u2026 Kroatische Zentrale f\u00fcr Tourismus Tourismusverband&nbsp;der Region Kvarner Kroatisches&nbsp;Institut f\u00fcr Meteorologie Kroatische Autobahn Bergrettungsdienst Kroatischen Autobahn Autotrolej Autotrans Jadrolinija Flughafen&nbsp;Rijeka Kroatische Bahn","og_url":"https:\/\/demo.tz-viskovo.hr\/de\/info\/tipps-informationen\/links\/","og_site_name":"Turisti\u010dka zajednica op\u0107ine Vi\u0161kovo","article_modified_time":"2020-07-07T11:40:56+00:00","og_image":[{"width":273,"height":185,"url":"https:\/\/demo.tz-viskovo.hr\/wp-content\/uploads\/2020\/07\/preuzmi.jpg","type":"image\/jpeg"}],"twitter_card":"summary_large_image","schema":{"@context":"https:\/\/schema.org","@graph":[{"@type":"WebSite","@id":"https:\/\/demo.tz-viskovo.hr\/it\/#website","url":"https:\/\/demo.tz-viskovo.hr\/it\/","name":"Turisti\u010dka zajednica op\u0107ine Vi\u0161kovo","description":"","potentialAction":[{"@type":"SearchAction","target":{"@type":"EntryPoint","urlTemplate":"https:\/\/demo.tz-viskovo.hr\/it\/?s={search_term_string}"},"query-input":"required name=search_term_string"}],"inLanguage":"de"},{"@type":"ImageObject","@id":"https:\/\/demo.tz-viskovo.hr\/de\/info\/tipps-informationen\/links\/#primaryimage","inLanguage":"de","url":"https:\/\/demo.tz-viskovo.hr\/wp-content\/uploads\/2020\/07\/preuzmi.jpg","contentUrl":"https:\/\/demo.tz-viskovo.hr\/wp-content\/uploads\/2020\/07\/preuzmi.jpg","width":273,"height":185},{"@type":"WebPage","@id":"https:\/\/demo.tz-viskovo.hr\/de\/info\/tipps-informationen\/links\/#webpage","url":"https:\/\/demo.tz-viskovo.hr\/de\/info\/tipps-informationen\/links\/","name":"Links - Turisti\u010dka zajednica op\u0107ine Vi\u0161kovo","isPartOf":{"@id":"https:\/\/demo.tz-viskovo.hr\/it\/#website"},"primaryImageOfPage":{"@id":"https:\/\/demo.tz-viskovo.hr\/de\/info\/tipps-informationen\/links\/#primaryimage"},"datePublished":"2019-08-19T20:17:31+00:00","dateModified":"2020-07-07T11:40:56+00:00","breadcrumb":{"@id":"https:\/\/demo.tz-viskovo.hr\/de\/info\/tipps-informationen\/links\/#breadcrumb"},"inLanguage":"de","potentialAction":[{"@type":"ReadAction","target":["https:\/\/demo.tz-viskovo.hr\/de\/info\/tipps-informationen\/links\/"]}]},{"@type":"BreadcrumbList","@id":"https:\/\/demo.tz-viskovo.hr\/de\/info\/tipps-informationen\/links\/#breadcrumb","itemListElement":[{"@type":"ListItem","position":1,"name":"Home","item":"https:\/\/demo.tz-viskovo.hr\/de\/"},{"@type":"ListItem","position":2,"name":"Info","item":"https:\/\/demo.tz-viskovo.hr\/de\/info\/"},{"@type":"ListItem","position":3,"name":"Tipps &#038; Informationen","item":"https:\/\/demo.tz-viskovo.hr\/de\/info\/tipps-informationen\/"},{"@type":"ListItem","position":4,"name":"Links"}]}]}},"_links":{"self":[{"href":"https:\/\/demo.tz-viskovo.hr\/de\/wp-json\/wp\/v2\/pages\/3997"}],"collection":[{"href":"https:\/\/demo.tz-viskovo.hr\/de\/wp-json\/wp\/v2\/pages"}],"about":[{"href":"https:\/\/demo.tz-viskovo.hr\/de\/wp-json\/wp\/v2\/types\/page"}],"author":[{"embeddable":true,"href":"https:\/\/demo.tz-viskovo.hr\/de\/wp-json\/wp\/v2\/users\/1"}],"replies":[{"embeddable":true,"href":"https:\/\/demo.tz-viskovo.hr\/de\/wp-json\/wp\/v2\/comments?post=3997"}],"version-history":[{"count":2,"href":"https:\/\/demo.tz-viskovo.hr\/de\/wp-json\/wp\/v2\/pages\/3997\/revisions"}],"predecessor-version":[{"id":14786,"href":"https:\/\/demo.tz-viskovo.hr\/de\/wp-json\/wp\/v2\/pages\/3997\/revisions\/14786"}],"up":[{"embeddable":true,"href":"https:\/\/demo.tz-viskovo.hr\/de\/wp-json\/wp\/v2\/pages\/3953"}],"wp:featuredmedia":[{"embeddable":true,"href":"https:\/\/demo.tz-viskovo.hr\/de\/wp-json\/wp\/v2\/media\/14774"}],"wp:attachment":[{"href":"https:\/\/demo.tz-viskovo.hr\/de\/wp-json\/wp\/v2\/media?parent=3997"}],"curies":[{"name":"wp","href":"https:\/\/api.w.org\/{rel}","templated":true}]}}