{"id":4031,"date":"2019-08-19T20:29:31","date_gmt":"2019-08-19T20:29:31","guid":{"rendered":"https:\/\/demo.tz-viskovo.hr\/?page_id=4031"},"modified":"2019-08-19T20:29:32","modified_gmt":"2019-08-19T20:29:32","slug":"mobile-anwendungen","status":"publish","type":"page","link":"https:\/\/demo.tz-viskovo.hr\/de\/info\/mobile-anwendungen\/","title":{"rendered":"Mobile anwendungen"},"content":{"rendered":"\n<p><strong>Bike Rijeka<\/strong><\/p>\n\n\n\n<p>Die mobile Anwendung Bike Rijeka beinhaltet etwa vierzig Radwege, die durch 8 St\u00e4dte und Gemeinden des Rijekaer Rings f\u00fchren: Rijeka, Kastav, Klana, Vi\u0161kovo, Jelenje, \u010cavle, Kostrena und Bakar. Die gr\u00f6\u00dfte Sorgfalt wurde der Darstellung der Radwege und der Navigation auf diesen gewidmet, und die Radwege k\u00f6nnen nach Schwierigkeitsgrad oder einfach nach Lage auf der Karte gew\u00e4hlt werden.<\/p>\n\n\n\n<p>Die Radwegnavigation zeigt, neben der Wegrichtung selbst, auch die Fahrtstatistik, Fahrtzeit, zur\u00fcckgelegte Entfernung und Geschwindigkeit an. W\u00e4hrend der Fahrt werden die Sehensw\u00fcrdigkeiten auf der Google-Karte gezeigt. Ebenfalls kann man Informationen \u00fcber Gastst\u00e4tten, Unterk\u00fcnfte sowie andere Hilfsdienste finden.<\/p>\n\n\n\n<p><strong>Herunterladen der Mobilen App<\/strong><\/p>\n\n\n\n<p><a href=\"https:\/\/play.google.com\/store\/apps\/details?id=hr.molekula.bikerijeka\">Android<\/a><br><a href=\"https:\/\/itunes.apple.com\/hr\/app\/bike-rijeka\/id884542925?mt=8&amp;ign-mpt=uo%3D4\">iPhone<\/a><\/p>\n","protected":false},"excerpt":{"rendered":"<p>Bike Rijeka Die mobile Anwendung Bike Rijeka beinhaltet etwa vierzig Radwege, die durch 8 St\u00e4dte und Gemeinden des Rijekaer Rings f\u00fchren: Rijeka, Kastav, Klana, Vi\u0161kovo, Jelenje, \u010cavle, Kostrena und Bakar. Die gr\u00f6\u00dfte Sorgfalt wurde der Darstellung der Radwege und der Navigation auf diesen gewidmet, und die Radwege k\u00f6nnen nach Schwierigkeitsgrad oder einfach nach Lage auf [&hellip;]<\/p>\n","protected":false},"author":1,"featured_media":4033,"parent":3942,"menu_order":0,"comment_status":"closed","ping_status":"closed","template":"","meta":[],"acf":[],"yoast_head":"<!-- This site is optimized with the Yoast SEO plugin v17.6 - https:\/\/yoast.com\/wordpress\/plugins\/seo\/ -->\n<meta name=\"robots\" content=\"index, follow, max-snippet:-1, max-image-preview:large, max-video-preview:-1\" \/>\n<link rel=\"canonical\" href=\"https:\/\/demo.tz-viskovo.hr\/de\/info\/mobile-anwendungen\/\" \/>\n<meta property=\"og:locale\" content=\"de_DE\" \/>\n<meta property=\"og:type\" content=\"article\" \/>\n<meta property=\"og:title\" content=\"Mobile anwendungen - Turisti\u010dka zajednica op\u0107ine Vi\u0161kovo\" \/>\n<meta property=\"og:description\" content=\"Bike Rijeka Die mobile Anwendung Bike Rijeka beinhaltet etwa vierzig Radwege, die durch 8 St\u00e4dte und Gemeinden des Rijekaer Rings f\u00fchren: Rijeka, Kastav, Klana, Vi\u0161kovo, Jelenje, \u010cavle, Kostrena und Bakar. Die gr\u00f6\u00dfte Sorgfalt wurde der Darstellung der Radwege und der Navigation auf diesen gewidmet, und die Radwege k\u00f6nnen nach Schwierigkeitsgrad oder einfach nach Lage auf [&hellip;]\" \/>\n<meta property=\"og:url\" content=\"https:\/\/demo.tz-viskovo.hr\/de\/info\/mobile-anwendungen\/\" \/>\n<meta property=\"og:site_name\" content=\"Turisti\u010dka zajednica op\u0107ine Vi\u0161kovo\" \/>\n<meta property=\"article:modified_time\" content=\"2019-08-19T20:29:32+00:00\" \/>\n<meta property=\"og:image\" content=\"https:\/\/demo.tz-viskovo.hr\/wp-content\/uploads\/2019\/05\/20151214081744000000-main.jpg\" \/>\n\t<meta property=\"og:image:width\" content=\"620\" \/>\n\t<meta property=\"og:image:height\" content=\"460\" \/>\n<meta name=\"twitter:card\" content=\"summary_large_image\" \/>\n<meta name=\"twitter:label1\" content=\"Gesch\u00e4tzte Lesezeit\" \/>\n\t<meta name=\"twitter:data1\" content=\"1\u00a0Minute\" \/>\n<script type=\"application\/ld+json\" class=\"yoast-schema-graph\">{\"@context\":\"https:\/\/schema.org\",\"@graph\":[{\"@type\":\"WebSite\",\"@id\":\"https:\/\/demo.tz-viskovo.hr\/it\/#website\",\"url\":\"https:\/\/demo.tz-viskovo.hr\/it\/\",\"name\":\"Turisti\\u010dka zajednica op\\u0107ine Vi\\u0161kovo\",\"description\":\"\",\"potentialAction\":[{\"@type\":\"SearchAction\",\"target\":{\"@type\":\"EntryPoint\",\"urlTemplate\":\"https:\/\/demo.tz-viskovo.hr\/it\/?s={search_term_string}\"},\"query-input\":\"required name=search_term_string\"}],\"inLanguage\":\"de\"},{\"@type\":\"ImageObject\",\"@id\":\"https:\/\/demo.tz-viskovo.hr\/de\/info\/mobile-anwendungen\/#primaryimage\",\"inLanguage\":\"de\",\"url\":\"https:\/\/demo.tz-viskovo.hr\/wp-content\/uploads\/2019\/05\/20151214081744000000-main.jpg\",\"contentUrl\":\"https:\/\/demo.tz-viskovo.hr\/wp-content\/uploads\/2019\/05\/20151214081744000000-main.jpg\",\"width\":620,\"height\":460},{\"@type\":\"WebPage\",\"@id\":\"https:\/\/demo.tz-viskovo.hr\/de\/info\/mobile-anwendungen\/#webpage\",\"url\":\"https:\/\/demo.tz-viskovo.hr\/de\/info\/mobile-anwendungen\/\",\"name\":\"Mobile anwendungen - Turisti\\u010dka zajednica op\\u0107ine Vi\\u0161kovo\",\"isPartOf\":{\"@id\":\"https:\/\/demo.tz-viskovo.hr\/it\/#website\"},\"primaryImageOfPage\":{\"@id\":\"https:\/\/demo.tz-viskovo.hr\/de\/info\/mobile-anwendungen\/#primaryimage\"},\"datePublished\":\"2019-08-19T20:29:31+00:00\",\"dateModified\":\"2019-08-19T20:29:32+00:00\",\"breadcrumb\":{\"@id\":\"https:\/\/demo.tz-viskovo.hr\/de\/info\/mobile-anwendungen\/#breadcrumb\"},\"inLanguage\":\"de\",\"potentialAction\":[{\"@type\":\"ReadAction\",\"target\":[\"https:\/\/demo.tz-viskovo.hr\/de\/info\/mobile-anwendungen\/\"]}]},{\"@type\":\"BreadcrumbList\",\"@id\":\"https:\/\/demo.tz-viskovo.hr\/de\/info\/mobile-anwendungen\/#breadcrumb\",\"itemListElement\":[{\"@type\":\"ListItem\",\"position\":1,\"name\":\"Home\",\"item\":\"https:\/\/demo.tz-viskovo.hr\/de\/\"},{\"@type\":\"ListItem\",\"position\":2,\"name\":\"Info\",\"item\":\"https:\/\/demo.tz-viskovo.hr\/de\/info\/\"},{\"@type\":\"ListItem\",\"position\":3,\"name\":\"Mobile anwendungen\"}]}]}<\/script>\n<!-- \/ Yoast SEO plugin. -->","yoast_head_json":{"robots":{"index":"index","follow":"follow","max-snippet":"max-snippet:-1","max-image-preview":"max-image-preview:large","max-video-preview":"max-video-preview:-1"},"canonical":"https:\/\/demo.tz-viskovo.hr\/de\/info\/mobile-anwendungen\/","og_locale":"de_DE","og_type":"article","og_title":"Mobile anwendungen - Turisti\u010dka zajednica op\u0107ine Vi\u0161kovo","og_description":"Bike Rijeka Die mobile Anwendung Bike Rijeka beinhaltet etwa vierzig Radwege, die durch 8 St\u00e4dte und Gemeinden des Rijekaer Rings f\u00fchren: Rijeka, Kastav, Klana, Vi\u0161kovo, Jelenje, \u010cavle, Kostrena und Bakar. Die gr\u00f6\u00dfte Sorgfalt wurde der Darstellung der Radwege und der Navigation auf diesen gewidmet, und die Radwege k\u00f6nnen nach Schwierigkeitsgrad oder einfach nach Lage auf [&hellip;]","og_url":"https:\/\/demo.tz-viskovo.hr\/de\/info\/mobile-anwendungen\/","og_site_name":"Turisti\u010dka zajednica op\u0107ine Vi\u0161kovo","article_modified_time":"2019-08-19T20:29:32+00:00","og_image":[{"width":620,"height":460,"url":"https:\/\/demo.tz-viskovo.hr\/wp-content\/uploads\/2019\/05\/20151214081744000000-main.jpg","type":"image\/jpeg"}],"twitter_card":"summary_large_image","twitter_misc":{"Gesch\u00e4tzte Lesezeit":"1\u00a0Minute"},"schema":{"@context":"https:\/\/schema.org","@graph":[{"@type":"WebSite","@id":"https:\/\/demo.tz-viskovo.hr\/it\/#website","url":"https:\/\/demo.tz-viskovo.hr\/it\/","name":"Turisti\u010dka zajednica op\u0107ine Vi\u0161kovo","description":"","potentialAction":[{"@type":"SearchAction","target":{"@type":"EntryPoint","urlTemplate":"https:\/\/demo.tz-viskovo.hr\/it\/?s={search_term_string}"},"query-input":"required name=search_term_string"}],"inLanguage":"de"},{"@type":"ImageObject","@id":"https:\/\/demo.tz-viskovo.hr\/de\/info\/mobile-anwendungen\/#primaryimage","inLanguage":"de","url":"https:\/\/demo.tz-viskovo.hr\/wp-content\/uploads\/2019\/05\/20151214081744000000-main.jpg","contentUrl":"https:\/\/demo.tz-viskovo.hr\/wp-content\/uploads\/2019\/05\/20151214081744000000-main.jpg","width":620,"height":460},{"@type":"WebPage","@id":"https:\/\/demo.tz-viskovo.hr\/de\/info\/mobile-anwendungen\/#webpage","url":"https:\/\/demo.tz-viskovo.hr\/de\/info\/mobile-anwendungen\/","name":"Mobile anwendungen - Turisti\u010dka zajednica op\u0107ine Vi\u0161kovo","isPartOf":{"@id":"https:\/\/demo.tz-viskovo.hr\/it\/#website"},"primaryImageOfPage":{"@id":"https:\/\/demo.tz-viskovo.hr\/de\/info\/mobile-anwendungen\/#primaryimage"},"datePublished":"2019-08-19T20:29:31+00:00","dateModified":"2019-08-19T20:29:32+00:00","breadcrumb":{"@id":"https:\/\/demo.tz-viskovo.hr\/de\/info\/mobile-anwendungen\/#breadcrumb"},"inLanguage":"de","potentialAction":[{"@type":"ReadAction","target":["https:\/\/demo.tz-viskovo.hr\/de\/info\/mobile-anwendungen\/"]}]},{"@type":"BreadcrumbList","@id":"https:\/\/demo.tz-viskovo.hr\/de\/info\/mobile-anwendungen\/#breadcrumb","itemListElement":[{"@type":"ListItem","position":1,"name":"Home","item":"https:\/\/demo.tz-viskovo.hr\/de\/"},{"@type":"ListItem","position":2,"name":"Info","item":"https:\/\/demo.tz-viskovo.hr\/de\/info\/"},{"@type":"ListItem","position":3,"name":"Mobile anwendungen"}]}]}},"_links":{"self":[{"href":"https:\/\/demo.tz-viskovo.hr\/de\/wp-json\/wp\/v2\/pages\/4031"}],"collection":[{"href":"https:\/\/demo.tz-viskovo.hr\/de\/wp-json\/wp\/v2\/pages"}],"about":[{"href":"https:\/\/demo.tz-viskovo.hr\/de\/wp-json\/wp\/v2\/types\/page"}],"author":[{"embeddable":true,"href":"https:\/\/demo.tz-viskovo.hr\/de\/wp-json\/wp\/v2\/users\/1"}],"replies":[{"embeddable":true,"href":"https:\/\/demo.tz-viskovo.hr\/de\/wp-json\/wp\/v2\/comments?post=4031"}],"version-history":[{"count":1,"href":"https:\/\/demo.tz-viskovo.hr\/de\/wp-json\/wp\/v2\/pages\/4031\/revisions"}],"predecessor-version":[{"id":4032,"href":"https:\/\/demo.tz-viskovo.hr\/de\/wp-json\/wp\/v2\/pages\/4031\/revisions\/4032"}],"up":[{"embeddable":true,"href":"https:\/\/demo.tz-viskovo.hr\/de\/wp-json\/wp\/v2\/pages\/3942"}],"wp:featuredmedia":[{"embeddable":true,"href":"https:\/\/demo.tz-viskovo.hr\/de\/wp-json\/wp\/v2\/media\/4033"}],"wp:attachment":[{"href":"https:\/\/demo.tz-viskovo.hr\/de\/wp-json\/wp\/v2\/media?parent=4031"}],"curies":[{"name":"wp","href":"https:\/\/api.w.org\/{rel}","templated":true}]}}