{"id":4229,"date":"2019-08-20T11:20:51","date_gmt":"2019-08-20T11:20:51","guid":{"rendered":"https:\/\/demo.tz-viskovo.hr\/?page_id=4229"},"modified":"2020-09-16T10:01:39","modified_gmt":"2020-09-16T10:01:39","slug":"die-oeffentliche-einrichtung-ivan-matetic-ronjgov","status":"publish","type":"page","link":"https:\/\/demo.tz-viskovo.hr\/de\/entdecke-viskovo\/kulturerbe\/die-oeffentliche-einrichtung-ivan-matetic-ronjgov\/","title":{"rendered":"Die \u00f6ffentliche Einrichtung &#8222;Ivan Mateti\u0107 Ronjgov&#8220;"},"content":{"rendered":"\n<p>Die Kultureinrichtung \u201eIvan Mateti\u0107 Ronjgov\u201c ist aus dem Kultur- und Bildungsverein \u201eIvan Mateti\u0107 Ronjgov\u201c entstanden und wurde 1994 durch einen Beschluss der Versammlung der Gespanschaft Primorje-Gorski Kotar gegr\u00fcndet. Die Einrichtung befindet sich in Ronjgi bei Vi\u0161kovo und hat sich zum Ziel gesetzt, das kulturelle Erbe und die authentische Folklore von Halubje zu bewahren und die lokalen Br\u00e4uche wiederzubeleben. Das Programm und die Aktivit\u00e4ten der Einrichtung umfassen mehrere Kulturbereiche.<\/p>\n\n\n\n<p>Das Heimatmuseum \u201eIvan Mateti\u0107 Ronjgov\u201c ist Museum und Gedenkst\u00e4tte zugleich. Das Gedenkzimmer befindet sich in dem Raum, in dem Ivan Mateti\u0107 Ronjgov geboren wurde. Die Ausstellung enth\u00e4lt alle wichtigen Dokumente, die mit dem Leben und Werk von Ivan Mateti\u0107 Ronjgov verbunden sind.<\/p>\n\n\n\n<p>Die Institution ist auch im Bereich Verlagswesen aktiv und publiziert B\u00fccher und Musikliteratur im \u010dakavischen Dialekt. Es werden wissenschaftliche Treffen organisiert, um das Leben und das Werk bedeutender Schriftsteller, K\u00fcnstler und anderer Pers\u00f6nlichkeiten zu erforschen, die f\u00fcr diese Region besonders wichtig sind. <br> Mit dem Ziel, das kulturelle Leben und das touristische Angebot der Gemeinde Vi\u0161kovo zu verbessern, organisiert die Institution Veranstaltungen wie <em>Mateti\u0107evi dani<\/em>, <em>Mantinjada pul Ronjgi<\/em>, <em>Ve\u010der pul Mateti\u0107evega ognji\u0161\u0107a<\/em>, <em>Prolje\u0107e u Ronjgima<\/em>, <em>Kanat pul Ronjgi<\/em> usw. Um die Tradition des Handwerks im Gebiet von Halubje zu bewahren, gr\u00fcndete die Einrichtung unter anderem den Verein \u201eDelavska Katedra\u201c, der mehrere lokale Projekte wie M\u00e4h- und Ernte-Wettbewerbe sowie den Katalog traditioneller Gegenst\u00e4nde aus Halubje namens \u201eDa se ne pozabi\u201c (<em>Damit wir nicht vergessen<\/em>) initiiert hat.<\/p>\n","protected":false},"excerpt":{"rendered":"<p>Die Kultureinrichtung \u201eIvan Mateti\u0107 Ronjgov\u201c ist aus dem Kultur- und Bildungsverein \u201eIvan Mateti\u0107 Ronjgov\u201c entstanden und wurde 1994 durch einen Beschluss der Versammlung der Gespanschaft Primorje-Gorski Kotar gegr\u00fcndet. Die Einrichtung befindet sich in Ronjgi bei Vi\u0161kovo und hat sich zum Ziel gesetzt, das kulturelle Erbe und die authentische Folklore von Halubje zu bewahren und die [&hellip;]<\/p>\n","protected":false},"author":1,"featured_media":8498,"parent":4224,"menu_order":0,"comment_status":"closed","ping_status":"closed","template":"","meta":[],"acf":[],"yoast_head":"<!-- This site is optimized with the Yoast SEO plugin v17.6 - https:\/\/yoast.com\/wordpress\/plugins\/seo\/ -->\n<meta name=\"robots\" content=\"index, follow, max-snippet:-1, max-image-preview:large, max-video-preview:-1\" \/>\n<link rel=\"canonical\" href=\"https:\/\/demo.tz-viskovo.hr\/de\/entdecke-viskovo\/kulturerbe\/die-oeffentliche-einrichtung-ivan-matetic-ronjgov\/\" \/>\n<meta property=\"og:locale\" content=\"de_DE\" \/>\n<meta property=\"og:type\" content=\"article\" \/>\n<meta property=\"og:title\" content=\"Die \u00f6ffentliche Einrichtung &quot;Ivan Mateti\u0107 Ronjgov&quot; - Turisti\u010dka zajednica op\u0107ine Vi\u0161kovo\" \/>\n<meta property=\"og:description\" content=\"Die Kultureinrichtung \u201eIvan Mateti\u0107 Ronjgov\u201c ist aus dem Kultur- und Bildungsverein \u201eIvan Mateti\u0107 Ronjgov\u201c entstanden und wurde 1994 durch einen Beschluss der Versammlung der Gespanschaft Primorje-Gorski Kotar gegr\u00fcndet. Die Einrichtung befindet sich in Ronjgi bei Vi\u0161kovo und hat sich zum Ziel gesetzt, das kulturelle Erbe und die authentische Folklore von Halubje zu bewahren und die [&hellip;]\" \/>\n<meta property=\"og:url\" content=\"https:\/\/demo.tz-viskovo.hr\/de\/entdecke-viskovo\/kulturerbe\/die-oeffentliche-einrichtung-ivan-matetic-ronjgov\/\" \/>\n<meta property=\"og:site_name\" content=\"Turisti\u010dka zajednica op\u0107ine Vi\u0161kovo\" \/>\n<meta property=\"article:modified_time\" content=\"2020-09-16T10:01:39+00:00\" \/>\n<meta property=\"og:image\" content=\"https:\/\/demo.tz-viskovo.hr\/wp-content\/uploads\/2019\/09\/TZ-Viskovo_11072019_035.jpg\" \/>\n\t<meta property=\"og:image:width\" content=\"2000\" \/>\n\t<meta property=\"og:image:height\" content=\"1334\" \/>\n<meta name=\"twitter:card\" content=\"summary_large_image\" \/>\n<meta name=\"twitter:label1\" content=\"Gesch\u00e4tzte Lesezeit\" \/>\n\t<meta name=\"twitter:data1\" content=\"1\u00a0Minute\" \/>\n<script type=\"application\/ld+json\" class=\"yoast-schema-graph\">{\"@context\":\"https:\/\/schema.org\",\"@graph\":[{\"@type\":\"WebSite\",\"@id\":\"https:\/\/demo.tz-viskovo.hr\/it\/#website\",\"url\":\"https:\/\/demo.tz-viskovo.hr\/it\/\",\"name\":\"Turisti\\u010dka zajednica op\\u0107ine Vi\\u0161kovo\",\"description\":\"\",\"potentialAction\":[{\"@type\":\"SearchAction\",\"target\":{\"@type\":\"EntryPoint\",\"urlTemplate\":\"https:\/\/demo.tz-viskovo.hr\/it\/?s={search_term_string}\"},\"query-input\":\"required name=search_term_string\"}],\"inLanguage\":\"de\"},{\"@type\":\"ImageObject\",\"@id\":\"https:\/\/demo.tz-viskovo.hr\/de\/entdecke-viskovo\/kulturerbe\/die-oeffentliche-einrichtung-ivan-matetic-ronjgov\/#primaryimage\",\"inLanguage\":\"de\",\"url\":\"https:\/\/demo.tz-viskovo.hr\/wp-content\/uploads\/2019\/09\/TZ-Viskovo_11072019_035.jpg\",\"contentUrl\":\"https:\/\/demo.tz-viskovo.hr\/wp-content\/uploads\/2019\/09\/TZ-Viskovo_11072019_035.jpg\",\"width\":2000,\"height\":1334},{\"@type\":\"WebPage\",\"@id\":\"https:\/\/demo.tz-viskovo.hr\/de\/entdecke-viskovo\/kulturerbe\/die-oeffentliche-einrichtung-ivan-matetic-ronjgov\/#webpage\",\"url\":\"https:\/\/demo.tz-viskovo.hr\/de\/entdecke-viskovo\/kulturerbe\/die-oeffentliche-einrichtung-ivan-matetic-ronjgov\/\",\"name\":\"Die \\u00f6ffentliche Einrichtung \\\"Ivan Mateti\\u0107 Ronjgov\\\" - Turisti\\u010dka zajednica op\\u0107ine Vi\\u0161kovo\",\"isPartOf\":{\"@id\":\"https:\/\/demo.tz-viskovo.hr\/it\/#website\"},\"primaryImageOfPage\":{\"@id\":\"https:\/\/demo.tz-viskovo.hr\/de\/entdecke-viskovo\/kulturerbe\/die-oeffentliche-einrichtung-ivan-matetic-ronjgov\/#primaryimage\"},\"datePublished\":\"2019-08-20T11:20:51+00:00\",\"dateModified\":\"2020-09-16T10:01:39+00:00\",\"breadcrumb\":{\"@id\":\"https:\/\/demo.tz-viskovo.hr\/de\/entdecke-viskovo\/kulturerbe\/die-oeffentliche-einrichtung-ivan-matetic-ronjgov\/#breadcrumb\"},\"inLanguage\":\"de\",\"potentialAction\":[{\"@type\":\"ReadAction\",\"target\":[\"https:\/\/demo.tz-viskovo.hr\/de\/entdecke-viskovo\/kulturerbe\/die-oeffentliche-einrichtung-ivan-matetic-ronjgov\/\"]}]},{\"@type\":\"BreadcrumbList\",\"@id\":\"https:\/\/demo.tz-viskovo.hr\/de\/entdecke-viskovo\/kulturerbe\/die-oeffentliche-einrichtung-ivan-matetic-ronjgov\/#breadcrumb\",\"itemListElement\":[{\"@type\":\"ListItem\",\"position\":1,\"name\":\"Home\",\"item\":\"https:\/\/demo.tz-viskovo.hr\/de\/\"},{\"@type\":\"ListItem\",\"position\":2,\"name\":\"Entdecke Vi\\u0161kovo\",\"item\":\"https:\/\/demo.tz-viskovo.hr\/de\/entdecke-viskovo\/\"},{\"@type\":\"ListItem\",\"position\":3,\"name\":\"Kulturerbe\",\"item\":\"https:\/\/demo.tz-viskovo.hr\/de\/entdecke-viskovo\/kulturerbe\/\"},{\"@type\":\"ListItem\",\"position\":4,\"name\":\"Die \\u00f6ffentliche Einrichtung &#8222;Ivan Mateti\\u0107 Ronjgov&#8220;\"}]}]}<\/script>\n<!-- \/ Yoast SEO plugin. -->","yoast_head_json":{"robots":{"index":"index","follow":"follow","max-snippet":"max-snippet:-1","max-image-preview":"max-image-preview:large","max-video-preview":"max-video-preview:-1"},"canonical":"https:\/\/demo.tz-viskovo.hr\/de\/entdecke-viskovo\/kulturerbe\/die-oeffentliche-einrichtung-ivan-matetic-ronjgov\/","og_locale":"de_DE","og_type":"article","og_title":"Die \u00f6ffentliche Einrichtung \"Ivan Mateti\u0107 Ronjgov\" - Turisti\u010dka zajednica op\u0107ine Vi\u0161kovo","og_description":"Die Kultureinrichtung \u201eIvan Mateti\u0107 Ronjgov\u201c ist aus dem Kultur- und Bildungsverein \u201eIvan Mateti\u0107 Ronjgov\u201c entstanden und wurde 1994 durch einen Beschluss der Versammlung der Gespanschaft Primorje-Gorski Kotar gegr\u00fcndet. Die Einrichtung befindet sich in Ronjgi bei Vi\u0161kovo und hat sich zum Ziel gesetzt, das kulturelle Erbe und die authentische Folklore von Halubje zu bewahren und die [&hellip;]","og_url":"https:\/\/demo.tz-viskovo.hr\/de\/entdecke-viskovo\/kulturerbe\/die-oeffentliche-einrichtung-ivan-matetic-ronjgov\/","og_site_name":"Turisti\u010dka zajednica op\u0107ine Vi\u0161kovo","article_modified_time":"2020-09-16T10:01:39+00:00","og_image":[{"width":2000,"height":1334,"url":"https:\/\/demo.tz-viskovo.hr\/wp-content\/uploads\/2019\/09\/TZ-Viskovo_11072019_035.jpg","type":"image\/jpeg"}],"twitter_card":"summary_large_image","twitter_misc":{"Gesch\u00e4tzte Lesezeit":"1\u00a0Minute"},"schema":{"@context":"https:\/\/schema.org","@graph":[{"@type":"WebSite","@id":"https:\/\/demo.tz-viskovo.hr\/it\/#website","url":"https:\/\/demo.tz-viskovo.hr\/it\/","name":"Turisti\u010dka zajednica op\u0107ine Vi\u0161kovo","description":"","potentialAction":[{"@type":"SearchAction","target":{"@type":"EntryPoint","urlTemplate":"https:\/\/demo.tz-viskovo.hr\/it\/?s={search_term_string}"},"query-input":"required name=search_term_string"}],"inLanguage":"de"},{"@type":"ImageObject","@id":"https:\/\/demo.tz-viskovo.hr\/de\/entdecke-viskovo\/kulturerbe\/die-oeffentliche-einrichtung-ivan-matetic-ronjgov\/#primaryimage","inLanguage":"de","url":"https:\/\/demo.tz-viskovo.hr\/wp-content\/uploads\/2019\/09\/TZ-Viskovo_11072019_035.jpg","contentUrl":"https:\/\/demo.tz-viskovo.hr\/wp-content\/uploads\/2019\/09\/TZ-Viskovo_11072019_035.jpg","width":2000,"height":1334},{"@type":"WebPage","@id":"https:\/\/demo.tz-viskovo.hr\/de\/entdecke-viskovo\/kulturerbe\/die-oeffentliche-einrichtung-ivan-matetic-ronjgov\/#webpage","url":"https:\/\/demo.tz-viskovo.hr\/de\/entdecke-viskovo\/kulturerbe\/die-oeffentliche-einrichtung-ivan-matetic-ronjgov\/","name":"Die \u00f6ffentliche Einrichtung \"Ivan Mateti\u0107 Ronjgov\" - Turisti\u010dka zajednica op\u0107ine Vi\u0161kovo","isPartOf":{"@id":"https:\/\/demo.tz-viskovo.hr\/it\/#website"},"primaryImageOfPage":{"@id":"https:\/\/demo.tz-viskovo.hr\/de\/entdecke-viskovo\/kulturerbe\/die-oeffentliche-einrichtung-ivan-matetic-ronjgov\/#primaryimage"},"datePublished":"2019-08-20T11:20:51+00:00","dateModified":"2020-09-16T10:01:39+00:00","breadcrumb":{"@id":"https:\/\/demo.tz-viskovo.hr\/de\/entdecke-viskovo\/kulturerbe\/die-oeffentliche-einrichtung-ivan-matetic-ronjgov\/#breadcrumb"},"inLanguage":"de","potentialAction":[{"@type":"ReadAction","target":["https:\/\/demo.tz-viskovo.hr\/de\/entdecke-viskovo\/kulturerbe\/die-oeffentliche-einrichtung-ivan-matetic-ronjgov\/"]}]},{"@type":"BreadcrumbList","@id":"https:\/\/demo.tz-viskovo.hr\/de\/entdecke-viskovo\/kulturerbe\/die-oeffentliche-einrichtung-ivan-matetic-ronjgov\/#breadcrumb","itemListElement":[{"@type":"ListItem","position":1,"name":"Home","item":"https:\/\/demo.tz-viskovo.hr\/de\/"},{"@type":"ListItem","position":2,"name":"Entdecke Vi\u0161kovo","item":"https:\/\/demo.tz-viskovo.hr\/de\/entdecke-viskovo\/"},{"@type":"ListItem","position":3,"name":"Kulturerbe","item":"https:\/\/demo.tz-viskovo.hr\/de\/entdecke-viskovo\/kulturerbe\/"},{"@type":"ListItem","position":4,"name":"Die \u00f6ffentliche Einrichtung &#8222;Ivan Mateti\u0107 Ronjgov&#8220;"}]}]}},"_links":{"self":[{"href":"https:\/\/demo.tz-viskovo.hr\/de\/wp-json\/wp\/v2\/pages\/4229"}],"collection":[{"href":"https:\/\/demo.tz-viskovo.hr\/de\/wp-json\/wp\/v2\/pages"}],"about":[{"href":"https:\/\/demo.tz-viskovo.hr\/de\/wp-json\/wp\/v2\/types\/page"}],"author":[{"embeddable":true,"href":"https:\/\/demo.tz-viskovo.hr\/de\/wp-json\/wp\/v2\/users\/1"}],"replies":[{"embeddable":true,"href":"https:\/\/demo.tz-viskovo.hr\/de\/wp-json\/wp\/v2\/comments?post=4229"}],"version-history":[{"count":4,"href":"https:\/\/demo.tz-viskovo.hr\/de\/wp-json\/wp\/v2\/pages\/4229\/revisions"}],"predecessor-version":[{"id":15015,"href":"https:\/\/demo.tz-viskovo.hr\/de\/wp-json\/wp\/v2\/pages\/4229\/revisions\/15015"}],"up":[{"embeddable":true,"href":"https:\/\/demo.tz-viskovo.hr\/de\/wp-json\/wp\/v2\/pages\/4224"}],"wp:featuredmedia":[{"embeddable":true,"href":"https:\/\/demo.tz-viskovo.hr\/de\/wp-json\/wp\/v2\/media\/8498"}],"wp:attachment":[{"href":"https:\/\/demo.tz-viskovo.hr\/de\/wp-json\/wp\/v2\/media?parent=4229"}],"curies":[{"name":"wp","href":"https:\/\/api.w.org\/{rel}","templated":true}]}}