{"id":4240,"date":"2019-08-20T11:25:38","date_gmt":"2019-08-20T11:25:38","guid":{"rendered":"https:\/\/demo.tz-viskovo.hr\/?page_id=4240"},"modified":"2020-05-21T10:14:15","modified_gmt":"2020-05-21T10:14:15","slug":"tschakavisches-wort-und-musik","status":"publish","type":"page","link":"https:\/\/demo.tz-viskovo.hr\/de\/entdecke-viskovo\/kulturerbe\/tschakavisches-wort-und-musik\/","title":{"rendered":"Tschakavisches Wort und Musik"},"content":{"rendered":"\n<h2>Sprache<\/h2>\n\n\n\n<p>Die Gemeinde Vi\u0161kovo geh\u00f6rt zu Liburnien, einer Region deren Verwaltungszentrum bis Mitte des 20. Jahrhunderts das St\u00e4dtchen Kastav war. Aus diesem Grund wird diese Gegend als Kastav\u0161tina bezeichnet.<\/p>\n\n\n\n<p>Die \u00f6rtliche Sprache ist eine liburnische Variante des \u010dakavischen Dialektes mit ekavischer Aussprache des urslawischen Vokals&nbsp;<em>Jat<\/em>&nbsp;und mit ekavischen Hauptwortendungen in bestimmten F\u00e4llen. Charakteristisch f\u00fcr diesen Dialekt sind auch eine besondere, weichere Aussprache des Lauts &#8218;\u0107&#8216; und die Beibehaltung altslawischer Konsonantengruppen &#8218;\u0161\u0107&#8216; und &#8218;\u010dr&#8216;. Der Laut &#8218;l&#8216; wurde nicht vokalisiert, die Laute &#8218;lj&#8216; und &#8218;\u0111&#8216; wurden durch &#8218;j&#8216; ersetzt, der Laut &#8218;d\u017e&#8216; existiert nicht, und der Laut &#8217;nj&#8216; wird als &#8217;n&#8217;j&#8216; ausgesprochen. Dar\u00fcber hinaus gibt es in diesem Dialekt heute immer noch bestimmte alte Vokabeln, grammatikalische Formen und Lehnworte aus dem Italienischen.<\/p>\n\n\n\n<p>Im Ort Mar\u010delji konnten sich einige spezifische, sehr alte Spracheigent\u00fcmlichkeiten am l\u00e4ngsten bewahren. Die Aussprache von &#8218;u&#8216; statt &#8218;v&#8216; ging zwar fast verloren, aber manche der Besonderheiten \u2013 wie der Wechsel zwischen &#8218;o&#8216; und &#8218;u&#8216; am Wortanfang und gleiche Wortendungen in m\u00e4nnlicher und weiblicher Form \u2013 sind erhalten geblieben.<\/p>\n\n\n\n<p>Das sprachliche Erbe ist lebendig und wird in m\u00fcndlicher und schriftlicher Form weiter gepflegt.<\/p>\n\n\n\n<h2>Musik<\/h2>\n\n\n\n<p>Auf der UNESCO-Liste des immateriellen Kulturerbes der Menschheit befindet sich der Zweistimmengesang, der dank der Bem\u00fchungen des Ethnomusikologen und Komponisten Ivan Mateti\u0107 aus dem Ort Ronjgi systematisiert wurde. Mateti\u0107 studierte die Musik, die die Bewohner von Kastav in ihrem Alltag begleitete.<\/p>\n\n\n\n<p><strong>Die Istrische Tonleite<\/strong>r besteht aus sechs T\u00f6nen, die in einem spezifischen Zusammenhang zueinander stehen. Diese Tonleiter bildet die theoretische Basis f\u00fcr die Volksmusik aus Istrien, dem Kroatischen K\u00fcstenland und den Kvarner Inseln. Benannt wurde die Tonleiter nach der istrischen Halbinsel, auf der diese Musik entstanden ist.<\/p>\n\n\n\n<p><em><strong>Sopila<\/strong><\/em>\u00a0ist das bekannteste traditionelle Instrument in der Region Kvarner. Dabei handelt es sich um ein Blasinstrument \u00e4hnlich der Oboe. Sie ist mit der Schalmei verwandt, einem alten europ\u00e4ischen Instrument mit Doppelrohrblatt und konisch gebohrter R\u00f6hre.\u00a0<em>Sopila<\/em>\u00a0wird stets paarweise gespielt, wobei eine kleine Sopila (<em>mala sopila<\/em>) von einer gro\u00dfen Sopila (<em>vela sopila<\/em>) begleitet wird. Die Sopila hat sechs Fingerl\u00f6cher und wird aus Ahornholz gefertigt.<\/p>\n\n\n\n<p>Die \u00f6ffentliche Einrichtung &#8222;Ivan Mateti\u0107 Ronjgov&#8220; bem\u00fcht sich aktiv um die Erhaltung und Pr\u00e4sentation der wertvollen Tradition dieser Gegend.<\/p>\n","protected":false},"excerpt":{"rendered":"<p>Sprache Die Gemeinde Vi\u0161kovo geh\u00f6rt zu Liburnien, einer Region deren Verwaltungszentrum bis Mitte des 20. Jahrhunderts das St\u00e4dtchen Kastav war. Aus diesem Grund wird diese Gegend als Kastav\u0161tina bezeichnet. Die \u00f6rtliche Sprache ist eine liburnische Variante des \u010dakavischen Dialektes mit ekavischer Aussprache des urslawischen Vokals&nbsp;Jat&nbsp;und mit ekavischen Hauptwortendungen in bestimmten F\u00e4llen. Charakteristisch f\u00fcr diesen Dialekt [&hellip;]<\/p>\n","protected":false},"author":1,"featured_media":13786,"parent":4224,"menu_order":0,"comment_status":"closed","ping_status":"closed","template":"","meta":[],"acf":[],"yoast_head":"<!-- This site is optimized with the Yoast SEO plugin v17.6 - https:\/\/yoast.com\/wordpress\/plugins\/seo\/ -->\n<meta name=\"robots\" content=\"index, follow, max-snippet:-1, max-image-preview:large, max-video-preview:-1\" \/>\n<link rel=\"canonical\" href=\"https:\/\/demo.tz-viskovo.hr\/de\/entdecke-viskovo\/kulturerbe\/tschakavisches-wort-und-musik\/\" \/>\n<meta property=\"og:locale\" content=\"de_DE\" \/>\n<meta property=\"og:type\" content=\"article\" \/>\n<meta property=\"og:title\" content=\"Tschakavisches Wort und Musik - Turisti\u010dka zajednica op\u0107ine Vi\u0161kovo\" \/>\n<meta property=\"og:description\" content=\"Sprache Die Gemeinde Vi\u0161kovo geh\u00f6rt zu Liburnien, einer Region deren Verwaltungszentrum bis Mitte des 20. Jahrhunderts das St\u00e4dtchen Kastav war. Aus diesem Grund wird diese Gegend als Kastav\u0161tina bezeichnet. Die \u00f6rtliche Sprache ist eine liburnische Variante des \u010dakavischen Dialektes mit ekavischer Aussprache des urslawischen Vokals&nbsp;Jat&nbsp;und mit ekavischen Hauptwortendungen in bestimmten F\u00e4llen. Charakteristisch f\u00fcr diesen Dialekt [&hellip;]\" \/>\n<meta property=\"og:url\" content=\"https:\/\/demo.tz-viskovo.hr\/de\/entdecke-viskovo\/kulturerbe\/tschakavisches-wort-und-musik\/\" \/>\n<meta property=\"og:site_name\" content=\"Turisti\u010dka zajednica op\u0107ine Vi\u0161kovo\" \/>\n<meta property=\"article:modified_time\" content=\"2020-05-21T10:14:15+00:00\" \/>\n<meta property=\"og:image\" content=\"https:\/\/demo.tz-viskovo.hr\/wp-content\/uploads\/2020\/05\/Ivan_Mateti\u0107_Ronjgov_ostav\u0161tina-3-Medium.jpg\" \/>\n\t<meta property=\"og:image:width\" content=\"1151\" \/>\n\t<meta property=\"og:image:height\" content=\"768\" \/>\n<meta name=\"twitter:card\" content=\"summary_large_image\" \/>\n<meta name=\"twitter:label1\" content=\"Gesch\u00e4tzte Lesezeit\" \/>\n\t<meta name=\"twitter:data1\" content=\"2\u00a0Minuten\" \/>\n<script type=\"application\/ld+json\" class=\"yoast-schema-graph\">{\"@context\":\"https:\/\/schema.org\",\"@graph\":[{\"@type\":\"WebSite\",\"@id\":\"https:\/\/demo.tz-viskovo.hr\/it\/#website\",\"url\":\"https:\/\/demo.tz-viskovo.hr\/it\/\",\"name\":\"Turisti\\u010dka zajednica op\\u0107ine Vi\\u0161kovo\",\"description\":\"\",\"potentialAction\":[{\"@type\":\"SearchAction\",\"target\":{\"@type\":\"EntryPoint\",\"urlTemplate\":\"https:\/\/demo.tz-viskovo.hr\/it\/?s={search_term_string}\"},\"query-input\":\"required name=search_term_string\"}],\"inLanguage\":\"de\"},{\"@type\":\"ImageObject\",\"@id\":\"https:\/\/demo.tz-viskovo.hr\/de\/entdecke-viskovo\/kulturerbe\/tschakavisches-wort-und-musik\/#primaryimage\",\"inLanguage\":\"de\",\"url\":\"https:\/\/demo.tz-viskovo.hr\/wp-content\/uploads\/2020\/05\/Ivan_Mateti\\u0107_Ronjgov_ostav\\u0161tina-3-Medium.jpg\",\"contentUrl\":\"https:\/\/demo.tz-viskovo.hr\/wp-content\/uploads\/2020\/05\/Ivan_Mateti\\u0107_Ronjgov_ostav\\u0161tina-3-Medium.jpg\",\"width\":1151,\"height\":768},{\"@type\":\"WebPage\",\"@id\":\"https:\/\/demo.tz-viskovo.hr\/de\/entdecke-viskovo\/kulturerbe\/tschakavisches-wort-und-musik\/#webpage\",\"url\":\"https:\/\/demo.tz-viskovo.hr\/de\/entdecke-viskovo\/kulturerbe\/tschakavisches-wort-und-musik\/\",\"name\":\"Tschakavisches Wort und Musik - Turisti\\u010dka zajednica op\\u0107ine Vi\\u0161kovo\",\"isPartOf\":{\"@id\":\"https:\/\/demo.tz-viskovo.hr\/it\/#website\"},\"primaryImageOfPage\":{\"@id\":\"https:\/\/demo.tz-viskovo.hr\/de\/entdecke-viskovo\/kulturerbe\/tschakavisches-wort-und-musik\/#primaryimage\"},\"datePublished\":\"2019-08-20T11:25:38+00:00\",\"dateModified\":\"2020-05-21T10:14:15+00:00\",\"breadcrumb\":{\"@id\":\"https:\/\/demo.tz-viskovo.hr\/de\/entdecke-viskovo\/kulturerbe\/tschakavisches-wort-und-musik\/#breadcrumb\"},\"inLanguage\":\"de\",\"potentialAction\":[{\"@type\":\"ReadAction\",\"target\":[\"https:\/\/demo.tz-viskovo.hr\/de\/entdecke-viskovo\/kulturerbe\/tschakavisches-wort-und-musik\/\"]}]},{\"@type\":\"BreadcrumbList\",\"@id\":\"https:\/\/demo.tz-viskovo.hr\/de\/entdecke-viskovo\/kulturerbe\/tschakavisches-wort-und-musik\/#breadcrumb\",\"itemListElement\":[{\"@type\":\"ListItem\",\"position\":1,\"name\":\"Home\",\"item\":\"https:\/\/demo.tz-viskovo.hr\/de\/\"},{\"@type\":\"ListItem\",\"position\":2,\"name\":\"Entdecke Vi\\u0161kovo\",\"item\":\"https:\/\/demo.tz-viskovo.hr\/de\/entdecke-viskovo\/\"},{\"@type\":\"ListItem\",\"position\":3,\"name\":\"Kulturerbe\",\"item\":\"https:\/\/demo.tz-viskovo.hr\/de\/entdecke-viskovo\/kulturerbe\/\"},{\"@type\":\"ListItem\",\"position\":4,\"name\":\"Tschakavisches Wort und Musik\"}]}]}<\/script>\n<!-- \/ Yoast SEO plugin. -->","yoast_head_json":{"robots":{"index":"index","follow":"follow","max-snippet":"max-snippet:-1","max-image-preview":"max-image-preview:large","max-video-preview":"max-video-preview:-1"},"canonical":"https:\/\/demo.tz-viskovo.hr\/de\/entdecke-viskovo\/kulturerbe\/tschakavisches-wort-und-musik\/","og_locale":"de_DE","og_type":"article","og_title":"Tschakavisches Wort und Musik - Turisti\u010dka zajednica op\u0107ine Vi\u0161kovo","og_description":"Sprache Die Gemeinde Vi\u0161kovo geh\u00f6rt zu Liburnien, einer Region deren Verwaltungszentrum bis Mitte des 20. Jahrhunderts das St\u00e4dtchen Kastav war. Aus diesem Grund wird diese Gegend als Kastav\u0161tina bezeichnet. Die \u00f6rtliche Sprache ist eine liburnische Variante des \u010dakavischen Dialektes mit ekavischer Aussprache des urslawischen Vokals&nbsp;Jat&nbsp;und mit ekavischen Hauptwortendungen in bestimmten F\u00e4llen. Charakteristisch f\u00fcr diesen Dialekt [&hellip;]","og_url":"https:\/\/demo.tz-viskovo.hr\/de\/entdecke-viskovo\/kulturerbe\/tschakavisches-wort-und-musik\/","og_site_name":"Turisti\u010dka zajednica op\u0107ine Vi\u0161kovo","article_modified_time":"2020-05-21T10:14:15+00:00","og_image":[{"width":1151,"height":768,"url":"https:\/\/demo.tz-viskovo.hr\/wp-content\/uploads\/2020\/05\/Ivan_Mateti\u0107_Ronjgov_ostav\u0161tina-3-Medium.jpg","type":"image\/jpeg"}],"twitter_card":"summary_large_image","twitter_misc":{"Gesch\u00e4tzte Lesezeit":"2\u00a0Minuten"},"schema":{"@context":"https:\/\/schema.org","@graph":[{"@type":"WebSite","@id":"https:\/\/demo.tz-viskovo.hr\/it\/#website","url":"https:\/\/demo.tz-viskovo.hr\/it\/","name":"Turisti\u010dka zajednica op\u0107ine Vi\u0161kovo","description":"","potentialAction":[{"@type":"SearchAction","target":{"@type":"EntryPoint","urlTemplate":"https:\/\/demo.tz-viskovo.hr\/it\/?s={search_term_string}"},"query-input":"required name=search_term_string"}],"inLanguage":"de"},{"@type":"ImageObject","@id":"https:\/\/demo.tz-viskovo.hr\/de\/entdecke-viskovo\/kulturerbe\/tschakavisches-wort-und-musik\/#primaryimage","inLanguage":"de","url":"https:\/\/demo.tz-viskovo.hr\/wp-content\/uploads\/2020\/05\/Ivan_Mateti\u0107_Ronjgov_ostav\u0161tina-3-Medium.jpg","contentUrl":"https:\/\/demo.tz-viskovo.hr\/wp-content\/uploads\/2020\/05\/Ivan_Mateti\u0107_Ronjgov_ostav\u0161tina-3-Medium.jpg","width":1151,"height":768},{"@type":"WebPage","@id":"https:\/\/demo.tz-viskovo.hr\/de\/entdecke-viskovo\/kulturerbe\/tschakavisches-wort-und-musik\/#webpage","url":"https:\/\/demo.tz-viskovo.hr\/de\/entdecke-viskovo\/kulturerbe\/tschakavisches-wort-und-musik\/","name":"Tschakavisches Wort und Musik - Turisti\u010dka zajednica op\u0107ine Vi\u0161kovo","isPartOf":{"@id":"https:\/\/demo.tz-viskovo.hr\/it\/#website"},"primaryImageOfPage":{"@id":"https:\/\/demo.tz-viskovo.hr\/de\/entdecke-viskovo\/kulturerbe\/tschakavisches-wort-und-musik\/#primaryimage"},"datePublished":"2019-08-20T11:25:38+00:00","dateModified":"2020-05-21T10:14:15+00:00","breadcrumb":{"@id":"https:\/\/demo.tz-viskovo.hr\/de\/entdecke-viskovo\/kulturerbe\/tschakavisches-wort-und-musik\/#breadcrumb"},"inLanguage":"de","potentialAction":[{"@type":"ReadAction","target":["https:\/\/demo.tz-viskovo.hr\/de\/entdecke-viskovo\/kulturerbe\/tschakavisches-wort-und-musik\/"]}]},{"@type":"BreadcrumbList","@id":"https:\/\/demo.tz-viskovo.hr\/de\/entdecke-viskovo\/kulturerbe\/tschakavisches-wort-und-musik\/#breadcrumb","itemListElement":[{"@type":"ListItem","position":1,"name":"Home","item":"https:\/\/demo.tz-viskovo.hr\/de\/"},{"@type":"ListItem","position":2,"name":"Entdecke Vi\u0161kovo","item":"https:\/\/demo.tz-viskovo.hr\/de\/entdecke-viskovo\/"},{"@type":"ListItem","position":3,"name":"Kulturerbe","item":"https:\/\/demo.tz-viskovo.hr\/de\/entdecke-viskovo\/kulturerbe\/"},{"@type":"ListItem","position":4,"name":"Tschakavisches Wort und Musik"}]}]}},"_links":{"self":[{"href":"https:\/\/demo.tz-viskovo.hr\/de\/wp-json\/wp\/v2\/pages\/4240"}],"collection":[{"href":"https:\/\/demo.tz-viskovo.hr\/de\/wp-json\/wp\/v2\/pages"}],"about":[{"href":"https:\/\/demo.tz-viskovo.hr\/de\/wp-json\/wp\/v2\/types\/page"}],"author":[{"embeddable":true,"href":"https:\/\/demo.tz-viskovo.hr\/de\/wp-json\/wp\/v2\/users\/1"}],"replies":[{"embeddable":true,"href":"https:\/\/demo.tz-viskovo.hr\/de\/wp-json\/wp\/v2\/comments?post=4240"}],"version-history":[{"count":3,"href":"https:\/\/demo.tz-viskovo.hr\/de\/wp-json\/wp\/v2\/pages\/4240\/revisions"}],"predecessor-version":[{"id":14001,"href":"https:\/\/demo.tz-viskovo.hr\/de\/wp-json\/wp\/v2\/pages\/4240\/revisions\/14001"}],"up":[{"embeddable":true,"href":"https:\/\/demo.tz-viskovo.hr\/de\/wp-json\/wp\/v2\/pages\/4224"}],"wp:featuredmedia":[{"embeddable":true,"href":"https:\/\/demo.tz-viskovo.hr\/de\/wp-json\/wp\/v2\/media\/13786"}],"wp:attachment":[{"href":"https:\/\/demo.tz-viskovo.hr\/de\/wp-json\/wp\/v2\/media?parent=4240"}],"curies":[{"name":"wp","href":"https:\/\/api.w.org\/{rel}","templated":true}]}}