{"id":4328,"date":"2019-08-20T11:50:37","date_gmt":"2019-08-20T11:50:37","guid":{"rendered":"https:\/\/demo.tz-viskovo.hr\/?page_id=4328"},"modified":"2019-08-20T11:50:38","modified_gmt":"2019-08-20T11:50:38","slug":"die-fahrradtransversale-des-rings-von-rijeka","status":"publish","type":"page","link":"https:\/\/demo.tz-viskovo.hr\/de\/was-tun-2\/fahrrad-und-wanderwege\/die-fahrradtransversale-des-rings-von-rijeka\/","title":{"rendered":"Die Fahrradtransversale des Rings von Rijeka"},"content":{"rendered":"\n<p>Alle Radwege sind mit sichtbaren Tafeln und QR-Codes versehen, die einen leichten und schnellen Zugang zu allen erforderlichen Informationen erm\u00f6glichen.<\/p>\n\n\n\n<p>VI\u0160KOVO<\/p>\n\n\n\n<p>Diese 9 km lange Strecke ist ideal f\u00fcr Familien. Vom Ortszentrum von Vi\u0161kovo aus folgt man der Stra\u00dfe in Richtung Sar\u0161oni und biegt nach 2 km links zum Dorf Ronjgi ab, dem Geburtsort des bedeutenden Musikers und Sammlers des lokalen Musikerbes Ivan Mateti\u0107 Ronjgov. In seinem Geburtshaus befindet sich heute ein Museum und ein Restaurant im Erdgeschoss, in dem typische Spezialit\u00e4ten f\u00fcr diese Gegend angeboten werden.<\/p>\n\n\n\n<p>Von Ronjgi aus f\u00fchrt die Strecke bergauf zum Ort Zorzi\u0107i und weiter \u00fcber die Stra\u00dfe Petrolejska Cesta durch Globi\u0107i steil bergauf zu einer Waldkreuzung (3,3 km). Dies ist zugleich die h\u00f6chste Stelle (481 m). Die Route biegt danach rechts ab und erreicht nach einem sanften Abstieg das Dorf Lu\u010di\u0107i und die Stra\u00dfe Sar\u0161oni-Trnovica. Dort biegt die Strecke rechts zur Stra\u00dfe Petrolejska Cesta ab und f\u00fchrt weiter in die Richtung Drenova. Unmittelbar vor dem Dorf Skva\u017ei\u0107i (5,6 km) biegt man rechts auf einen Waldweg bzw. zum Ple\u0161ivac-Wanderweg ab, der nach Bi\u0161kupi (7,5 km) f\u00fchrt. Am Ortsausgang f\u00fchrt die Strecke weiter an der Stra\u00dfe Vi\u0161kovo-Sar\u0161oni, biegt links ab und kehrt \u00fcber Mladeni\u0107i zur\u00fcck zum Zentrum von Vi\u0161kovo.<\/p>\n\n\n\n<p>KASTAV<\/p>\n\n\n\n<p>Diese etwas anspruchsvollere Strecke ist 12,5 km lang und f\u00fchrt um das Zentrum von Vi\u0161kovo an Nebenstra\u00dfen und Waldwegen herum. Bei einem Spaziergang an dieser Strecke hat man das Gef\u00fchl, vom Stadtgebiet weit entfernt zu sein.<\/p>\n\n\n\n<p>Vom Zentrum von Vi\u0161kovo aus f\u00fchrt die Strecke \u00f6stlich in Richtung Furi\u0107evo. Dort biegt sie links ab und f\u00fchrt leicht bergauf durch Trtni nach Mladeni\u0107i (1,8 km), \u00fcberquert die Stra\u00dfe Vi\u0161kovo-Sar\u0161oni und f\u00fchrt an einem alten Fahrweg weiter nach Ilovac (2,9 km). Dort \u00fcberquert sie die Stra\u00dfe Vi\u0161kovo-Matulji und f\u00fchrt weiter durch Mavri bis nach Gornji Sroki und dann bergab bis zum Srokov Kal, biegt dort rechts ab und f\u00fchrt weiter durch Rudno, Krajevac und Jelu\u0161i\u0107i in Richtung Kastav.<\/p>\n\n\n\n<p>Wenn man in guter Form ist, kann man in Gornji Turki (7,1 km) rechts in Richtung Jelovi\u010dani abbiegen und von dort einen steilen Anstieg zum Wald Lu\u017eina nehmen. Dieser anspruchsvolle Waldweg f\u00fchrt nach Pavleti\u0107i und schlie\u00dft sich in \u017degoti an die Stra\u00dfe Kastav-Vi\u0161kovo an.<\/p>\n\n\n\n<p>Die leichtere Variante f\u00fchrt geradeaus von Gornji Turki zur Stra\u00dfe Kastav-Vi\u0161kovo und biegt zuerst rechts und nach 300 m links zur Tankstelle ab. Rechts von der Tankstelle f\u00fchrt ein interessanter Waldweg nach Donji Jugi (10,1 km) und dann leicht bergauf durch Gornji Jugi nach Zentrum von Vi\u0161kovo.<\/p>\n\n\n\n<p>STUDENA<\/p>\n\n\n\n<p>Diese 14,3 km lange Strecke beginnt im Zentrum von Vi\u0161kovo und f\u00fchrt n\u00f6rdlich durch Mladeni\u0107i in Richtung Sar\u0161oni (2,5 km), biegt dort links zur Stra\u00dfe Petrolejska Cesta ab und folgt dieser Stra\u00dfe bis nach Zorzi\u0107i (3,6 km). Dort biegt die Strecke rechts ab und f\u00fchrt an einem alten Fahrweg durch den Wald Ne\u017enica bergauf in Richtung Studena.<\/p>\n\n\n\n<p>Entlang dieser Strecke begegnet man einige Sehensw\u00fcrdigkeiten: einen&nbsp;<em>Kali\u0107<\/em>-Teich, der einst als Viehtr\u00e4nke diente&nbsp;und ein Denkmal, welches uns daran erinnert, dass man im Zweiten Weltkrieg diese Strecke nutzte, um sich den Partisanen anzuschlie\u00dfen und sie zu unterst\u00fctzen. Nach 6,5 km erreicht man die Hauptstra\u00dfe nach Studena. Dies ist zugleich die h\u00f6chste Stelle an dieser Route: 578 m. Danach biegt die Strecke links ab und f\u00fchrt bergab auf die Stra\u00dfe Petrolejska Cesta und dann wieder links in Richtung Mar\u010delji. Im Gebiet Pogled (9,3 km) biegt die Strecke rechts ab und f\u00fchrt bergab durch Mar\u010delji bis nach Vrta\u010de (10 km). Dort biegt man rechts ab nach Kosi (11 km) und danach wieder rechts in Richtung Kastav bis nach Jardasi (11,6 km). Dort biegt die Route links ab und f\u00fchrt \u00fcber Dovi\u010di\u0107i bis zur Stra\u00dfe Kastav-Vi\u0161kovo. Nach der Stra\u00dfen\u00fcberquerung in \u0160iroli (13,6 km) kehrt die Strecke an einem Nebenweg hinter der Grundschule und Sporthalle ins Zentrum von Vi\u0161kovo zur\u00fcck.<\/p>\n\n\n\n<p>QUELLE DES FLUSSES RJE\u010cINA<\/p>\n\n\n\n<p>Diese 23 km lange Strecke beginnt im Zentrum von Vi\u0161kovo und f\u00fchrt \u00fcber Mladeni\u0107i in Richtung Sar\u0161oni (2,5 km), biegt dort links auf die Stra\u00dfe Petrolejska Cesta und dann sofort rechts nach Lu\u010di\u0107i ab. Nach einem kurzen Anstieg erreicht man den Bergpass Lon\u010deva Gri\u017ea (3,5 km; 490 m \u00fcber dem Meeresspiegel). Ein Serpentinenweg f\u00fchrt bergab nach Trnovica (7,1 km), \u00fcberquert den Fluss Rje\u010dina und biegt links \u00fcber Zoreti\u0107i nach Kukuljani ab. Vor dem Ortseingang (8,1 km) biegt die Strecke rechts auf einen Schotterweg ab, der dem Fluss stromaufw\u00e4rts bis zur Quelle folgt (11,0 km). Von der Quelle aus kehrt man am gleichen Weg bis zum Bergpass Lon\u010deva Gri\u017ea (18 km)&nbsp;zur\u00fcck und weiter bergab nach Sar\u0161oni. Dort biegt man rechts ab und folgt der Stra\u00dfe Petrolejska Cesta bis nach Gari\u0107i (20,5 km). Dort biegt man links ab und erreicht das Zentrum von Vi\u0161kovo \u00fcber Mar\u010delji.<\/p>\n\n\n\n<p>BREZA<\/p>\n\n\n\n<p>Diese 15 km lange Strecke beginnt im Zentrum von Vi\u0161kovo und folgt der Stra\u00dfe in Richtung Sar\u0161oni. Nach 1,7 km biegt die Strecke links nach Ronjgi ab und f\u00fchrt am Geburtshaus des Komponisten und Musikologen I. M. Ronjgov vorbei und weiter nach Zorzi\u0107i, wo sie auf der Stra\u00dfe Petrolejska Cesta links abbiegt und weiter in Richtung Klana f\u00fchrt. Sofort nach der Ferngasleitung-Station im Gebiet Pogled biegt die Strecke links auf einen Waldweg ab und erreicht nach 5 km den Ort Breza. Vor dem Ortseingang begegnet man den interessanten \u00dcberresten der Festungswerke aus der Zeit der Italienischen Okkupation, denn damals verlief hier die Grenze zwischen dem K\u00f6nigreich Italien und K\u00f6nigreich der Serben, Kroaten und Slowenen (Jugoslawien).<\/p>\n\n\n\n<p>Auf der Stra\u00dfe Permani-Klana biegt die Strecke oberhalb von Breza links zum Ortszentrum ab und dann wieder links neben der Kirche. Vorbei am Friedhof und einer alten italienischen Grenzkaserne geht es weiter bis zu einer Kreuzung (9,2 km) und dann links an einem interessanten Waldweg bis zum Ort Jardasi (12,2 km). Die Strecke \u00fcberquert die Hauptstra\u00dfe und f\u00fchrt bis zum Ort \u0160iroli \u00fcber Dovi\u010di\u0107i. Dort \u00fcberquert die Strecke die Stra\u00dfe Kastav-Vi\u0161kovo und f\u00fchr an einem Nebenweg hinter der Grundschule und Sporthalle zur\u00fcck ins Zentrum von Vi\u0161kovo.<\/p>\n\n\n\n<div class=\"wp-block-file\"><a href=\"https:\/\/demo.tz-viskovo.hr\/wp-content\/uploads\/2019\/08\/Biciklisti\u010dka-karta-Rije\u010dkog-prstena.pdf\">Fahrradkarte<\/a><a href=\"https:\/\/demo.tz-viskovo.hr\/wp-content\/uploads\/2019\/08\/Biciklisti\u010dka-karta-Rije\u010dkog-prstena.pdf\" class=\"wp-block-file__button\" download>Download<\/a><\/div>\n","protected":false},"excerpt":{"rendered":"<p>Alle Radwege sind mit sichtbaren Tafeln und QR-Codes versehen, die einen leichten und schnellen Zugang zu allen erforderlichen Informationen erm\u00f6glichen. VI\u0160KOVO Diese 9 km lange Strecke ist ideal f\u00fcr Familien. Vom Ortszentrum von Vi\u0161kovo aus folgt man der Stra\u00dfe in Richtung Sar\u0161oni und biegt nach 2 km links zum Dorf Ronjgi ab, dem Geburtsort des [&hellip;]<\/p>\n","protected":false},"author":1,"featured_media":4335,"parent":4270,"menu_order":0,"comment_status":"closed","ping_status":"closed","template":"","meta":[],"acf":[],"yoast_head":"<!-- This site is optimized with the Yoast SEO plugin v17.6 - https:\/\/yoast.com\/wordpress\/plugins\/seo\/ -->\n<meta name=\"robots\" content=\"index, follow, max-snippet:-1, max-image-preview:large, max-video-preview:-1\" \/>\n<link rel=\"canonical\" href=\"https:\/\/demo.tz-viskovo.hr\/de\/was-tun-2\/fahrrad-und-wanderwege\/die-fahrradtransversale-des-rings-von-rijeka\/\" \/>\n<meta property=\"og:locale\" content=\"de_DE\" \/>\n<meta property=\"og:type\" content=\"article\" \/>\n<meta property=\"og:title\" content=\"Die Fahrradtransversale des Rings von Rijeka - Turisti\u010dka zajednica op\u0107ine Vi\u0161kovo\" \/>\n<meta property=\"og:description\" content=\"Alle Radwege sind mit sichtbaren Tafeln und QR-Codes versehen, die einen leichten und schnellen Zugang zu allen erforderlichen Informationen erm\u00f6glichen. VI\u0160KOVO Diese 9 km lange Strecke ist ideal f\u00fcr Familien. Vom Ortszentrum von Vi\u0161kovo aus folgt man der Stra\u00dfe in Richtung Sar\u0161oni und biegt nach 2 km links zum Dorf Ronjgi ab, dem Geburtsort des [&hellip;]\" \/>\n<meta property=\"og:url\" content=\"https:\/\/demo.tz-viskovo.hr\/de\/was-tun-2\/fahrrad-und-wanderwege\/die-fahrradtransversale-des-rings-von-rijeka\/\" \/>\n<meta property=\"og:site_name\" content=\"Turisti\u010dka zajednica op\u0107ine Vi\u0161kovo\" \/>\n<meta property=\"article:modified_time\" content=\"2019-08-20T11:50:38+00:00\" \/>\n<meta property=\"og:image\" content=\"https:\/\/demo.tz-viskovo.hr\/wp-content\/uploads\/2019\/07\/20150506160000000000-main.jpg\" \/>\n\t<meta property=\"og:image:width\" content=\"896\" \/>\n\t<meta property=\"og:image:height\" content=\"600\" \/>\n<meta name=\"twitter:card\" content=\"summary_large_image\" \/>\n<meta name=\"twitter:label1\" content=\"Gesch\u00e4tzte Lesezeit\" \/>\n\t<meta name=\"twitter:data1\" content=\"5\u00a0Minuten\" \/>\n<script type=\"application\/ld+json\" class=\"yoast-schema-graph\">{\"@context\":\"https:\/\/schema.org\",\"@graph\":[{\"@type\":\"WebSite\",\"@id\":\"https:\/\/demo.tz-viskovo.hr\/it\/#website\",\"url\":\"https:\/\/demo.tz-viskovo.hr\/it\/\",\"name\":\"Turisti\\u010dka zajednica op\\u0107ine Vi\\u0161kovo\",\"description\":\"\",\"potentialAction\":[{\"@type\":\"SearchAction\",\"target\":{\"@type\":\"EntryPoint\",\"urlTemplate\":\"https:\/\/demo.tz-viskovo.hr\/it\/?s={search_term_string}\"},\"query-input\":\"required name=search_term_string\"}],\"inLanguage\":\"de\"},{\"@type\":\"ImageObject\",\"@id\":\"https:\/\/demo.tz-viskovo.hr\/de\/was-tun-2\/fahrrad-und-wanderwege\/die-fahrradtransversale-des-rings-von-rijeka\/#primaryimage\",\"inLanguage\":\"de\",\"url\":\"https:\/\/demo.tz-viskovo.hr\/wp-content\/uploads\/2019\/07\/20150506160000000000-main.jpg\",\"contentUrl\":\"https:\/\/demo.tz-viskovo.hr\/wp-content\/uploads\/2019\/07\/20150506160000000000-main.jpg\",\"width\":896,\"height\":600},{\"@type\":\"WebPage\",\"@id\":\"https:\/\/demo.tz-viskovo.hr\/de\/was-tun-2\/fahrrad-und-wanderwege\/die-fahrradtransversale-des-rings-von-rijeka\/#webpage\",\"url\":\"https:\/\/demo.tz-viskovo.hr\/de\/was-tun-2\/fahrrad-und-wanderwege\/die-fahrradtransversale-des-rings-von-rijeka\/\",\"name\":\"Die Fahrradtransversale des Rings von Rijeka - Turisti\\u010dka zajednica op\\u0107ine Vi\\u0161kovo\",\"isPartOf\":{\"@id\":\"https:\/\/demo.tz-viskovo.hr\/it\/#website\"},\"primaryImageOfPage\":{\"@id\":\"https:\/\/demo.tz-viskovo.hr\/de\/was-tun-2\/fahrrad-und-wanderwege\/die-fahrradtransversale-des-rings-von-rijeka\/#primaryimage\"},\"datePublished\":\"2019-08-20T11:50:37+00:00\",\"dateModified\":\"2019-08-20T11:50:38+00:00\",\"breadcrumb\":{\"@id\":\"https:\/\/demo.tz-viskovo.hr\/de\/was-tun-2\/fahrrad-und-wanderwege\/die-fahrradtransversale-des-rings-von-rijeka\/#breadcrumb\"},\"inLanguage\":\"de\",\"potentialAction\":[{\"@type\":\"ReadAction\",\"target\":[\"https:\/\/demo.tz-viskovo.hr\/de\/was-tun-2\/fahrrad-und-wanderwege\/die-fahrradtransversale-des-rings-von-rijeka\/\"]}]},{\"@type\":\"BreadcrumbList\",\"@id\":\"https:\/\/demo.tz-viskovo.hr\/de\/was-tun-2\/fahrrad-und-wanderwege\/die-fahrradtransversale-des-rings-von-rijeka\/#breadcrumb\",\"itemListElement\":[{\"@type\":\"ListItem\",\"position\":1,\"name\":\"Home\",\"item\":\"https:\/\/demo.tz-viskovo.hr\/de\/\"},{\"@type\":\"ListItem\",\"position\":2,\"name\":\"Was tun\",\"item\":\"https:\/\/demo.tz-viskovo.hr\/de\/was-tun-2\/\"},{\"@type\":\"ListItem\",\"position\":3,\"name\":\"Fahrrad- und Wanderwege\",\"item\":\"https:\/\/demo.tz-viskovo.hr\/de\/was-tun-2\/fahrrad-und-wanderwege\/\"},{\"@type\":\"ListItem\",\"position\":4,\"name\":\"Die Fahrradtransversale des Rings von Rijeka\"}]}]}<\/script>\n<!-- \/ Yoast SEO plugin. -->","yoast_head_json":{"robots":{"index":"index","follow":"follow","max-snippet":"max-snippet:-1","max-image-preview":"max-image-preview:large","max-video-preview":"max-video-preview:-1"},"canonical":"https:\/\/demo.tz-viskovo.hr\/de\/was-tun-2\/fahrrad-und-wanderwege\/die-fahrradtransversale-des-rings-von-rijeka\/","og_locale":"de_DE","og_type":"article","og_title":"Die Fahrradtransversale des Rings von Rijeka - Turisti\u010dka zajednica op\u0107ine Vi\u0161kovo","og_description":"Alle Radwege sind mit sichtbaren Tafeln und QR-Codes versehen, die einen leichten und schnellen Zugang zu allen erforderlichen Informationen erm\u00f6glichen. VI\u0160KOVO Diese 9 km lange Strecke ist ideal f\u00fcr Familien. Vom Ortszentrum von Vi\u0161kovo aus folgt man der Stra\u00dfe in Richtung Sar\u0161oni und biegt nach 2 km links zum Dorf Ronjgi ab, dem Geburtsort des [&hellip;]","og_url":"https:\/\/demo.tz-viskovo.hr\/de\/was-tun-2\/fahrrad-und-wanderwege\/die-fahrradtransversale-des-rings-von-rijeka\/","og_site_name":"Turisti\u010dka zajednica op\u0107ine Vi\u0161kovo","article_modified_time":"2019-08-20T11:50:38+00:00","og_image":[{"width":896,"height":600,"url":"https:\/\/demo.tz-viskovo.hr\/wp-content\/uploads\/2019\/07\/20150506160000000000-main.jpg","type":"image\/jpeg"}],"twitter_card":"summary_large_image","twitter_misc":{"Gesch\u00e4tzte Lesezeit":"5\u00a0Minuten"},"schema":{"@context":"https:\/\/schema.org","@graph":[{"@type":"WebSite","@id":"https:\/\/demo.tz-viskovo.hr\/it\/#website","url":"https:\/\/demo.tz-viskovo.hr\/it\/","name":"Turisti\u010dka zajednica op\u0107ine Vi\u0161kovo","description":"","potentialAction":[{"@type":"SearchAction","target":{"@type":"EntryPoint","urlTemplate":"https:\/\/demo.tz-viskovo.hr\/it\/?s={search_term_string}"},"query-input":"required name=search_term_string"}],"inLanguage":"de"},{"@type":"ImageObject","@id":"https:\/\/demo.tz-viskovo.hr\/de\/was-tun-2\/fahrrad-und-wanderwege\/die-fahrradtransversale-des-rings-von-rijeka\/#primaryimage","inLanguage":"de","url":"https:\/\/demo.tz-viskovo.hr\/wp-content\/uploads\/2019\/07\/20150506160000000000-main.jpg","contentUrl":"https:\/\/demo.tz-viskovo.hr\/wp-content\/uploads\/2019\/07\/20150506160000000000-main.jpg","width":896,"height":600},{"@type":"WebPage","@id":"https:\/\/demo.tz-viskovo.hr\/de\/was-tun-2\/fahrrad-und-wanderwege\/die-fahrradtransversale-des-rings-von-rijeka\/#webpage","url":"https:\/\/demo.tz-viskovo.hr\/de\/was-tun-2\/fahrrad-und-wanderwege\/die-fahrradtransversale-des-rings-von-rijeka\/","name":"Die Fahrradtransversale des Rings von Rijeka - Turisti\u010dka zajednica op\u0107ine Vi\u0161kovo","isPartOf":{"@id":"https:\/\/demo.tz-viskovo.hr\/it\/#website"},"primaryImageOfPage":{"@id":"https:\/\/demo.tz-viskovo.hr\/de\/was-tun-2\/fahrrad-und-wanderwege\/die-fahrradtransversale-des-rings-von-rijeka\/#primaryimage"},"datePublished":"2019-08-20T11:50:37+00:00","dateModified":"2019-08-20T11:50:38+00:00","breadcrumb":{"@id":"https:\/\/demo.tz-viskovo.hr\/de\/was-tun-2\/fahrrad-und-wanderwege\/die-fahrradtransversale-des-rings-von-rijeka\/#breadcrumb"},"inLanguage":"de","potentialAction":[{"@type":"ReadAction","target":["https:\/\/demo.tz-viskovo.hr\/de\/was-tun-2\/fahrrad-und-wanderwege\/die-fahrradtransversale-des-rings-von-rijeka\/"]}]},{"@type":"BreadcrumbList","@id":"https:\/\/demo.tz-viskovo.hr\/de\/was-tun-2\/fahrrad-und-wanderwege\/die-fahrradtransversale-des-rings-von-rijeka\/#breadcrumb","itemListElement":[{"@type":"ListItem","position":1,"name":"Home","item":"https:\/\/demo.tz-viskovo.hr\/de\/"},{"@type":"ListItem","position":2,"name":"Was tun","item":"https:\/\/demo.tz-viskovo.hr\/de\/was-tun-2\/"},{"@type":"ListItem","position":3,"name":"Fahrrad- und Wanderwege","item":"https:\/\/demo.tz-viskovo.hr\/de\/was-tun-2\/fahrrad-und-wanderwege\/"},{"@type":"ListItem","position":4,"name":"Die Fahrradtransversale des Rings von Rijeka"}]}]}},"_links":{"self":[{"href":"https:\/\/demo.tz-viskovo.hr\/de\/wp-json\/wp\/v2\/pages\/4328"}],"collection":[{"href":"https:\/\/demo.tz-viskovo.hr\/de\/wp-json\/wp\/v2\/pages"}],"about":[{"href":"https:\/\/demo.tz-viskovo.hr\/de\/wp-json\/wp\/v2\/types\/page"}],"author":[{"embeddable":true,"href":"https:\/\/demo.tz-viskovo.hr\/de\/wp-json\/wp\/v2\/users\/1"}],"replies":[{"embeddable":true,"href":"https:\/\/demo.tz-viskovo.hr\/de\/wp-json\/wp\/v2\/comments?post=4328"}],"version-history":[{"count":1,"href":"https:\/\/demo.tz-viskovo.hr\/de\/wp-json\/wp\/v2\/pages\/4328\/revisions"}],"predecessor-version":[{"id":4333,"href":"https:\/\/demo.tz-viskovo.hr\/de\/wp-json\/wp\/v2\/pages\/4328\/revisions\/4333"}],"up":[{"embeddable":true,"href":"https:\/\/demo.tz-viskovo.hr\/de\/wp-json\/wp\/v2\/pages\/4270"}],"wp:featuredmedia":[{"embeddable":true,"href":"https:\/\/demo.tz-viskovo.hr\/de\/wp-json\/wp\/v2\/media\/4335"}],"wp:attachment":[{"href":"https:\/\/demo.tz-viskovo.hr\/de\/wp-json\/wp\/v2\/media?parent=4328"}],"curies":[{"name":"wp","href":"https:\/\/api.w.org\/{rel}","templated":true}]}}