{"id":8179,"date":"2019-08-26T07:33:32","date_gmt":"2019-08-26T07:33:32","guid":{"rendered":"https:\/\/demo.tz-viskovo.hr\/?page_id=8179"},"modified":"2020-09-15T13:25:11","modified_gmt":"2020-09-15T13:25:11","slug":"kunst-des-trockenmauerwerks","status":"publish","type":"page","link":"https:\/\/demo.tz-viskovo.hr\/de\/entdecke-viskovo\/unesco\/kunst-des-trockenmauerwerks\/","title":{"rendered":"Kunst des Trockenmauerwerks"},"content":{"rendered":"\n<p>Trockenmauerwerk bezeichnet ein Mauerwerk aus Stein ohne Verwendung von Bindemittel. Im engeren Sinne bezieht sich dieser Begriff auf Mauerwerk aus Bruchsteinen, die nur minimal oder gar nicht bearbeitet wurden. Im weiteren Sinne sind damit auch noch andere Trockenbautechniken und Pflasterungen mit Stein sowie der Bau von Geb\u00e4uden mit behauenen Steinen ohne Verwendung von M\u00f6rtel gemeint. Diese Bautechnik wird seit der Urgeschichte bis heute in den K\u00fcsten- und Dinara-Gebieten Kroatiens verwendet. <\/p>\n\n\n\n<p>Die geografische Verbreitung der Trockenmauer, ihre technischen Errungenschaften und die Bedeutung f\u00fcr die Gemeinde sind eng mit der Einwohnerdichte und mit den Wirtschaftst\u00e4tigkeiten sowie mit der Methode und den Mitteln zur Umwandlung des Karstbodens zum Zweck der landwirtschaftlichen Nutzung verbunden. In Gebieten mitkargem Karstboden ist die Trockenmauer eine unersetzliche manuelle Bautechnik zum Bau von Unterschl\u00fcpfen, Wegen und Barrieren, und insbesondere zur Anpassung von steinigem Gel\u00e4nde f\u00fcr landwirtschaftliche T\u00e4tigkeiten. Zum Gro\u00dfteil entstehen Trockenmauern in der ersten, arbeitsintensivsten Phase der Gewinnung neuer Grundst\u00fccke, und zwar beim Bau von Steinmauern, Terrassen und einfachen Unterschl\u00fcpfen sowie bei der Gewinnung von Ackerland.<\/p>\n","protected":false},"excerpt":{"rendered":"<p>Trockenmauerwerk bezeichnet ein Mauerwerk aus Stein ohne Verwendung von Bindemittel. Im engeren Sinne bezieht sich dieser Begriff auf Mauerwerk aus Bruchsteinen, die nur minimal oder gar nicht bearbeitet wurden. Im weiteren Sinne sind damit auch noch andere Trockenbautechniken und Pflasterungen mit Stein sowie der Bau von Geb\u00e4uden mit behauenen Steinen ohne Verwendung von M\u00f6rtel gemeint. [&hellip;]<\/p>\n","protected":false},"author":1,"featured_media":13604,"parent":4211,"menu_order":0,"comment_status":"closed","ping_status":"closed","template":"","meta":[],"acf":[],"yoast_head":"<!-- This site is optimized with the Yoast SEO plugin v17.6 - https:\/\/yoast.com\/wordpress\/plugins\/seo\/ -->\n<meta name=\"robots\" content=\"index, follow, max-snippet:-1, max-image-preview:large, max-video-preview:-1\" \/>\n<link rel=\"canonical\" href=\"https:\/\/demo.tz-viskovo.hr\/de\/entdecke-viskovo\/unesco\/kunst-des-trockenmauerwerks\/\" \/>\n<meta property=\"og:locale\" content=\"de_DE\" \/>\n<meta property=\"og:type\" content=\"article\" \/>\n<meta property=\"og:title\" content=\"Kunst des Trockenmauerwerks - Turisti\u010dka zajednica op\u0107ine Vi\u0161kovo\" \/>\n<meta property=\"og:description\" content=\"Trockenmauerwerk bezeichnet ein Mauerwerk aus Stein ohne Verwendung von Bindemittel. Im engeren Sinne bezieht sich dieser Begriff auf Mauerwerk aus Bruchsteinen, die nur minimal oder gar nicht bearbeitet wurden. Im weiteren Sinne sind damit auch noch andere Trockenbautechniken und Pflasterungen mit Stein sowie der Bau von Geb\u00e4uden mit behauenen Steinen ohne Verwendung von M\u00f6rtel gemeint. [&hellip;]\" \/>\n<meta property=\"og:url\" content=\"https:\/\/demo.tz-viskovo.hr\/de\/entdecke-viskovo\/unesco\/kunst-des-trockenmauerwerks\/\" \/>\n<meta property=\"og:site_name\" content=\"Turisti\u010dka zajednica op\u0107ine Vi\u0161kovo\" \/>\n<meta property=\"article:modified_time\" content=\"2020-09-15T13:25:11+00:00\" \/>\n<meta property=\"og:image\" content=\"https:\/\/demo.tz-viskovo.hr\/wp-content\/uploads\/2020\/05\/KAPITI4-Medium.jpg\" \/>\n\t<meta property=\"og:image:width\" content=\"1148\" \/>\n\t<meta property=\"og:image:height\" content=\"768\" \/>\n<meta name=\"twitter:card\" content=\"summary_large_image\" \/>\n<meta name=\"twitter:label1\" content=\"Gesch\u00e4tzte Lesezeit\" \/>\n\t<meta name=\"twitter:data1\" content=\"1\u00a0Minute\" \/>\n<script type=\"application\/ld+json\" class=\"yoast-schema-graph\">{\"@context\":\"https:\/\/schema.org\",\"@graph\":[{\"@type\":\"WebSite\",\"@id\":\"https:\/\/demo.tz-viskovo.hr\/it\/#website\",\"url\":\"https:\/\/demo.tz-viskovo.hr\/it\/\",\"name\":\"Turisti\\u010dka zajednica op\\u0107ine Vi\\u0161kovo\",\"description\":\"\",\"potentialAction\":[{\"@type\":\"SearchAction\",\"target\":{\"@type\":\"EntryPoint\",\"urlTemplate\":\"https:\/\/demo.tz-viskovo.hr\/it\/?s={search_term_string}\"},\"query-input\":\"required name=search_term_string\"}],\"inLanguage\":\"de\"},{\"@type\":\"ImageObject\",\"@id\":\"https:\/\/demo.tz-viskovo.hr\/de\/entdecke-viskovo\/unesco\/kunst-des-trockenmauerwerks\/#primaryimage\",\"inLanguage\":\"de\",\"url\":\"https:\/\/demo.tz-viskovo.hr\/wp-content\/uploads\/2020\/05\/KAPITI4-Medium.jpg\",\"contentUrl\":\"https:\/\/demo.tz-viskovo.hr\/wp-content\/uploads\/2020\/05\/KAPITI4-Medium.jpg\",\"width\":1148,\"height\":768},{\"@type\":\"WebPage\",\"@id\":\"https:\/\/demo.tz-viskovo.hr\/de\/entdecke-viskovo\/unesco\/kunst-des-trockenmauerwerks\/#webpage\",\"url\":\"https:\/\/demo.tz-viskovo.hr\/de\/entdecke-viskovo\/unesco\/kunst-des-trockenmauerwerks\/\",\"name\":\"Kunst des Trockenmauerwerks - Turisti\\u010dka zajednica op\\u0107ine Vi\\u0161kovo\",\"isPartOf\":{\"@id\":\"https:\/\/demo.tz-viskovo.hr\/it\/#website\"},\"primaryImageOfPage\":{\"@id\":\"https:\/\/demo.tz-viskovo.hr\/de\/entdecke-viskovo\/unesco\/kunst-des-trockenmauerwerks\/#primaryimage\"},\"datePublished\":\"2019-08-26T07:33:32+00:00\",\"dateModified\":\"2020-09-15T13:25:11+00:00\",\"breadcrumb\":{\"@id\":\"https:\/\/demo.tz-viskovo.hr\/de\/entdecke-viskovo\/unesco\/kunst-des-trockenmauerwerks\/#breadcrumb\"},\"inLanguage\":\"de\",\"potentialAction\":[{\"@type\":\"ReadAction\",\"target\":[\"https:\/\/demo.tz-viskovo.hr\/de\/entdecke-viskovo\/unesco\/kunst-des-trockenmauerwerks\/\"]}]},{\"@type\":\"BreadcrumbList\",\"@id\":\"https:\/\/demo.tz-viskovo.hr\/de\/entdecke-viskovo\/unesco\/kunst-des-trockenmauerwerks\/#breadcrumb\",\"itemListElement\":[{\"@type\":\"ListItem\",\"position\":1,\"name\":\"Home\",\"item\":\"https:\/\/demo.tz-viskovo.hr\/de\/\"},{\"@type\":\"ListItem\",\"position\":2,\"name\":\"Entdecke Vi\\u0161kovo\",\"item\":\"https:\/\/demo.tz-viskovo.hr\/de\/entdecke-viskovo\/\"},{\"@type\":\"ListItem\",\"position\":3,\"name\":\"UNESCO\",\"item\":\"https:\/\/demo.tz-viskovo.hr\/de\/entdecke-viskovo\/unesco\/\"},{\"@type\":\"ListItem\",\"position\":4,\"name\":\"Kunst des Trockenmauerwerks\"}]}]}<\/script>\n<!-- \/ Yoast SEO plugin. -->","yoast_head_json":{"robots":{"index":"index","follow":"follow","max-snippet":"max-snippet:-1","max-image-preview":"max-image-preview:large","max-video-preview":"max-video-preview:-1"},"canonical":"https:\/\/demo.tz-viskovo.hr\/de\/entdecke-viskovo\/unesco\/kunst-des-trockenmauerwerks\/","og_locale":"de_DE","og_type":"article","og_title":"Kunst des Trockenmauerwerks - Turisti\u010dka zajednica op\u0107ine Vi\u0161kovo","og_description":"Trockenmauerwerk bezeichnet ein Mauerwerk aus Stein ohne Verwendung von Bindemittel. Im engeren Sinne bezieht sich dieser Begriff auf Mauerwerk aus Bruchsteinen, die nur minimal oder gar nicht bearbeitet wurden. Im weiteren Sinne sind damit auch noch andere Trockenbautechniken und Pflasterungen mit Stein sowie der Bau von Geb\u00e4uden mit behauenen Steinen ohne Verwendung von M\u00f6rtel gemeint. [&hellip;]","og_url":"https:\/\/demo.tz-viskovo.hr\/de\/entdecke-viskovo\/unesco\/kunst-des-trockenmauerwerks\/","og_site_name":"Turisti\u010dka zajednica op\u0107ine Vi\u0161kovo","article_modified_time":"2020-09-15T13:25:11+00:00","og_image":[{"width":1148,"height":768,"url":"https:\/\/demo.tz-viskovo.hr\/wp-content\/uploads\/2020\/05\/KAPITI4-Medium.jpg","type":"image\/jpeg"}],"twitter_card":"summary_large_image","twitter_misc":{"Gesch\u00e4tzte Lesezeit":"1\u00a0Minute"},"schema":{"@context":"https:\/\/schema.org","@graph":[{"@type":"WebSite","@id":"https:\/\/demo.tz-viskovo.hr\/it\/#website","url":"https:\/\/demo.tz-viskovo.hr\/it\/","name":"Turisti\u010dka zajednica op\u0107ine Vi\u0161kovo","description":"","potentialAction":[{"@type":"SearchAction","target":{"@type":"EntryPoint","urlTemplate":"https:\/\/demo.tz-viskovo.hr\/it\/?s={search_term_string}"},"query-input":"required name=search_term_string"}],"inLanguage":"de"},{"@type":"ImageObject","@id":"https:\/\/demo.tz-viskovo.hr\/de\/entdecke-viskovo\/unesco\/kunst-des-trockenmauerwerks\/#primaryimage","inLanguage":"de","url":"https:\/\/demo.tz-viskovo.hr\/wp-content\/uploads\/2020\/05\/KAPITI4-Medium.jpg","contentUrl":"https:\/\/demo.tz-viskovo.hr\/wp-content\/uploads\/2020\/05\/KAPITI4-Medium.jpg","width":1148,"height":768},{"@type":"WebPage","@id":"https:\/\/demo.tz-viskovo.hr\/de\/entdecke-viskovo\/unesco\/kunst-des-trockenmauerwerks\/#webpage","url":"https:\/\/demo.tz-viskovo.hr\/de\/entdecke-viskovo\/unesco\/kunst-des-trockenmauerwerks\/","name":"Kunst des Trockenmauerwerks - Turisti\u010dka zajednica op\u0107ine Vi\u0161kovo","isPartOf":{"@id":"https:\/\/demo.tz-viskovo.hr\/it\/#website"},"primaryImageOfPage":{"@id":"https:\/\/demo.tz-viskovo.hr\/de\/entdecke-viskovo\/unesco\/kunst-des-trockenmauerwerks\/#primaryimage"},"datePublished":"2019-08-26T07:33:32+00:00","dateModified":"2020-09-15T13:25:11+00:00","breadcrumb":{"@id":"https:\/\/demo.tz-viskovo.hr\/de\/entdecke-viskovo\/unesco\/kunst-des-trockenmauerwerks\/#breadcrumb"},"inLanguage":"de","potentialAction":[{"@type":"ReadAction","target":["https:\/\/demo.tz-viskovo.hr\/de\/entdecke-viskovo\/unesco\/kunst-des-trockenmauerwerks\/"]}]},{"@type":"BreadcrumbList","@id":"https:\/\/demo.tz-viskovo.hr\/de\/entdecke-viskovo\/unesco\/kunst-des-trockenmauerwerks\/#breadcrumb","itemListElement":[{"@type":"ListItem","position":1,"name":"Home","item":"https:\/\/demo.tz-viskovo.hr\/de\/"},{"@type":"ListItem","position":2,"name":"Entdecke Vi\u0161kovo","item":"https:\/\/demo.tz-viskovo.hr\/de\/entdecke-viskovo\/"},{"@type":"ListItem","position":3,"name":"UNESCO","item":"https:\/\/demo.tz-viskovo.hr\/de\/entdecke-viskovo\/unesco\/"},{"@type":"ListItem","position":4,"name":"Kunst des Trockenmauerwerks"}]}]}},"_links":{"self":[{"href":"https:\/\/demo.tz-viskovo.hr\/de\/wp-json\/wp\/v2\/pages\/8179"}],"collection":[{"href":"https:\/\/demo.tz-viskovo.hr\/de\/wp-json\/wp\/v2\/pages"}],"about":[{"href":"https:\/\/demo.tz-viskovo.hr\/de\/wp-json\/wp\/v2\/types\/page"}],"author":[{"embeddable":true,"href":"https:\/\/demo.tz-viskovo.hr\/de\/wp-json\/wp\/v2\/users\/1"}],"replies":[{"embeddable":true,"href":"https:\/\/demo.tz-viskovo.hr\/de\/wp-json\/wp\/v2\/comments?post=8179"}],"version-history":[{"count":4,"href":"https:\/\/demo.tz-viskovo.hr\/de\/wp-json\/wp\/v2\/pages\/8179\/revisions"}],"predecessor-version":[{"id":15005,"href":"https:\/\/demo.tz-viskovo.hr\/de\/wp-json\/wp\/v2\/pages\/8179\/revisions\/15005"}],"up":[{"embeddable":true,"href":"https:\/\/demo.tz-viskovo.hr\/de\/wp-json\/wp\/v2\/pages\/4211"}],"wp:featuredmedia":[{"embeddable":true,"href":"https:\/\/demo.tz-viskovo.hr\/de\/wp-json\/wp\/v2\/media\/13604"}],"wp:attachment":[{"href":"https:\/\/demo.tz-viskovo.hr\/de\/wp-json\/wp\/v2\/media?parent=8179"}],"curies":[{"name":"wp","href":"https:\/\/api.w.org\/{rel}","templated":true}]}}