{"id":13859,"date":"2020-05-15T06:55:25","date_gmt":"2020-05-15T06:55:25","guid":{"rendered":"https:\/\/demo.tz-viskovo.hr\/?page_id=13859"},"modified":"2020-09-24T13:04:05","modified_gmt":"2020-09-24T13:04:05","slug":"a-weekend-in-viskovo","status":"publish","type":"page","link":"https:\/\/demo.tz-viskovo.hr\/en\/what-to-do\/ideje-za-boravak\/a-weekend-in-viskovo\/","title":{"rendered":"A weekend in Vi\u0161kovo"},"content":{"rendered":"\n<p>If you find yourself in the centre of Vi\u0161kovo, you will be captivated by the sight of the Church of St Matthew, which was built in 1862 on the site of a former chapel. It was consecrated in 1865, which is attested to by the memorial plaque on its front fa\u00e7ade. The altar painting of St. Matthew, patron saint of Vi\u0161kovo, was the work of local painter <a href=\"https:\/\/demo.tz-viskovo.hr\/en\/viskovo\/kulturna-bastina\/vazni-ljudi-naseg-kraja\/\">Ivan Ba\u0161tijan<\/a>. Close to the church, there is a 250-year-old <em>\u0161terna<\/em> water well commemorating the occasion when, during one of her journeys, the Empress Maria Theresa stopped at the spot known locally as Pogled and saw the Adriatic Sea for the first time. She ordered a well to be built there, which is today still called <em>Cesarska<\/em>, meaning \u2018Imperial\u2019. Continuing through the centre of Vi\u0161kovo, you will reach a park with sculptures of <em>Halubajski zvon\u010dari<\/em> bell ringers. <\/p>\n\n\n\n<p>A bit further lies the village of Ronjgi, located on a hill offering a view of Mount U\u010dka and the sea. This is the birthplace of <a href=\"https:\/\/demo.tz-viskovo.hr\/en\/viskovo\/kulturna-bastina\/vazni-ljudi-naseg-kraja\/\">Ivan Mateti\u0107Ronjgov,<\/a> who first interpreted the <a href=\"https:\/\/demo.tz-viskovo.hr\/en\/viskovo\/unesco\/dvoglasje-tijesnih-intervala\/\">Istrian scale<\/a>. His birth house today features a memorial collection dedicated to the composer\u2019s legacy, and the <a href=\"https:\/\/demo.tz-viskovo.hr\/en\/gastronomija\/restoran-ronjgi\/\">Ronjgi Restaurant<\/a>, which offers local specialities and a wide range of Mediterranean cuisine in an authentic ambience. The gentle landscape of the surroundings arouses curiosity, invites you to enjoy its green spaces, and inspires you to engage in recreational activities. Explore the area at your own pace with <a href=\"https:\/\/demo.tz-viskovo.hr\/en\/what-to-do\/halubike\/\">HALUbike<\/a>, a simple system for renting and using bikes in the Municipality of Vi\u0161kovo.<\/p>\n\n\n\n<p>Every village\nin Vi\u0161kovo has at least one water well, locally known as <em>\u0161terna, <\/em>which\nwere once sources of life for the local people, and today remind us of times\ngone by and the way of life in the past. Since\npeople needed water on a daily basis, the well became the main meeting place\nfor both young and old. People would go there to meet, exchange information and\nhave a good time together. Adults would often warn\nchildren not to look over the edge of <em>\u0161terne<\/em>\nbecause Malik, a dwarf that dwelled in caves, pits and wells, could pull them\ninside. A local legend has it that there is a Malik in every pit, guarding his\ngold.<\/p>\n\n\n\n<p>By walking\nalong the centuries-old paths and trails that connect seemingly remote\nlocations, you will notice winding dry-stone walls,\nlocally known as <em>groma\u010de<\/em>. The simplicity and durability of these\ndry-stone walls are a metaphor for life in this area. Covered in moss, they\nstill preserve the memory of how they were created. They follow the area&#8217;s\nrelief, take us along ancient paths and former borders, and tell the story of\ndays gone by characterised by hard work and persistence.<\/p>\n\n\n\n<p>On your way\nthrough the village of Brnasi, you will notice the\ntraditional architecture of this area. The Srok House and the\n\u0160irola-Su\u0161anj House are typical examples of the\nlocal architectural heritage. A typical architectural element is <em>tornica<\/em>, a\nsemi-circular extension of the kitchen with a fireplace and chimney, a place\nwhere the family would gather to eat and warm themselves in winter.<\/p>\n\n\n\n<p>One of the deepest and largest depressions in Halubje is located south\nof the village of Kapiti. The depression was named Kapitov Dol, and the <em>kali\u0107<\/em> in it is called Kapitovac. Thanks\nto its location and size, it was an inexhaustible source of water, which is why\nduring the heat of summer people from distant villages would come here. They\ncarried the water from the <em>kali\u0107<\/em> on\ntheir backs in a wooden container called <em>brenta<\/em>.\nThis was a gathering place, a source of the social life of the local people. <\/p>\n\n\n\n<p>Next to the village of Milohni, a forest path surrounded by dry-stone\nwalls leads to a walled pond encircled by deciduous trees. The wonderful\nunspoilt natural scenery filled with bird song is a perfect oasis of peace,\nideal for taking a break from your everyday life. <\/p>\n\n\n\n<p>After a day of exploring, reward yourself with traditional dishes, meat and fish specialities, and selected desserts in the area\u2019s numerous restaurants, <em>konoba<\/em>-style taverns and pastry shops. Take a break in the nearby caf\u00e9s to enjoy a cup of delicious creamy coffee.<\/p>\n\n\n\n<p>If you like fish and seafood, you\u2019ll love the <a href=\"https:\/\/demo.tz-viskovo.hr\/en\/gastronomija\/maretina-konoba\/\">Konoba Maretina<\/a> tavern with a long tradition of preparing fresh fish dishes in an authentic ambience. For a good barbecue and top-quality meat dishes, visit the <a href=\"https:\/\/demo.tz-viskovo.hr\/en\/gastronomija\/restaurant-nono-frane\/\">Nono Frane<\/a>, <a href=\"https:\/\/demo.tz-viskovo.hr\/en\/gastronomija\/restoran-ronjgi\/\">Ronjgi<\/a> and <a href=\"https:\/\/demo.tz-viskovo.hr\/en\/gastronomija\/restoran-j-i-s-t-croatian-fine-dining\/\">J-I-S-T<\/a> restaurants. Round off your gourmet experience with a tasty dessert in the <a href=\"https:\/\/demo.tz-viskovo.hr\/en\/gastronomija\/patisserie-torteria\/\">Torteria<\/a>, <a href=\"https:\/\/demo.tz-viskovo.hr\/gastronomija\/slasticarna-zvoncarnica\/\">Zvon\u010darnica<\/a> and <a href=\"https:\/\/demo.tz-viskovo.hr\/gastronomija\/slasticarna-nora\/\">Nora<\/a> pastry shops, which will delight you with freshly baked homemade cakes every day.<\/p>\n","protected":false},"excerpt":{"rendered":"<p>If you find yourself in the centre of Vi\u0161kovo, you will be captivated by the sight of the Church of St Matthew, which was built in 1862 on the site of a former chapel. It was consecrated in 1865, which is attested to by the memorial plaque on its front fa\u00e7ade. The altar painting of [&hellip;]<\/p>\n","protected":false},"author":4,"featured_media":13805,"parent":8140,"menu_order":0,"comment_status":"closed","ping_status":"closed","template":"","meta":[],"acf":[],"yoast_head":"<!-- This site is optimized with the Yoast SEO plugin v17.6 - https:\/\/yoast.com\/wordpress\/plugins\/seo\/ -->\n<meta name=\"robots\" content=\"index, follow, max-snippet:-1, max-image-preview:large, max-video-preview:-1\" \/>\n<link rel=\"canonical\" href=\"https:\/\/demo.tz-viskovo.hr\/en\/what-to-do\/ideje-za-boravak\/a-weekend-in-viskovo\/\" \/>\n<meta property=\"og:locale\" content=\"en_US\" \/>\n<meta property=\"og:type\" content=\"article\" \/>\n<meta property=\"og:title\" content=\"A weekend in Vi\u0161kovo - Turisti\u010dka zajednica op\u0107ine Vi\u0161kovo\" \/>\n<meta property=\"og:description\" content=\"If you find yourself in the centre of Vi\u0161kovo, you will be captivated by the sight of the Church of St Matthew, which was built in 1862 on the site of a former chapel. It was consecrated in 1865, which is attested to by the memorial plaque on its front fa\u00e7ade. The altar painting of [&hellip;]\" \/>\n<meta property=\"og:url\" content=\"https:\/\/demo.tz-viskovo.hr\/en\/what-to-do\/ideje-za-boravak\/a-weekend-in-viskovo\/\" \/>\n<meta property=\"og:site_name\" content=\"Turisti\u010dka zajednica op\u0107ine Vi\u0161kovo\" \/>\n<meta property=\"article:modified_time\" content=\"2020-09-24T13:04:05+00:00\" \/>\n<meta property=\"og:image\" content=\"https:\/\/demo.tz-viskovo.hr\/wp-content\/uploads\/2020\/05\/TZ-Viskovo_11072019_056-Medium.jpg\" \/>\n\t<meta property=\"og:image:width\" content=\"1153\" \/>\n\t<meta property=\"og:image:height\" content=\"768\" \/>\n<meta name=\"twitter:card\" content=\"summary_large_image\" \/>\n<meta name=\"twitter:label1\" content=\"Est. reading time\" \/>\n\t<meta name=\"twitter:data1\" content=\"4 minutes\" \/>\n<script type=\"application\/ld+json\" class=\"yoast-schema-graph\">{\"@context\":\"https:\/\/schema.org\",\"@graph\":[{\"@type\":\"WebSite\",\"@id\":\"https:\/\/demo.tz-viskovo.hr\/it\/#website\",\"url\":\"https:\/\/demo.tz-viskovo.hr\/it\/\",\"name\":\"Turisti\\u010dka zajednica op\\u0107ine Vi\\u0161kovo\",\"description\":\"\",\"potentialAction\":[{\"@type\":\"SearchAction\",\"target\":{\"@type\":\"EntryPoint\",\"urlTemplate\":\"https:\/\/demo.tz-viskovo.hr\/it\/?s={search_term_string}\"},\"query-input\":\"required name=search_term_string\"}],\"inLanguage\":\"en-US\"},{\"@type\":\"ImageObject\",\"@id\":\"https:\/\/demo.tz-viskovo.hr\/en\/what-to-do\/ideje-za-boravak\/a-weekend-in-viskovo\/#primaryimage\",\"inLanguage\":\"en-US\",\"url\":\"https:\/\/demo.tz-viskovo.hr\/wp-content\/uploads\/2020\/05\/TZ-Viskovo_11072019_056-Medium.jpg\",\"contentUrl\":\"https:\/\/demo.tz-viskovo.hr\/wp-content\/uploads\/2020\/05\/TZ-Viskovo_11072019_056-Medium.jpg\",\"width\":1153,\"height\":768},{\"@type\":\"WebPage\",\"@id\":\"https:\/\/demo.tz-viskovo.hr\/en\/what-to-do\/ideje-za-boravak\/a-weekend-in-viskovo\/#webpage\",\"url\":\"https:\/\/demo.tz-viskovo.hr\/en\/what-to-do\/ideje-za-boravak\/a-weekend-in-viskovo\/\",\"name\":\"A weekend in Vi\\u0161kovo - Turisti\\u010dka zajednica op\\u0107ine Vi\\u0161kovo\",\"isPartOf\":{\"@id\":\"https:\/\/demo.tz-viskovo.hr\/it\/#website\"},\"primaryImageOfPage\":{\"@id\":\"https:\/\/demo.tz-viskovo.hr\/en\/what-to-do\/ideje-za-boravak\/a-weekend-in-viskovo\/#primaryimage\"},\"datePublished\":\"2020-05-15T06:55:25+00:00\",\"dateModified\":\"2020-09-24T13:04:05+00:00\",\"breadcrumb\":{\"@id\":\"https:\/\/demo.tz-viskovo.hr\/en\/what-to-do\/ideje-za-boravak\/a-weekend-in-viskovo\/#breadcrumb\"},\"inLanguage\":\"en-US\",\"potentialAction\":[{\"@type\":\"ReadAction\",\"target\":[\"https:\/\/demo.tz-viskovo.hr\/en\/what-to-do\/ideje-za-boravak\/a-weekend-in-viskovo\/\"]}]},{\"@type\":\"BreadcrumbList\",\"@id\":\"https:\/\/demo.tz-viskovo.hr\/en\/what-to-do\/ideje-za-boravak\/a-weekend-in-viskovo\/#breadcrumb\",\"itemListElement\":[{\"@type\":\"ListItem\",\"position\":1,\"name\":\"Home\",\"item\":\"https:\/\/demo.tz-viskovo.hr\/en\/\"},{\"@type\":\"ListItem\",\"position\":2,\"name\":\"What to do\",\"item\":\"https:\/\/demo.tz-viskovo.hr\/en\/what-to-do\/\"},{\"@type\":\"ListItem\",\"position\":3,\"name\":\"Customize your stay\",\"item\":\"https:\/\/demo.tz-viskovo.hr\/en\/what-to-do\/ideje-za-boravak\/\"},{\"@type\":\"ListItem\",\"position\":4,\"name\":\"A weekend in Vi\\u0161kovo\"}]}]}<\/script>\n<!-- \/ Yoast SEO plugin. -->","yoast_head_json":{"robots":{"index":"index","follow":"follow","max-snippet":"max-snippet:-1","max-image-preview":"max-image-preview:large","max-video-preview":"max-video-preview:-1"},"canonical":"https:\/\/demo.tz-viskovo.hr\/en\/what-to-do\/ideje-za-boravak\/a-weekend-in-viskovo\/","og_locale":"en_US","og_type":"article","og_title":"A weekend in Vi\u0161kovo - Turisti\u010dka zajednica op\u0107ine Vi\u0161kovo","og_description":"If you find yourself in the centre of Vi\u0161kovo, you will be captivated by the sight of the Church of St Matthew, which was built in 1862 on the site of a former chapel. It was consecrated in 1865, which is attested to by the memorial plaque on its front fa\u00e7ade. The altar painting of [&hellip;]","og_url":"https:\/\/demo.tz-viskovo.hr\/en\/what-to-do\/ideje-za-boravak\/a-weekend-in-viskovo\/","og_site_name":"Turisti\u010dka zajednica op\u0107ine Vi\u0161kovo","article_modified_time":"2020-09-24T13:04:05+00:00","og_image":[{"width":1153,"height":768,"url":"https:\/\/demo.tz-viskovo.hr\/wp-content\/uploads\/2020\/05\/TZ-Viskovo_11072019_056-Medium.jpg","type":"image\/jpeg"}],"twitter_card":"summary_large_image","twitter_misc":{"Est. reading time":"4 minutes"},"schema":{"@context":"https:\/\/schema.org","@graph":[{"@type":"WebSite","@id":"https:\/\/demo.tz-viskovo.hr\/it\/#website","url":"https:\/\/demo.tz-viskovo.hr\/it\/","name":"Turisti\u010dka zajednica op\u0107ine Vi\u0161kovo","description":"","potentialAction":[{"@type":"SearchAction","target":{"@type":"EntryPoint","urlTemplate":"https:\/\/demo.tz-viskovo.hr\/it\/?s={search_term_string}"},"query-input":"required name=search_term_string"}],"inLanguage":"en-US"},{"@type":"ImageObject","@id":"https:\/\/demo.tz-viskovo.hr\/en\/what-to-do\/ideje-za-boravak\/a-weekend-in-viskovo\/#primaryimage","inLanguage":"en-US","url":"https:\/\/demo.tz-viskovo.hr\/wp-content\/uploads\/2020\/05\/TZ-Viskovo_11072019_056-Medium.jpg","contentUrl":"https:\/\/demo.tz-viskovo.hr\/wp-content\/uploads\/2020\/05\/TZ-Viskovo_11072019_056-Medium.jpg","width":1153,"height":768},{"@type":"WebPage","@id":"https:\/\/demo.tz-viskovo.hr\/en\/what-to-do\/ideje-za-boravak\/a-weekend-in-viskovo\/#webpage","url":"https:\/\/demo.tz-viskovo.hr\/en\/what-to-do\/ideje-za-boravak\/a-weekend-in-viskovo\/","name":"A weekend in Vi\u0161kovo - Turisti\u010dka zajednica op\u0107ine Vi\u0161kovo","isPartOf":{"@id":"https:\/\/demo.tz-viskovo.hr\/it\/#website"},"primaryImageOfPage":{"@id":"https:\/\/demo.tz-viskovo.hr\/en\/what-to-do\/ideje-za-boravak\/a-weekend-in-viskovo\/#primaryimage"},"datePublished":"2020-05-15T06:55:25+00:00","dateModified":"2020-09-24T13:04:05+00:00","breadcrumb":{"@id":"https:\/\/demo.tz-viskovo.hr\/en\/what-to-do\/ideje-za-boravak\/a-weekend-in-viskovo\/#breadcrumb"},"inLanguage":"en-US","potentialAction":[{"@type":"ReadAction","target":["https:\/\/demo.tz-viskovo.hr\/en\/what-to-do\/ideje-za-boravak\/a-weekend-in-viskovo\/"]}]},{"@type":"BreadcrumbList","@id":"https:\/\/demo.tz-viskovo.hr\/en\/what-to-do\/ideje-za-boravak\/a-weekend-in-viskovo\/#breadcrumb","itemListElement":[{"@type":"ListItem","position":1,"name":"Home","item":"https:\/\/demo.tz-viskovo.hr\/en\/"},{"@type":"ListItem","position":2,"name":"What to do","item":"https:\/\/demo.tz-viskovo.hr\/en\/what-to-do\/"},{"@type":"ListItem","position":3,"name":"Customize your stay","item":"https:\/\/demo.tz-viskovo.hr\/en\/what-to-do\/ideje-za-boravak\/"},{"@type":"ListItem","position":4,"name":"A weekend in Vi\u0161kovo"}]}]}},"_links":{"self":[{"href":"https:\/\/demo.tz-viskovo.hr\/en\/wp-json\/wp\/v2\/pages\/13859"}],"collection":[{"href":"https:\/\/demo.tz-viskovo.hr\/en\/wp-json\/wp\/v2\/pages"}],"about":[{"href":"https:\/\/demo.tz-viskovo.hr\/en\/wp-json\/wp\/v2\/types\/page"}],"author":[{"embeddable":true,"href":"https:\/\/demo.tz-viskovo.hr\/en\/wp-json\/wp\/v2\/users\/4"}],"replies":[{"embeddable":true,"href":"https:\/\/demo.tz-viskovo.hr\/en\/wp-json\/wp\/v2\/comments?post=13859"}],"version-history":[{"count":2,"href":"https:\/\/demo.tz-viskovo.hr\/en\/wp-json\/wp\/v2\/pages\/13859\/revisions"}],"predecessor-version":[{"id":15106,"href":"https:\/\/demo.tz-viskovo.hr\/en\/wp-json\/wp\/v2\/pages\/13859\/revisions\/15106"}],"up":[{"embeddable":true,"href":"https:\/\/demo.tz-viskovo.hr\/en\/wp-json\/wp\/v2\/pages\/8140"}],"wp:featuredmedia":[{"embeddable":true,"href":"https:\/\/demo.tz-viskovo.hr\/en\/wp-json\/wp\/v2\/media\/13805"}],"wp:attachment":[{"href":"https:\/\/demo.tz-viskovo.hr\/en\/wp-json\/wp\/v2\/media?parent=13859"}],"curies":[{"name":"wp","href":"https:\/\/api.w.org\/{rel}","templated":true}]}}