{"id":3415,"date":"2019-08-19T12:46:33","date_gmt":"2019-08-19T12:46:33","guid":{"rendered":"https:\/\/demo.tz-viskovo.hr\/?page_id=3415"},"modified":"2021-04-26T12:28:23","modified_gmt":"2021-04-26T12:28:23","slug":"legends","status":"publish","type":"page","link":"https:\/\/demo.tz-viskovo.hr\/en\/viskovo\/legends\/","title":{"rendered":"Legends"},"content":{"rendered":"\n<figure class=\"wp-block-image\"><img loading=\"lazy\" width=\"1280\" height=\"854\" src=\"https:\/\/demo.tz-viskovo.hr\/wp-content\/uploads\/2020\/11\/HZ_legenda_6-1-1280x854.jpg\" alt=\"\" class=\"wp-image-15820\" srcset=\"https:\/\/demo.tz-viskovo.hr\/wp-content\/uploads\/2020\/11\/HZ_legenda_6-1-1280x854.jpg 1280w, https:\/\/demo.tz-viskovo.hr\/wp-content\/uploads\/2020\/11\/HZ_legenda_6-1-300x200.jpg 300w, https:\/\/demo.tz-viskovo.hr\/wp-content\/uploads\/2020\/11\/HZ_legenda_6-1-768x512.jpg 768w, https:\/\/demo.tz-viskovo.hr\/wp-content\/uploads\/2020\/11\/HZ_legenda_6-1.jpg 1382w\" sizes=\"(max-width: 1280px) 100vw, 1280px\" \/><\/figure>\n\n\n\n<p>The people of the Vi\u0161kovo area have preserved many beliefs and legends that date back to ancient times and which are connected to Old Slavic and other ancient traditions.<\/p>\n\n\n\n<h2><strong>MALIK<\/strong><\/h2>\n\n\n\n<p> Malik is a dwarf with the height of a 5-year-old child. He wears a red hat and lives in underground caves and pits, and people used to say that he also lurks in <em>\u0161terne <\/em>waterwells<em>. <\/em>He is not evil but might lure away a child that could afterwards not find their way back home. Adults would often warn children not to look over the edge of <em>\u0161terne<\/em> because Malik could pull them inside. Some also believed that there is a Malik in every pit, guarding his gold. <\/p>\n\n\n\n<h2>FAIRIES<\/h2>\n\n\n\n<p> Fairies were imagined as beautiful blonde girls in a white dress with a golden belt and with a golden crown on their heads. They dwelled in the forests, danced in the glades at night, and bathed in ponds. They kept their magic powers in an embroidered scarf, which they would toss over their shoulder in order to fly and become invisible. Fairies are benevolent creatures that help people in the forest but who only rarely show themselves.  <\/p>\n\n\n\n<h2><strong>\u010cO\u0160KA AND MARO\u0160KA, DAUGHTERS OF A FAIRY<\/strong><\/h2>\n\n\n\n<p> The most famous legend of Halubje is the one of the sisters \u010co\u0161ka and Maro\u0161ka, who were born in Mari\u0161\u0107ina Forest on the border between Vi\u0161kovo and Klana. The forest was owned by the inhabitants of Mar\u010delji until the 21st century. The remains of the Limes boundary wall, which are still visible here, probably inspired the legend of a nobleman with a bad character who lived here. One night, when returning home from an inn, he heard laughter at a nearby pond. He saw some fairies bathing and stole the scarf of one of them. The other fairies flew away, but the one whose scarf had been stolen remained his captive. She married him and gave birth to two daughters, \u010co\u0161ka and Maro\u0161ka. After the nobleman was killed in a fight, the fairy found her scarf and flew away. She would come every night to play with her daughters, who grew up to become diligent women respected by the local people.<\/p>\n\n\n\n<p>After a dry summer, a terrible storm destroyed all the crops and caused starvation. God and St. Peter came to see how the people were coping with the hardship. \u010co\u0161ka and Maro\u0161ka welcomed them warmly and offered them water and acorn bread. But then a miracle occurred: wine started to flow instead of water and the bread that came out of the oven was white. \u010co\u0161ka and Maro\u0161ka were rewarded for their diligence and kindness, and such a terrible storm never happened again. They both married well and divided their estate with their neighbours \u2013 the inhabitants of Mar\u010delji. <\/p>\n\n\n\n<p>In Halubje, a hailstorm is still called <em>\u0161o\u0161ka<\/em>. One may also say &#8216;It&#8217;s raining \u010co\u0161ka and Maro\u0161ka&#8217;<\/p>\n\n\n\n<h2><strong>THE LEGEND OF SOVJAK<\/strong><\/h2>\n\n\n\n<p> There is a deep pit called Sovjak located in the Marini\u0107i area. Legend has it that in the past there was a noble estate and a house in which two sisters lived. They did not care about anyone but were selfish and heartless. Their brother Mate lived modestly and would warn them about their behaviour, but they did not listen. When God and St. Peter passed by disguised as beggars, the sisters would not give them water. In revenge, there was an earthquake that made the entire estate fall into the deepest pit in the area. The inhabitants would see two owls circling around the pit at night, so they concluded that the owls were the souls of the two selfish sisters and named the pit &#8216;Sovinjak&#8217; after the Croatian word for owl &#8211; <em>sova<\/em>. <\/p>\n\n\n\n<p>Their brother Mate felt sorry for them and had the Chapel of St. Matthew built on a nearby hill, where he prayed for their souls. A village emerged around the chapel, which was eventually turned into a church. The village around it was named Sveti Matej (St. Matthew). <\/p>\n","protected":false},"excerpt":{"rendered":"<p>The people of the Vi\u0161kovo area have preserved many beliefs and legends that date back to ancient times and which are connected to Old Slavic and other ancient traditions. MALIK Malik is a dwarf with the height of a 5-year-old child. He wears a red hat and lives in underground caves and pits, and people [&hellip;]<\/p>\n","protected":false},"author":1,"featured_media":15816,"parent":1650,"menu_order":0,"comment_status":"closed","ping_status":"closed","template":"child-pages.php","meta":[],"acf":[],"yoast_head":"<!-- This site is optimized with the Yoast SEO plugin v17.6 - https:\/\/yoast.com\/wordpress\/plugins\/seo\/ -->\n<meta name=\"robots\" content=\"index, follow, max-snippet:-1, max-image-preview:large, max-video-preview:-1\" \/>\n<link rel=\"canonical\" href=\"https:\/\/demo.tz-viskovo.hr\/en\/viskovo\/legends\/\" \/>\n<meta property=\"og:locale\" content=\"en_US\" \/>\n<meta property=\"og:type\" content=\"article\" \/>\n<meta property=\"og:title\" content=\"Legends - Turisti\u010dka zajednica op\u0107ine Vi\u0161kovo\" \/>\n<meta property=\"og:description\" content=\"The people of the Vi\u0161kovo area have preserved many beliefs and legends that date back to ancient times and which are connected to Old Slavic and other ancient traditions. MALIK Malik is a dwarf with the height of a 5-year-old child. He wears a red hat and lives in underground caves and pits, and people [&hellip;]\" \/>\n<meta property=\"og:url\" content=\"https:\/\/demo.tz-viskovo.hr\/en\/viskovo\/legends\/\" \/>\n<meta property=\"og:site_name\" content=\"Turisti\u010dka zajednica op\u0107ine Vi\u0161kovo\" \/>\n<meta property=\"article:modified_time\" content=\"2021-04-26T12:28:23+00:00\" \/>\n<meta property=\"og:image\" content=\"https:\/\/demo.tz-viskovo.hr\/wp-content\/uploads\/2020\/11\/HZ_legenda_6.jpg\" \/>\n\t<meta property=\"og:image:width\" content=\"1382\" \/>\n\t<meta property=\"og:image:height\" content=\"922\" \/>\n<meta name=\"twitter:card\" content=\"summary_large_image\" \/>\n<meta name=\"twitter:label1\" content=\"Est. reading time\" \/>\n\t<meta name=\"twitter:data1\" content=\"3 minutes\" \/>\n<script type=\"application\/ld+json\" class=\"yoast-schema-graph\">{\"@context\":\"https:\/\/schema.org\",\"@graph\":[{\"@type\":\"WebSite\",\"@id\":\"https:\/\/demo.tz-viskovo.hr\/it\/#website\",\"url\":\"https:\/\/demo.tz-viskovo.hr\/it\/\",\"name\":\"Turisti\\u010dka zajednica op\\u0107ine Vi\\u0161kovo\",\"description\":\"\",\"potentialAction\":[{\"@type\":\"SearchAction\",\"target\":{\"@type\":\"EntryPoint\",\"urlTemplate\":\"https:\/\/demo.tz-viskovo.hr\/it\/?s={search_term_string}\"},\"query-input\":\"required name=search_term_string\"}],\"inLanguage\":\"en-US\"},{\"@type\":\"ImageObject\",\"@id\":\"https:\/\/demo.tz-viskovo.hr\/en\/viskovo\/legends\/#primaryimage\",\"inLanguage\":\"en-US\",\"url\":\"https:\/\/demo.tz-viskovo.hr\/wp-content\/uploads\/2020\/11\/HZ_legenda_6.jpg\",\"contentUrl\":\"https:\/\/demo.tz-viskovo.hr\/wp-content\/uploads\/2020\/11\/HZ_legenda_6.jpg\",\"width\":1382,\"height\":922,\"caption\":\"Halubajski zvon\\u010dar\"},{\"@type\":\"WebPage\",\"@id\":\"https:\/\/demo.tz-viskovo.hr\/en\/viskovo\/legends\/#webpage\",\"url\":\"https:\/\/demo.tz-viskovo.hr\/en\/viskovo\/legends\/\",\"name\":\"Legends - Turisti\\u010dka zajednica op\\u0107ine Vi\\u0161kovo\",\"isPartOf\":{\"@id\":\"https:\/\/demo.tz-viskovo.hr\/it\/#website\"},\"primaryImageOfPage\":{\"@id\":\"https:\/\/demo.tz-viskovo.hr\/en\/viskovo\/legends\/#primaryimage\"},\"datePublished\":\"2019-08-19T12:46:33+00:00\",\"dateModified\":\"2021-04-26T12:28:23+00:00\",\"breadcrumb\":{\"@id\":\"https:\/\/demo.tz-viskovo.hr\/en\/viskovo\/legends\/#breadcrumb\"},\"inLanguage\":\"en-US\",\"potentialAction\":[{\"@type\":\"ReadAction\",\"target\":[\"https:\/\/demo.tz-viskovo.hr\/en\/viskovo\/legends\/\"]}]},{\"@type\":\"BreadcrumbList\",\"@id\":\"https:\/\/demo.tz-viskovo.hr\/en\/viskovo\/legends\/#breadcrumb\",\"itemListElement\":[{\"@type\":\"ListItem\",\"position\":1,\"name\":\"Home\",\"item\":\"https:\/\/demo.tz-viskovo.hr\/en\/\"},{\"@type\":\"ListItem\",\"position\":2,\"name\":\"Vi\\u0161kovo\",\"item\":\"https:\/\/demo.tz-viskovo.hr\/en\/viskovo\/\"},{\"@type\":\"ListItem\",\"position\":3,\"name\":\"Legends\"}]}]}<\/script>\n<!-- \/ Yoast SEO plugin. -->","yoast_head_json":{"robots":{"index":"index","follow":"follow","max-snippet":"max-snippet:-1","max-image-preview":"max-image-preview:large","max-video-preview":"max-video-preview:-1"},"canonical":"https:\/\/demo.tz-viskovo.hr\/en\/viskovo\/legends\/","og_locale":"en_US","og_type":"article","og_title":"Legends - Turisti\u010dka zajednica op\u0107ine Vi\u0161kovo","og_description":"The people of the Vi\u0161kovo area have preserved many beliefs and legends that date back to ancient times and which are connected to Old Slavic and other ancient traditions. MALIK Malik is a dwarf with the height of a 5-year-old child. He wears a red hat and lives in underground caves and pits, and people [&hellip;]","og_url":"https:\/\/demo.tz-viskovo.hr\/en\/viskovo\/legends\/","og_site_name":"Turisti\u010dka zajednica op\u0107ine Vi\u0161kovo","article_modified_time":"2021-04-26T12:28:23+00:00","og_image":[{"width":1382,"height":922,"url":"https:\/\/demo.tz-viskovo.hr\/wp-content\/uploads\/2020\/11\/HZ_legenda_6.jpg","type":"image\/jpeg"}],"twitter_card":"summary_large_image","twitter_misc":{"Est. reading time":"3 minutes"},"schema":{"@context":"https:\/\/schema.org","@graph":[{"@type":"WebSite","@id":"https:\/\/demo.tz-viskovo.hr\/it\/#website","url":"https:\/\/demo.tz-viskovo.hr\/it\/","name":"Turisti\u010dka zajednica op\u0107ine Vi\u0161kovo","description":"","potentialAction":[{"@type":"SearchAction","target":{"@type":"EntryPoint","urlTemplate":"https:\/\/demo.tz-viskovo.hr\/it\/?s={search_term_string}"},"query-input":"required name=search_term_string"}],"inLanguage":"en-US"},{"@type":"ImageObject","@id":"https:\/\/demo.tz-viskovo.hr\/en\/viskovo\/legends\/#primaryimage","inLanguage":"en-US","url":"https:\/\/demo.tz-viskovo.hr\/wp-content\/uploads\/2020\/11\/HZ_legenda_6.jpg","contentUrl":"https:\/\/demo.tz-viskovo.hr\/wp-content\/uploads\/2020\/11\/HZ_legenda_6.jpg","width":1382,"height":922,"caption":"Halubajski zvon\u010dar"},{"@type":"WebPage","@id":"https:\/\/demo.tz-viskovo.hr\/en\/viskovo\/legends\/#webpage","url":"https:\/\/demo.tz-viskovo.hr\/en\/viskovo\/legends\/","name":"Legends - Turisti\u010dka zajednica op\u0107ine Vi\u0161kovo","isPartOf":{"@id":"https:\/\/demo.tz-viskovo.hr\/it\/#website"},"primaryImageOfPage":{"@id":"https:\/\/demo.tz-viskovo.hr\/en\/viskovo\/legends\/#primaryimage"},"datePublished":"2019-08-19T12:46:33+00:00","dateModified":"2021-04-26T12:28:23+00:00","breadcrumb":{"@id":"https:\/\/demo.tz-viskovo.hr\/en\/viskovo\/legends\/#breadcrumb"},"inLanguage":"en-US","potentialAction":[{"@type":"ReadAction","target":["https:\/\/demo.tz-viskovo.hr\/en\/viskovo\/legends\/"]}]},{"@type":"BreadcrumbList","@id":"https:\/\/demo.tz-viskovo.hr\/en\/viskovo\/legends\/#breadcrumb","itemListElement":[{"@type":"ListItem","position":1,"name":"Home","item":"https:\/\/demo.tz-viskovo.hr\/en\/"},{"@type":"ListItem","position":2,"name":"Vi\u0161kovo","item":"https:\/\/demo.tz-viskovo.hr\/en\/viskovo\/"},{"@type":"ListItem","position":3,"name":"Legends"}]}]}},"_links":{"self":[{"href":"https:\/\/demo.tz-viskovo.hr\/en\/wp-json\/wp\/v2\/pages\/3415"}],"collection":[{"href":"https:\/\/demo.tz-viskovo.hr\/en\/wp-json\/wp\/v2\/pages"}],"about":[{"href":"https:\/\/demo.tz-viskovo.hr\/en\/wp-json\/wp\/v2\/types\/page"}],"author":[{"embeddable":true,"href":"https:\/\/demo.tz-viskovo.hr\/en\/wp-json\/wp\/v2\/users\/1"}],"replies":[{"embeddable":true,"href":"https:\/\/demo.tz-viskovo.hr\/en\/wp-json\/wp\/v2\/comments?post=3415"}],"version-history":[{"count":5,"href":"https:\/\/demo.tz-viskovo.hr\/en\/wp-json\/wp\/v2\/pages\/3415\/revisions"}],"predecessor-version":[{"id":16578,"href":"https:\/\/demo.tz-viskovo.hr\/en\/wp-json\/wp\/v2\/pages\/3415\/revisions\/16578"}],"up":[{"embeddable":true,"href":"https:\/\/demo.tz-viskovo.hr\/en\/wp-json\/wp\/v2\/pages\/1650"}],"wp:featuredmedia":[{"embeddable":true,"href":"https:\/\/demo.tz-viskovo.hr\/en\/wp-json\/wp\/v2\/media\/15816"}],"wp:attachment":[{"href":"https:\/\/demo.tz-viskovo.hr\/en\/wp-json\/wp\/v2\/media?parent=3415"}],"curies":[{"name":"wp","href":"https:\/\/api.w.org\/{rel}","templated":true}]}}