{"id":3425,"date":"2019-08-19T12:58:07","date_gmt":"2019-08-19T12:58:07","guid":{"rendered":"https:\/\/demo.tz-viskovo.hr\/?page_id=3425"},"modified":"2020-09-15T12:08:53","modified_gmt":"2020-09-15T12:08:53","slug":"walking-trails","status":"publish","type":"page","link":"https:\/\/demo.tz-viskovo.hr\/en\/what-to-do\/walking-and-cycling-trails\/walking-trails\/","title":{"rendered":"Walking trails"},"content":{"rendered":"\n<p>The area&#8217;s well-tended walking trails invite couples, groups of friends and pet owners on pleasant strolls through varied forest landscapes. Whether you need a break, recreation or just some fresh air, you&#8217;ll enjoy the beautiful landscape and have a chance to spot a deer or hawk. The dry stone walls, known locally as&nbsp;<em><a href=\"https:\/\/demo.tz-viskovo.hr\/en\/viskovo\/kulturna-bastina\/gromace-dry-stone-walls\/\">groma\u010da<\/a><\/em>, are particularly interesting. They stretch along the paths, support the old terraced gardens, and surround the small&nbsp;<em><a href=\"https:\/\/demo.tz-viskovo.hr\/en\/what-to-do\/kapitovac-pond-kalic\/\">kali\u0107i<\/a><\/em>&nbsp;ponds that were once used for watering animals.<\/p>\n\n\n\n<h2><strong>Milohni walking trail&nbsp;<\/strong><\/h2>\n\n\n\n<p>This circular hiking trail, which passes numerous karst gardens and dolines, requires an hour of easy walking and is ideal for an afternoon walk. From the village of Milohni, the trail leads through a forest in the direction of Kastav. After a resting spot, turning left gives you two options. The right path leads to \u0160porova Jama and the town of Kastav, and the one on the left to Bezjaki and some beautiful views of Kvaner. The latter also offers two possibilities. An easier ascent leads to the crossroads \u2013 back to Milohni to the left, or further on in the same direction to Bezjaki. From Bezjaki, the route also leads to Srdo\u010di and Zamet.<\/p>\n\n\n\n<p>The Milohni walking trail also leads to Kapitovac pond, located in a deep sinkhole next to the village of Milohni. The access path bordered by dry stone walls leads to a deep sinkhole, and a steep trail goes down to a walled pond overgrown with deciduous trees. By choosing any of these directions, you will get to explore some lesser-known parts of the Kastav area.<\/p>\n\n\n\n<h2><strong>Ple\u0161ivac walking trail<\/strong><\/h2>\n\n\n\n<p>The Ple\u0161ivac walking trail is suitable for all ages. Its gentle ascents are ideal for recreation and enjoying forest landscapes. This 8.6 km trail connects the villages of Mar\u010delji and Tiblja\u0161i, and its highest peak, Ple\u0161ivac (<em>ple\u0161iv<\/em> means hairless), lies at an altitude of 429 m.&nbsp; This walking trail is connected to a cycling trail that leads to Ronjgi and the birth house of Ivan Mateti\u0107 Ronjgov, which today serves as a cultural institution and memorial house.<\/p>\n\n\n\n<p>Starting from the Old School Mar\u010delji towards the village of Bi\u0161kupi and a resting spot area, the paths begin to fork. The branches lead to Mladeni\u0107i, Petrci and Tiblja\u0161i. One branch leads to Kablari at Drenova. From Tiblja\u0161i, you can join the Rijeka trail Drenova-Pehlin and head towards Rijeka.<\/p>\n\n\n\n<h2><strong>Lon\u010deva Gri\u017ea walking trail&nbsp;<\/strong><\/h2>\n\n\n\n<p>This 15 km walking trail is more demanding and offers wonderful views of Kvarner Bay, the mountains of Gorski Kotar, and the Kastav and Grobnik areas, especially from the limestone cliffs at the peak of Lon\u010deva Gri\u017ea, 506 m above sea level (<em>gri\u017ea<\/em> means a pile of rocks). This vantage point also features interpretation boards in Chakavian, Croatian and English languages with information on the former quarry at Lon\u010deva Gri\u017ea, where boulders were extracted in the past. A smaller quarry located above the village of Skva\u017ei\u0107i was used for the needs of the village and its surrounding areas. An exhibition of old stone carving and cutting tools on the rock of the old quarry provides information on the customs of the Halubje area.<\/p>\n\n\n\n<h2>The Puti\u0107 od mi\u0107e i vele sopele trail<\/h2>\n\n\n\n<p>The \u2018Puti\u0107 od Mi\u0107e i Vele Sopele\u2019 trail provides not only walking and recreational opportunities, but also acquaints visitors with one of the most significant people of the Halubje and Kastav areas \u2013 the composer, ethnomusicologist and music teacher Ivan Mateti\u0107 Ronjgov.&nbsp; Part of the trail takes you to a small resting spot shaped by dry stone walls, a typical architectural element locally known as <em>groma\u010da<\/em>. After about 350 m, you will reach a vantage point offering a view of unspoilt nature and the historical town of Kastav. In every season, the barren karst soil welcomes you into a wooded area overgrown mostly with hornbeams, oaks and low vegetation.<\/p>\n\n\n\n<p>If you find yourself in Vi\u0161kovo in April, you can take part in the guided walking tours under the title \u2018Priprema, pozor, sad!\u2019 (Ready, steady, go!) and get to know our area together with the guides of Vi\u0161kovo Hiking Club and other nature lovers. In autumn, join us for a walk along the trails of the <em>Halubajski zvon\u010dari <\/em>bell ringers called \u2018Pro\u0161e\u0107i se z manun\u2026 po zvon\u010darskeh puteh\u2019. <\/p>\n\n\n\n<p>Enjoy strolls in unspoilt nature, combine relaxation and recreation, and discover Vi\u0161kovo in a different way.<s> <\/s><\/p>\n\n\n\n<p>If you want some delicious and simple refreshment, visit our pizzerias and bistros. Pizza and pasta chefs await you in the <a href=\"https:\/\/demo.tz-viskovo.hr\/en\/gastronomija\/pizzeria-podroom\/\">Podroom<\/a> and <a href=\"https:\/\/demo.tz-viskovo.hr\/en\/gastronomija\/pizzeria-jeans\/\">JEANS <\/a>pizzerias. For a good barbecue or hearty brunch, visit the <a href=\"https:\/\/demo.tz-viskovo.hr\/en\/gastronomija\/bistro-starocesko\/\">Staro\u010de\u0161ko<\/a>, <a href=\"https:\/\/demo.tz-viskovo.hr\/en\/gastronomija\/bistro-mario\/\">Mario<\/a>, or <a href=\"https:\/\/demo.tz-viskovo.hr\/en\/gastronomija\/bistro-fico\/\">O\u0161tarija Trampov Breg <\/a>bistros.<\/p>\n\n\n\n<p>You can download the map of Vi\u0161kovo at the following link:<\/p>\n\n\n\n<p><a href=\"https:\/\/demo.tz-viskovo.hr\/wp-content\/uploads\/2019\/12\/Viskovo_strana_2_2019_06_26-3.pdf\">Map of Vi\u0161kovo<\/a><\/p>\n","protected":false},"excerpt":{"rendered":"<p>The area&#8217;s well-tended walking trails invite couples, groups of friends and pet owners on pleasant strolls through varied forest landscapes. Whether you need a break, recreation or just some fresh air, you&#8217;ll enjoy the beautiful landscape and have a chance to spot a deer or hawk. The dry stone walls, known locally as&nbsp;groma\u010da, are particularly [&hellip;]<\/p>\n","protected":false},"author":1,"featured_media":13355,"parent":3419,"menu_order":0,"comment_status":"closed","ping_status":"closed","template":"","meta":[],"acf":[],"yoast_head":"<!-- This site is optimized with the Yoast SEO plugin v17.6 - https:\/\/yoast.com\/wordpress\/plugins\/seo\/ -->\n<meta name=\"robots\" content=\"index, follow, max-snippet:-1, max-image-preview:large, max-video-preview:-1\" \/>\n<link rel=\"canonical\" href=\"https:\/\/demo.tz-viskovo.hr\/en\/what-to-do\/walking-and-cycling-trails\/walking-trails\/\" \/>\n<meta property=\"og:locale\" content=\"en_US\" \/>\n<meta property=\"og:type\" content=\"article\" \/>\n<meta property=\"og:title\" content=\"Walking trails - Turisti\u010dka zajednica op\u0107ine Vi\u0161kovo\" \/>\n<meta property=\"og:description\" content=\"The area&#8217;s well-tended walking trails invite couples, groups of friends and pet owners on pleasant strolls through varied forest landscapes. Whether you need a break, recreation or just some fresh air, you&#8217;ll enjoy the beautiful landscape and have a chance to spot a deer or hawk. The dry stone walls, known locally as&nbsp;groma\u010da, are particularly [&hellip;]\" \/>\n<meta property=\"og:url\" content=\"https:\/\/demo.tz-viskovo.hr\/en\/what-to-do\/walking-and-cycling-trails\/walking-trails\/\" \/>\n<meta property=\"og:site_name\" content=\"Turisti\u010dka zajednica op\u0107ine Vi\u0161kovo\" \/>\n<meta property=\"article:modified_time\" content=\"2020-09-15T12:08:53+00:00\" \/>\n<meta property=\"og:image\" content=\"https:\/\/demo.tz-viskovo.hr\/wp-content\/uploads\/2020\/04\/RONJGISETNICA3-Medium.jpg\" \/>\n\t<meta property=\"og:image:width\" content=\"1152\" \/>\n\t<meta property=\"og:image:height\" content=\"768\" \/>\n<meta name=\"twitter:card\" content=\"summary_large_image\" \/>\n<meta name=\"twitter:label1\" content=\"Est. reading time\" \/>\n\t<meta name=\"twitter:data1\" content=\"4 minutes\" \/>\n<script type=\"application\/ld+json\" class=\"yoast-schema-graph\">{\"@context\":\"https:\/\/schema.org\",\"@graph\":[{\"@type\":\"WebSite\",\"@id\":\"https:\/\/demo.tz-viskovo.hr\/it\/#website\",\"url\":\"https:\/\/demo.tz-viskovo.hr\/it\/\",\"name\":\"Turisti\\u010dka zajednica op\\u0107ine Vi\\u0161kovo\",\"description\":\"\",\"potentialAction\":[{\"@type\":\"SearchAction\",\"target\":{\"@type\":\"EntryPoint\",\"urlTemplate\":\"https:\/\/demo.tz-viskovo.hr\/it\/?s={search_term_string}\"},\"query-input\":\"required name=search_term_string\"}],\"inLanguage\":\"en-US\"},{\"@type\":\"ImageObject\",\"@id\":\"https:\/\/demo.tz-viskovo.hr\/en\/what-to-do\/walking-and-cycling-trails\/walking-trails\/#primaryimage\",\"inLanguage\":\"en-US\",\"url\":\"https:\/\/demo.tz-viskovo.hr\/wp-content\/uploads\/2020\/04\/RONJGISETNICA3-Medium.jpg\",\"contentUrl\":\"https:\/\/demo.tz-viskovo.hr\/wp-content\/uploads\/2020\/04\/RONJGISETNICA3-Medium.jpg\",\"width\":1152,\"height\":768},{\"@type\":\"WebPage\",\"@id\":\"https:\/\/demo.tz-viskovo.hr\/en\/what-to-do\/walking-and-cycling-trails\/walking-trails\/#webpage\",\"url\":\"https:\/\/demo.tz-viskovo.hr\/en\/what-to-do\/walking-and-cycling-trails\/walking-trails\/\",\"name\":\"Walking trails - Turisti\\u010dka zajednica op\\u0107ine Vi\\u0161kovo\",\"isPartOf\":{\"@id\":\"https:\/\/demo.tz-viskovo.hr\/it\/#website\"},\"primaryImageOfPage\":{\"@id\":\"https:\/\/demo.tz-viskovo.hr\/en\/what-to-do\/walking-and-cycling-trails\/walking-trails\/#primaryimage\"},\"datePublished\":\"2019-08-19T12:58:07+00:00\",\"dateModified\":\"2020-09-15T12:08:53+00:00\",\"breadcrumb\":{\"@id\":\"https:\/\/demo.tz-viskovo.hr\/en\/what-to-do\/walking-and-cycling-trails\/walking-trails\/#breadcrumb\"},\"inLanguage\":\"en-US\",\"potentialAction\":[{\"@type\":\"ReadAction\",\"target\":[\"https:\/\/demo.tz-viskovo.hr\/en\/what-to-do\/walking-and-cycling-trails\/walking-trails\/\"]}]},{\"@type\":\"BreadcrumbList\",\"@id\":\"https:\/\/demo.tz-viskovo.hr\/en\/what-to-do\/walking-and-cycling-trails\/walking-trails\/#breadcrumb\",\"itemListElement\":[{\"@type\":\"ListItem\",\"position\":1,\"name\":\"Home\",\"item\":\"https:\/\/demo.tz-viskovo.hr\/en\/\"},{\"@type\":\"ListItem\",\"position\":2,\"name\":\"What to do\",\"item\":\"https:\/\/demo.tz-viskovo.hr\/en\/what-to-do\/\"},{\"@type\":\"ListItem\",\"position\":3,\"name\":\"Walking and cycling trails\",\"item\":\"https:\/\/demo.tz-viskovo.hr\/en\/what-to-do\/walking-and-cycling-trails\/\"},{\"@type\":\"ListItem\",\"position\":4,\"name\":\"Walking trails\"}]}]}<\/script>\n<!-- \/ Yoast SEO plugin. -->","yoast_head_json":{"robots":{"index":"index","follow":"follow","max-snippet":"max-snippet:-1","max-image-preview":"max-image-preview:large","max-video-preview":"max-video-preview:-1"},"canonical":"https:\/\/demo.tz-viskovo.hr\/en\/what-to-do\/walking-and-cycling-trails\/walking-trails\/","og_locale":"en_US","og_type":"article","og_title":"Walking trails - Turisti\u010dka zajednica op\u0107ine Vi\u0161kovo","og_description":"The area&#8217;s well-tended walking trails invite couples, groups of friends and pet owners on pleasant strolls through varied forest landscapes. Whether you need a break, recreation or just some fresh air, you&#8217;ll enjoy the beautiful landscape and have a chance to spot a deer or hawk. The dry stone walls, known locally as&nbsp;groma\u010da, are particularly [&hellip;]","og_url":"https:\/\/demo.tz-viskovo.hr\/en\/what-to-do\/walking-and-cycling-trails\/walking-trails\/","og_site_name":"Turisti\u010dka zajednica op\u0107ine Vi\u0161kovo","article_modified_time":"2020-09-15T12:08:53+00:00","og_image":[{"width":1152,"height":768,"url":"https:\/\/demo.tz-viskovo.hr\/wp-content\/uploads\/2020\/04\/RONJGISETNICA3-Medium.jpg","type":"image\/jpeg"}],"twitter_card":"summary_large_image","twitter_misc":{"Est. reading time":"4 minutes"},"schema":{"@context":"https:\/\/schema.org","@graph":[{"@type":"WebSite","@id":"https:\/\/demo.tz-viskovo.hr\/it\/#website","url":"https:\/\/demo.tz-viskovo.hr\/it\/","name":"Turisti\u010dka zajednica op\u0107ine Vi\u0161kovo","description":"","potentialAction":[{"@type":"SearchAction","target":{"@type":"EntryPoint","urlTemplate":"https:\/\/demo.tz-viskovo.hr\/it\/?s={search_term_string}"},"query-input":"required name=search_term_string"}],"inLanguage":"en-US"},{"@type":"ImageObject","@id":"https:\/\/demo.tz-viskovo.hr\/en\/what-to-do\/walking-and-cycling-trails\/walking-trails\/#primaryimage","inLanguage":"en-US","url":"https:\/\/demo.tz-viskovo.hr\/wp-content\/uploads\/2020\/04\/RONJGISETNICA3-Medium.jpg","contentUrl":"https:\/\/demo.tz-viskovo.hr\/wp-content\/uploads\/2020\/04\/RONJGISETNICA3-Medium.jpg","width":1152,"height":768},{"@type":"WebPage","@id":"https:\/\/demo.tz-viskovo.hr\/en\/what-to-do\/walking-and-cycling-trails\/walking-trails\/#webpage","url":"https:\/\/demo.tz-viskovo.hr\/en\/what-to-do\/walking-and-cycling-trails\/walking-trails\/","name":"Walking trails - Turisti\u010dka zajednica op\u0107ine Vi\u0161kovo","isPartOf":{"@id":"https:\/\/demo.tz-viskovo.hr\/it\/#website"},"primaryImageOfPage":{"@id":"https:\/\/demo.tz-viskovo.hr\/en\/what-to-do\/walking-and-cycling-trails\/walking-trails\/#primaryimage"},"datePublished":"2019-08-19T12:58:07+00:00","dateModified":"2020-09-15T12:08:53+00:00","breadcrumb":{"@id":"https:\/\/demo.tz-viskovo.hr\/en\/what-to-do\/walking-and-cycling-trails\/walking-trails\/#breadcrumb"},"inLanguage":"en-US","potentialAction":[{"@type":"ReadAction","target":["https:\/\/demo.tz-viskovo.hr\/en\/what-to-do\/walking-and-cycling-trails\/walking-trails\/"]}]},{"@type":"BreadcrumbList","@id":"https:\/\/demo.tz-viskovo.hr\/en\/what-to-do\/walking-and-cycling-trails\/walking-trails\/#breadcrumb","itemListElement":[{"@type":"ListItem","position":1,"name":"Home","item":"https:\/\/demo.tz-viskovo.hr\/en\/"},{"@type":"ListItem","position":2,"name":"What to do","item":"https:\/\/demo.tz-viskovo.hr\/en\/what-to-do\/"},{"@type":"ListItem","position":3,"name":"Walking and cycling trails","item":"https:\/\/demo.tz-viskovo.hr\/en\/what-to-do\/walking-and-cycling-trails\/"},{"@type":"ListItem","position":4,"name":"Walking trails"}]}]}},"_links":{"self":[{"href":"https:\/\/demo.tz-viskovo.hr\/en\/wp-json\/wp\/v2\/pages\/3425"}],"collection":[{"href":"https:\/\/demo.tz-viskovo.hr\/en\/wp-json\/wp\/v2\/pages"}],"about":[{"href":"https:\/\/demo.tz-viskovo.hr\/en\/wp-json\/wp\/v2\/types\/page"}],"author":[{"embeddable":true,"href":"https:\/\/demo.tz-viskovo.hr\/en\/wp-json\/wp\/v2\/users\/1"}],"replies":[{"embeddable":true,"href":"https:\/\/demo.tz-viskovo.hr\/en\/wp-json\/wp\/v2\/comments?post=3425"}],"version-history":[{"count":5,"href":"https:\/\/demo.tz-viskovo.hr\/en\/wp-json\/wp\/v2\/pages\/3425\/revisions"}],"predecessor-version":[{"id":14992,"href":"https:\/\/demo.tz-viskovo.hr\/en\/wp-json\/wp\/v2\/pages\/3425\/revisions\/14992"}],"up":[{"embeddable":true,"href":"https:\/\/demo.tz-viskovo.hr\/en\/wp-json\/wp\/v2\/pages\/3419"}],"wp:featuredmedia":[{"embeddable":true,"href":"https:\/\/demo.tz-viskovo.hr\/en\/wp-json\/wp\/v2\/media\/13355"}],"wp:attachment":[{"href":"https:\/\/demo.tz-viskovo.hr\/en\/wp-json\/wp\/v2\/media?parent=3425"}],"curies":[{"name":"wp","href":"https:\/\/api.w.org\/{rel}","templated":true}]}}