{"id":3513,"date":"2019-08-19T13:15:59","date_gmt":"2019-08-19T13:15:59","guid":{"rendered":"https:\/\/demo.tz-viskovo.hr\/?page_id=3513"},"modified":"2020-05-12T12:08:04","modified_gmt":"2020-05-12T12:08:04","slug":"viskovo-surroundings","status":"publish","type":"page","link":"https:\/\/demo.tz-viskovo.hr\/en\/what-to-do\/viskovo-surroundings\/","title":{"rendered":"Vi\u0161kovo surroundings"},"content":{"rendered":"\n<p>Visit the surroundings of Vi\u0161kovo, enjoy the diversity and peculiarities of neighboring places.\n\n<\/p>\n","protected":false},"excerpt":{"rendered":"<p>Visit the surroundings of Vi\u0161kovo, enjoy the diversity and peculiarities of neighboring places.<\/p>\n","protected":false},"author":1,"featured_media":3521,"parent":3922,"menu_order":0,"comment_status":"closed","ping_status":"closed","template":"child-pages.php","meta":[],"acf":[],"yoast_head":"<!-- This site is optimized with the Yoast SEO plugin v17.6 - https:\/\/yoast.com\/wordpress\/plugins\/seo\/ -->\n<meta name=\"robots\" content=\"index, follow, max-snippet:-1, max-image-preview:large, max-video-preview:-1\" \/>\n<link rel=\"canonical\" href=\"https:\/\/demo.tz-viskovo.hr\/en\/what-to-do\/viskovo-surroundings\/\" \/>\n<meta property=\"og:locale\" content=\"en_US\" \/>\n<meta property=\"og:type\" content=\"article\" \/>\n<meta property=\"og:title\" content=\"Vi\u0161kovo surroundings - Turisti\u010dka zajednica op\u0107ine Vi\u0161kovo\" \/>\n<meta property=\"og:description\" content=\"Visit the surroundings of Vi\u0161kovo, enjoy the diversity and peculiarities of neighboring places.\" \/>\n<meta property=\"og:url\" content=\"https:\/\/demo.tz-viskovo.hr\/en\/what-to-do\/viskovo-surroundings\/\" \/>\n<meta property=\"og:site_name\" content=\"Turisti\u010dka zajednica op\u0107ine Vi\u0161kovo\" \/>\n<meta property=\"article:modified_time\" content=\"2020-05-12T12:08:04+00:00\" \/>\n<meta property=\"og:image\" content=\"https:\/\/demo.tz-viskovo.hr\/wp-content\/uploads\/2019\/07\/566aa2558cacb.jpg\" \/>\n\t<meta property=\"og:image:width\" content=\"350\" \/>\n\t<meta property=\"og:image:height\" content=\"525\" \/>\n<meta name=\"twitter:card\" content=\"summary_large_image\" \/>\n<script type=\"application\/ld+json\" class=\"yoast-schema-graph\">{\"@context\":\"https:\/\/schema.org\",\"@graph\":[{\"@type\":\"WebSite\",\"@id\":\"https:\/\/demo.tz-viskovo.hr\/it\/#website\",\"url\":\"https:\/\/demo.tz-viskovo.hr\/it\/\",\"name\":\"Turisti\\u010dka zajednica op\\u0107ine Vi\\u0161kovo\",\"description\":\"\",\"potentialAction\":[{\"@type\":\"SearchAction\",\"target\":{\"@type\":\"EntryPoint\",\"urlTemplate\":\"https:\/\/demo.tz-viskovo.hr\/it\/?s={search_term_string}\"},\"query-input\":\"required name=search_term_string\"}],\"inLanguage\":\"en-US\"},{\"@type\":\"ImageObject\",\"@id\":\"https:\/\/demo.tz-viskovo.hr\/en\/what-to-do\/viskovo-surroundings\/#primaryimage\",\"inLanguage\":\"en-US\",\"url\":\"https:\/\/demo.tz-viskovo.hr\/wp-content\/uploads\/2019\/07\/566aa2558cacb.jpg\",\"contentUrl\":\"https:\/\/demo.tz-viskovo.hr\/wp-content\/uploads\/2019\/07\/566aa2558cacb.jpg\",\"width\":350,\"height\":525},{\"@type\":\"WebPage\",\"@id\":\"https:\/\/demo.tz-viskovo.hr\/en\/what-to-do\/viskovo-surroundings\/#webpage\",\"url\":\"https:\/\/demo.tz-viskovo.hr\/en\/what-to-do\/viskovo-surroundings\/\",\"name\":\"Vi\\u0161kovo surroundings - Turisti\\u010dka zajednica op\\u0107ine Vi\\u0161kovo\",\"isPartOf\":{\"@id\":\"https:\/\/demo.tz-viskovo.hr\/it\/#website\"},\"primaryImageOfPage\":{\"@id\":\"https:\/\/demo.tz-viskovo.hr\/en\/what-to-do\/viskovo-surroundings\/#primaryimage\"},\"datePublished\":\"2019-08-19T13:15:59+00:00\",\"dateModified\":\"2020-05-12T12:08:04+00:00\",\"breadcrumb\":{\"@id\":\"https:\/\/demo.tz-viskovo.hr\/en\/what-to-do\/viskovo-surroundings\/#breadcrumb\"},\"inLanguage\":\"en-US\",\"potentialAction\":[{\"@type\":\"ReadAction\",\"target\":[\"https:\/\/demo.tz-viskovo.hr\/en\/what-to-do\/viskovo-surroundings\/\"]}]},{\"@type\":\"BreadcrumbList\",\"@id\":\"https:\/\/demo.tz-viskovo.hr\/en\/what-to-do\/viskovo-surroundings\/#breadcrumb\",\"itemListElement\":[{\"@type\":\"ListItem\",\"position\":1,\"name\":\"Home\",\"item\":\"https:\/\/demo.tz-viskovo.hr\/en\/\"},{\"@type\":\"ListItem\",\"position\":2,\"name\":\"What to do\",\"item\":\"https:\/\/demo.tz-viskovo.hr\/en\/what-to-do\/\"},{\"@type\":\"ListItem\",\"position\":3,\"name\":\"Vi\\u0161kovo surroundings\"}]}]}<\/script>\n<!-- \/ Yoast SEO plugin. -->","yoast_head_json":{"robots":{"index":"index","follow":"follow","max-snippet":"max-snippet:-1","max-image-preview":"max-image-preview:large","max-video-preview":"max-video-preview:-1"},"canonical":"https:\/\/demo.tz-viskovo.hr\/en\/what-to-do\/viskovo-surroundings\/","og_locale":"en_US","og_type":"article","og_title":"Vi\u0161kovo surroundings - Turisti\u010dka zajednica op\u0107ine Vi\u0161kovo","og_description":"Visit the surroundings of Vi\u0161kovo, enjoy the diversity and peculiarities of neighboring places.","og_url":"https:\/\/demo.tz-viskovo.hr\/en\/what-to-do\/viskovo-surroundings\/","og_site_name":"Turisti\u010dka zajednica op\u0107ine Vi\u0161kovo","article_modified_time":"2020-05-12T12:08:04+00:00","og_image":[{"width":350,"height":525,"url":"https:\/\/demo.tz-viskovo.hr\/wp-content\/uploads\/2019\/07\/566aa2558cacb.jpg","type":"image\/jpeg"}],"twitter_card":"summary_large_image","schema":{"@context":"https:\/\/schema.org","@graph":[{"@type":"WebSite","@id":"https:\/\/demo.tz-viskovo.hr\/it\/#website","url":"https:\/\/demo.tz-viskovo.hr\/it\/","name":"Turisti\u010dka zajednica op\u0107ine Vi\u0161kovo","description":"","potentialAction":[{"@type":"SearchAction","target":{"@type":"EntryPoint","urlTemplate":"https:\/\/demo.tz-viskovo.hr\/it\/?s={search_term_string}"},"query-input":"required name=search_term_string"}],"inLanguage":"en-US"},{"@type":"ImageObject","@id":"https:\/\/demo.tz-viskovo.hr\/en\/what-to-do\/viskovo-surroundings\/#primaryimage","inLanguage":"en-US","url":"https:\/\/demo.tz-viskovo.hr\/wp-content\/uploads\/2019\/07\/566aa2558cacb.jpg","contentUrl":"https:\/\/demo.tz-viskovo.hr\/wp-content\/uploads\/2019\/07\/566aa2558cacb.jpg","width":350,"height":525},{"@type":"WebPage","@id":"https:\/\/demo.tz-viskovo.hr\/en\/what-to-do\/viskovo-surroundings\/#webpage","url":"https:\/\/demo.tz-viskovo.hr\/en\/what-to-do\/viskovo-surroundings\/","name":"Vi\u0161kovo surroundings - Turisti\u010dka zajednica op\u0107ine Vi\u0161kovo","isPartOf":{"@id":"https:\/\/demo.tz-viskovo.hr\/it\/#website"},"primaryImageOfPage":{"@id":"https:\/\/demo.tz-viskovo.hr\/en\/what-to-do\/viskovo-surroundings\/#primaryimage"},"datePublished":"2019-08-19T13:15:59+00:00","dateModified":"2020-05-12T12:08:04+00:00","breadcrumb":{"@id":"https:\/\/demo.tz-viskovo.hr\/en\/what-to-do\/viskovo-surroundings\/#breadcrumb"},"inLanguage":"en-US","potentialAction":[{"@type":"ReadAction","target":["https:\/\/demo.tz-viskovo.hr\/en\/what-to-do\/viskovo-surroundings\/"]}]},{"@type":"BreadcrumbList","@id":"https:\/\/demo.tz-viskovo.hr\/en\/what-to-do\/viskovo-surroundings\/#breadcrumb","itemListElement":[{"@type":"ListItem","position":1,"name":"Home","item":"https:\/\/demo.tz-viskovo.hr\/en\/"},{"@type":"ListItem","position":2,"name":"What to do","item":"https:\/\/demo.tz-viskovo.hr\/en\/what-to-do\/"},{"@type":"ListItem","position":3,"name":"Vi\u0161kovo surroundings"}]}]}},"_links":{"self":[{"href":"https:\/\/demo.tz-viskovo.hr\/en\/wp-json\/wp\/v2\/pages\/3513"}],"collection":[{"href":"https:\/\/demo.tz-viskovo.hr\/en\/wp-json\/wp\/v2\/pages"}],"about":[{"href":"https:\/\/demo.tz-viskovo.hr\/en\/wp-json\/wp\/v2\/types\/page"}],"author":[{"embeddable":true,"href":"https:\/\/demo.tz-viskovo.hr\/en\/wp-json\/wp\/v2\/users\/1"}],"replies":[{"embeddable":true,"href":"https:\/\/demo.tz-viskovo.hr\/en\/wp-json\/wp\/v2\/comments?post=3513"}],"version-history":[{"count":2,"href":"https:\/\/demo.tz-viskovo.hr\/en\/wp-json\/wp\/v2\/pages\/3513\/revisions"}],"predecessor-version":[{"id":13551,"href":"https:\/\/demo.tz-viskovo.hr\/en\/wp-json\/wp\/v2\/pages\/3513\/revisions\/13551"}],"up":[{"embeddable":true,"href":"https:\/\/demo.tz-viskovo.hr\/en\/wp-json\/wp\/v2\/pages\/3922"}],"wp:featuredmedia":[{"embeddable":true,"href":"https:\/\/demo.tz-viskovo.hr\/en\/wp-json\/wp\/v2\/media\/3521"}],"wp:attachment":[{"href":"https:\/\/demo.tz-viskovo.hr\/en\/wp-json\/wp\/v2\/media?parent=3513"}],"curies":[{"name":"wp","href":"https:\/\/api.w.org\/{rel}","templated":true}]}}