{"id":3525,"date":"2019-08-19T13:23:00","date_gmt":"2019-08-19T13:23:00","guid":{"rendered":"https:\/\/demo.tz-viskovo.hr\/?page_id=3525"},"modified":"2019-08-23T06:41:50","modified_gmt":"2019-08-23T06:41:50","slug":"kastav","status":"publish","type":"page","link":"https:\/\/demo.tz-viskovo.hr\/en\/what-to-do\/viskovo-surroundings\/kastav\/","title":{"rendered":"Kastav"},"content":{"rendered":"\n<p>For all romantics and those who are about to become one, the right place is definitely Kastav, a historical town only ten kilometres away from Rijeka, and located at an altitude of 365 meters. Here you will be at the centre of the dynamic Kvarner life and at the same time away from it. Or, to be more precise, looking down on it. It is a trip to a different time and a plunge into tradition, culture and old crafts that, being unable to resist the competition of industrial production, come to life only occasionally.&nbsp;&nbsp;&nbsp;&nbsp;<\/p>\n\n\n\n<p>Kastav has preserved its rich history, culture and tradition, and many valuable architectural and other monuments such as the City Lodge, the Voltica city gate, Crekvina, the Holy Trinity Chapel, Ka\u0161tel&#8230; By devoting a memory of those who have been connected to it through history at the Aleja velikana (Lane of the Great Ones), Kastav expresses a different but equally devoted gratitude to its craftsmen, too, who have developed old crafts that you will be familiarized with through the Museum Collection of the Kastav Region and the authentic spaces of the small regional museums (Mi\u0107i zavi\u010dajni muzeji) &#8211; Osojnakova kotlarija, Vikotova ba\u010dvarija, Idi\u010dina peknjica.<\/p>\n\n\n\n<p>Today this small town is an escape to the past but also a magnificent stage for cultural performances such as the Kastav Cultural Summer (Kastavsko kulturno leto), the Guitar Festival (Festival gitare)and the Kastav Blues Festival, reviving tradition and a meeting point for all those who enjoy good food, the comfort of staying in a boutique hotel, a family pension or private accommodation with a soul&#8230;<\/p>\n\n\n\n<table class=\"wp-block-table\"><tbody><tr><td><strong>Address:<\/strong>&nbsp;Turisti\u010dka zajednica Grada Kastva, Trg Matka Laginje 5, 51215 Kastav<strong>&nbsp;<\/strong><br><strong>Phone:<\/strong>&nbsp;+385 51 691 425<strong>&nbsp;<\/strong><br><strong>Website:<\/strong>&nbsp;<a href=\"http:\/\/www.kastav-touristinfo.hr\/en\/1\/welcome-to-kastav\">www.kastav-touristinfo.hr<\/a>&nbsp;&nbsp;&nbsp;&nbsp;&nbsp;<br><strong>E-mail:<\/strong>&nbsp;<a href=\"mailto:tz.grada.kastva@ri.t-com.hr\">tz.grada.kastva@ri.t-com.hr<\/a><\/td><\/tr><\/tbody><\/table>\n","protected":false},"excerpt":{"rendered":"<p>For all romantics and those who are about to become one, the right place is definitely Kastav, a historical town only ten kilometres away from Rijeka, and located at an altitude of 365 meters. Here you will be at the centre of the dynamic Kvarner life and at the same time away from it. Or, [&hellip;]<\/p>\n","protected":false},"author":1,"featured_media":3529,"parent":3513,"menu_order":0,"comment_status":"closed","ping_status":"closed","template":"","meta":[],"acf":[],"yoast_head":"<!-- This site is optimized with the Yoast SEO plugin v17.6 - https:\/\/yoast.com\/wordpress\/plugins\/seo\/ -->\n<meta name=\"robots\" content=\"index, follow, max-snippet:-1, max-image-preview:large, max-video-preview:-1\" \/>\n<link rel=\"canonical\" href=\"https:\/\/demo.tz-viskovo.hr\/en\/what-to-do\/viskovo-surroundings\/kastav\/\" \/>\n<meta property=\"og:locale\" content=\"en_US\" \/>\n<meta property=\"og:type\" content=\"article\" \/>\n<meta property=\"og:title\" content=\"Kastav - Turisti\u010dka zajednica op\u0107ine Vi\u0161kovo\" \/>\n<meta property=\"og:description\" content=\"For all romantics and those who are about to become one, the right place is definitely Kastav, a historical town only ten kilometres away from Rijeka, and located at an altitude of 365 meters. Here you will be at the centre of the dynamic Kvarner life and at the same time away from it. Or, [&hellip;]\" \/>\n<meta property=\"og:url\" content=\"https:\/\/demo.tz-viskovo.hr\/en\/what-to-do\/viskovo-surroundings\/kastav\/\" \/>\n<meta property=\"og:site_name\" content=\"Turisti\u010dka zajednica op\u0107ine Vi\u0161kovo\" \/>\n<meta property=\"article:modified_time\" content=\"2019-08-23T06:41:50+00:00\" \/>\n<meta property=\"og:image\" content=\"https:\/\/demo.tz-viskovo.hr\/wp-content\/uploads\/2019\/07\/20151211143855000000-main.jpg\" \/>\n\t<meta property=\"og:image:width\" content=\"806\" \/>\n\t<meta property=\"og:image:height\" content=\"600\" \/>\n<meta name=\"twitter:card\" content=\"summary_large_image\" \/>\n<meta name=\"twitter:label1\" content=\"Est. reading time\" \/>\n\t<meta name=\"twitter:data1\" content=\"2 minutes\" \/>\n<script type=\"application\/ld+json\" class=\"yoast-schema-graph\">{\"@context\":\"https:\/\/schema.org\",\"@graph\":[{\"@type\":\"WebSite\",\"@id\":\"https:\/\/demo.tz-viskovo.hr\/it\/#website\",\"url\":\"https:\/\/demo.tz-viskovo.hr\/it\/\",\"name\":\"Turisti\\u010dka zajednica op\\u0107ine Vi\\u0161kovo\",\"description\":\"\",\"potentialAction\":[{\"@type\":\"SearchAction\",\"target\":{\"@type\":\"EntryPoint\",\"urlTemplate\":\"https:\/\/demo.tz-viskovo.hr\/it\/?s={search_term_string}\"},\"query-input\":\"required name=search_term_string\"}],\"inLanguage\":\"en-US\"},{\"@type\":\"ImageObject\",\"@id\":\"https:\/\/demo.tz-viskovo.hr\/en\/what-to-do\/viskovo-surroundings\/kastav\/#primaryimage\",\"inLanguage\":\"en-US\",\"url\":\"https:\/\/demo.tz-viskovo.hr\/wp-content\/uploads\/2019\/07\/20151211143855000000-main.jpg\",\"contentUrl\":\"https:\/\/demo.tz-viskovo.hr\/wp-content\/uploads\/2019\/07\/20151211143855000000-main.jpg\",\"width\":806,\"height\":600},{\"@type\":\"WebPage\",\"@id\":\"https:\/\/demo.tz-viskovo.hr\/en\/what-to-do\/viskovo-surroundings\/kastav\/#webpage\",\"url\":\"https:\/\/demo.tz-viskovo.hr\/en\/what-to-do\/viskovo-surroundings\/kastav\/\",\"name\":\"Kastav - Turisti\\u010dka zajednica op\\u0107ine Vi\\u0161kovo\",\"isPartOf\":{\"@id\":\"https:\/\/demo.tz-viskovo.hr\/it\/#website\"},\"primaryImageOfPage\":{\"@id\":\"https:\/\/demo.tz-viskovo.hr\/en\/what-to-do\/viskovo-surroundings\/kastav\/#primaryimage\"},\"datePublished\":\"2019-08-19T13:23:00+00:00\",\"dateModified\":\"2019-08-23T06:41:50+00:00\",\"breadcrumb\":{\"@id\":\"https:\/\/demo.tz-viskovo.hr\/en\/what-to-do\/viskovo-surroundings\/kastav\/#breadcrumb\"},\"inLanguage\":\"en-US\",\"potentialAction\":[{\"@type\":\"ReadAction\",\"target\":[\"https:\/\/demo.tz-viskovo.hr\/en\/what-to-do\/viskovo-surroundings\/kastav\/\"]}]},{\"@type\":\"BreadcrumbList\",\"@id\":\"https:\/\/demo.tz-viskovo.hr\/en\/what-to-do\/viskovo-surroundings\/kastav\/#breadcrumb\",\"itemListElement\":[{\"@type\":\"ListItem\",\"position\":1,\"name\":\"Home\",\"item\":\"https:\/\/demo.tz-viskovo.hr\/en\/\"},{\"@type\":\"ListItem\",\"position\":2,\"name\":\"What to do\",\"item\":\"https:\/\/demo.tz-viskovo.hr\/en\/what-to-do\/\"},{\"@type\":\"ListItem\",\"position\":3,\"name\":\"Vi\\u0161kovo surroundings\",\"item\":\"https:\/\/demo.tz-viskovo.hr\/en\/what-to-do\/viskovo-surroundings\/\"},{\"@type\":\"ListItem\",\"position\":4,\"name\":\"Kastav\"}]}]}<\/script>\n<!-- \/ Yoast SEO plugin. -->","yoast_head_json":{"robots":{"index":"index","follow":"follow","max-snippet":"max-snippet:-1","max-image-preview":"max-image-preview:large","max-video-preview":"max-video-preview:-1"},"canonical":"https:\/\/demo.tz-viskovo.hr\/en\/what-to-do\/viskovo-surroundings\/kastav\/","og_locale":"en_US","og_type":"article","og_title":"Kastav - Turisti\u010dka zajednica op\u0107ine Vi\u0161kovo","og_description":"For all romantics and those who are about to become one, the right place is definitely Kastav, a historical town only ten kilometres away from Rijeka, and located at an altitude of 365 meters. Here you will be at the centre of the dynamic Kvarner life and at the same time away from it. Or, [&hellip;]","og_url":"https:\/\/demo.tz-viskovo.hr\/en\/what-to-do\/viskovo-surroundings\/kastav\/","og_site_name":"Turisti\u010dka zajednica op\u0107ine Vi\u0161kovo","article_modified_time":"2019-08-23T06:41:50+00:00","og_image":[{"width":806,"height":600,"url":"https:\/\/demo.tz-viskovo.hr\/wp-content\/uploads\/2019\/07\/20151211143855000000-main.jpg","type":"image\/jpeg"}],"twitter_card":"summary_large_image","twitter_misc":{"Est. reading time":"2 minutes"},"schema":{"@context":"https:\/\/schema.org","@graph":[{"@type":"WebSite","@id":"https:\/\/demo.tz-viskovo.hr\/it\/#website","url":"https:\/\/demo.tz-viskovo.hr\/it\/","name":"Turisti\u010dka zajednica op\u0107ine Vi\u0161kovo","description":"","potentialAction":[{"@type":"SearchAction","target":{"@type":"EntryPoint","urlTemplate":"https:\/\/demo.tz-viskovo.hr\/it\/?s={search_term_string}"},"query-input":"required name=search_term_string"}],"inLanguage":"en-US"},{"@type":"ImageObject","@id":"https:\/\/demo.tz-viskovo.hr\/en\/what-to-do\/viskovo-surroundings\/kastav\/#primaryimage","inLanguage":"en-US","url":"https:\/\/demo.tz-viskovo.hr\/wp-content\/uploads\/2019\/07\/20151211143855000000-main.jpg","contentUrl":"https:\/\/demo.tz-viskovo.hr\/wp-content\/uploads\/2019\/07\/20151211143855000000-main.jpg","width":806,"height":600},{"@type":"WebPage","@id":"https:\/\/demo.tz-viskovo.hr\/en\/what-to-do\/viskovo-surroundings\/kastav\/#webpage","url":"https:\/\/demo.tz-viskovo.hr\/en\/what-to-do\/viskovo-surroundings\/kastav\/","name":"Kastav - Turisti\u010dka zajednica op\u0107ine Vi\u0161kovo","isPartOf":{"@id":"https:\/\/demo.tz-viskovo.hr\/it\/#website"},"primaryImageOfPage":{"@id":"https:\/\/demo.tz-viskovo.hr\/en\/what-to-do\/viskovo-surroundings\/kastav\/#primaryimage"},"datePublished":"2019-08-19T13:23:00+00:00","dateModified":"2019-08-23T06:41:50+00:00","breadcrumb":{"@id":"https:\/\/demo.tz-viskovo.hr\/en\/what-to-do\/viskovo-surroundings\/kastav\/#breadcrumb"},"inLanguage":"en-US","potentialAction":[{"@type":"ReadAction","target":["https:\/\/demo.tz-viskovo.hr\/en\/what-to-do\/viskovo-surroundings\/kastav\/"]}]},{"@type":"BreadcrumbList","@id":"https:\/\/demo.tz-viskovo.hr\/en\/what-to-do\/viskovo-surroundings\/kastav\/#breadcrumb","itemListElement":[{"@type":"ListItem","position":1,"name":"Home","item":"https:\/\/demo.tz-viskovo.hr\/en\/"},{"@type":"ListItem","position":2,"name":"What to do","item":"https:\/\/demo.tz-viskovo.hr\/en\/what-to-do\/"},{"@type":"ListItem","position":3,"name":"Vi\u0161kovo surroundings","item":"https:\/\/demo.tz-viskovo.hr\/en\/what-to-do\/viskovo-surroundings\/"},{"@type":"ListItem","position":4,"name":"Kastav"}]}]}},"_links":{"self":[{"href":"https:\/\/demo.tz-viskovo.hr\/en\/wp-json\/wp\/v2\/pages\/3525"}],"collection":[{"href":"https:\/\/demo.tz-viskovo.hr\/en\/wp-json\/wp\/v2\/pages"}],"about":[{"href":"https:\/\/demo.tz-viskovo.hr\/en\/wp-json\/wp\/v2\/types\/page"}],"author":[{"embeddable":true,"href":"https:\/\/demo.tz-viskovo.hr\/en\/wp-json\/wp\/v2\/users\/1"}],"replies":[{"embeddable":true,"href":"https:\/\/demo.tz-viskovo.hr\/en\/wp-json\/wp\/v2\/comments?post=3525"}],"version-history":[{"count":2,"href":"https:\/\/demo.tz-viskovo.hr\/en\/wp-json\/wp\/v2\/pages\/3525\/revisions"}],"predecessor-version":[{"id":3570,"href":"https:\/\/demo.tz-viskovo.hr\/en\/wp-json\/wp\/v2\/pages\/3525\/revisions\/3570"}],"up":[{"embeddable":true,"href":"https:\/\/demo.tz-viskovo.hr\/en\/wp-json\/wp\/v2\/pages\/3513"}],"wp:featuredmedia":[{"embeddable":true,"href":"https:\/\/demo.tz-viskovo.hr\/en\/wp-json\/wp\/v2\/media\/3529"}],"wp:attachment":[{"href":"https:\/\/demo.tz-viskovo.hr\/en\/wp-json\/wp\/v2\/media?parent=3525"}],"curies":[{"name":"wp","href":"https:\/\/api.w.org\/{rel}","templated":true}]}}