{"id":3575,"date":"2019-08-19T13:36:35","date_gmt":"2019-08-19T13:36:35","guid":{"rendered":"https:\/\/demo.tz-viskovo.hr\/?page_id=3575"},"modified":"2019-08-19T13:36:36","modified_gmt":"2019-08-19T13:36:36","slug":"cavle","status":"publish","type":"page","link":"https:\/\/demo.tz-viskovo.hr\/en\/what-to-do\/viskovo-surroundings\/cavle\/","title":{"rendered":"\u010cavle"},"content":{"rendered":"\n<p>Only 8 kilometres from Rijeka, in its hinterland, is \u010cavle. The view is admirable when you take the historic Lujzijana (Louisiana) road and arrive at the Buzdohanj plateau, from which you can see the Grobnik Alpes &#8211; sometimes grey, other times green or blue, or (possibly the favourite of the citizens of Rijeka and their guests) snow white. It is an invitation to the slopes of Platak, Rijeka&#8217;s excursion site throughout the year, and a winter ski resort unique for skiing with sea view.<\/p>\n\n\n\n<p>Due to the specific relief and geological structure and the differing vegetation, you will encounter Mediterranean plants and those typical of higher areas, such as linden and elderberry.<\/p>\n\n\n\n<p>This is also an area of rich history. Walk through the Grobnik Field and you will find the remnants of the Roman limes. Many armies have passed through this area throughout history and many battles have been won, the most famous of which was with the Tartars in 1242. A legend says that it was here, as a memory of the battle with the Turks in the 16th century, where the distinctive Rijeka jewellery with the Moretto (&#8220;mor\u010di\u0107&#8221;, a black man with a turban) was created. Maybe a &#8220;mor\u010di\u0107&#8221; &#8211; in the form of earrings, pendant or bracelet &#8211; will be your souvenir from the Rijeka area as well.<\/p>\n\n\n\n<p>Above Grobnik Field is where the town of Grobnik is located, a town of stone &#8211; a signatory of the oldest Vinodol Law, one of the oldest legal documents written in the Croatian language dating from 1288. The church of St. Philip and James that has been standing here for 900 years, also testifies about the rich history and early Christianity. The only museum of contemporary art in the Rijeka area is also located in Grobnik.<\/p>\n\n\n\n<p>The Automotodrom Grobnik, the meeting point of bikers from all over Europe, is also nearby, as well as a small airport \u2013 both a &#8220;rendezvous place&#8221; for all lovers of fast driving, competitive spirit and adrenaline.<\/p>\n\n\n\n<table class=\"wp-block-table\"><tbody><tr><td><strong>Address:<\/strong>\u00a0Turisti\u010dka zajednica Op\u0107ine \u010cavle, \u010cavle 104, 51218 \u010cavle<strong>\u00a0<\/strong><br><strong>Phone:<\/strong>\u00a0+385 51 549 120<strong>\u00a0<\/strong><br><strong>Website:<\/strong>\u00a0<a rel=\"noreferrer noopener\" href=\"http:\/\/www.tz-cavle.hr\/\" target=\"_blank\">www.tz-cavle.hr<\/a>\u00a0\u00a0\u00a0\u00a0<br><strong>E-mail:<\/strong>\u00a0<a href=\"mailto:info@tz-cavle.hr\">info@tz-cavle.hr<\/a><\/td><\/tr><\/tbody><\/table>\n","protected":false},"excerpt":{"rendered":"<p>Only 8 kilometres from Rijeka, in its hinterland, is \u010cavle. The view is admirable when you take the historic Lujzijana (Louisiana) road and arrive at the Buzdohanj plateau, from which you can see the Grobnik Alpes &#8211; sometimes grey, other times green or blue, or (possibly the favourite of the citizens of Rijeka and their [&hellip;]<\/p>\n","protected":false},"author":1,"featured_media":3577,"parent":3513,"menu_order":0,"comment_status":"closed","ping_status":"closed","template":"","meta":[],"acf":[],"yoast_head":"<!-- This site is optimized with the Yoast SEO plugin v17.6 - https:\/\/yoast.com\/wordpress\/plugins\/seo\/ -->\n<meta name=\"robots\" content=\"index, follow, max-snippet:-1, max-image-preview:large, max-video-preview:-1\" \/>\n<link rel=\"canonical\" href=\"https:\/\/demo.tz-viskovo.hr\/en\/what-to-do\/viskovo-surroundings\/cavle\/\" \/>\n<meta property=\"og:locale\" content=\"en_US\" \/>\n<meta property=\"og:type\" content=\"article\" \/>\n<meta property=\"og:title\" content=\"\u010cavle - Turisti\u010dka zajednica op\u0107ine Vi\u0161kovo\" \/>\n<meta property=\"og:description\" content=\"Only 8 kilometres from Rijeka, in its hinterland, is \u010cavle. The view is admirable when you take the historic Lujzijana (Louisiana) road and arrive at the Buzdohanj plateau, from which you can see the Grobnik Alpes &#8211; sometimes grey, other times green or blue, or (possibly the favourite of the citizens of Rijeka and their [&hellip;]\" \/>\n<meta property=\"og:url\" content=\"https:\/\/demo.tz-viskovo.hr\/en\/what-to-do\/viskovo-surroundings\/cavle\/\" \/>\n<meta property=\"og:site_name\" content=\"Turisti\u010dka zajednica op\u0107ine Vi\u0161kovo\" \/>\n<meta property=\"article:modified_time\" content=\"2019-08-19T13:36:36+00:00\" \/>\n<meta property=\"og:image\" content=\"https:\/\/demo.tz-viskovo.hr\/wp-content\/uploads\/2019\/07\/20151211124358000000-main.jpg\" \/>\n\t<meta property=\"og:image:width\" content=\"800\" \/>\n\t<meta property=\"og:image:height\" content=\"500\" \/>\n<meta name=\"twitter:card\" content=\"summary_large_image\" \/>\n<meta name=\"twitter:label1\" content=\"Est. reading time\" \/>\n\t<meta name=\"twitter:data1\" content=\"2 minutes\" \/>\n<script type=\"application\/ld+json\" class=\"yoast-schema-graph\">{\"@context\":\"https:\/\/schema.org\",\"@graph\":[{\"@type\":\"WebSite\",\"@id\":\"https:\/\/demo.tz-viskovo.hr\/it\/#website\",\"url\":\"https:\/\/demo.tz-viskovo.hr\/it\/\",\"name\":\"Turisti\\u010dka zajednica op\\u0107ine Vi\\u0161kovo\",\"description\":\"\",\"potentialAction\":[{\"@type\":\"SearchAction\",\"target\":{\"@type\":\"EntryPoint\",\"urlTemplate\":\"https:\/\/demo.tz-viskovo.hr\/it\/?s={search_term_string}\"},\"query-input\":\"required name=search_term_string\"}],\"inLanguage\":\"en-US\"},{\"@type\":\"ImageObject\",\"@id\":\"https:\/\/demo.tz-viskovo.hr\/en\/what-to-do\/viskovo-surroundings\/cavle\/#primaryimage\",\"inLanguage\":\"en-US\",\"url\":\"https:\/\/demo.tz-viskovo.hr\/wp-content\/uploads\/2019\/07\/20151211124358000000-main.jpg\",\"contentUrl\":\"https:\/\/demo.tz-viskovo.hr\/wp-content\/uploads\/2019\/07\/20151211124358000000-main.jpg\",\"width\":800,\"height\":500},{\"@type\":\"WebPage\",\"@id\":\"https:\/\/demo.tz-viskovo.hr\/en\/what-to-do\/viskovo-surroundings\/cavle\/#webpage\",\"url\":\"https:\/\/demo.tz-viskovo.hr\/en\/what-to-do\/viskovo-surroundings\/cavle\/\",\"name\":\"\\u010cavle - Turisti\\u010dka zajednica op\\u0107ine Vi\\u0161kovo\",\"isPartOf\":{\"@id\":\"https:\/\/demo.tz-viskovo.hr\/it\/#website\"},\"primaryImageOfPage\":{\"@id\":\"https:\/\/demo.tz-viskovo.hr\/en\/what-to-do\/viskovo-surroundings\/cavle\/#primaryimage\"},\"datePublished\":\"2019-08-19T13:36:35+00:00\",\"dateModified\":\"2019-08-19T13:36:36+00:00\",\"breadcrumb\":{\"@id\":\"https:\/\/demo.tz-viskovo.hr\/en\/what-to-do\/viskovo-surroundings\/cavle\/#breadcrumb\"},\"inLanguage\":\"en-US\",\"potentialAction\":[{\"@type\":\"ReadAction\",\"target\":[\"https:\/\/demo.tz-viskovo.hr\/en\/what-to-do\/viskovo-surroundings\/cavle\/\"]}]},{\"@type\":\"BreadcrumbList\",\"@id\":\"https:\/\/demo.tz-viskovo.hr\/en\/what-to-do\/viskovo-surroundings\/cavle\/#breadcrumb\",\"itemListElement\":[{\"@type\":\"ListItem\",\"position\":1,\"name\":\"Home\",\"item\":\"https:\/\/demo.tz-viskovo.hr\/en\/\"},{\"@type\":\"ListItem\",\"position\":2,\"name\":\"What to do\",\"item\":\"https:\/\/demo.tz-viskovo.hr\/en\/what-to-do\/\"},{\"@type\":\"ListItem\",\"position\":3,\"name\":\"Vi\\u0161kovo surroundings\",\"item\":\"https:\/\/demo.tz-viskovo.hr\/en\/what-to-do\/viskovo-surroundings\/\"},{\"@type\":\"ListItem\",\"position\":4,\"name\":\"\\u010cavle\"}]}]}<\/script>\n<!-- \/ Yoast SEO plugin. -->","yoast_head_json":{"robots":{"index":"index","follow":"follow","max-snippet":"max-snippet:-1","max-image-preview":"max-image-preview:large","max-video-preview":"max-video-preview:-1"},"canonical":"https:\/\/demo.tz-viskovo.hr\/en\/what-to-do\/viskovo-surroundings\/cavle\/","og_locale":"en_US","og_type":"article","og_title":"\u010cavle - Turisti\u010dka zajednica op\u0107ine Vi\u0161kovo","og_description":"Only 8 kilometres from Rijeka, in its hinterland, is \u010cavle. The view is admirable when you take the historic Lujzijana (Louisiana) road and arrive at the Buzdohanj plateau, from which you can see the Grobnik Alpes &#8211; sometimes grey, other times green or blue, or (possibly the favourite of the citizens of Rijeka and their [&hellip;]","og_url":"https:\/\/demo.tz-viskovo.hr\/en\/what-to-do\/viskovo-surroundings\/cavle\/","og_site_name":"Turisti\u010dka zajednica op\u0107ine Vi\u0161kovo","article_modified_time":"2019-08-19T13:36:36+00:00","og_image":[{"width":800,"height":500,"url":"https:\/\/demo.tz-viskovo.hr\/wp-content\/uploads\/2019\/07\/20151211124358000000-main.jpg","type":"image\/jpeg"}],"twitter_card":"summary_large_image","twitter_misc":{"Est. reading time":"2 minutes"},"schema":{"@context":"https:\/\/schema.org","@graph":[{"@type":"WebSite","@id":"https:\/\/demo.tz-viskovo.hr\/it\/#website","url":"https:\/\/demo.tz-viskovo.hr\/it\/","name":"Turisti\u010dka zajednica op\u0107ine Vi\u0161kovo","description":"","potentialAction":[{"@type":"SearchAction","target":{"@type":"EntryPoint","urlTemplate":"https:\/\/demo.tz-viskovo.hr\/it\/?s={search_term_string}"},"query-input":"required name=search_term_string"}],"inLanguage":"en-US"},{"@type":"ImageObject","@id":"https:\/\/demo.tz-viskovo.hr\/en\/what-to-do\/viskovo-surroundings\/cavle\/#primaryimage","inLanguage":"en-US","url":"https:\/\/demo.tz-viskovo.hr\/wp-content\/uploads\/2019\/07\/20151211124358000000-main.jpg","contentUrl":"https:\/\/demo.tz-viskovo.hr\/wp-content\/uploads\/2019\/07\/20151211124358000000-main.jpg","width":800,"height":500},{"@type":"WebPage","@id":"https:\/\/demo.tz-viskovo.hr\/en\/what-to-do\/viskovo-surroundings\/cavle\/#webpage","url":"https:\/\/demo.tz-viskovo.hr\/en\/what-to-do\/viskovo-surroundings\/cavle\/","name":"\u010cavle - Turisti\u010dka zajednica op\u0107ine Vi\u0161kovo","isPartOf":{"@id":"https:\/\/demo.tz-viskovo.hr\/it\/#website"},"primaryImageOfPage":{"@id":"https:\/\/demo.tz-viskovo.hr\/en\/what-to-do\/viskovo-surroundings\/cavle\/#primaryimage"},"datePublished":"2019-08-19T13:36:35+00:00","dateModified":"2019-08-19T13:36:36+00:00","breadcrumb":{"@id":"https:\/\/demo.tz-viskovo.hr\/en\/what-to-do\/viskovo-surroundings\/cavle\/#breadcrumb"},"inLanguage":"en-US","potentialAction":[{"@type":"ReadAction","target":["https:\/\/demo.tz-viskovo.hr\/en\/what-to-do\/viskovo-surroundings\/cavle\/"]}]},{"@type":"BreadcrumbList","@id":"https:\/\/demo.tz-viskovo.hr\/en\/what-to-do\/viskovo-surroundings\/cavle\/#breadcrumb","itemListElement":[{"@type":"ListItem","position":1,"name":"Home","item":"https:\/\/demo.tz-viskovo.hr\/en\/"},{"@type":"ListItem","position":2,"name":"What to do","item":"https:\/\/demo.tz-viskovo.hr\/en\/what-to-do\/"},{"@type":"ListItem","position":3,"name":"Vi\u0161kovo surroundings","item":"https:\/\/demo.tz-viskovo.hr\/en\/what-to-do\/viskovo-surroundings\/"},{"@type":"ListItem","position":4,"name":"\u010cavle"}]}]}},"_links":{"self":[{"href":"https:\/\/demo.tz-viskovo.hr\/en\/wp-json\/wp\/v2\/pages\/3575"}],"collection":[{"href":"https:\/\/demo.tz-viskovo.hr\/en\/wp-json\/wp\/v2\/pages"}],"about":[{"href":"https:\/\/demo.tz-viskovo.hr\/en\/wp-json\/wp\/v2\/types\/page"}],"author":[{"embeddable":true,"href":"https:\/\/demo.tz-viskovo.hr\/en\/wp-json\/wp\/v2\/users\/1"}],"replies":[{"embeddable":true,"href":"https:\/\/demo.tz-viskovo.hr\/en\/wp-json\/wp\/v2\/comments?post=3575"}],"version-history":[{"count":1,"href":"https:\/\/demo.tz-viskovo.hr\/en\/wp-json\/wp\/v2\/pages\/3575\/revisions"}],"predecessor-version":[{"id":3576,"href":"https:\/\/demo.tz-viskovo.hr\/en\/wp-json\/wp\/v2\/pages\/3575\/revisions\/3576"}],"up":[{"embeddable":true,"href":"https:\/\/demo.tz-viskovo.hr\/en\/wp-json\/wp\/v2\/pages\/3513"}],"wp:featuredmedia":[{"embeddable":true,"href":"https:\/\/demo.tz-viskovo.hr\/en\/wp-json\/wp\/v2\/media\/3577"}],"wp:attachment":[{"href":"https:\/\/demo.tz-viskovo.hr\/en\/wp-json\/wp\/v2\/media?parent=3575"}],"curies":[{"name":"wp","href":"https:\/\/api.w.org\/{rel}","templated":true}]}}