{"id":3586,"date":"2019-08-19T13:39:46","date_gmt":"2019-08-19T13:39:46","guid":{"rendered":"https:\/\/demo.tz-viskovo.hr\/?page_id=3586"},"modified":"2020-05-12T11:56:53","modified_gmt":"2020-05-12T11:56:53","slug":"bakar","status":"publish","type":"page","link":"https:\/\/demo.tz-viskovo.hr\/en\/what-to-do\/viskovo-surroundings\/bakar\/","title":{"rendered":"Bakar"},"content":{"rendered":"\n<p>The narrow streets and squares you walk on are layers of history that just as convincingly write this moment, too. Bakar, 13 kilometres from Rijeka, is one of the oldest towns in the northern Adriatic and was granted the status of royal town by Maria Theresa in 1779. It was built as an amphitheatre on a hill and its historical nucleus was declared a cultural monument in 1968. Few know that the very peak of Risnjak and part of Risnjak National Park, a true pleasure for all nature, recreation and adrenaline lovers, are located within the territory of the town of Bakar<\/p>\n\n\n\n<p>A long history has left many marks intertwined with the present. Take a tour of Bakar Castle, the Hreljin Fort, St. Andrew&#8217;s Church and its catacombs, and the Roman and Turkish House and many other cultural and historical attractions. Bakar and Hreljin are also signatories of the Vinodol Law, the oldest fully preserved monument to custom law in the Croatian language dating from the 13th century. &nbsp;<\/p>\n\n\n\n<p>You will remember Bakar by its flavors as well &#8211; the famous sparkling wine \u201cBakarska vodica\u201d made from a specific Beline vine grown on stone walls built by diligent farmer&#8217;s hands &#8211; dry stone walls, recently declared an ethno zone and entered in the cultural register. &nbsp;Another famous product is the Bakar &#8220;ba\u0161kot&#8221;, a toasted or fresh baked product shaped in a circle that was taken on longer fishing trips.&nbsp;<\/p>\n\n\n\n<table class=\"wp-block-table\"><tbody><tr><td><strong>Address:<\/strong>&nbsp;Turisti\u010dka zajednica Grada Bakra, Primorje 39, 51222 Bakar<strong>&nbsp;<\/strong><br><strong>Phone:<\/strong>&nbsp;+385 51 761 111<br><strong>Website:<\/strong>&nbsp;&nbsp;<a rel=\"noreferrer noopener\" href=\"http:\/\/www.tz-bakar.hr\/\" target=\"_blank\">www.tz-bakar.hr<\/a>&nbsp;&nbsp;&nbsp;&nbsp;<br><strong>E-mail:<\/strong>&nbsp;<a href=\"mailto:info@tz-bakar.hr\">info@tz-bakar.hr<\/a><\/td><\/tr><\/tbody><\/table>\n\n\n\n<p>Izvor fotografija: Turististi\u010dka zajednica Grada Bakar <\/p>\n","protected":false},"excerpt":{"rendered":"<p>The narrow streets and squares you walk on are layers of history that just as convincingly write this moment, too. Bakar, 13 kilometres from Rijeka, is one of the oldest towns in the northern Adriatic and was granted the status of royal town by Maria Theresa in 1779. It was built as an amphitheatre on [&hellip;]<\/p>\n","protected":false},"author":1,"featured_media":3590,"parent":3513,"menu_order":0,"comment_status":"closed","ping_status":"closed","template":"","meta":[],"acf":[],"yoast_head":"<!-- This site is optimized with the Yoast SEO plugin v17.6 - https:\/\/yoast.com\/wordpress\/plugins\/seo\/ -->\n<meta name=\"robots\" content=\"index, follow, max-snippet:-1, max-image-preview:large, max-video-preview:-1\" \/>\n<link rel=\"canonical\" href=\"https:\/\/demo.tz-viskovo.hr\/en\/what-to-do\/viskovo-surroundings\/bakar\/\" \/>\n<meta property=\"og:locale\" content=\"en_US\" \/>\n<meta property=\"og:type\" content=\"article\" \/>\n<meta property=\"og:title\" content=\"Bakar - Turisti\u010dka zajednica op\u0107ine Vi\u0161kovo\" \/>\n<meta property=\"og:description\" content=\"The narrow streets and squares you walk on are layers of history that just as convincingly write this moment, too. Bakar, 13 kilometres from Rijeka, is one of the oldest towns in the northern Adriatic and was granted the status of royal town by Maria Theresa in 1779. It was built as an amphitheatre on [&hellip;]\" \/>\n<meta property=\"og:url\" content=\"https:\/\/demo.tz-viskovo.hr\/en\/what-to-do\/viskovo-surroundings\/bakar\/\" \/>\n<meta property=\"og:site_name\" content=\"Turisti\u010dka zajednica op\u0107ine Vi\u0161kovo\" \/>\n<meta property=\"article:modified_time\" content=\"2020-05-12T11:56:53+00:00\" \/>\n<meta property=\"og:image\" content=\"https:\/\/demo.tz-viskovo.hr\/wp-content\/uploads\/2019\/07\/566ac4e3c396f.jpg\" \/>\n\t<meta property=\"og:image:width\" content=\"800\" \/>\n\t<meta property=\"og:image:height\" content=\"536\" \/>\n<meta name=\"twitter:card\" content=\"summary_large_image\" \/>\n<meta name=\"twitter:label1\" content=\"Est. reading time\" \/>\n\t<meta name=\"twitter:data1\" content=\"1 minute\" \/>\n<script type=\"application\/ld+json\" class=\"yoast-schema-graph\">{\"@context\":\"https:\/\/schema.org\",\"@graph\":[{\"@type\":\"WebSite\",\"@id\":\"https:\/\/demo.tz-viskovo.hr\/it\/#website\",\"url\":\"https:\/\/demo.tz-viskovo.hr\/it\/\",\"name\":\"Turisti\\u010dka zajednica op\\u0107ine Vi\\u0161kovo\",\"description\":\"\",\"potentialAction\":[{\"@type\":\"SearchAction\",\"target\":{\"@type\":\"EntryPoint\",\"urlTemplate\":\"https:\/\/demo.tz-viskovo.hr\/it\/?s={search_term_string}\"},\"query-input\":\"required name=search_term_string\"}],\"inLanguage\":\"en-US\"},{\"@type\":\"ImageObject\",\"@id\":\"https:\/\/demo.tz-viskovo.hr\/en\/what-to-do\/viskovo-surroundings\/bakar\/#primaryimage\",\"inLanguage\":\"en-US\",\"url\":\"https:\/\/demo.tz-viskovo.hr\/wp-content\/uploads\/2019\/07\/566ac4e3c396f.jpg\",\"contentUrl\":\"https:\/\/demo.tz-viskovo.hr\/wp-content\/uploads\/2019\/07\/566ac4e3c396f.jpg\",\"width\":800,\"height\":536},{\"@type\":\"WebPage\",\"@id\":\"https:\/\/demo.tz-viskovo.hr\/en\/what-to-do\/viskovo-surroundings\/bakar\/#webpage\",\"url\":\"https:\/\/demo.tz-viskovo.hr\/en\/what-to-do\/viskovo-surroundings\/bakar\/\",\"name\":\"Bakar - Turisti\\u010dka zajednica op\\u0107ine Vi\\u0161kovo\",\"isPartOf\":{\"@id\":\"https:\/\/demo.tz-viskovo.hr\/it\/#website\"},\"primaryImageOfPage\":{\"@id\":\"https:\/\/demo.tz-viskovo.hr\/en\/what-to-do\/viskovo-surroundings\/bakar\/#primaryimage\"},\"datePublished\":\"2019-08-19T13:39:46+00:00\",\"dateModified\":\"2020-05-12T11:56:53+00:00\",\"breadcrumb\":{\"@id\":\"https:\/\/demo.tz-viskovo.hr\/en\/what-to-do\/viskovo-surroundings\/bakar\/#breadcrumb\"},\"inLanguage\":\"en-US\",\"potentialAction\":[{\"@type\":\"ReadAction\",\"target\":[\"https:\/\/demo.tz-viskovo.hr\/en\/what-to-do\/viskovo-surroundings\/bakar\/\"]}]},{\"@type\":\"BreadcrumbList\",\"@id\":\"https:\/\/demo.tz-viskovo.hr\/en\/what-to-do\/viskovo-surroundings\/bakar\/#breadcrumb\",\"itemListElement\":[{\"@type\":\"ListItem\",\"position\":1,\"name\":\"Home\",\"item\":\"https:\/\/demo.tz-viskovo.hr\/en\/\"},{\"@type\":\"ListItem\",\"position\":2,\"name\":\"What to do\",\"item\":\"https:\/\/demo.tz-viskovo.hr\/en\/what-to-do\/\"},{\"@type\":\"ListItem\",\"position\":3,\"name\":\"Vi\\u0161kovo surroundings\",\"item\":\"https:\/\/demo.tz-viskovo.hr\/en\/what-to-do\/viskovo-surroundings\/\"},{\"@type\":\"ListItem\",\"position\":4,\"name\":\"Bakar\"}]}]}<\/script>\n<!-- \/ Yoast SEO plugin. -->","yoast_head_json":{"robots":{"index":"index","follow":"follow","max-snippet":"max-snippet:-1","max-image-preview":"max-image-preview:large","max-video-preview":"max-video-preview:-1"},"canonical":"https:\/\/demo.tz-viskovo.hr\/en\/what-to-do\/viskovo-surroundings\/bakar\/","og_locale":"en_US","og_type":"article","og_title":"Bakar - Turisti\u010dka zajednica op\u0107ine Vi\u0161kovo","og_description":"The narrow streets and squares you walk on are layers of history that just as convincingly write this moment, too. Bakar, 13 kilometres from Rijeka, is one of the oldest towns in the northern Adriatic and was granted the status of royal town by Maria Theresa in 1779. It was built as an amphitheatre on [&hellip;]","og_url":"https:\/\/demo.tz-viskovo.hr\/en\/what-to-do\/viskovo-surroundings\/bakar\/","og_site_name":"Turisti\u010dka zajednica op\u0107ine Vi\u0161kovo","article_modified_time":"2020-05-12T11:56:53+00:00","og_image":[{"width":800,"height":536,"url":"https:\/\/demo.tz-viskovo.hr\/wp-content\/uploads\/2019\/07\/566ac4e3c396f.jpg","type":"image\/jpeg"}],"twitter_card":"summary_large_image","twitter_misc":{"Est. reading time":"1 minute"},"schema":{"@context":"https:\/\/schema.org","@graph":[{"@type":"WebSite","@id":"https:\/\/demo.tz-viskovo.hr\/it\/#website","url":"https:\/\/demo.tz-viskovo.hr\/it\/","name":"Turisti\u010dka zajednica op\u0107ine Vi\u0161kovo","description":"","potentialAction":[{"@type":"SearchAction","target":{"@type":"EntryPoint","urlTemplate":"https:\/\/demo.tz-viskovo.hr\/it\/?s={search_term_string}"},"query-input":"required name=search_term_string"}],"inLanguage":"en-US"},{"@type":"ImageObject","@id":"https:\/\/demo.tz-viskovo.hr\/en\/what-to-do\/viskovo-surroundings\/bakar\/#primaryimage","inLanguage":"en-US","url":"https:\/\/demo.tz-viskovo.hr\/wp-content\/uploads\/2019\/07\/566ac4e3c396f.jpg","contentUrl":"https:\/\/demo.tz-viskovo.hr\/wp-content\/uploads\/2019\/07\/566ac4e3c396f.jpg","width":800,"height":536},{"@type":"WebPage","@id":"https:\/\/demo.tz-viskovo.hr\/en\/what-to-do\/viskovo-surroundings\/bakar\/#webpage","url":"https:\/\/demo.tz-viskovo.hr\/en\/what-to-do\/viskovo-surroundings\/bakar\/","name":"Bakar - Turisti\u010dka zajednica op\u0107ine Vi\u0161kovo","isPartOf":{"@id":"https:\/\/demo.tz-viskovo.hr\/it\/#website"},"primaryImageOfPage":{"@id":"https:\/\/demo.tz-viskovo.hr\/en\/what-to-do\/viskovo-surroundings\/bakar\/#primaryimage"},"datePublished":"2019-08-19T13:39:46+00:00","dateModified":"2020-05-12T11:56:53+00:00","breadcrumb":{"@id":"https:\/\/demo.tz-viskovo.hr\/en\/what-to-do\/viskovo-surroundings\/bakar\/#breadcrumb"},"inLanguage":"en-US","potentialAction":[{"@type":"ReadAction","target":["https:\/\/demo.tz-viskovo.hr\/en\/what-to-do\/viskovo-surroundings\/bakar\/"]}]},{"@type":"BreadcrumbList","@id":"https:\/\/demo.tz-viskovo.hr\/en\/what-to-do\/viskovo-surroundings\/bakar\/#breadcrumb","itemListElement":[{"@type":"ListItem","position":1,"name":"Home","item":"https:\/\/demo.tz-viskovo.hr\/en\/"},{"@type":"ListItem","position":2,"name":"What to do","item":"https:\/\/demo.tz-viskovo.hr\/en\/what-to-do\/"},{"@type":"ListItem","position":3,"name":"Vi\u0161kovo surroundings","item":"https:\/\/demo.tz-viskovo.hr\/en\/what-to-do\/viskovo-surroundings\/"},{"@type":"ListItem","position":4,"name":"Bakar"}]}]}},"_links":{"self":[{"href":"https:\/\/demo.tz-viskovo.hr\/en\/wp-json\/wp\/v2\/pages\/3586"}],"collection":[{"href":"https:\/\/demo.tz-viskovo.hr\/en\/wp-json\/wp\/v2\/pages"}],"about":[{"href":"https:\/\/demo.tz-viskovo.hr\/en\/wp-json\/wp\/v2\/types\/page"}],"author":[{"embeddable":true,"href":"https:\/\/demo.tz-viskovo.hr\/en\/wp-json\/wp\/v2\/users\/1"}],"replies":[{"embeddable":true,"href":"https:\/\/demo.tz-viskovo.hr\/en\/wp-json\/wp\/v2\/comments?post=3586"}],"version-history":[{"count":2,"href":"https:\/\/demo.tz-viskovo.hr\/en\/wp-json\/wp\/v2\/pages\/3586\/revisions"}],"predecessor-version":[{"id":13538,"href":"https:\/\/demo.tz-viskovo.hr\/en\/wp-json\/wp\/v2\/pages\/3586\/revisions\/13538"}],"up":[{"embeddable":true,"href":"https:\/\/demo.tz-viskovo.hr\/en\/wp-json\/wp\/v2\/pages\/3513"}],"wp:featuredmedia":[{"embeddable":true,"href":"https:\/\/demo.tz-viskovo.hr\/en\/wp-json\/wp\/v2\/media\/3590"}],"wp:attachment":[{"href":"https:\/\/demo.tz-viskovo.hr\/en\/wp-json\/wp\/v2\/media?parent=3586"}],"curies":[{"name":"wp","href":"https:\/\/api.w.org\/{rel}","templated":true}]}}