{"id":3594,"date":"2019-08-19T13:41:24","date_gmt":"2019-08-19T13:41:24","guid":{"rendered":"https:\/\/demo.tz-viskovo.hr\/?page_id=3594"},"modified":"2020-05-12T11:58:16","modified_gmt":"2020-05-12T11:58:16","slug":"kostrena","status":"publish","type":"page","link":"https:\/\/demo.tz-viskovo.hr\/en\/what-to-do\/viskovo-surroundings\/kostrena\/","title":{"rendered":"Kostrena"},"content":{"rendered":"\n<p>Kostrena, nine kilometres from Rijeka, is a destination any city with the pretension of being a Mediterranean should have. Only Rijeka has it. The peninsula of Kostrena is 10 kilometres long and has beautiful beaches along its entire length, a real magnet for swimmers.&nbsp;<\/p>\n\n\n\n<p>A characteristic karst area with Mediterranean plants and the famous stone walls (&#8220;groma\u010de&#8221;) of Kostrena, as well as a mild climate that sometimes gives in to strong gusts of bora wind, are features of this region.<\/p>\n\n\n\n<p>Kostrena has always lived the rhythm of the sea, which has marked the life of its inhabitants, seamen, who have sailed many seas of the world. Numerous captains originate from this area, some of which history remembers well, including Captain Pavle Randi\u0107 who was the first to pass through the Suez Canal when it opened. Erazmo Bernard Ti\u0107ac took part as chief designer in the creation of the first nuclear-powered merchant ship, the \u00abSavannah\u00bb. Kuzma Franeli\u0107 also made his contribution to the glory and courage of the local seamen by participating in the rescue of passengers after the shipwreck of the Titanic. Many esteemed shipbuilders and ship owners also originate from here.<\/p>\n\n\n\n<p>However, let&#8217;s leave history behind&#8230; the present of Kostrena is marked by tourism, swimmers and walkers who find beautiful beaches and one of the most beautiful seafront promenades, while divers will be attracted by the diversity of undersea relief.<\/p>\n\n\n\n<table class=\"wp-block-table\"><tbody><tr><td><strong>Address:<\/strong>&nbsp;Turisti\u010dka zajednica Op\u0107ine Kostrena, Kostrenskih boraca 1A, 51000 Kostrena<strong>&nbsp;<\/strong><br><strong>Phone:<\/strong>&nbsp;+385 51 289 207<strong>&nbsp;<\/strong><br><strong>Website:<\/strong>&nbsp;<a rel=\"noreferrer noopener\" href=\"http:\/\/www.tzo-kostrena.hr\/\" target=\"_blank\">www.tzo-kostrena.hr<\/a>&nbsp;&nbsp;&nbsp;&nbsp;&nbsp;<br><strong>E-mail:<\/strong>&nbsp;<a href=\"mailto:info@tzo-kostrena.hr\">info@tzo-kostrena.hr<\/a><\/td><\/tr><\/tbody><\/table>\n","protected":false},"excerpt":{"rendered":"<p>Kostrena, nine kilometres from Rijeka, is a destination any city with the pretension of being a Mediterranean should have. Only Rijeka has it. The peninsula of Kostrena is 10 kilometres long and has beautiful beaches along its entire length, a real magnet for swimmers.&nbsp; A characteristic karst area with Mediterranean plants and the famous stone [&hellip;]<\/p>\n","protected":false},"author":1,"featured_media":3600,"parent":3513,"menu_order":0,"comment_status":"closed","ping_status":"closed","template":"","meta":[],"acf":[],"yoast_head":"<!-- This site is optimized with the Yoast SEO plugin v17.6 - https:\/\/yoast.com\/wordpress\/plugins\/seo\/ -->\n<meta name=\"robots\" content=\"index, follow, max-snippet:-1, max-image-preview:large, max-video-preview:-1\" \/>\n<link rel=\"canonical\" href=\"https:\/\/demo.tz-viskovo.hr\/en\/what-to-do\/viskovo-surroundings\/kostrena\/\" \/>\n<meta property=\"og:locale\" content=\"en_US\" \/>\n<meta property=\"og:type\" content=\"article\" \/>\n<meta property=\"og:title\" content=\"Kostrena - Turisti\u010dka zajednica op\u0107ine Vi\u0161kovo\" \/>\n<meta property=\"og:description\" content=\"Kostrena, nine kilometres from Rijeka, is a destination any city with the pretension of being a Mediterranean should have. Only Rijeka has it. The peninsula of Kostrena is 10 kilometres long and has beautiful beaches along its entire length, a real magnet for swimmers.&nbsp; A characteristic karst area with Mediterranean plants and the famous stone [&hellip;]\" \/>\n<meta property=\"og:url\" content=\"https:\/\/demo.tz-viskovo.hr\/en\/what-to-do\/viskovo-surroundings\/kostrena\/\" \/>\n<meta property=\"og:site_name\" content=\"Turisti\u010dka zajednica op\u0107ine Vi\u0161kovo\" \/>\n<meta property=\"article:modified_time\" content=\"2020-05-12T11:58:16+00:00\" \/>\n<meta property=\"og:image\" content=\"https:\/\/demo.tz-viskovo.hr\/wp-content\/uploads\/2019\/07\/566ac5b4a7baf.jpg\" \/>\n\t<meta property=\"og:image:width\" content=\"800\" \/>\n\t<meta property=\"og:image:height\" content=\"600\" \/>\n<meta name=\"twitter:card\" content=\"summary_large_image\" \/>\n<meta name=\"twitter:label1\" content=\"Est. reading time\" \/>\n\t<meta name=\"twitter:data1\" content=\"1 minute\" \/>\n<script type=\"application\/ld+json\" class=\"yoast-schema-graph\">{\"@context\":\"https:\/\/schema.org\",\"@graph\":[{\"@type\":\"WebSite\",\"@id\":\"https:\/\/demo.tz-viskovo.hr\/it\/#website\",\"url\":\"https:\/\/demo.tz-viskovo.hr\/it\/\",\"name\":\"Turisti\\u010dka zajednica op\\u0107ine Vi\\u0161kovo\",\"description\":\"\",\"potentialAction\":[{\"@type\":\"SearchAction\",\"target\":{\"@type\":\"EntryPoint\",\"urlTemplate\":\"https:\/\/demo.tz-viskovo.hr\/it\/?s={search_term_string}\"},\"query-input\":\"required name=search_term_string\"}],\"inLanguage\":\"en-US\"},{\"@type\":\"ImageObject\",\"@id\":\"https:\/\/demo.tz-viskovo.hr\/en\/what-to-do\/viskovo-surroundings\/kostrena\/#primaryimage\",\"inLanguage\":\"en-US\",\"url\":\"https:\/\/demo.tz-viskovo.hr\/wp-content\/uploads\/2019\/07\/566ac5b4a7baf.jpg\",\"contentUrl\":\"https:\/\/demo.tz-viskovo.hr\/wp-content\/uploads\/2019\/07\/566ac5b4a7baf.jpg\",\"width\":800,\"height\":600},{\"@type\":\"WebPage\",\"@id\":\"https:\/\/demo.tz-viskovo.hr\/en\/what-to-do\/viskovo-surroundings\/kostrena\/#webpage\",\"url\":\"https:\/\/demo.tz-viskovo.hr\/en\/what-to-do\/viskovo-surroundings\/kostrena\/\",\"name\":\"Kostrena - Turisti\\u010dka zajednica op\\u0107ine Vi\\u0161kovo\",\"isPartOf\":{\"@id\":\"https:\/\/demo.tz-viskovo.hr\/it\/#website\"},\"primaryImageOfPage\":{\"@id\":\"https:\/\/demo.tz-viskovo.hr\/en\/what-to-do\/viskovo-surroundings\/kostrena\/#primaryimage\"},\"datePublished\":\"2019-08-19T13:41:24+00:00\",\"dateModified\":\"2020-05-12T11:58:16+00:00\",\"breadcrumb\":{\"@id\":\"https:\/\/demo.tz-viskovo.hr\/en\/what-to-do\/viskovo-surroundings\/kostrena\/#breadcrumb\"},\"inLanguage\":\"en-US\",\"potentialAction\":[{\"@type\":\"ReadAction\",\"target\":[\"https:\/\/demo.tz-viskovo.hr\/en\/what-to-do\/viskovo-surroundings\/kostrena\/\"]}]},{\"@type\":\"BreadcrumbList\",\"@id\":\"https:\/\/demo.tz-viskovo.hr\/en\/what-to-do\/viskovo-surroundings\/kostrena\/#breadcrumb\",\"itemListElement\":[{\"@type\":\"ListItem\",\"position\":1,\"name\":\"Home\",\"item\":\"https:\/\/demo.tz-viskovo.hr\/en\/\"},{\"@type\":\"ListItem\",\"position\":2,\"name\":\"What to do\",\"item\":\"https:\/\/demo.tz-viskovo.hr\/en\/what-to-do\/\"},{\"@type\":\"ListItem\",\"position\":3,\"name\":\"Vi\\u0161kovo surroundings\",\"item\":\"https:\/\/demo.tz-viskovo.hr\/en\/what-to-do\/viskovo-surroundings\/\"},{\"@type\":\"ListItem\",\"position\":4,\"name\":\"Kostrena\"}]}]}<\/script>\n<!-- \/ Yoast SEO plugin. -->","yoast_head_json":{"robots":{"index":"index","follow":"follow","max-snippet":"max-snippet:-1","max-image-preview":"max-image-preview:large","max-video-preview":"max-video-preview:-1"},"canonical":"https:\/\/demo.tz-viskovo.hr\/en\/what-to-do\/viskovo-surroundings\/kostrena\/","og_locale":"en_US","og_type":"article","og_title":"Kostrena - Turisti\u010dka zajednica op\u0107ine Vi\u0161kovo","og_description":"Kostrena, nine kilometres from Rijeka, is a destination any city with the pretension of being a Mediterranean should have. Only Rijeka has it. The peninsula of Kostrena is 10 kilometres long and has beautiful beaches along its entire length, a real magnet for swimmers.&nbsp; A characteristic karst area with Mediterranean plants and the famous stone [&hellip;]","og_url":"https:\/\/demo.tz-viskovo.hr\/en\/what-to-do\/viskovo-surroundings\/kostrena\/","og_site_name":"Turisti\u010dka zajednica op\u0107ine Vi\u0161kovo","article_modified_time":"2020-05-12T11:58:16+00:00","og_image":[{"width":800,"height":600,"url":"https:\/\/demo.tz-viskovo.hr\/wp-content\/uploads\/2019\/07\/566ac5b4a7baf.jpg","type":"image\/jpeg"}],"twitter_card":"summary_large_image","twitter_misc":{"Est. reading time":"1 minute"},"schema":{"@context":"https:\/\/schema.org","@graph":[{"@type":"WebSite","@id":"https:\/\/demo.tz-viskovo.hr\/it\/#website","url":"https:\/\/demo.tz-viskovo.hr\/it\/","name":"Turisti\u010dka zajednica op\u0107ine Vi\u0161kovo","description":"","potentialAction":[{"@type":"SearchAction","target":{"@type":"EntryPoint","urlTemplate":"https:\/\/demo.tz-viskovo.hr\/it\/?s={search_term_string}"},"query-input":"required name=search_term_string"}],"inLanguage":"en-US"},{"@type":"ImageObject","@id":"https:\/\/demo.tz-viskovo.hr\/en\/what-to-do\/viskovo-surroundings\/kostrena\/#primaryimage","inLanguage":"en-US","url":"https:\/\/demo.tz-viskovo.hr\/wp-content\/uploads\/2019\/07\/566ac5b4a7baf.jpg","contentUrl":"https:\/\/demo.tz-viskovo.hr\/wp-content\/uploads\/2019\/07\/566ac5b4a7baf.jpg","width":800,"height":600},{"@type":"WebPage","@id":"https:\/\/demo.tz-viskovo.hr\/en\/what-to-do\/viskovo-surroundings\/kostrena\/#webpage","url":"https:\/\/demo.tz-viskovo.hr\/en\/what-to-do\/viskovo-surroundings\/kostrena\/","name":"Kostrena - Turisti\u010dka zajednica op\u0107ine Vi\u0161kovo","isPartOf":{"@id":"https:\/\/demo.tz-viskovo.hr\/it\/#website"},"primaryImageOfPage":{"@id":"https:\/\/demo.tz-viskovo.hr\/en\/what-to-do\/viskovo-surroundings\/kostrena\/#primaryimage"},"datePublished":"2019-08-19T13:41:24+00:00","dateModified":"2020-05-12T11:58:16+00:00","breadcrumb":{"@id":"https:\/\/demo.tz-viskovo.hr\/en\/what-to-do\/viskovo-surroundings\/kostrena\/#breadcrumb"},"inLanguage":"en-US","potentialAction":[{"@type":"ReadAction","target":["https:\/\/demo.tz-viskovo.hr\/en\/what-to-do\/viskovo-surroundings\/kostrena\/"]}]},{"@type":"BreadcrumbList","@id":"https:\/\/demo.tz-viskovo.hr\/en\/what-to-do\/viskovo-surroundings\/kostrena\/#breadcrumb","itemListElement":[{"@type":"ListItem","position":1,"name":"Home","item":"https:\/\/demo.tz-viskovo.hr\/en\/"},{"@type":"ListItem","position":2,"name":"What to do","item":"https:\/\/demo.tz-viskovo.hr\/en\/what-to-do\/"},{"@type":"ListItem","position":3,"name":"Vi\u0161kovo surroundings","item":"https:\/\/demo.tz-viskovo.hr\/en\/what-to-do\/viskovo-surroundings\/"},{"@type":"ListItem","position":4,"name":"Kostrena"}]}]}},"_links":{"self":[{"href":"https:\/\/demo.tz-viskovo.hr\/en\/wp-json\/wp\/v2\/pages\/3594"}],"collection":[{"href":"https:\/\/demo.tz-viskovo.hr\/en\/wp-json\/wp\/v2\/pages"}],"about":[{"href":"https:\/\/demo.tz-viskovo.hr\/en\/wp-json\/wp\/v2\/types\/page"}],"author":[{"embeddable":true,"href":"https:\/\/demo.tz-viskovo.hr\/en\/wp-json\/wp\/v2\/users\/1"}],"replies":[{"embeddable":true,"href":"https:\/\/demo.tz-viskovo.hr\/en\/wp-json\/wp\/v2\/comments?post=3594"}],"version-history":[{"count":2,"href":"https:\/\/demo.tz-viskovo.hr\/en\/wp-json\/wp\/v2\/pages\/3594\/revisions"}],"predecessor-version":[{"id":13539,"href":"https:\/\/demo.tz-viskovo.hr\/en\/wp-json\/wp\/v2\/pages\/3594\/revisions\/13539"}],"up":[{"embeddable":true,"href":"https:\/\/demo.tz-viskovo.hr\/en\/wp-json\/wp\/v2\/pages\/3513"}],"wp:featuredmedia":[{"embeddable":true,"href":"https:\/\/demo.tz-viskovo.hr\/en\/wp-json\/wp\/v2\/media\/3600"}],"wp:attachment":[{"href":"https:\/\/demo.tz-viskovo.hr\/en\/wp-json\/wp\/v2\/media?parent=3594"}],"curies":[{"name":"wp","href":"https:\/\/api.w.org\/{rel}","templated":true}]}}