{"id":3605,"date":"2019-08-19T14:10:31","date_gmt":"2019-08-19T14:10:31","guid":{"rendered":"https:\/\/demo.tz-viskovo.hr\/?page_id=3605"},"modified":"2019-12-10T13:35:27","modified_gmt":"2019-12-10T13:35:27","slug":"general-info","status":"publish","type":"page","link":"https:\/\/demo.tz-viskovo.hr\/en\/info\/tips-info\/general-info\/","title":{"rendered":"General info"},"content":{"rendered":"\n<h2>BORDERS<\/h2>\n\n\n\n<p>As a travel document for entry into Croatia is recognized passport or other identification document recognized by international treaty.<\/p>\n\n\n\n<p>Customs of the Republic of Croatian aligned with the standards of EU member states.<\/p>\n\n\n\n<p>Foreign currencies can be imported and exported freely from country to an amount equivalent to 15,000 Kuna.<\/p>\n\n\n\n<p>Professional and technical equipment of larger value must be declared at the border.<\/p>\n\n\n\n<p>Dogs and cats must have an international certificate issued by a veterinarian who confirms that it has passed between 15 days and six months prior to entry into Croatia since the last vaccination against rabies.<\/p>\n\n\n\n<h2>STATE HOLIDAYS<\/h2>\n\n\n\n<p><strong>State Holidays in 2019.<\/strong><\/p>\n\n\n\n<p>JANUARY&nbsp;<br>01.01. New Year&nbsp;<br>06.01. Epiphany<\/p>\n\n\n\n<p>APRIL\u00a0<br>21.04. Easter\u00a0<br>22.04. Easter Monday<\/p>\n\n\n\n<p>APRIL&nbsp;<br>15.04. Day of Viskovo Municipality<\/p>\n\n\n\n<p>MAY&nbsp;<br>01.05. Labor Day<\/p>\n\n\n\n<p>JUNE\u00a0<br>20.06. Corpus Christi\u00a0<br>22.06. Day of Antifascist Struggle\u00a0<br>25.06. Statehood Day<\/p>\n\n\n\n<p>AUGUST&nbsp;<br>05.08. Victory and Homeland Thanksgiving Day&nbsp;<br>15.08. Assumption<\/p>\n\n\n\n<p>OCTOBER&nbsp;<br>08.10. Independence Day<\/p>\n\n\n\n<p>NOVEMBER&nbsp;<br>01.11. All Saints<\/p>\n\n\n\n<p>DECEMBER&nbsp;<br>25.12. Christmas&nbsp;<br>26.12. Sv. Stephen<\/p>\n","protected":false},"excerpt":{"rendered":"<p>BORDERS As a travel document for entry into Croatia is recognized passport or other identification document recognized by international treaty. Customs of the Republic of Croatian aligned with the standards of EU member states. Foreign currencies can be imported and exported freely from country to an amount equivalent to 15,000 Kuna. Professional and technical equipment [&hellip;]<\/p>\n","protected":false},"author":1,"featured_media":3607,"parent":3376,"menu_order":0,"comment_status":"closed","ping_status":"closed","template":"","meta":[],"acf":[],"yoast_head":"<!-- This site is optimized with the Yoast SEO plugin v17.6 - https:\/\/yoast.com\/wordpress\/plugins\/seo\/ -->\n<meta name=\"robots\" content=\"index, follow, max-snippet:-1, max-image-preview:large, max-video-preview:-1\" \/>\n<link rel=\"canonical\" href=\"https:\/\/demo.tz-viskovo.hr\/en\/info\/tips-info\/general-info\/\" \/>\n<meta property=\"og:locale\" content=\"en_US\" \/>\n<meta property=\"og:type\" content=\"article\" \/>\n<meta property=\"og:title\" content=\"General info - Turisti\u010dka zajednica op\u0107ine Vi\u0161kovo\" \/>\n<meta property=\"og:description\" content=\"BORDERS As a travel document for entry into Croatia is recognized passport or other identification document recognized by international treaty. Customs of the Republic of Croatian aligned with the standards of EU member states. Foreign currencies can be imported and exported freely from country to an amount equivalent to 15,000 Kuna. Professional and technical equipment [&hellip;]\" \/>\n<meta property=\"og:url\" content=\"https:\/\/demo.tz-viskovo.hr\/en\/info\/tips-info\/general-info\/\" \/>\n<meta property=\"og:site_name\" content=\"Turisti\u010dka zajednica op\u0107ine Vi\u0161kovo\" \/>\n<meta property=\"article:modified_time\" content=\"2019-12-10T13:35:27+00:00\" \/>\n<meta property=\"og:image\" content=\"https:\/\/demo.tz-viskovo.hr\/wp-content\/uploads\/2019\/05\/tips.jpg\" \/>\n\t<meta property=\"og:image:width\" content=\"1280\" \/>\n\t<meta property=\"og:image:height\" content=\"648\" \/>\n<meta name=\"twitter:card\" content=\"summary_large_image\" \/>\n<meta name=\"twitter:label1\" content=\"Est. reading time\" \/>\n\t<meta name=\"twitter:data1\" content=\"1 minute\" \/>\n<script type=\"application\/ld+json\" class=\"yoast-schema-graph\">{\"@context\":\"https:\/\/schema.org\",\"@graph\":[{\"@type\":\"WebSite\",\"@id\":\"https:\/\/demo.tz-viskovo.hr\/it\/#website\",\"url\":\"https:\/\/demo.tz-viskovo.hr\/it\/\",\"name\":\"Turisti\\u010dka zajednica op\\u0107ine Vi\\u0161kovo\",\"description\":\"\",\"potentialAction\":[{\"@type\":\"SearchAction\",\"target\":{\"@type\":\"EntryPoint\",\"urlTemplate\":\"https:\/\/demo.tz-viskovo.hr\/it\/?s={search_term_string}\"},\"query-input\":\"required name=search_term_string\"}],\"inLanguage\":\"en-US\"},{\"@type\":\"ImageObject\",\"@id\":\"https:\/\/demo.tz-viskovo.hr\/en\/info\/tips-info\/general-info\/#primaryimage\",\"inLanguage\":\"en-US\",\"url\":\"https:\/\/demo.tz-viskovo.hr\/wp-content\/uploads\/2019\/05\/tips.jpg\",\"contentUrl\":\"https:\/\/demo.tz-viskovo.hr\/wp-content\/uploads\/2019\/05\/tips.jpg\",\"width\":1280,\"height\":648},{\"@type\":\"WebPage\",\"@id\":\"https:\/\/demo.tz-viskovo.hr\/en\/info\/tips-info\/general-info\/#webpage\",\"url\":\"https:\/\/demo.tz-viskovo.hr\/en\/info\/tips-info\/general-info\/\",\"name\":\"General info - Turisti\\u010dka zajednica op\\u0107ine Vi\\u0161kovo\",\"isPartOf\":{\"@id\":\"https:\/\/demo.tz-viskovo.hr\/it\/#website\"},\"primaryImageOfPage\":{\"@id\":\"https:\/\/demo.tz-viskovo.hr\/en\/info\/tips-info\/general-info\/#primaryimage\"},\"datePublished\":\"2019-08-19T14:10:31+00:00\",\"dateModified\":\"2019-12-10T13:35:27+00:00\",\"breadcrumb\":{\"@id\":\"https:\/\/demo.tz-viskovo.hr\/en\/info\/tips-info\/general-info\/#breadcrumb\"},\"inLanguage\":\"en-US\",\"potentialAction\":[{\"@type\":\"ReadAction\",\"target\":[\"https:\/\/demo.tz-viskovo.hr\/en\/info\/tips-info\/general-info\/\"]}]},{\"@type\":\"BreadcrumbList\",\"@id\":\"https:\/\/demo.tz-viskovo.hr\/en\/info\/tips-info\/general-info\/#breadcrumb\",\"itemListElement\":[{\"@type\":\"ListItem\",\"position\":1,\"name\":\"Home\",\"item\":\"https:\/\/demo.tz-viskovo.hr\/en\/\"},{\"@type\":\"ListItem\",\"position\":2,\"name\":\"Info\",\"item\":\"https:\/\/demo.tz-viskovo.hr\/en\/info\/\"},{\"@type\":\"ListItem\",\"position\":3,\"name\":\"Tips &#038; info\",\"item\":\"https:\/\/demo.tz-viskovo.hr\/en\/info\/tips-info\/\"},{\"@type\":\"ListItem\",\"position\":4,\"name\":\"General info\"}]}]}<\/script>\n<!-- \/ Yoast SEO plugin. -->","yoast_head_json":{"robots":{"index":"index","follow":"follow","max-snippet":"max-snippet:-1","max-image-preview":"max-image-preview:large","max-video-preview":"max-video-preview:-1"},"canonical":"https:\/\/demo.tz-viskovo.hr\/en\/info\/tips-info\/general-info\/","og_locale":"en_US","og_type":"article","og_title":"General info - Turisti\u010dka zajednica op\u0107ine Vi\u0161kovo","og_description":"BORDERS As a travel document for entry into Croatia is recognized passport or other identification document recognized by international treaty. Customs of the Republic of Croatian aligned with the standards of EU member states. Foreign currencies can be imported and exported freely from country to an amount equivalent to 15,000 Kuna. Professional and technical equipment [&hellip;]","og_url":"https:\/\/demo.tz-viskovo.hr\/en\/info\/tips-info\/general-info\/","og_site_name":"Turisti\u010dka zajednica op\u0107ine Vi\u0161kovo","article_modified_time":"2019-12-10T13:35:27+00:00","og_image":[{"width":1280,"height":648,"url":"https:\/\/demo.tz-viskovo.hr\/wp-content\/uploads\/2019\/05\/tips.jpg","type":"image\/jpeg"}],"twitter_card":"summary_large_image","twitter_misc":{"Est. reading time":"1 minute"},"schema":{"@context":"https:\/\/schema.org","@graph":[{"@type":"WebSite","@id":"https:\/\/demo.tz-viskovo.hr\/it\/#website","url":"https:\/\/demo.tz-viskovo.hr\/it\/","name":"Turisti\u010dka zajednica op\u0107ine Vi\u0161kovo","description":"","potentialAction":[{"@type":"SearchAction","target":{"@type":"EntryPoint","urlTemplate":"https:\/\/demo.tz-viskovo.hr\/it\/?s={search_term_string}"},"query-input":"required name=search_term_string"}],"inLanguage":"en-US"},{"@type":"ImageObject","@id":"https:\/\/demo.tz-viskovo.hr\/en\/info\/tips-info\/general-info\/#primaryimage","inLanguage":"en-US","url":"https:\/\/demo.tz-viskovo.hr\/wp-content\/uploads\/2019\/05\/tips.jpg","contentUrl":"https:\/\/demo.tz-viskovo.hr\/wp-content\/uploads\/2019\/05\/tips.jpg","width":1280,"height":648},{"@type":"WebPage","@id":"https:\/\/demo.tz-viskovo.hr\/en\/info\/tips-info\/general-info\/#webpage","url":"https:\/\/demo.tz-viskovo.hr\/en\/info\/tips-info\/general-info\/","name":"General info - Turisti\u010dka zajednica op\u0107ine Vi\u0161kovo","isPartOf":{"@id":"https:\/\/demo.tz-viskovo.hr\/it\/#website"},"primaryImageOfPage":{"@id":"https:\/\/demo.tz-viskovo.hr\/en\/info\/tips-info\/general-info\/#primaryimage"},"datePublished":"2019-08-19T14:10:31+00:00","dateModified":"2019-12-10T13:35:27+00:00","breadcrumb":{"@id":"https:\/\/demo.tz-viskovo.hr\/en\/info\/tips-info\/general-info\/#breadcrumb"},"inLanguage":"en-US","potentialAction":[{"@type":"ReadAction","target":["https:\/\/demo.tz-viskovo.hr\/en\/info\/tips-info\/general-info\/"]}]},{"@type":"BreadcrumbList","@id":"https:\/\/demo.tz-viskovo.hr\/en\/info\/tips-info\/general-info\/#breadcrumb","itemListElement":[{"@type":"ListItem","position":1,"name":"Home","item":"https:\/\/demo.tz-viskovo.hr\/en\/"},{"@type":"ListItem","position":2,"name":"Info","item":"https:\/\/demo.tz-viskovo.hr\/en\/info\/"},{"@type":"ListItem","position":3,"name":"Tips &#038; info","item":"https:\/\/demo.tz-viskovo.hr\/en\/info\/tips-info\/"},{"@type":"ListItem","position":4,"name":"General info"}]}]}},"_links":{"self":[{"href":"https:\/\/demo.tz-viskovo.hr\/en\/wp-json\/wp\/v2\/pages\/3605"}],"collection":[{"href":"https:\/\/demo.tz-viskovo.hr\/en\/wp-json\/wp\/v2\/pages"}],"about":[{"href":"https:\/\/demo.tz-viskovo.hr\/en\/wp-json\/wp\/v2\/types\/page"}],"author":[{"embeddable":true,"href":"https:\/\/demo.tz-viskovo.hr\/en\/wp-json\/wp\/v2\/users\/1"}],"replies":[{"embeddable":true,"href":"https:\/\/demo.tz-viskovo.hr\/en\/wp-json\/wp\/v2\/comments?post=3605"}],"version-history":[{"count":2,"href":"https:\/\/demo.tz-viskovo.hr\/en\/wp-json\/wp\/v2\/pages\/3605\/revisions"}],"predecessor-version":[{"id":10409,"href":"https:\/\/demo.tz-viskovo.hr\/en\/wp-json\/wp\/v2\/pages\/3605\/revisions\/10409"}],"up":[{"embeddable":true,"href":"https:\/\/demo.tz-viskovo.hr\/en\/wp-json\/wp\/v2\/pages\/3376"}],"wp:featuredmedia":[{"embeddable":true,"href":"https:\/\/demo.tz-viskovo.hr\/en\/wp-json\/wp\/v2\/media\/3607"}],"wp:attachment":[{"href":"https:\/\/demo.tz-viskovo.hr\/en\/wp-json\/wp\/v2\/media?parent=3605"}],"curies":[{"name":"wp","href":"https:\/\/api.w.org\/{rel}","templated":true}]}}