{"id":3608,"date":"2019-08-19T14:14:51","date_gmt":"2019-08-19T14:14:51","guid":{"rendered":"https:\/\/demo.tz-viskovo.hr\/?page_id=3608"},"modified":"2020-07-07T12:39:46","modified_gmt":"2020-07-07T12:39:46","slug":"money-and-atm","status":"publish","type":"page","link":"https:\/\/demo.tz-viskovo.hr\/en\/info\/tips-info\/money-and-atm\/","title":{"rendered":"Money and ATM"},"content":{"rendered":"\n<p>The Croatian currency is the kuna, 1 kuna (kn) = 100 Lipa (lp)<\/p>\n\n\n\n<p>Notes are in denominations of 1000, 500, 200, 100, 50, 20 and 10 kn.<\/p>\n\n\n\n<p>Coins in denominations of 5, 2 and 1 kuna and the rate of 50, 20, 10, 5, 2 and 1 lipa.<\/p>\n\n\n\n<p>Foreign currencies can be exchanged at banks, exchange offices, post offices, travel agencies, hotels and campsites.&nbsp;<\/p>\n\n\n\n<p><br>Exchange rates are published in a newspaper and in all places where the currency is exchanged.<\/p>\n\n\n\n<p>Exchange rates can be checked on-line at the site of the Croatian National Bank  (<a href=\"https:\/\/www.hnb.hr\/temeljne-funkcije\/monetarna-politika\/tecajna-lista\/tecajna-lista\">HNB \u2013 Te\u010dajna lista<\/a>) <\/p>\n\n\n\n<p>Cheques can be cashed in banks.<\/p>\n\n\n\n<p>In Viskovo operates 7 banks, post office and 2 exchange offices.<\/p>\n\n\n\n<p>Most shops, restaurants and agencies accept all major credit cards (Eurocard \/ Mastercard, American Express, Diners, Visa). Outlets where the credit card is accepted have a label with the logo of the credit card you can use for payment.<\/p>\n\n\n\n<p>In Viskovo there are 10 ATM of following banks:<\/p>\n\n\n\n<table class=\"wp-block-table\"><tbody><tr><td><strong>ERSTE BANKA<\/strong><\/td><\/tr><tr><td>Vi\u0161kovo 122C<\/td><\/tr><tr><td>Gornji Sroki 57A<\/td><\/tr><tr><td>Marini\u0107i b.b., market Plodine<\/td><\/tr><tr><td>Marini\u0107i 18<\/td><\/tr><tr><td><strong>OTP BANKA<\/strong><\/td><\/tr><tr><td>Vi\u0161kovo 122<\/td><\/tr><tr><td><strong>PRIVREDNA BANKA<\/strong><\/td><\/tr><tr><td>Marini\u0107i 11<\/td><\/tr><tr><td>Vi\u0161kovo 30<\/td><\/tr><tr><td><strong>ZAGREBA\u010cKA BANKA<\/strong><\/td><\/tr><tr><td>Vozi\u0161\u0107e 24<\/td><\/tr><tr><td><strong>RAIFFEISEN BANKA<\/strong><\/td><\/tr><tr><td>Vozi\u0161\u0107e 3<\/td><\/tr><tr><td><strong>ADDIKO BANKA<\/strong><\/td><\/tr><tr><td>Vozi\u0161\u0107e 5<\/td><\/tr><\/tbody><\/table>\n\n\n\n<p><strong>Exchange offices in Vi\u0161kovo<\/strong> <\/p>\n\n\n\n<table class=\"wp-block-table\"><tbody><tr><td><strong>KREDITNA UNIJA DUKAT &#8211; POSLOVNICA VI\u0160KOVO<\/strong><\/td><\/tr><tr><td>Adresa<\/td><td>Vi\u0161kovo 32, 51216 Vi\u0161kovo<\/td><\/tr><tr><td>Telefon<\/td><td>+385 51 257 515&nbsp;<\/td><\/tr><tr><td>Radno vrijeme<\/td><td>&nbsp;07:30 &#8211; 19:30<\/td><\/tr><tr><td><strong>MJENJA\u010cNICA KUNA<\/strong><\/td><\/tr><tr><td>Adresa<\/td><td>Vozi\u0161\u0107e 1, 51216 Vi\u0161kovo<\/td><\/tr><tr><td>Telefon<\/td><td>+385 51 257 710<\/td><\/tr><tr><td>&nbsp;<\/td><td>&nbsp;<\/td><\/tr><\/tbody><\/table>\n\n\n\n<p><a href=\"http:\/\/www.tz-viskovo.hr\/upload\/files\/mini_tourist_guide.pdf\">Mini Tourist&#8211;Consumer Guide<\/a><br><\/p>\n","protected":false},"excerpt":{"rendered":"<p>The Croatian currency is the kuna, 1 kuna (kn) = 100 Lipa (lp) Notes are in denominations of 1000, 500, 200, 100, 50, 20 and 10 kn. Coins in denominations of 5, 2 and 1 kuna and the rate of 50, 20, 10, 5, 2 and 1 lipa. Foreign currencies can be exchanged at banks, [&hellip;]<\/p>\n","protected":false},"author":1,"featured_media":14773,"parent":3376,"menu_order":0,"comment_status":"closed","ping_status":"closed","template":"","meta":[],"acf":[],"yoast_head":"<!-- This site is optimized with the Yoast SEO plugin v17.6 - https:\/\/yoast.com\/wordpress\/plugins\/seo\/ -->\n<meta name=\"robots\" content=\"index, follow, max-snippet:-1, max-image-preview:large, max-video-preview:-1\" \/>\n<link rel=\"canonical\" href=\"https:\/\/demo.tz-viskovo.hr\/en\/info\/tips-info\/money-and-atm\/\" \/>\n<meta property=\"og:locale\" content=\"en_US\" \/>\n<meta property=\"og:type\" content=\"article\" \/>\n<meta property=\"og:title\" content=\"Money and ATM - Turisti\u010dka zajednica op\u0107ine Vi\u0161kovo\" \/>\n<meta property=\"og:description\" content=\"The Croatian currency is the kuna, 1 kuna (kn) = 100 Lipa (lp) Notes are in denominations of 1000, 500, 200, 100, 50, 20 and 10 kn. Coins in denominations of 5, 2 and 1 kuna and the rate of 50, 20, 10, 5, 2 and 1 lipa. Foreign currencies can be exchanged at banks, [&hellip;]\" \/>\n<meta property=\"og:url\" content=\"https:\/\/demo.tz-viskovo.hr\/en\/info\/tips-info\/money-and-atm\/\" \/>\n<meta property=\"og:site_name\" content=\"Turisti\u010dka zajednica op\u0107ine Vi\u0161kovo\" \/>\n<meta property=\"article:modified_time\" content=\"2020-07-07T12:39:46+00:00\" \/>\n<meta property=\"og:image\" content=\"https:\/\/demo.tz-viskovo.hr\/wp-content\/uploads\/2020\/07\/preuzmi.jpg\" \/>\n\t<meta property=\"og:image:width\" content=\"273\" \/>\n\t<meta property=\"og:image:height\" content=\"185\" \/>\n<meta name=\"twitter:card\" content=\"summary_large_image\" \/>\n<meta name=\"twitter:label1\" content=\"Est. reading time\" \/>\n\t<meta name=\"twitter:data1\" content=\"1 minute\" \/>\n<script type=\"application\/ld+json\" class=\"yoast-schema-graph\">{\"@context\":\"https:\/\/schema.org\",\"@graph\":[{\"@type\":\"WebSite\",\"@id\":\"https:\/\/demo.tz-viskovo.hr\/it\/#website\",\"url\":\"https:\/\/demo.tz-viskovo.hr\/it\/\",\"name\":\"Turisti\\u010dka zajednica op\\u0107ine Vi\\u0161kovo\",\"description\":\"\",\"potentialAction\":[{\"@type\":\"SearchAction\",\"target\":{\"@type\":\"EntryPoint\",\"urlTemplate\":\"https:\/\/demo.tz-viskovo.hr\/it\/?s={search_term_string}\"},\"query-input\":\"required name=search_term_string\"}],\"inLanguage\":\"en-US\"},{\"@type\":\"ImageObject\",\"@id\":\"https:\/\/demo.tz-viskovo.hr\/en\/info\/tips-info\/money-and-atm\/#primaryimage\",\"inLanguage\":\"en-US\",\"url\":\"https:\/\/demo.tz-viskovo.hr\/wp-content\/uploads\/2020\/07\/preuzmi.jpg\",\"contentUrl\":\"https:\/\/demo.tz-viskovo.hr\/wp-content\/uploads\/2020\/07\/preuzmi.jpg\",\"width\":273,\"height\":185},{\"@type\":\"WebPage\",\"@id\":\"https:\/\/demo.tz-viskovo.hr\/en\/info\/tips-info\/money-and-atm\/#webpage\",\"url\":\"https:\/\/demo.tz-viskovo.hr\/en\/info\/tips-info\/money-and-atm\/\",\"name\":\"Money and ATM - Turisti\\u010dka zajednica op\\u0107ine Vi\\u0161kovo\",\"isPartOf\":{\"@id\":\"https:\/\/demo.tz-viskovo.hr\/it\/#website\"},\"primaryImageOfPage\":{\"@id\":\"https:\/\/demo.tz-viskovo.hr\/en\/info\/tips-info\/money-and-atm\/#primaryimage\"},\"datePublished\":\"2019-08-19T14:14:51+00:00\",\"dateModified\":\"2020-07-07T12:39:46+00:00\",\"breadcrumb\":{\"@id\":\"https:\/\/demo.tz-viskovo.hr\/en\/info\/tips-info\/money-and-atm\/#breadcrumb\"},\"inLanguage\":\"en-US\",\"potentialAction\":[{\"@type\":\"ReadAction\",\"target\":[\"https:\/\/demo.tz-viskovo.hr\/en\/info\/tips-info\/money-and-atm\/\"]}]},{\"@type\":\"BreadcrumbList\",\"@id\":\"https:\/\/demo.tz-viskovo.hr\/en\/info\/tips-info\/money-and-atm\/#breadcrumb\",\"itemListElement\":[{\"@type\":\"ListItem\",\"position\":1,\"name\":\"Home\",\"item\":\"https:\/\/demo.tz-viskovo.hr\/en\/\"},{\"@type\":\"ListItem\",\"position\":2,\"name\":\"Info\",\"item\":\"https:\/\/demo.tz-viskovo.hr\/en\/info\/\"},{\"@type\":\"ListItem\",\"position\":3,\"name\":\"Tips &#038; info\",\"item\":\"https:\/\/demo.tz-viskovo.hr\/en\/info\/tips-info\/\"},{\"@type\":\"ListItem\",\"position\":4,\"name\":\"Money and ATM\"}]}]}<\/script>\n<!-- \/ Yoast SEO plugin. -->","yoast_head_json":{"robots":{"index":"index","follow":"follow","max-snippet":"max-snippet:-1","max-image-preview":"max-image-preview:large","max-video-preview":"max-video-preview:-1"},"canonical":"https:\/\/demo.tz-viskovo.hr\/en\/info\/tips-info\/money-and-atm\/","og_locale":"en_US","og_type":"article","og_title":"Money and ATM - Turisti\u010dka zajednica op\u0107ine Vi\u0161kovo","og_description":"The Croatian currency is the kuna, 1 kuna (kn) = 100 Lipa (lp) Notes are in denominations of 1000, 500, 200, 100, 50, 20 and 10 kn. Coins in denominations of 5, 2 and 1 kuna and the rate of 50, 20, 10, 5, 2 and 1 lipa. Foreign currencies can be exchanged at banks, [&hellip;]","og_url":"https:\/\/demo.tz-viskovo.hr\/en\/info\/tips-info\/money-and-atm\/","og_site_name":"Turisti\u010dka zajednica op\u0107ine Vi\u0161kovo","article_modified_time":"2020-07-07T12:39:46+00:00","og_image":[{"width":273,"height":185,"url":"https:\/\/demo.tz-viskovo.hr\/wp-content\/uploads\/2020\/07\/preuzmi.jpg","type":"image\/jpeg"}],"twitter_card":"summary_large_image","twitter_misc":{"Est. reading time":"1 minute"},"schema":{"@context":"https:\/\/schema.org","@graph":[{"@type":"WebSite","@id":"https:\/\/demo.tz-viskovo.hr\/it\/#website","url":"https:\/\/demo.tz-viskovo.hr\/it\/","name":"Turisti\u010dka zajednica op\u0107ine Vi\u0161kovo","description":"","potentialAction":[{"@type":"SearchAction","target":{"@type":"EntryPoint","urlTemplate":"https:\/\/demo.tz-viskovo.hr\/it\/?s={search_term_string}"},"query-input":"required name=search_term_string"}],"inLanguage":"en-US"},{"@type":"ImageObject","@id":"https:\/\/demo.tz-viskovo.hr\/en\/info\/tips-info\/money-and-atm\/#primaryimage","inLanguage":"en-US","url":"https:\/\/demo.tz-viskovo.hr\/wp-content\/uploads\/2020\/07\/preuzmi.jpg","contentUrl":"https:\/\/demo.tz-viskovo.hr\/wp-content\/uploads\/2020\/07\/preuzmi.jpg","width":273,"height":185},{"@type":"WebPage","@id":"https:\/\/demo.tz-viskovo.hr\/en\/info\/tips-info\/money-and-atm\/#webpage","url":"https:\/\/demo.tz-viskovo.hr\/en\/info\/tips-info\/money-and-atm\/","name":"Money and ATM - Turisti\u010dka zajednica op\u0107ine Vi\u0161kovo","isPartOf":{"@id":"https:\/\/demo.tz-viskovo.hr\/it\/#website"},"primaryImageOfPage":{"@id":"https:\/\/demo.tz-viskovo.hr\/en\/info\/tips-info\/money-and-atm\/#primaryimage"},"datePublished":"2019-08-19T14:14:51+00:00","dateModified":"2020-07-07T12:39:46+00:00","breadcrumb":{"@id":"https:\/\/demo.tz-viskovo.hr\/en\/info\/tips-info\/money-and-atm\/#breadcrumb"},"inLanguage":"en-US","potentialAction":[{"@type":"ReadAction","target":["https:\/\/demo.tz-viskovo.hr\/en\/info\/tips-info\/money-and-atm\/"]}]},{"@type":"BreadcrumbList","@id":"https:\/\/demo.tz-viskovo.hr\/en\/info\/tips-info\/money-and-atm\/#breadcrumb","itemListElement":[{"@type":"ListItem","position":1,"name":"Home","item":"https:\/\/demo.tz-viskovo.hr\/en\/"},{"@type":"ListItem","position":2,"name":"Info","item":"https:\/\/demo.tz-viskovo.hr\/en\/info\/"},{"@type":"ListItem","position":3,"name":"Tips &#038; info","item":"https:\/\/demo.tz-viskovo.hr\/en\/info\/tips-info\/"},{"@type":"ListItem","position":4,"name":"Money and ATM"}]}]}},"_links":{"self":[{"href":"https:\/\/demo.tz-viskovo.hr\/en\/wp-json\/wp\/v2\/pages\/3608"}],"collection":[{"href":"https:\/\/demo.tz-viskovo.hr\/en\/wp-json\/wp\/v2\/pages"}],"about":[{"href":"https:\/\/demo.tz-viskovo.hr\/en\/wp-json\/wp\/v2\/types\/page"}],"author":[{"embeddable":true,"href":"https:\/\/demo.tz-viskovo.hr\/en\/wp-json\/wp\/v2\/users\/1"}],"replies":[{"embeddable":true,"href":"https:\/\/demo.tz-viskovo.hr\/en\/wp-json\/wp\/v2\/comments?post=3608"}],"version-history":[{"count":8,"href":"https:\/\/demo.tz-viskovo.hr\/en\/wp-json\/wp\/v2\/pages\/3608\/revisions"}],"predecessor-version":[{"id":14808,"href":"https:\/\/demo.tz-viskovo.hr\/en\/wp-json\/wp\/v2\/pages\/3608\/revisions\/14808"}],"up":[{"embeddable":true,"href":"https:\/\/demo.tz-viskovo.hr\/en\/wp-json\/wp\/v2\/pages\/3376"}],"wp:featuredmedia":[{"embeddable":true,"href":"https:\/\/demo.tz-viskovo.hr\/en\/wp-json\/wp\/v2\/media\/14773"}],"wp:attachment":[{"href":"https:\/\/demo.tz-viskovo.hr\/en\/wp-json\/wp\/v2\/media?parent=3608"}],"curies":[{"name":"wp","href":"https:\/\/api.w.org\/{rel}","templated":true}]}}