{"id":3617,"date":"2019-08-19T14:24:12","date_gmt":"2019-08-19T14:24:12","guid":{"rendered":"https:\/\/demo.tz-viskovo.hr\/?page_id=3617"},"modified":"2019-08-19T14:24:13","modified_gmt":"2019-08-19T14:24:13","slug":"health-care","status":"publish","type":"page","link":"https:\/\/demo.tz-viskovo.hr\/en\/info\/tips-info\/health-care\/","title":{"rendered":"Health care"},"content":{"rendered":"\n<p>The municipality has a health center Vi\u0161kovo , private ambulance and two pharmacies, while the nearest General Hospital is in Rijeka.<br>Foreign visitors are not required to pay for medical services if their country of origin has signed an agreement with the Croatian health care services.\u00a0<br>Persons from countries not party to such agreement for medical services will be charged directly according to the price list. <\/p>\n\n\n\n<table class=\"wp-block-table\"><tbody><tr><td><strong>HEALTH CENTER VI\u0160KOVO<\/strong><\/td><\/tr><tr><td>Address<\/td><td>Vi\u0161kovo 15, 51216 Vi\u0161kovo<\/td><\/tr><tr><td>Phone number<\/td><td>+385 51 256 451&nbsp;<\/td><\/tr><tr><td><strong>PHARMACY IRIS PERAI\u0106 AD\u017dI\u0106, mr.pharm.<\/strong><\/td><\/tr><tr><td>Adress<\/td><td>Vi\u0161kovo 32, 51216 Vi\u0161kovo<\/td><\/tr><tr><td>Phone number<\/td><td>+385 51 257 388<\/td><\/tr><tr><td>E-mail<\/td><td><a href=\"mailto:peraic.adzic.iris.ljekarna@ri.ht.hr\">peraic.adzic.iris.ljekarna@ri.ht.hr<\/a><\/td><\/tr><tr><td><strong>PHARMACY&nbsp; JASMINKA PAHOR<\/strong><\/td><\/tr><tr><td>Address<\/td><td>Gornji Sroki 15, 51216 Vi\u0161kovo<\/td><\/tr><tr><td>Phone number<\/td><td>+385 51 504 078<\/td><\/tr><tr><td><strong>PHARMACY \u010cABRIJAN<\/strong><\/td><\/tr><tr><td>Address<\/td><td>Marini\u0107i 49C, 51216 Vi\u0161kovo<\/td><\/tr><tr><td>Phone number<\/td><td>+385 51 639 399<\/td><\/tr><\/tbody><\/table>\n\n\n\n<p><\/p>\n","protected":false},"excerpt":{"rendered":"<p>The municipality has a health center Vi\u0161kovo , private ambulance and two pharmacies, while the nearest General Hospital is in Rijeka.Foreign visitors are not required to pay for medical services if their country of origin has signed an agreement with the Croatian health care services.\u00a0Persons from countries not party to such agreement for medical services [&hellip;]<\/p>\n","protected":false},"author":1,"featured_media":3619,"parent":3376,"menu_order":0,"comment_status":"closed","ping_status":"closed","template":"","meta":[],"acf":[],"yoast_head":"<!-- This site is optimized with the Yoast SEO plugin v17.6 - https:\/\/yoast.com\/wordpress\/plugins\/seo\/ -->\n<meta name=\"robots\" content=\"index, follow, max-snippet:-1, max-image-preview:large, max-video-preview:-1\" \/>\n<link rel=\"canonical\" href=\"https:\/\/demo.tz-viskovo.hr\/en\/info\/tips-info\/health-care\/\" \/>\n<meta property=\"og:locale\" content=\"en_US\" \/>\n<meta property=\"og:type\" content=\"article\" \/>\n<meta property=\"og:title\" content=\"Health care - Turisti\u010dka zajednica op\u0107ine Vi\u0161kovo\" \/>\n<meta property=\"og:description\" content=\"The municipality has a health center Vi\u0161kovo , private ambulance and two pharmacies, while the nearest General Hospital is in Rijeka.Foreign visitors are not required to pay for medical services if their country of origin has signed an agreement with the Croatian health care services.\u00a0Persons from countries not party to such agreement for medical services [&hellip;]\" \/>\n<meta property=\"og:url\" content=\"https:\/\/demo.tz-viskovo.hr\/en\/info\/tips-info\/health-care\/\" \/>\n<meta property=\"og:site_name\" content=\"Turisti\u010dka zajednica op\u0107ine Vi\u0161kovo\" \/>\n<meta property=\"article:modified_time\" content=\"2019-08-19T14:24:13+00:00\" \/>\n<meta property=\"og:image\" content=\"https:\/\/demo.tz-viskovo.hr\/wp-content\/uploads\/2019\/07\/20140212105058000000-main.jpg\" \/>\n\t<meta property=\"og:image:width\" content=\"632\" \/>\n\t<meta property=\"og:image:height\" content=\"474\" \/>\n<meta name=\"twitter:card\" content=\"summary_large_image\" \/>\n<meta name=\"twitter:label1\" content=\"Est. reading time\" \/>\n\t<meta name=\"twitter:data1\" content=\"1 minute\" \/>\n<script type=\"application\/ld+json\" class=\"yoast-schema-graph\">{\"@context\":\"https:\/\/schema.org\",\"@graph\":[{\"@type\":\"WebSite\",\"@id\":\"https:\/\/demo.tz-viskovo.hr\/it\/#website\",\"url\":\"https:\/\/demo.tz-viskovo.hr\/it\/\",\"name\":\"Turisti\\u010dka zajednica op\\u0107ine Vi\\u0161kovo\",\"description\":\"\",\"potentialAction\":[{\"@type\":\"SearchAction\",\"target\":{\"@type\":\"EntryPoint\",\"urlTemplate\":\"https:\/\/demo.tz-viskovo.hr\/it\/?s={search_term_string}\"},\"query-input\":\"required name=search_term_string\"}],\"inLanguage\":\"en-US\"},{\"@type\":\"ImageObject\",\"@id\":\"https:\/\/demo.tz-viskovo.hr\/en\/info\/tips-info\/health-care\/#primaryimage\",\"inLanguage\":\"en-US\",\"url\":\"https:\/\/demo.tz-viskovo.hr\/wp-content\/uploads\/2019\/07\/20140212105058000000-main.jpg\",\"contentUrl\":\"https:\/\/demo.tz-viskovo.hr\/wp-content\/uploads\/2019\/07\/20140212105058000000-main.jpg\",\"width\":632,\"height\":474},{\"@type\":\"WebPage\",\"@id\":\"https:\/\/demo.tz-viskovo.hr\/en\/info\/tips-info\/health-care\/#webpage\",\"url\":\"https:\/\/demo.tz-viskovo.hr\/en\/info\/tips-info\/health-care\/\",\"name\":\"Health care - Turisti\\u010dka zajednica op\\u0107ine Vi\\u0161kovo\",\"isPartOf\":{\"@id\":\"https:\/\/demo.tz-viskovo.hr\/it\/#website\"},\"primaryImageOfPage\":{\"@id\":\"https:\/\/demo.tz-viskovo.hr\/en\/info\/tips-info\/health-care\/#primaryimage\"},\"datePublished\":\"2019-08-19T14:24:12+00:00\",\"dateModified\":\"2019-08-19T14:24:13+00:00\",\"breadcrumb\":{\"@id\":\"https:\/\/demo.tz-viskovo.hr\/en\/info\/tips-info\/health-care\/#breadcrumb\"},\"inLanguage\":\"en-US\",\"potentialAction\":[{\"@type\":\"ReadAction\",\"target\":[\"https:\/\/demo.tz-viskovo.hr\/en\/info\/tips-info\/health-care\/\"]}]},{\"@type\":\"BreadcrumbList\",\"@id\":\"https:\/\/demo.tz-viskovo.hr\/en\/info\/tips-info\/health-care\/#breadcrumb\",\"itemListElement\":[{\"@type\":\"ListItem\",\"position\":1,\"name\":\"Home\",\"item\":\"https:\/\/demo.tz-viskovo.hr\/en\/\"},{\"@type\":\"ListItem\",\"position\":2,\"name\":\"Info\",\"item\":\"https:\/\/demo.tz-viskovo.hr\/en\/info\/\"},{\"@type\":\"ListItem\",\"position\":3,\"name\":\"Tips &#038; info\",\"item\":\"https:\/\/demo.tz-viskovo.hr\/en\/info\/tips-info\/\"},{\"@type\":\"ListItem\",\"position\":4,\"name\":\"Health care\"}]}]}<\/script>\n<!-- \/ Yoast SEO plugin. -->","yoast_head_json":{"robots":{"index":"index","follow":"follow","max-snippet":"max-snippet:-1","max-image-preview":"max-image-preview:large","max-video-preview":"max-video-preview:-1"},"canonical":"https:\/\/demo.tz-viskovo.hr\/en\/info\/tips-info\/health-care\/","og_locale":"en_US","og_type":"article","og_title":"Health care - Turisti\u010dka zajednica op\u0107ine Vi\u0161kovo","og_description":"The municipality has a health center Vi\u0161kovo , private ambulance and two pharmacies, while the nearest General Hospital is in Rijeka.Foreign visitors are not required to pay for medical services if their country of origin has signed an agreement with the Croatian health care services.\u00a0Persons from countries not party to such agreement for medical services [&hellip;]","og_url":"https:\/\/demo.tz-viskovo.hr\/en\/info\/tips-info\/health-care\/","og_site_name":"Turisti\u010dka zajednica op\u0107ine Vi\u0161kovo","article_modified_time":"2019-08-19T14:24:13+00:00","og_image":[{"width":632,"height":474,"url":"https:\/\/demo.tz-viskovo.hr\/wp-content\/uploads\/2019\/07\/20140212105058000000-main.jpg","type":"image\/jpeg"}],"twitter_card":"summary_large_image","twitter_misc":{"Est. reading time":"1 minute"},"schema":{"@context":"https:\/\/schema.org","@graph":[{"@type":"WebSite","@id":"https:\/\/demo.tz-viskovo.hr\/it\/#website","url":"https:\/\/demo.tz-viskovo.hr\/it\/","name":"Turisti\u010dka zajednica op\u0107ine Vi\u0161kovo","description":"","potentialAction":[{"@type":"SearchAction","target":{"@type":"EntryPoint","urlTemplate":"https:\/\/demo.tz-viskovo.hr\/it\/?s={search_term_string}"},"query-input":"required name=search_term_string"}],"inLanguage":"en-US"},{"@type":"ImageObject","@id":"https:\/\/demo.tz-viskovo.hr\/en\/info\/tips-info\/health-care\/#primaryimage","inLanguage":"en-US","url":"https:\/\/demo.tz-viskovo.hr\/wp-content\/uploads\/2019\/07\/20140212105058000000-main.jpg","contentUrl":"https:\/\/demo.tz-viskovo.hr\/wp-content\/uploads\/2019\/07\/20140212105058000000-main.jpg","width":632,"height":474},{"@type":"WebPage","@id":"https:\/\/demo.tz-viskovo.hr\/en\/info\/tips-info\/health-care\/#webpage","url":"https:\/\/demo.tz-viskovo.hr\/en\/info\/tips-info\/health-care\/","name":"Health care - Turisti\u010dka zajednica op\u0107ine Vi\u0161kovo","isPartOf":{"@id":"https:\/\/demo.tz-viskovo.hr\/it\/#website"},"primaryImageOfPage":{"@id":"https:\/\/demo.tz-viskovo.hr\/en\/info\/tips-info\/health-care\/#primaryimage"},"datePublished":"2019-08-19T14:24:12+00:00","dateModified":"2019-08-19T14:24:13+00:00","breadcrumb":{"@id":"https:\/\/demo.tz-viskovo.hr\/en\/info\/tips-info\/health-care\/#breadcrumb"},"inLanguage":"en-US","potentialAction":[{"@type":"ReadAction","target":["https:\/\/demo.tz-viskovo.hr\/en\/info\/tips-info\/health-care\/"]}]},{"@type":"BreadcrumbList","@id":"https:\/\/demo.tz-viskovo.hr\/en\/info\/tips-info\/health-care\/#breadcrumb","itemListElement":[{"@type":"ListItem","position":1,"name":"Home","item":"https:\/\/demo.tz-viskovo.hr\/en\/"},{"@type":"ListItem","position":2,"name":"Info","item":"https:\/\/demo.tz-viskovo.hr\/en\/info\/"},{"@type":"ListItem","position":3,"name":"Tips &#038; info","item":"https:\/\/demo.tz-viskovo.hr\/en\/info\/tips-info\/"},{"@type":"ListItem","position":4,"name":"Health care"}]}]}},"_links":{"self":[{"href":"https:\/\/demo.tz-viskovo.hr\/en\/wp-json\/wp\/v2\/pages\/3617"}],"collection":[{"href":"https:\/\/demo.tz-viskovo.hr\/en\/wp-json\/wp\/v2\/pages"}],"about":[{"href":"https:\/\/demo.tz-viskovo.hr\/en\/wp-json\/wp\/v2\/types\/page"}],"author":[{"embeddable":true,"href":"https:\/\/demo.tz-viskovo.hr\/en\/wp-json\/wp\/v2\/users\/1"}],"replies":[{"embeddable":true,"href":"https:\/\/demo.tz-viskovo.hr\/en\/wp-json\/wp\/v2\/comments?post=3617"}],"version-history":[{"count":1,"href":"https:\/\/demo.tz-viskovo.hr\/en\/wp-json\/wp\/v2\/pages\/3617\/revisions"}],"predecessor-version":[{"id":3618,"href":"https:\/\/demo.tz-viskovo.hr\/en\/wp-json\/wp\/v2\/pages\/3617\/revisions\/3618"}],"up":[{"embeddable":true,"href":"https:\/\/demo.tz-viskovo.hr\/en\/wp-json\/wp\/v2\/pages\/3376"}],"wp:featuredmedia":[{"embeddable":true,"href":"https:\/\/demo.tz-viskovo.hr\/en\/wp-json\/wp\/v2\/media\/3619"}],"wp:attachment":[{"href":"https:\/\/demo.tz-viskovo.hr\/en\/wp-json\/wp\/v2\/media?parent=3617"}],"curies":[{"name":"wp","href":"https:\/\/api.w.org\/{rel}","templated":true}]}}