{"id":3620,"date":"2019-08-19T14:25:52","date_gmt":"2019-08-19T14:25:52","guid":{"rendered":"https:\/\/demo.tz-viskovo.hr\/?page_id=3620"},"modified":"2020-07-07T11:20:10","modified_gmt":"2020-07-07T11:20:10","slug":"important-numbers-city-administration","status":"publish","type":"page","link":"https:\/\/demo.tz-viskovo.hr\/en\/info\/tips-info\/important-numbers-city-administration\/","title":{"rendered":"Important numbers &#8211; City administration"},"content":{"rendered":"\n<h2>Municipal&nbsp;administration<\/h2>\n\n\n\n<p>Vozi\u0161\u0107e 3, 51216 Vi\u0161kovo<br>Tel: &nbsp;+385 51 503 770<br>Fax: +385 51 257 521<br>Web:&nbsp;<a href=\"https:\/\/opcina-viskovo.hr\/\">www.opcina-viskovo.com<\/a><br>E-mail: opcina-viskovo@ri.t-com.hr<\/p>\n\n\n\n<h2>Important numbers<\/h2>\n\n\n\n<table class=\"wp-block-table\"><tbody><tr><td>International dialing prefix for Croatia<\/td><td>00385<\/td><\/tr><tr><td>Area Code Primorje-Gorski Kotar County<\/td><td>051<\/td><\/tr><tr><td>Police<\/td><td>192<\/td><\/tr><tr><td>Firefighters<\/td><td>193<\/td><\/tr><tr><td>Ambulance<\/td><td>194<\/td><\/tr><tr><td>Road assistance<\/td><td>1987<\/td><\/tr><tr><td>Weather forecast and road conditions<\/td><td>060 520 520<\/td><\/tr><tr><td>Croatian Auto Club<\/td><td>01 4640 800<\/td><\/tr><tr><td>Municipality Vi\u0161kovo<\/td><td>00385 51 503 770<\/td><\/tr><tr><td>Post Office<\/td><td>00385 51 256 791<\/td><\/tr><tr><td>Fina<\/td><td>00385 51 256 329<\/td><\/tr><tr><td>Erste banka<\/td><td>00385 62 376 169<\/td><\/tr><tr><td>Zagreba\u010dka banka<\/td><td>00385 51 353 940<\/td><\/tr><tr><td>Savings and credit cooperatives Dukat<\/td><td>00385 51 257 515<\/td><\/tr><tr><td>Hypo-Alpe-Adria-Bank<\/td><td>00385 51 650 999<\/td><\/tr><tr><td>Istria Credit Banka<\/td><td>00385 51 504 320<\/td><\/tr><tr><td>Podravska banka<\/td><td>00385 51 504 190<\/td><\/tr><tr><td>Privredna banka Marini\u0107i<\/td><td>00385 51 681 216<\/td><\/tr><tr><td>Health Center Vi\u0161kovo<\/td><td>00385 51 226 451<\/td><\/tr><tr><td>Pharmacy mr.ph. Nada Poli\u0107<\/td><td>00385 51 257 388<\/td><\/tr><tr><td>Parish Office<\/td><td>00385 51 256 862<\/td><\/tr><\/tbody><\/table>\n","protected":false},"excerpt":{"rendered":"<p>Municipal&nbsp;administration Vozi\u0161\u0107e 3, 51216 Vi\u0161kovoTel: &nbsp;+385 51 503 770Fax: +385 51 257 521Web:&nbsp;www.opcina-viskovo.comE-mail: opcina-viskovo@ri.t-com.hr Important numbers International dialing prefix for Croatia 00385 Area Code Primorje-Gorski Kotar County 051 Police 192 Firefighters 193 Ambulance 194 Road assistance 1987 Weather forecast and road conditions 060 520 520 Croatian Auto Club 01 4640 800 Municipality Vi\u0161kovo 00385 51 [&hellip;]<\/p>\n","protected":false},"author":1,"featured_media":14773,"parent":3376,"menu_order":0,"comment_status":"closed","ping_status":"closed","template":"","meta":[],"acf":[],"yoast_head":"<!-- This site is optimized with the Yoast SEO plugin v17.6 - https:\/\/yoast.com\/wordpress\/plugins\/seo\/ -->\n<meta name=\"robots\" content=\"index, follow, max-snippet:-1, max-image-preview:large, max-video-preview:-1\" \/>\n<link rel=\"canonical\" href=\"https:\/\/demo.tz-viskovo.hr\/en\/info\/tips-info\/important-numbers-city-administration\/\" \/>\n<meta property=\"og:locale\" content=\"en_US\" \/>\n<meta property=\"og:type\" content=\"article\" \/>\n<meta property=\"og:title\" content=\"Important numbers - City administration - Turisti\u010dka zajednica op\u0107ine Vi\u0161kovo\" \/>\n<meta property=\"og:description\" content=\"Municipal&nbsp;administration Vozi\u0161\u0107e 3, 51216 Vi\u0161kovoTel: &nbsp;+385 51 503 770Fax: +385 51 257 521Web:&nbsp;www.opcina-viskovo.comE-mail: opcina-viskovo@ri.t-com.hr Important numbers International dialing prefix for Croatia 00385 Area Code Primorje-Gorski Kotar County 051 Police 192 Firefighters 193 Ambulance 194 Road assistance 1987 Weather forecast and road conditions 060 520 520 Croatian Auto Club 01 4640 800 Municipality Vi\u0161kovo 00385 51 [&hellip;]\" \/>\n<meta property=\"og:url\" content=\"https:\/\/demo.tz-viskovo.hr\/en\/info\/tips-info\/important-numbers-city-administration\/\" \/>\n<meta property=\"og:site_name\" content=\"Turisti\u010dka zajednica op\u0107ine Vi\u0161kovo\" \/>\n<meta property=\"article:modified_time\" content=\"2020-07-07T11:20:10+00:00\" \/>\n<meta property=\"og:image\" content=\"https:\/\/demo.tz-viskovo.hr\/wp-content\/uploads\/2020\/07\/preuzmi.jpg\" \/>\n\t<meta property=\"og:image:width\" content=\"273\" \/>\n\t<meta property=\"og:image:height\" content=\"185\" \/>\n<meta name=\"twitter:card\" content=\"summary_large_image\" \/>\n<script type=\"application\/ld+json\" class=\"yoast-schema-graph\">{\"@context\":\"https:\/\/schema.org\",\"@graph\":[{\"@type\":\"WebSite\",\"@id\":\"https:\/\/demo.tz-viskovo.hr\/it\/#website\",\"url\":\"https:\/\/demo.tz-viskovo.hr\/it\/\",\"name\":\"Turisti\\u010dka zajednica op\\u0107ine Vi\\u0161kovo\",\"description\":\"\",\"potentialAction\":[{\"@type\":\"SearchAction\",\"target\":{\"@type\":\"EntryPoint\",\"urlTemplate\":\"https:\/\/demo.tz-viskovo.hr\/it\/?s={search_term_string}\"},\"query-input\":\"required name=search_term_string\"}],\"inLanguage\":\"en-US\"},{\"@type\":\"ImageObject\",\"@id\":\"https:\/\/demo.tz-viskovo.hr\/en\/info\/tips-info\/important-numbers-city-administration\/#primaryimage\",\"inLanguage\":\"en-US\",\"url\":\"https:\/\/demo.tz-viskovo.hr\/wp-content\/uploads\/2020\/07\/preuzmi.jpg\",\"contentUrl\":\"https:\/\/demo.tz-viskovo.hr\/wp-content\/uploads\/2020\/07\/preuzmi.jpg\",\"width\":273,\"height\":185},{\"@type\":\"WebPage\",\"@id\":\"https:\/\/demo.tz-viskovo.hr\/en\/info\/tips-info\/important-numbers-city-administration\/#webpage\",\"url\":\"https:\/\/demo.tz-viskovo.hr\/en\/info\/tips-info\/important-numbers-city-administration\/\",\"name\":\"Important numbers - City administration - Turisti\\u010dka zajednica op\\u0107ine Vi\\u0161kovo\",\"isPartOf\":{\"@id\":\"https:\/\/demo.tz-viskovo.hr\/it\/#website\"},\"primaryImageOfPage\":{\"@id\":\"https:\/\/demo.tz-viskovo.hr\/en\/info\/tips-info\/important-numbers-city-administration\/#primaryimage\"},\"datePublished\":\"2019-08-19T14:25:52+00:00\",\"dateModified\":\"2020-07-07T11:20:10+00:00\",\"breadcrumb\":{\"@id\":\"https:\/\/demo.tz-viskovo.hr\/en\/info\/tips-info\/important-numbers-city-administration\/#breadcrumb\"},\"inLanguage\":\"en-US\",\"potentialAction\":[{\"@type\":\"ReadAction\",\"target\":[\"https:\/\/demo.tz-viskovo.hr\/en\/info\/tips-info\/important-numbers-city-administration\/\"]}]},{\"@type\":\"BreadcrumbList\",\"@id\":\"https:\/\/demo.tz-viskovo.hr\/en\/info\/tips-info\/important-numbers-city-administration\/#breadcrumb\",\"itemListElement\":[{\"@type\":\"ListItem\",\"position\":1,\"name\":\"Home\",\"item\":\"https:\/\/demo.tz-viskovo.hr\/en\/\"},{\"@type\":\"ListItem\",\"position\":2,\"name\":\"Info\",\"item\":\"https:\/\/demo.tz-viskovo.hr\/en\/info\/\"},{\"@type\":\"ListItem\",\"position\":3,\"name\":\"Tips &#038; info\",\"item\":\"https:\/\/demo.tz-viskovo.hr\/en\/info\/tips-info\/\"},{\"@type\":\"ListItem\",\"position\":4,\"name\":\"Important numbers &#8211; City administration\"}]}]}<\/script>\n<!-- \/ Yoast SEO plugin. -->","yoast_head_json":{"robots":{"index":"index","follow":"follow","max-snippet":"max-snippet:-1","max-image-preview":"max-image-preview:large","max-video-preview":"max-video-preview:-1"},"canonical":"https:\/\/demo.tz-viskovo.hr\/en\/info\/tips-info\/important-numbers-city-administration\/","og_locale":"en_US","og_type":"article","og_title":"Important numbers - City administration - Turisti\u010dka zajednica op\u0107ine Vi\u0161kovo","og_description":"Municipal&nbsp;administration Vozi\u0161\u0107e 3, 51216 Vi\u0161kovoTel: &nbsp;+385 51 503 770Fax: +385 51 257 521Web:&nbsp;www.opcina-viskovo.comE-mail: opcina-viskovo@ri.t-com.hr Important numbers International dialing prefix for Croatia 00385 Area Code Primorje-Gorski Kotar County 051 Police 192 Firefighters 193 Ambulance 194 Road assistance 1987 Weather forecast and road conditions 060 520 520 Croatian Auto Club 01 4640 800 Municipality Vi\u0161kovo 00385 51 [&hellip;]","og_url":"https:\/\/demo.tz-viskovo.hr\/en\/info\/tips-info\/important-numbers-city-administration\/","og_site_name":"Turisti\u010dka zajednica op\u0107ine Vi\u0161kovo","article_modified_time":"2020-07-07T11:20:10+00:00","og_image":[{"width":273,"height":185,"url":"https:\/\/demo.tz-viskovo.hr\/wp-content\/uploads\/2020\/07\/preuzmi.jpg","type":"image\/jpeg"}],"twitter_card":"summary_large_image","schema":{"@context":"https:\/\/schema.org","@graph":[{"@type":"WebSite","@id":"https:\/\/demo.tz-viskovo.hr\/it\/#website","url":"https:\/\/demo.tz-viskovo.hr\/it\/","name":"Turisti\u010dka zajednica op\u0107ine Vi\u0161kovo","description":"","potentialAction":[{"@type":"SearchAction","target":{"@type":"EntryPoint","urlTemplate":"https:\/\/demo.tz-viskovo.hr\/it\/?s={search_term_string}"},"query-input":"required name=search_term_string"}],"inLanguage":"en-US"},{"@type":"ImageObject","@id":"https:\/\/demo.tz-viskovo.hr\/en\/info\/tips-info\/important-numbers-city-administration\/#primaryimage","inLanguage":"en-US","url":"https:\/\/demo.tz-viskovo.hr\/wp-content\/uploads\/2020\/07\/preuzmi.jpg","contentUrl":"https:\/\/demo.tz-viskovo.hr\/wp-content\/uploads\/2020\/07\/preuzmi.jpg","width":273,"height":185},{"@type":"WebPage","@id":"https:\/\/demo.tz-viskovo.hr\/en\/info\/tips-info\/important-numbers-city-administration\/#webpage","url":"https:\/\/demo.tz-viskovo.hr\/en\/info\/tips-info\/important-numbers-city-administration\/","name":"Important numbers - City administration - Turisti\u010dka zajednica op\u0107ine Vi\u0161kovo","isPartOf":{"@id":"https:\/\/demo.tz-viskovo.hr\/it\/#website"},"primaryImageOfPage":{"@id":"https:\/\/demo.tz-viskovo.hr\/en\/info\/tips-info\/important-numbers-city-administration\/#primaryimage"},"datePublished":"2019-08-19T14:25:52+00:00","dateModified":"2020-07-07T11:20:10+00:00","breadcrumb":{"@id":"https:\/\/demo.tz-viskovo.hr\/en\/info\/tips-info\/important-numbers-city-administration\/#breadcrumb"},"inLanguage":"en-US","potentialAction":[{"@type":"ReadAction","target":["https:\/\/demo.tz-viskovo.hr\/en\/info\/tips-info\/important-numbers-city-administration\/"]}]},{"@type":"BreadcrumbList","@id":"https:\/\/demo.tz-viskovo.hr\/en\/info\/tips-info\/important-numbers-city-administration\/#breadcrumb","itemListElement":[{"@type":"ListItem","position":1,"name":"Home","item":"https:\/\/demo.tz-viskovo.hr\/en\/"},{"@type":"ListItem","position":2,"name":"Info","item":"https:\/\/demo.tz-viskovo.hr\/en\/info\/"},{"@type":"ListItem","position":3,"name":"Tips &#038; info","item":"https:\/\/demo.tz-viskovo.hr\/en\/info\/tips-info\/"},{"@type":"ListItem","position":4,"name":"Important numbers &#8211; City administration"}]}]}},"_links":{"self":[{"href":"https:\/\/demo.tz-viskovo.hr\/en\/wp-json\/wp\/v2\/pages\/3620"}],"collection":[{"href":"https:\/\/demo.tz-viskovo.hr\/en\/wp-json\/wp\/v2\/pages"}],"about":[{"href":"https:\/\/demo.tz-viskovo.hr\/en\/wp-json\/wp\/v2\/types\/page"}],"author":[{"embeddable":true,"href":"https:\/\/demo.tz-viskovo.hr\/en\/wp-json\/wp\/v2\/users\/1"}],"replies":[{"embeddable":true,"href":"https:\/\/demo.tz-viskovo.hr\/en\/wp-json\/wp\/v2\/comments?post=3620"}],"version-history":[{"count":1,"href":"https:\/\/demo.tz-viskovo.hr\/en\/wp-json\/wp\/v2\/pages\/3620\/revisions"}],"predecessor-version":[{"id":3621,"href":"https:\/\/demo.tz-viskovo.hr\/en\/wp-json\/wp\/v2\/pages\/3620\/revisions\/3621"}],"up":[{"embeddable":true,"href":"https:\/\/demo.tz-viskovo.hr\/en\/wp-json\/wp\/v2\/pages\/3376"}],"wp:featuredmedia":[{"embeddable":true,"href":"https:\/\/demo.tz-viskovo.hr\/en\/wp-json\/wp\/v2\/media\/14773"}],"wp:attachment":[{"href":"https:\/\/demo.tz-viskovo.hr\/en\/wp-json\/wp\/v2\/media?parent=3620"}],"curies":[{"name":"wp","href":"https:\/\/api.w.org\/{rel}","templated":true}]}}