{"id":3630,"date":"2019-08-19T14:35:06","date_gmt":"2019-08-19T14:35:06","guid":{"rendered":"https:\/\/demo.tz-viskovo.hr\/?page_id=3630"},"modified":"2020-07-07T11:44:37","modified_gmt":"2020-07-07T11:44:37","slug":"shops","status":"publish","type":"page","link":"https:\/\/demo.tz-viskovo.hr\/en\/info\/tips-info\/shops\/","title":{"rendered":"Shops"},"content":{"rendered":"\n<table class=\"wp-block-table\"><tbody><tr><td><strong>KONZUM<\/strong><\/td><\/tr><tr><td>Address<\/td><td>Vozi\u0161\u0107e 5, 51216 Vi\u0161kovo<\/td><\/tr><tr><td>Phone number<\/td><td>+385 0800 400 000<\/td><\/tr><tr><td>Web<\/td><td><a href=\"https:\/\/www.konzum.hr\/\">www.konzum.hr<\/a><\/td><\/tr><tr><td><strong>BRODOKOMERC NOVA<\/strong><\/td><\/tr><tr><td>Address <\/td><td>Vi\u0161kovo bb, 51216 Vi\u0161kovo<\/td><\/tr><tr><td>Phone number <\/td><td>+385 51 256 821<\/td><\/tr><tr><td>Web<\/td><td><a href=\"http:\/\/www.brodokomerc.hr\/\">www.brodokomerc.hr<\/a><\/td><\/tr><tr><td><strong>TRGOVINA KRK<\/strong><\/td><\/tr><tr><td>Address <\/td><td>Kosi 68, 51216 Vi\u0161kovo<\/td><\/tr><tr><td>Phone number <\/td><td>+385 51 252 909<\/td><\/tr><tr><td>Address <\/td><td>Vozi\u0161\u0107e 59C, 51216 Vi\u0161kovo<\/td><\/tr><tr><td>Phone number <\/td><td>+385 51 440 190<\/td><\/tr><tr><td>Web<\/td><td><a href=\"http:\/\/www.trgovina-krk.hr\/\">www.trgovina-krk.hr<\/a><\/td><\/tr><tr><td><strong>ABCD d.o.o<\/strong><\/td><\/tr><tr><td>Address <\/td><td>Stupari 24, 51216 Vi\u0161kovo<\/td><\/tr><tr><td>Phone number <\/td><td>+385 51 322 226<\/td><\/tr><tr><td><strong>TOMMY SUPERMARKET<\/strong><\/td><\/tr><tr><td>Address <\/td><td>Vi\u0161kovo 122B, 51216 Vi\u0161kovo<\/td><\/tr><tr><td>Phone number <\/td><td>+385 0800 02 03<\/td><\/tr><tr><td>Web<\/td><td><a href=\"http:\/\/tommy.hr\/\">www.tommy.hr<\/a><\/td><\/tr><tr><td><strong>LIDL d.o.o<\/strong><\/td><\/tr><tr><td>Address <\/td><td>Furi\u0107evo 23,51216 Vi\u0161kovo<\/td><\/tr><tr><td>Phone number <\/td><td>+385 0800 200 220<\/td><\/tr><tr><td>Web<\/td><td><a href=\"https:\/\/www.lidl.hr\/hr\/index.htm\">www.lidl.hr<\/a><\/td><\/tr><tr><td><strong>PLODINE d.d.<\/strong><\/td><\/tr><tr><td>Address <\/td><td>Marini\u0107i 182, 51216 Vi\u0161kovo<\/td><\/tr><tr><td>Phone number <\/td><td>+385 51 208 444<\/td><\/tr><tr><td>Web<\/td><td><a href=\"http:\/\/www.plodine.hr\/\">www.plodine.hr<\/a><\/td><\/tr><\/tbody><\/table>\n","protected":false},"excerpt":{"rendered":"<p>KONZUM Address Vozi\u0161\u0107e 5, 51216 Vi\u0161kovo Phone number +385 0800 400 000 Web www.konzum.hr BRODOKOMERC NOVA Address Vi\u0161kovo bb, 51216 Vi\u0161kovo Phone number +385 51 256 821 Web www.brodokomerc.hr TRGOVINA KRK Address Kosi 68, 51216 Vi\u0161kovo Phone number +385 51 252 909 Address Vozi\u0161\u0107e 59C, 51216 Vi\u0161kovo Phone number +385 51 440 190 Web www.trgovina-krk.hr [&hellip;]<\/p>\n","protected":false},"author":1,"featured_media":14773,"parent":3376,"menu_order":0,"comment_status":"closed","ping_status":"closed","template":"","meta":[],"acf":[],"yoast_head":"<!-- This site is optimized with the Yoast SEO plugin v17.6 - https:\/\/yoast.com\/wordpress\/plugins\/seo\/ -->\n<meta name=\"robots\" content=\"index, follow, max-snippet:-1, max-image-preview:large, max-video-preview:-1\" \/>\n<link rel=\"canonical\" href=\"https:\/\/demo.tz-viskovo.hr\/en\/info\/tips-info\/shops\/\" \/>\n<meta property=\"og:locale\" content=\"en_US\" \/>\n<meta property=\"og:type\" content=\"article\" \/>\n<meta property=\"og:title\" content=\"Shops - Turisti\u010dka zajednica op\u0107ine Vi\u0161kovo\" \/>\n<meta property=\"og:description\" content=\"KONZUM Address Vozi\u0161\u0107e 5, 51216 Vi\u0161kovo Phone number +385 0800 400 000 Web www.konzum.hr BRODOKOMERC NOVA Address Vi\u0161kovo bb, 51216 Vi\u0161kovo Phone number +385 51 256 821 Web www.brodokomerc.hr TRGOVINA KRK Address Kosi 68, 51216 Vi\u0161kovo Phone number +385 51 252 909 Address Vozi\u0161\u0107e 59C, 51216 Vi\u0161kovo Phone number +385 51 440 190 Web www.trgovina-krk.hr [&hellip;]\" \/>\n<meta property=\"og:url\" content=\"https:\/\/demo.tz-viskovo.hr\/en\/info\/tips-info\/shops\/\" \/>\n<meta property=\"og:site_name\" content=\"Turisti\u010dka zajednica op\u0107ine Vi\u0161kovo\" \/>\n<meta property=\"article:modified_time\" content=\"2020-07-07T11:44:37+00:00\" \/>\n<meta property=\"og:image\" content=\"https:\/\/demo.tz-viskovo.hr\/wp-content\/uploads\/2020\/07\/preuzmi.jpg\" \/>\n\t<meta property=\"og:image:width\" content=\"273\" \/>\n\t<meta property=\"og:image:height\" content=\"185\" \/>\n<meta name=\"twitter:card\" content=\"summary_large_image\" \/>\n<script type=\"application\/ld+json\" class=\"yoast-schema-graph\">{\"@context\":\"https:\/\/schema.org\",\"@graph\":[{\"@type\":\"WebSite\",\"@id\":\"https:\/\/demo.tz-viskovo.hr\/it\/#website\",\"url\":\"https:\/\/demo.tz-viskovo.hr\/it\/\",\"name\":\"Turisti\\u010dka zajednica op\\u0107ine Vi\\u0161kovo\",\"description\":\"\",\"potentialAction\":[{\"@type\":\"SearchAction\",\"target\":{\"@type\":\"EntryPoint\",\"urlTemplate\":\"https:\/\/demo.tz-viskovo.hr\/it\/?s={search_term_string}\"},\"query-input\":\"required name=search_term_string\"}],\"inLanguage\":\"en-US\"},{\"@type\":\"ImageObject\",\"@id\":\"https:\/\/demo.tz-viskovo.hr\/en\/info\/tips-info\/shops\/#primaryimage\",\"inLanguage\":\"en-US\",\"url\":\"https:\/\/demo.tz-viskovo.hr\/wp-content\/uploads\/2020\/07\/preuzmi.jpg\",\"contentUrl\":\"https:\/\/demo.tz-viskovo.hr\/wp-content\/uploads\/2020\/07\/preuzmi.jpg\",\"width\":273,\"height\":185},{\"@type\":\"WebPage\",\"@id\":\"https:\/\/demo.tz-viskovo.hr\/en\/info\/tips-info\/shops\/#webpage\",\"url\":\"https:\/\/demo.tz-viskovo.hr\/en\/info\/tips-info\/shops\/\",\"name\":\"Shops - Turisti\\u010dka zajednica op\\u0107ine Vi\\u0161kovo\",\"isPartOf\":{\"@id\":\"https:\/\/demo.tz-viskovo.hr\/it\/#website\"},\"primaryImageOfPage\":{\"@id\":\"https:\/\/demo.tz-viskovo.hr\/en\/info\/tips-info\/shops\/#primaryimage\"},\"datePublished\":\"2019-08-19T14:35:06+00:00\",\"dateModified\":\"2020-07-07T11:44:37+00:00\",\"breadcrumb\":{\"@id\":\"https:\/\/demo.tz-viskovo.hr\/en\/info\/tips-info\/shops\/#breadcrumb\"},\"inLanguage\":\"en-US\",\"potentialAction\":[{\"@type\":\"ReadAction\",\"target\":[\"https:\/\/demo.tz-viskovo.hr\/en\/info\/tips-info\/shops\/\"]}]},{\"@type\":\"BreadcrumbList\",\"@id\":\"https:\/\/demo.tz-viskovo.hr\/en\/info\/tips-info\/shops\/#breadcrumb\",\"itemListElement\":[{\"@type\":\"ListItem\",\"position\":1,\"name\":\"Home\",\"item\":\"https:\/\/demo.tz-viskovo.hr\/en\/\"},{\"@type\":\"ListItem\",\"position\":2,\"name\":\"Info\",\"item\":\"https:\/\/demo.tz-viskovo.hr\/en\/info\/\"},{\"@type\":\"ListItem\",\"position\":3,\"name\":\"Tips &#038; info\",\"item\":\"https:\/\/demo.tz-viskovo.hr\/en\/info\/tips-info\/\"},{\"@type\":\"ListItem\",\"position\":4,\"name\":\"Shops\"}]}]}<\/script>\n<!-- \/ Yoast SEO plugin. -->","yoast_head_json":{"robots":{"index":"index","follow":"follow","max-snippet":"max-snippet:-1","max-image-preview":"max-image-preview:large","max-video-preview":"max-video-preview:-1"},"canonical":"https:\/\/demo.tz-viskovo.hr\/en\/info\/tips-info\/shops\/","og_locale":"en_US","og_type":"article","og_title":"Shops - Turisti\u010dka zajednica op\u0107ine Vi\u0161kovo","og_description":"KONZUM Address Vozi\u0161\u0107e 5, 51216 Vi\u0161kovo Phone number +385 0800 400 000 Web www.konzum.hr BRODOKOMERC NOVA Address Vi\u0161kovo bb, 51216 Vi\u0161kovo Phone number +385 51 256 821 Web www.brodokomerc.hr TRGOVINA KRK Address Kosi 68, 51216 Vi\u0161kovo Phone number +385 51 252 909 Address Vozi\u0161\u0107e 59C, 51216 Vi\u0161kovo Phone number +385 51 440 190 Web www.trgovina-krk.hr [&hellip;]","og_url":"https:\/\/demo.tz-viskovo.hr\/en\/info\/tips-info\/shops\/","og_site_name":"Turisti\u010dka zajednica op\u0107ine Vi\u0161kovo","article_modified_time":"2020-07-07T11:44:37+00:00","og_image":[{"width":273,"height":185,"url":"https:\/\/demo.tz-viskovo.hr\/wp-content\/uploads\/2020\/07\/preuzmi.jpg","type":"image\/jpeg"}],"twitter_card":"summary_large_image","schema":{"@context":"https:\/\/schema.org","@graph":[{"@type":"WebSite","@id":"https:\/\/demo.tz-viskovo.hr\/it\/#website","url":"https:\/\/demo.tz-viskovo.hr\/it\/","name":"Turisti\u010dka zajednica op\u0107ine Vi\u0161kovo","description":"","potentialAction":[{"@type":"SearchAction","target":{"@type":"EntryPoint","urlTemplate":"https:\/\/demo.tz-viskovo.hr\/it\/?s={search_term_string}"},"query-input":"required name=search_term_string"}],"inLanguage":"en-US"},{"@type":"ImageObject","@id":"https:\/\/demo.tz-viskovo.hr\/en\/info\/tips-info\/shops\/#primaryimage","inLanguage":"en-US","url":"https:\/\/demo.tz-viskovo.hr\/wp-content\/uploads\/2020\/07\/preuzmi.jpg","contentUrl":"https:\/\/demo.tz-viskovo.hr\/wp-content\/uploads\/2020\/07\/preuzmi.jpg","width":273,"height":185},{"@type":"WebPage","@id":"https:\/\/demo.tz-viskovo.hr\/en\/info\/tips-info\/shops\/#webpage","url":"https:\/\/demo.tz-viskovo.hr\/en\/info\/tips-info\/shops\/","name":"Shops - Turisti\u010dka zajednica op\u0107ine Vi\u0161kovo","isPartOf":{"@id":"https:\/\/demo.tz-viskovo.hr\/it\/#website"},"primaryImageOfPage":{"@id":"https:\/\/demo.tz-viskovo.hr\/en\/info\/tips-info\/shops\/#primaryimage"},"datePublished":"2019-08-19T14:35:06+00:00","dateModified":"2020-07-07T11:44:37+00:00","breadcrumb":{"@id":"https:\/\/demo.tz-viskovo.hr\/en\/info\/tips-info\/shops\/#breadcrumb"},"inLanguage":"en-US","potentialAction":[{"@type":"ReadAction","target":["https:\/\/demo.tz-viskovo.hr\/en\/info\/tips-info\/shops\/"]}]},{"@type":"BreadcrumbList","@id":"https:\/\/demo.tz-viskovo.hr\/en\/info\/tips-info\/shops\/#breadcrumb","itemListElement":[{"@type":"ListItem","position":1,"name":"Home","item":"https:\/\/demo.tz-viskovo.hr\/en\/"},{"@type":"ListItem","position":2,"name":"Info","item":"https:\/\/demo.tz-viskovo.hr\/en\/info\/"},{"@type":"ListItem","position":3,"name":"Tips &#038; info","item":"https:\/\/demo.tz-viskovo.hr\/en\/info\/tips-info\/"},{"@type":"ListItem","position":4,"name":"Shops"}]}]}},"_links":{"self":[{"href":"https:\/\/demo.tz-viskovo.hr\/en\/wp-json\/wp\/v2\/pages\/3630"}],"collection":[{"href":"https:\/\/demo.tz-viskovo.hr\/en\/wp-json\/wp\/v2\/pages"}],"about":[{"href":"https:\/\/demo.tz-viskovo.hr\/en\/wp-json\/wp\/v2\/types\/page"}],"author":[{"embeddable":true,"href":"https:\/\/demo.tz-viskovo.hr\/en\/wp-json\/wp\/v2\/users\/1"}],"replies":[{"embeddable":true,"href":"https:\/\/demo.tz-viskovo.hr\/en\/wp-json\/wp\/v2\/comments?post=3630"}],"version-history":[{"count":1,"href":"https:\/\/demo.tz-viskovo.hr\/en\/wp-json\/wp\/v2\/pages\/3630\/revisions"}],"predecessor-version":[{"id":3631,"href":"https:\/\/demo.tz-viskovo.hr\/en\/wp-json\/wp\/v2\/pages\/3630\/revisions\/3631"}],"up":[{"embeddable":true,"href":"https:\/\/demo.tz-viskovo.hr\/en\/wp-json\/wp\/v2\/pages\/3376"}],"wp:featuredmedia":[{"embeddable":true,"href":"https:\/\/demo.tz-viskovo.hr\/en\/wp-json\/wp\/v2\/media\/14773"}],"wp:attachment":[{"href":"https:\/\/demo.tz-viskovo.hr\/en\/wp-json\/wp\/v2\/media?parent=3630"}],"curies":[{"name":"wp","href":"https:\/\/api.w.org\/{rel}","templated":true}]}}