{"id":3633,"date":"2019-08-19T14:39:13","date_gmt":"2019-08-19T14:39:13","guid":{"rendered":"https:\/\/demo.tz-viskovo.hr\/?page_id=3633"},"modified":"2021-05-27T09:27:05","modified_gmt":"2021-05-27T09:27:05","slug":"pets","status":"publish","type":"page","link":"https:\/\/demo.tz-viskovo.hr\/en\/info\/tips-info\/pets\/","title":{"rendered":"Pets"},"content":{"rendered":"\n<table class=\"wp-block-table\"><tbody><tr><td><strong>Specialized veterinary clinic for pets<\/strong> <\/td><\/tr><tr><td>Address <\/td><td>Vi\u0161kovo 122C, 51216 Vi\u0161kovo<\/td><\/tr><tr><td>Phone number <\/td><td>+385 51 257 571<\/td><\/tr><tr><td>GSM <\/td><td>+385 91 514 2534<\/td><\/tr><tr><td>FB<\/td><td><a href=\"https:\/\/www.facebook.com\/veterinarskaambulanta.turkovic?fref=ts\">Veterinarska Ambulanta Turkovi\u0107<\/a><\/td><\/tr><tr><td>Office hours <\/td><td>Monday &#8211; Friday: 09:00 &#8211; 12:00; 17:00 &#8211; 20:00<br>Saturday: 09:00 &#8211; 12:00<\/td><\/tr><tr><td><strong>Veterinary clinic Hop<\/strong> <\/td><\/tr><tr><td>Address <\/td><td>Furi\u0107evo 17, 51216 Vi\u0161kovo<\/td><\/tr><tr><td>Phone number &#8211; shop <\/td><td>+385 51 504 292<\/td><\/tr><tr><td>Phone nubmer &#8211; clinic <\/td><td>+385 51 504 285<\/td><\/tr><tr><td>GSM <\/td><td>+385 99 272 9277<\/td><\/tr><tr><td>E-mail<\/td><td>viskovo@hop-shop.hr<\/td><\/tr><tr><td>Web<\/td><td><a href=\"http:\/\/www.hop-shop.hr\/\">www.hop-shop.hr<\/a><br>&nbsp;<\/td><\/tr><tr><td>Office hours &nbsp;<\/td><td>Monday &#8211;  Saturday: 09:00 &#8211; 21:00<br>Sunday: 09:00 &#8211; 18:00<\/td><\/tr><\/tbody><\/table>\n","protected":false},"excerpt":{"rendered":"<p>Specialized veterinary clinic for pets Address Vi\u0161kovo 122C, 51216 Vi\u0161kovo Phone number +385 51 257 571 GSM +385 91 514 2534 FB Veterinarska Ambulanta Turkovi\u0107 Office hours Monday &#8211; Friday: 09:00 &#8211; 12:00; 17:00 &#8211; 20:00Saturday: 09:00 &#8211; 12:00 Veterinary clinic Hop Address Furi\u0107evo 17, 51216 Vi\u0161kovo Phone number &#8211; shop +385 51 504 292 [&hellip;]<\/p>\n","protected":false},"author":1,"featured_media":14773,"parent":3376,"menu_order":0,"comment_status":"closed","ping_status":"closed","template":"","meta":[],"acf":[],"yoast_head":"<!-- This site is optimized with the Yoast SEO plugin v17.6 - https:\/\/yoast.com\/wordpress\/plugins\/seo\/ -->\n<meta name=\"robots\" content=\"index, follow, max-snippet:-1, max-image-preview:large, max-video-preview:-1\" \/>\n<link rel=\"canonical\" href=\"https:\/\/demo.tz-viskovo.hr\/en\/info\/tips-info\/pets\/\" \/>\n<meta property=\"og:locale\" content=\"en_US\" \/>\n<meta property=\"og:type\" content=\"article\" \/>\n<meta property=\"og:title\" content=\"Pets - Turisti\u010dka zajednica op\u0107ine Vi\u0161kovo\" \/>\n<meta property=\"og:description\" content=\"Specialized veterinary clinic for pets Address Vi\u0161kovo 122C, 51216 Vi\u0161kovo Phone number +385 51 257 571 GSM +385 91 514 2534 FB Veterinarska Ambulanta Turkovi\u0107 Office hours Monday &#8211; Friday: 09:00 &#8211; 12:00; 17:00 &#8211; 20:00Saturday: 09:00 &#8211; 12:00 Veterinary clinic Hop Address Furi\u0107evo 17, 51216 Vi\u0161kovo Phone number &#8211; shop +385 51 504 292 [&hellip;]\" \/>\n<meta property=\"og:url\" content=\"https:\/\/demo.tz-viskovo.hr\/en\/info\/tips-info\/pets\/\" \/>\n<meta property=\"og:site_name\" content=\"Turisti\u010dka zajednica op\u0107ine Vi\u0161kovo\" \/>\n<meta property=\"article:modified_time\" content=\"2021-05-27T09:27:05+00:00\" \/>\n<meta property=\"og:image\" content=\"https:\/\/demo.tz-viskovo.hr\/wp-content\/uploads\/2020\/07\/preuzmi.jpg\" \/>\n\t<meta property=\"og:image:width\" content=\"273\" \/>\n\t<meta property=\"og:image:height\" content=\"185\" \/>\n<meta name=\"twitter:card\" content=\"summary_large_image\" \/>\n<script type=\"application\/ld+json\" class=\"yoast-schema-graph\">{\"@context\":\"https:\/\/schema.org\",\"@graph\":[{\"@type\":\"WebSite\",\"@id\":\"https:\/\/demo.tz-viskovo.hr\/it\/#website\",\"url\":\"https:\/\/demo.tz-viskovo.hr\/it\/\",\"name\":\"Turisti\\u010dka zajednica op\\u0107ine Vi\\u0161kovo\",\"description\":\"\",\"potentialAction\":[{\"@type\":\"SearchAction\",\"target\":{\"@type\":\"EntryPoint\",\"urlTemplate\":\"https:\/\/demo.tz-viskovo.hr\/it\/?s={search_term_string}\"},\"query-input\":\"required name=search_term_string\"}],\"inLanguage\":\"en-US\"},{\"@type\":\"ImageObject\",\"@id\":\"https:\/\/demo.tz-viskovo.hr\/en\/info\/tips-info\/pets\/#primaryimage\",\"inLanguage\":\"en-US\",\"url\":\"https:\/\/demo.tz-viskovo.hr\/wp-content\/uploads\/2020\/07\/preuzmi.jpg\",\"contentUrl\":\"https:\/\/demo.tz-viskovo.hr\/wp-content\/uploads\/2020\/07\/preuzmi.jpg\",\"width\":273,\"height\":185},{\"@type\":\"WebPage\",\"@id\":\"https:\/\/demo.tz-viskovo.hr\/en\/info\/tips-info\/pets\/#webpage\",\"url\":\"https:\/\/demo.tz-viskovo.hr\/en\/info\/tips-info\/pets\/\",\"name\":\"Pets - Turisti\\u010dka zajednica op\\u0107ine Vi\\u0161kovo\",\"isPartOf\":{\"@id\":\"https:\/\/demo.tz-viskovo.hr\/it\/#website\"},\"primaryImageOfPage\":{\"@id\":\"https:\/\/demo.tz-viskovo.hr\/en\/info\/tips-info\/pets\/#primaryimage\"},\"datePublished\":\"2019-08-19T14:39:13+00:00\",\"dateModified\":\"2021-05-27T09:27:05+00:00\",\"breadcrumb\":{\"@id\":\"https:\/\/demo.tz-viskovo.hr\/en\/info\/tips-info\/pets\/#breadcrumb\"},\"inLanguage\":\"en-US\",\"potentialAction\":[{\"@type\":\"ReadAction\",\"target\":[\"https:\/\/demo.tz-viskovo.hr\/en\/info\/tips-info\/pets\/\"]}]},{\"@type\":\"BreadcrumbList\",\"@id\":\"https:\/\/demo.tz-viskovo.hr\/en\/info\/tips-info\/pets\/#breadcrumb\",\"itemListElement\":[{\"@type\":\"ListItem\",\"position\":1,\"name\":\"Home\",\"item\":\"https:\/\/demo.tz-viskovo.hr\/en\/\"},{\"@type\":\"ListItem\",\"position\":2,\"name\":\"Info\",\"item\":\"https:\/\/demo.tz-viskovo.hr\/en\/info\/\"},{\"@type\":\"ListItem\",\"position\":3,\"name\":\"Tips &#038; info\",\"item\":\"https:\/\/demo.tz-viskovo.hr\/en\/info\/tips-info\/\"},{\"@type\":\"ListItem\",\"position\":4,\"name\":\"Pets\"}]}]}<\/script>\n<!-- \/ Yoast SEO plugin. -->","yoast_head_json":{"robots":{"index":"index","follow":"follow","max-snippet":"max-snippet:-1","max-image-preview":"max-image-preview:large","max-video-preview":"max-video-preview:-1"},"canonical":"https:\/\/demo.tz-viskovo.hr\/en\/info\/tips-info\/pets\/","og_locale":"en_US","og_type":"article","og_title":"Pets - Turisti\u010dka zajednica op\u0107ine Vi\u0161kovo","og_description":"Specialized veterinary clinic for pets Address Vi\u0161kovo 122C, 51216 Vi\u0161kovo Phone number +385 51 257 571 GSM +385 91 514 2534 FB Veterinarska Ambulanta Turkovi\u0107 Office hours Monday &#8211; Friday: 09:00 &#8211; 12:00; 17:00 &#8211; 20:00Saturday: 09:00 &#8211; 12:00 Veterinary clinic Hop Address Furi\u0107evo 17, 51216 Vi\u0161kovo Phone number &#8211; shop +385 51 504 292 [&hellip;]","og_url":"https:\/\/demo.tz-viskovo.hr\/en\/info\/tips-info\/pets\/","og_site_name":"Turisti\u010dka zajednica op\u0107ine Vi\u0161kovo","article_modified_time":"2021-05-27T09:27:05+00:00","og_image":[{"width":273,"height":185,"url":"https:\/\/demo.tz-viskovo.hr\/wp-content\/uploads\/2020\/07\/preuzmi.jpg","type":"image\/jpeg"}],"twitter_card":"summary_large_image","schema":{"@context":"https:\/\/schema.org","@graph":[{"@type":"WebSite","@id":"https:\/\/demo.tz-viskovo.hr\/it\/#website","url":"https:\/\/demo.tz-viskovo.hr\/it\/","name":"Turisti\u010dka zajednica op\u0107ine Vi\u0161kovo","description":"","potentialAction":[{"@type":"SearchAction","target":{"@type":"EntryPoint","urlTemplate":"https:\/\/demo.tz-viskovo.hr\/it\/?s={search_term_string}"},"query-input":"required name=search_term_string"}],"inLanguage":"en-US"},{"@type":"ImageObject","@id":"https:\/\/demo.tz-viskovo.hr\/en\/info\/tips-info\/pets\/#primaryimage","inLanguage":"en-US","url":"https:\/\/demo.tz-viskovo.hr\/wp-content\/uploads\/2020\/07\/preuzmi.jpg","contentUrl":"https:\/\/demo.tz-viskovo.hr\/wp-content\/uploads\/2020\/07\/preuzmi.jpg","width":273,"height":185},{"@type":"WebPage","@id":"https:\/\/demo.tz-viskovo.hr\/en\/info\/tips-info\/pets\/#webpage","url":"https:\/\/demo.tz-viskovo.hr\/en\/info\/tips-info\/pets\/","name":"Pets - Turisti\u010dka zajednica op\u0107ine Vi\u0161kovo","isPartOf":{"@id":"https:\/\/demo.tz-viskovo.hr\/it\/#website"},"primaryImageOfPage":{"@id":"https:\/\/demo.tz-viskovo.hr\/en\/info\/tips-info\/pets\/#primaryimage"},"datePublished":"2019-08-19T14:39:13+00:00","dateModified":"2021-05-27T09:27:05+00:00","breadcrumb":{"@id":"https:\/\/demo.tz-viskovo.hr\/en\/info\/tips-info\/pets\/#breadcrumb"},"inLanguage":"en-US","potentialAction":[{"@type":"ReadAction","target":["https:\/\/demo.tz-viskovo.hr\/en\/info\/tips-info\/pets\/"]}]},{"@type":"BreadcrumbList","@id":"https:\/\/demo.tz-viskovo.hr\/en\/info\/tips-info\/pets\/#breadcrumb","itemListElement":[{"@type":"ListItem","position":1,"name":"Home","item":"https:\/\/demo.tz-viskovo.hr\/en\/"},{"@type":"ListItem","position":2,"name":"Info","item":"https:\/\/demo.tz-viskovo.hr\/en\/info\/"},{"@type":"ListItem","position":3,"name":"Tips &#038; info","item":"https:\/\/demo.tz-viskovo.hr\/en\/info\/tips-info\/"},{"@type":"ListItem","position":4,"name":"Pets"}]}]}},"_links":{"self":[{"href":"https:\/\/demo.tz-viskovo.hr\/en\/wp-json\/wp\/v2\/pages\/3633"}],"collection":[{"href":"https:\/\/demo.tz-viskovo.hr\/en\/wp-json\/wp\/v2\/pages"}],"about":[{"href":"https:\/\/demo.tz-viskovo.hr\/en\/wp-json\/wp\/v2\/types\/page"}],"author":[{"embeddable":true,"href":"https:\/\/demo.tz-viskovo.hr\/en\/wp-json\/wp\/v2\/users\/1"}],"replies":[{"embeddable":true,"href":"https:\/\/demo.tz-viskovo.hr\/en\/wp-json\/wp\/v2\/comments?post=3633"}],"version-history":[{"count":3,"href":"https:\/\/demo.tz-viskovo.hr\/en\/wp-json\/wp\/v2\/pages\/3633\/revisions"}],"predecessor-version":[{"id":16855,"href":"https:\/\/demo.tz-viskovo.hr\/en\/wp-json\/wp\/v2\/pages\/3633\/revisions\/16855"}],"up":[{"embeddable":true,"href":"https:\/\/demo.tz-viskovo.hr\/en\/wp-json\/wp\/v2\/pages\/3376"}],"wp:featuredmedia":[{"embeddable":true,"href":"https:\/\/demo.tz-viskovo.hr\/en\/wp-json\/wp\/v2\/media\/14773"}],"wp:attachment":[{"href":"https:\/\/demo.tz-viskovo.hr\/en\/wp-json\/wp\/v2\/media?parent=3633"}],"curies":[{"name":"wp","href":"https:\/\/api.w.org\/{rel}","templated":true}]}}