{"id":3636,"date":"2019-08-19T14:40:58","date_gmt":"2019-08-19T14:40:58","guid":{"rendered":"https:\/\/demo.tz-viskovo.hr\/?page_id=3636"},"modified":"2019-08-19T14:40:59","modified_gmt":"2019-08-19T14:40:59","slug":"mobile-applications","status":"publish","type":"page","link":"https:\/\/demo.tz-viskovo.hr\/en\/info\/mobile-applications\/","title":{"rendered":"Mobile applications"},"content":{"rendered":"\n<p><strong>Bike Rijeka<\/strong><\/p>\n\n\n\n<p>The Bike Rijeka mobile application includes around 40 cycle tracks that run through eight cities and municipalities in Rijeka&#8217;s surrounding area: Rijeka, Kastav, Klana, Vi\u0161kovo, Jelenje, \u010cavle, Kostrena and Bakar. The greatest focus has been on the track and navigation display, and you can choose tracks based on the level of difficulty and simply based on the locations on the map.&nbsp;<\/p>\n\n\n\n<p>Track navigation, apart from trajectory, displays the statistics of the ride, completed kilometres and speed. During the bike ride, the Google map also shows nearby attractions and contact information for hospitality facilities, accommodation and other assisting services.<\/p>\n\n\n\n<p><strong>Download the app<\/strong><br><a href=\"https:\/\/play.google.com\/store\/apps\/details?id=hr.molekula.bikerijeka\">Android<\/a><br><a href=\"https:\/\/itunes.apple.com\/hr\/app\/bike-rijeka\/id884542925?mt=8&amp;ign-mpt=uo%3D4\">iPhone<\/a><\/p>\n","protected":false},"excerpt":{"rendered":"<p>Bike Rijeka The Bike Rijeka mobile application includes around 40 cycle tracks that run through eight cities and municipalities in Rijeka&#8217;s surrounding area: Rijeka, Kastav, Klana, Vi\u0161kovo, Jelenje, \u010cavle, Kostrena and Bakar. The greatest focus has been on the track and navigation display, and you can choose tracks based on the level of difficulty and [&hellip;]<\/p>\n","protected":false},"author":1,"featured_media":3638,"parent":3374,"menu_order":0,"comment_status":"closed","ping_status":"closed","template":"","meta":[],"acf":[],"yoast_head":"<!-- This site is optimized with the Yoast SEO plugin v17.6 - https:\/\/yoast.com\/wordpress\/plugins\/seo\/ -->\n<meta name=\"robots\" content=\"index, follow, max-snippet:-1, max-image-preview:large, max-video-preview:-1\" \/>\n<link rel=\"canonical\" href=\"https:\/\/demo.tz-viskovo.hr\/en\/info\/mobile-applications\/\" \/>\n<meta property=\"og:locale\" content=\"en_US\" \/>\n<meta property=\"og:type\" content=\"article\" \/>\n<meta property=\"og:title\" content=\"Mobile applications - Turisti\u010dka zajednica op\u0107ine Vi\u0161kovo\" \/>\n<meta property=\"og:description\" content=\"Bike Rijeka The Bike Rijeka mobile application includes around 40 cycle tracks that run through eight cities and municipalities in Rijeka&#8217;s surrounding area: Rijeka, Kastav, Klana, Vi\u0161kovo, Jelenje, \u010cavle, Kostrena and Bakar. The greatest focus has been on the track and navigation display, and you can choose tracks based on the level of difficulty and [&hellip;]\" \/>\n<meta property=\"og:url\" content=\"https:\/\/demo.tz-viskovo.hr\/en\/info\/mobile-applications\/\" \/>\n<meta property=\"og:site_name\" content=\"Turisti\u010dka zajednica op\u0107ine Vi\u0161kovo\" \/>\n<meta property=\"article:modified_time\" content=\"2019-08-19T14:40:59+00:00\" \/>\n<meta property=\"og:image\" content=\"https:\/\/demo.tz-viskovo.hr\/wp-content\/uploads\/2019\/05\/20151214081744000000-main.jpg\" \/>\n\t<meta property=\"og:image:width\" content=\"620\" \/>\n\t<meta property=\"og:image:height\" content=\"460\" \/>\n<meta name=\"twitter:card\" content=\"summary_large_image\" \/>\n<meta name=\"twitter:label1\" content=\"Est. reading time\" \/>\n\t<meta name=\"twitter:data1\" content=\"1 minute\" \/>\n<script type=\"application\/ld+json\" class=\"yoast-schema-graph\">{\"@context\":\"https:\/\/schema.org\",\"@graph\":[{\"@type\":\"WebSite\",\"@id\":\"https:\/\/demo.tz-viskovo.hr\/it\/#website\",\"url\":\"https:\/\/demo.tz-viskovo.hr\/it\/\",\"name\":\"Turisti\\u010dka zajednica op\\u0107ine Vi\\u0161kovo\",\"description\":\"\",\"potentialAction\":[{\"@type\":\"SearchAction\",\"target\":{\"@type\":\"EntryPoint\",\"urlTemplate\":\"https:\/\/demo.tz-viskovo.hr\/it\/?s={search_term_string}\"},\"query-input\":\"required name=search_term_string\"}],\"inLanguage\":\"en-US\"},{\"@type\":\"ImageObject\",\"@id\":\"https:\/\/demo.tz-viskovo.hr\/en\/info\/mobile-applications\/#primaryimage\",\"inLanguage\":\"en-US\",\"url\":\"https:\/\/demo.tz-viskovo.hr\/wp-content\/uploads\/2019\/05\/20151214081744000000-main.jpg\",\"contentUrl\":\"https:\/\/demo.tz-viskovo.hr\/wp-content\/uploads\/2019\/05\/20151214081744000000-main.jpg\",\"width\":620,\"height\":460},{\"@type\":\"WebPage\",\"@id\":\"https:\/\/demo.tz-viskovo.hr\/en\/info\/mobile-applications\/#webpage\",\"url\":\"https:\/\/demo.tz-viskovo.hr\/en\/info\/mobile-applications\/\",\"name\":\"Mobile applications - Turisti\\u010dka zajednica op\\u0107ine Vi\\u0161kovo\",\"isPartOf\":{\"@id\":\"https:\/\/demo.tz-viskovo.hr\/it\/#website\"},\"primaryImageOfPage\":{\"@id\":\"https:\/\/demo.tz-viskovo.hr\/en\/info\/mobile-applications\/#primaryimage\"},\"datePublished\":\"2019-08-19T14:40:58+00:00\",\"dateModified\":\"2019-08-19T14:40:59+00:00\",\"breadcrumb\":{\"@id\":\"https:\/\/demo.tz-viskovo.hr\/en\/info\/mobile-applications\/#breadcrumb\"},\"inLanguage\":\"en-US\",\"potentialAction\":[{\"@type\":\"ReadAction\",\"target\":[\"https:\/\/demo.tz-viskovo.hr\/en\/info\/mobile-applications\/\"]}]},{\"@type\":\"BreadcrumbList\",\"@id\":\"https:\/\/demo.tz-viskovo.hr\/en\/info\/mobile-applications\/#breadcrumb\",\"itemListElement\":[{\"@type\":\"ListItem\",\"position\":1,\"name\":\"Home\",\"item\":\"https:\/\/demo.tz-viskovo.hr\/en\/\"},{\"@type\":\"ListItem\",\"position\":2,\"name\":\"Info\",\"item\":\"https:\/\/demo.tz-viskovo.hr\/en\/info\/\"},{\"@type\":\"ListItem\",\"position\":3,\"name\":\"Mobile applications\"}]}]}<\/script>\n<!-- \/ Yoast SEO plugin. -->","yoast_head_json":{"robots":{"index":"index","follow":"follow","max-snippet":"max-snippet:-1","max-image-preview":"max-image-preview:large","max-video-preview":"max-video-preview:-1"},"canonical":"https:\/\/demo.tz-viskovo.hr\/en\/info\/mobile-applications\/","og_locale":"en_US","og_type":"article","og_title":"Mobile applications - Turisti\u010dka zajednica op\u0107ine Vi\u0161kovo","og_description":"Bike Rijeka The Bike Rijeka mobile application includes around 40 cycle tracks that run through eight cities and municipalities in Rijeka&#8217;s surrounding area: Rijeka, Kastav, Klana, Vi\u0161kovo, Jelenje, \u010cavle, Kostrena and Bakar. The greatest focus has been on the track and navigation display, and you can choose tracks based on the level of difficulty and [&hellip;]","og_url":"https:\/\/demo.tz-viskovo.hr\/en\/info\/mobile-applications\/","og_site_name":"Turisti\u010dka zajednica op\u0107ine Vi\u0161kovo","article_modified_time":"2019-08-19T14:40:59+00:00","og_image":[{"width":620,"height":460,"url":"https:\/\/demo.tz-viskovo.hr\/wp-content\/uploads\/2019\/05\/20151214081744000000-main.jpg","type":"image\/jpeg"}],"twitter_card":"summary_large_image","twitter_misc":{"Est. reading time":"1 minute"},"schema":{"@context":"https:\/\/schema.org","@graph":[{"@type":"WebSite","@id":"https:\/\/demo.tz-viskovo.hr\/it\/#website","url":"https:\/\/demo.tz-viskovo.hr\/it\/","name":"Turisti\u010dka zajednica op\u0107ine Vi\u0161kovo","description":"","potentialAction":[{"@type":"SearchAction","target":{"@type":"EntryPoint","urlTemplate":"https:\/\/demo.tz-viskovo.hr\/it\/?s={search_term_string}"},"query-input":"required name=search_term_string"}],"inLanguage":"en-US"},{"@type":"ImageObject","@id":"https:\/\/demo.tz-viskovo.hr\/en\/info\/mobile-applications\/#primaryimage","inLanguage":"en-US","url":"https:\/\/demo.tz-viskovo.hr\/wp-content\/uploads\/2019\/05\/20151214081744000000-main.jpg","contentUrl":"https:\/\/demo.tz-viskovo.hr\/wp-content\/uploads\/2019\/05\/20151214081744000000-main.jpg","width":620,"height":460},{"@type":"WebPage","@id":"https:\/\/demo.tz-viskovo.hr\/en\/info\/mobile-applications\/#webpage","url":"https:\/\/demo.tz-viskovo.hr\/en\/info\/mobile-applications\/","name":"Mobile applications - Turisti\u010dka zajednica op\u0107ine Vi\u0161kovo","isPartOf":{"@id":"https:\/\/demo.tz-viskovo.hr\/it\/#website"},"primaryImageOfPage":{"@id":"https:\/\/demo.tz-viskovo.hr\/en\/info\/mobile-applications\/#primaryimage"},"datePublished":"2019-08-19T14:40:58+00:00","dateModified":"2019-08-19T14:40:59+00:00","breadcrumb":{"@id":"https:\/\/demo.tz-viskovo.hr\/en\/info\/mobile-applications\/#breadcrumb"},"inLanguage":"en-US","potentialAction":[{"@type":"ReadAction","target":["https:\/\/demo.tz-viskovo.hr\/en\/info\/mobile-applications\/"]}]},{"@type":"BreadcrumbList","@id":"https:\/\/demo.tz-viskovo.hr\/en\/info\/mobile-applications\/#breadcrumb","itemListElement":[{"@type":"ListItem","position":1,"name":"Home","item":"https:\/\/demo.tz-viskovo.hr\/en\/"},{"@type":"ListItem","position":2,"name":"Info","item":"https:\/\/demo.tz-viskovo.hr\/en\/info\/"},{"@type":"ListItem","position":3,"name":"Mobile applications"}]}]}},"_links":{"self":[{"href":"https:\/\/demo.tz-viskovo.hr\/en\/wp-json\/wp\/v2\/pages\/3636"}],"collection":[{"href":"https:\/\/demo.tz-viskovo.hr\/en\/wp-json\/wp\/v2\/pages"}],"about":[{"href":"https:\/\/demo.tz-viskovo.hr\/en\/wp-json\/wp\/v2\/types\/page"}],"author":[{"embeddable":true,"href":"https:\/\/demo.tz-viskovo.hr\/en\/wp-json\/wp\/v2\/users\/1"}],"replies":[{"embeddable":true,"href":"https:\/\/demo.tz-viskovo.hr\/en\/wp-json\/wp\/v2\/comments?post=3636"}],"version-history":[{"count":1,"href":"https:\/\/demo.tz-viskovo.hr\/en\/wp-json\/wp\/v2\/pages\/3636\/revisions"}],"predecessor-version":[{"id":3637,"href":"https:\/\/demo.tz-viskovo.hr\/en\/wp-json\/wp\/v2\/pages\/3636\/revisions\/3637"}],"up":[{"embeddable":true,"href":"https:\/\/demo.tz-viskovo.hr\/en\/wp-json\/wp\/v2\/pages\/3374"}],"wp:featuredmedia":[{"embeddable":true,"href":"https:\/\/demo.tz-viskovo.hr\/en\/wp-json\/wp\/v2\/media\/3638"}],"wp:attachment":[{"href":"https:\/\/demo.tz-viskovo.hr\/en\/wp-json\/wp\/v2\/media?parent=3636"}],"curies":[{"name":"wp","href":"https:\/\/api.w.org\/{rel}","templated":true}]}}