{"id":3642,"date":"2019-08-19T14:44:01","date_gmt":"2019-08-19T14:44:01","guid":{"rendered":"https:\/\/demo.tz-viskovo.hr\/?page_id=3642"},"modified":"2019-08-19T14:44:02","modified_gmt":"2019-08-19T14:44:02","slug":"how-to-reach-us","status":"publish","type":"page","link":"https:\/\/demo.tz-viskovo.hr\/en\/info\/how-to-reach-us\/","title":{"rendered":"How to reach us"},"content":{"rendered":"\n<p>To reach Vi\u0161kovo by car is easily following the indications:<\/p>\n\n\n\n<p>If you come from the neighbouring Republic of &nbsp;Slovenia, border crossing Rupa, before the western entrance to Rijeka, road signs will point you to Kastav and then to Vi\u0161kovo;<br><br>If arriving via Rijeka, select the exit Rijeka \u2013 zapad (Kastav) Vi\u0161kovo;<br>Coming from Opatija, follow the signs from Matulji for Kastav and then Vi\u0161kovo.<br><br>If you &nbsp;come to Croatia by bus or train, as the destination choose Rijeka, from where it is easy to reach Vi\u0161kovo by bus or taxi. Instead, if you choose to arrive in Croatia by plane, at your disposal are the airport of Rijeka (island Krk), Zagreb and Pula. All the above airports have good connections with Rijeka and &nbsp;Vi\u0161kovo.<\/p>\n\n\n\n<p>To reach Vi\u0161kovo you can use suburban public transport buses.<br>Timetable of bus lines in the area of municipality of Vi\u0161kovo:<\/p>\n\n\n\n<p><a href=\"http:\/\/www.autotrolej.hr\/Download\/2015\/09\/10\/lin_3a_.pdf\">Line no. 3a RIJEKA-DRNJEVCI-BEZJAKI<\/a><br><a href=\"http:\/\/www.autotrolej.hr\/Download\/2015\/09\/07\/18_18B_18C___01.08.20151.pdf\">Line no. 18 RIJEKA-SPIN\u010cI\u0106I-TRINAJSTI\u0106I-KASTAV-JELU\u0160I\u0106I-BRN\u010cI\u0106I<\/a><br><a href=\"http:\/\/www.autotrolej.hr\/Download\/2015\/10\/09\/17_19_20_211.pdf\">Line no. 19 RIJEKA-STUPARI-MAR\u010cELJI-KLANA<\/a><br><a href=\"http:\/\/www.autotrolej.hr\/Download\/2015\/10\/09\/17_19_20_211.pdf\">Line no. 20 RIJEKA-PEHLIN-MARINI\u0106I-MAR\u010cELJI-STUDENA-KLANA-LISAC<\/a><br><a href=\"http:\/\/www.autotrolej.hr\/Download\/2015\/10\/09\/17_19_20_211.pdf\">Line no. 21 RIJEKA-PEHLIN-MARINI\u0106I-BRN\u010cI\u0106I-JELU\u0160I\u0106I-KUDEJI<\/a><br><a href=\"http:\/\/www.autotrolej.hr\/Download\/2015\/09\/07\/LIN__11__07.09.2015.1.pdf\">Line no. 11 RIJEKA-LOKVA-SAR\u0160ONI-GARI\u0106I-VI\u0160KOVO<\/a><\/p>\n","protected":false},"excerpt":{"rendered":"<p>To reach Vi\u0161kovo by car is easily following the indications: If you come from the neighbouring Republic of &nbsp;Slovenia, border crossing Rupa, before the western entrance to Rijeka, road signs will point you to Kastav and then to Vi\u0161kovo; If arriving via Rijeka, select the exit Rijeka \u2013 zapad (Kastav) Vi\u0161kovo;Coming from Opatija, follow the [&hellip;]<\/p>\n","protected":false},"author":1,"featured_media":3644,"parent":3374,"menu_order":0,"comment_status":"closed","ping_status":"closed","template":"","meta":[],"acf":[],"yoast_head":"<!-- This site is optimized with the Yoast SEO plugin v17.6 - https:\/\/yoast.com\/wordpress\/plugins\/seo\/ -->\n<meta name=\"robots\" content=\"index, follow, max-snippet:-1, max-image-preview:large, max-video-preview:-1\" \/>\n<link rel=\"canonical\" href=\"https:\/\/demo.tz-viskovo.hr\/en\/info\/how-to-reach-us\/\" \/>\n<meta property=\"og:locale\" content=\"en_US\" \/>\n<meta property=\"og:type\" content=\"article\" \/>\n<meta property=\"og:title\" content=\"How to reach us - Turisti\u010dka zajednica op\u0107ine Vi\u0161kovo\" \/>\n<meta property=\"og:description\" content=\"To reach Vi\u0161kovo by car is easily following the indications: If you come from the neighbouring Republic of &nbsp;Slovenia, border crossing Rupa, before the western entrance to Rijeka, road signs will point you to Kastav and then to Vi\u0161kovo; If arriving via Rijeka, select the exit Rijeka \u2013 zapad (Kastav) Vi\u0161kovo;Coming from Opatija, follow the [&hellip;]\" \/>\n<meta property=\"og:url\" content=\"https:\/\/demo.tz-viskovo.hr\/en\/info\/how-to-reach-us\/\" \/>\n<meta property=\"og:site_name\" content=\"Turisti\u010dka zajednica op\u0107ine Vi\u0161kovo\" \/>\n<meta property=\"article:modified_time\" content=\"2019-08-19T14:44:02+00:00\" \/>\n<meta property=\"og:image\" content=\"https:\/\/demo.tz-viskovo.hr\/wp-content\/uploads\/2019\/08\/20131113111706000000-main.jpg\" \/>\n\t<meta property=\"og:image:width\" content=\"839\" \/>\n\t<meta property=\"og:image:height\" content=\"568\" \/>\n<meta name=\"twitter:card\" content=\"summary_large_image\" \/>\n<meta name=\"twitter:label1\" content=\"Est. reading time\" \/>\n\t<meta name=\"twitter:data1\" content=\"1 minute\" \/>\n<script type=\"application\/ld+json\" class=\"yoast-schema-graph\">{\"@context\":\"https:\/\/schema.org\",\"@graph\":[{\"@type\":\"WebSite\",\"@id\":\"https:\/\/demo.tz-viskovo.hr\/it\/#website\",\"url\":\"https:\/\/demo.tz-viskovo.hr\/it\/\",\"name\":\"Turisti\\u010dka zajednica op\\u0107ine Vi\\u0161kovo\",\"description\":\"\",\"potentialAction\":[{\"@type\":\"SearchAction\",\"target\":{\"@type\":\"EntryPoint\",\"urlTemplate\":\"https:\/\/demo.tz-viskovo.hr\/it\/?s={search_term_string}\"},\"query-input\":\"required name=search_term_string\"}],\"inLanguage\":\"en-US\"},{\"@type\":\"ImageObject\",\"@id\":\"https:\/\/demo.tz-viskovo.hr\/en\/info\/how-to-reach-us\/#primaryimage\",\"inLanguage\":\"en-US\",\"url\":\"https:\/\/demo.tz-viskovo.hr\/wp-content\/uploads\/2019\/08\/20131113111706000000-main.jpg\",\"contentUrl\":\"https:\/\/demo.tz-viskovo.hr\/wp-content\/uploads\/2019\/08\/20131113111706000000-main.jpg\",\"width\":839,\"height\":568},{\"@type\":\"WebPage\",\"@id\":\"https:\/\/demo.tz-viskovo.hr\/en\/info\/how-to-reach-us\/#webpage\",\"url\":\"https:\/\/demo.tz-viskovo.hr\/en\/info\/how-to-reach-us\/\",\"name\":\"How to reach us - Turisti\\u010dka zajednica op\\u0107ine Vi\\u0161kovo\",\"isPartOf\":{\"@id\":\"https:\/\/demo.tz-viskovo.hr\/it\/#website\"},\"primaryImageOfPage\":{\"@id\":\"https:\/\/demo.tz-viskovo.hr\/en\/info\/how-to-reach-us\/#primaryimage\"},\"datePublished\":\"2019-08-19T14:44:01+00:00\",\"dateModified\":\"2019-08-19T14:44:02+00:00\",\"breadcrumb\":{\"@id\":\"https:\/\/demo.tz-viskovo.hr\/en\/info\/how-to-reach-us\/#breadcrumb\"},\"inLanguage\":\"en-US\",\"potentialAction\":[{\"@type\":\"ReadAction\",\"target\":[\"https:\/\/demo.tz-viskovo.hr\/en\/info\/how-to-reach-us\/\"]}]},{\"@type\":\"BreadcrumbList\",\"@id\":\"https:\/\/demo.tz-viskovo.hr\/en\/info\/how-to-reach-us\/#breadcrumb\",\"itemListElement\":[{\"@type\":\"ListItem\",\"position\":1,\"name\":\"Home\",\"item\":\"https:\/\/demo.tz-viskovo.hr\/en\/\"},{\"@type\":\"ListItem\",\"position\":2,\"name\":\"Info\",\"item\":\"https:\/\/demo.tz-viskovo.hr\/en\/info\/\"},{\"@type\":\"ListItem\",\"position\":3,\"name\":\"How to reach us\"}]}]}<\/script>\n<!-- \/ Yoast SEO plugin. -->","yoast_head_json":{"robots":{"index":"index","follow":"follow","max-snippet":"max-snippet:-1","max-image-preview":"max-image-preview:large","max-video-preview":"max-video-preview:-1"},"canonical":"https:\/\/demo.tz-viskovo.hr\/en\/info\/how-to-reach-us\/","og_locale":"en_US","og_type":"article","og_title":"How to reach us - Turisti\u010dka zajednica op\u0107ine Vi\u0161kovo","og_description":"To reach Vi\u0161kovo by car is easily following the indications: If you come from the neighbouring Republic of &nbsp;Slovenia, border crossing Rupa, before the western entrance to Rijeka, road signs will point you to Kastav and then to Vi\u0161kovo; If arriving via Rijeka, select the exit Rijeka \u2013 zapad (Kastav) Vi\u0161kovo;Coming from Opatija, follow the [&hellip;]","og_url":"https:\/\/demo.tz-viskovo.hr\/en\/info\/how-to-reach-us\/","og_site_name":"Turisti\u010dka zajednica op\u0107ine Vi\u0161kovo","article_modified_time":"2019-08-19T14:44:02+00:00","og_image":[{"width":839,"height":568,"url":"https:\/\/demo.tz-viskovo.hr\/wp-content\/uploads\/2019\/08\/20131113111706000000-main.jpg","type":"image\/jpeg"}],"twitter_card":"summary_large_image","twitter_misc":{"Est. reading time":"1 minute"},"schema":{"@context":"https:\/\/schema.org","@graph":[{"@type":"WebSite","@id":"https:\/\/demo.tz-viskovo.hr\/it\/#website","url":"https:\/\/demo.tz-viskovo.hr\/it\/","name":"Turisti\u010dka zajednica op\u0107ine Vi\u0161kovo","description":"","potentialAction":[{"@type":"SearchAction","target":{"@type":"EntryPoint","urlTemplate":"https:\/\/demo.tz-viskovo.hr\/it\/?s={search_term_string}"},"query-input":"required name=search_term_string"}],"inLanguage":"en-US"},{"@type":"ImageObject","@id":"https:\/\/demo.tz-viskovo.hr\/en\/info\/how-to-reach-us\/#primaryimage","inLanguage":"en-US","url":"https:\/\/demo.tz-viskovo.hr\/wp-content\/uploads\/2019\/08\/20131113111706000000-main.jpg","contentUrl":"https:\/\/demo.tz-viskovo.hr\/wp-content\/uploads\/2019\/08\/20131113111706000000-main.jpg","width":839,"height":568},{"@type":"WebPage","@id":"https:\/\/demo.tz-viskovo.hr\/en\/info\/how-to-reach-us\/#webpage","url":"https:\/\/demo.tz-viskovo.hr\/en\/info\/how-to-reach-us\/","name":"How to reach us - Turisti\u010dka zajednica op\u0107ine Vi\u0161kovo","isPartOf":{"@id":"https:\/\/demo.tz-viskovo.hr\/it\/#website"},"primaryImageOfPage":{"@id":"https:\/\/demo.tz-viskovo.hr\/en\/info\/how-to-reach-us\/#primaryimage"},"datePublished":"2019-08-19T14:44:01+00:00","dateModified":"2019-08-19T14:44:02+00:00","breadcrumb":{"@id":"https:\/\/demo.tz-viskovo.hr\/en\/info\/how-to-reach-us\/#breadcrumb"},"inLanguage":"en-US","potentialAction":[{"@type":"ReadAction","target":["https:\/\/demo.tz-viskovo.hr\/en\/info\/how-to-reach-us\/"]}]},{"@type":"BreadcrumbList","@id":"https:\/\/demo.tz-viskovo.hr\/en\/info\/how-to-reach-us\/#breadcrumb","itemListElement":[{"@type":"ListItem","position":1,"name":"Home","item":"https:\/\/demo.tz-viskovo.hr\/en\/"},{"@type":"ListItem","position":2,"name":"Info","item":"https:\/\/demo.tz-viskovo.hr\/en\/info\/"},{"@type":"ListItem","position":3,"name":"How to reach us"}]}]}},"_links":{"self":[{"href":"https:\/\/demo.tz-viskovo.hr\/en\/wp-json\/wp\/v2\/pages\/3642"}],"collection":[{"href":"https:\/\/demo.tz-viskovo.hr\/en\/wp-json\/wp\/v2\/pages"}],"about":[{"href":"https:\/\/demo.tz-viskovo.hr\/en\/wp-json\/wp\/v2\/types\/page"}],"author":[{"embeddable":true,"href":"https:\/\/demo.tz-viskovo.hr\/en\/wp-json\/wp\/v2\/users\/1"}],"replies":[{"embeddable":true,"href":"https:\/\/demo.tz-viskovo.hr\/en\/wp-json\/wp\/v2\/comments?post=3642"}],"version-history":[{"count":1,"href":"https:\/\/demo.tz-viskovo.hr\/en\/wp-json\/wp\/v2\/pages\/3642\/revisions"}],"predecessor-version":[{"id":3643,"href":"https:\/\/demo.tz-viskovo.hr\/en\/wp-json\/wp\/v2\/pages\/3642\/revisions\/3643"}],"up":[{"embeddable":true,"href":"https:\/\/demo.tz-viskovo.hr\/en\/wp-json\/wp\/v2\/pages\/3374"}],"wp:featuredmedia":[{"embeddable":true,"href":"https:\/\/demo.tz-viskovo.hr\/en\/wp-json\/wp\/v2\/media\/3644"}],"wp:attachment":[{"href":"https:\/\/demo.tz-viskovo.hr\/en\/wp-json\/wp\/v2\/media?parent=3642"}],"curies":[{"name":"wp","href":"https:\/\/api.w.org\/{rel}","templated":true}]}}