{"id":5031,"date":"2019-08-22T10:06:36","date_gmt":"2019-08-22T10:06:36","guid":{"rendered":"https:\/\/demo.tz-viskovo.hr\/?page_id=5031"},"modified":"2020-05-15T08:03:24","modified_gmt":"2020-05-15T08:03:24","slug":"art-of-dry-stone-walling-knowledge-and-techniques","status":"publish","type":"page","link":"https:\/\/demo.tz-viskovo.hr\/en\/viskovo\/unesco\/art-of-dry-stone-walling-knowledge-and-techniques\/","title":{"rendered":"Art of dry stone walling, knowledge and techniques"},"content":{"rendered":"\n<p>The art of dry stone walling concerns the know-how related to\nmaking stone constructions by stacking stones upon each other, without using\nany joining material. In a narrower sense, the art of dry-stone walling refers\nto building using broken stones with minimum alternation or no alteration at\nall. As a broader sense, the art of dry-stone walling may include stacking of stone\nplates and slabs, construction of buildings using the dressed stone, but\nwithout any joining material. This art has been used along the Adriatic coast\nand in the Mount Dinara region of Croatia ever since the prehistory until\ntoday.&nbsp; The geographical spread of the\ndry-stone walling, its technical perfection and the importance for the\ncommunity are related to the density of population and economic activities, as\nwell as the method and means of transformation of the karst with the purpose of\nagricultural production.<\/p>\n\n\n\n<p>In the areas of bare karst, the dry-stone walling is an\nirreplaceable manual technique used for building of shelters, paths and\nobstacles, especially for the adjustment of stone terrains for agricultural\nactivities. The largest part of of the building process belongs to the first\nand, in terms of labour, the most intensive phases of occupying new plots of\nland \u2013 when building fences, cleaning the land from stone, making terraces, and\nsimple stone shelters. In a later phase of the exploitation of such locations,\nthe art of dry-stone walling is used for maintenance and repair of buildings,\nstorage of the surplus stone extracted from the land in land-processing,\nfunctional readjustments and similar. The most skilled bricklayers are\nrecognised and appreciated in their communities, and the degree of their\nspecial and professional skills depends on the circumstances.<\/p>\n\n\n\n<p>Along with minor objects of various purposes, the <a href=\"https:\/\/demo.tz-viskovo.hr\/en\/viskovo\/kulturna-bastina\/gromace-dry-stone-walls\/\">dry-wall <\/a>(groma\u010da, me\u0111a, mocira, mocir, masiera, redina, prizida, zid, mrtvi zid, mrtvi mir&#8230;) represents a typical drywalling product, which appears in different forms in the entire area of Adriatic and Dinaric karst and is a significant characteristic of this landscape.<\/p>\n","protected":false},"excerpt":{"rendered":"<p>The art of dry stone walling concerns the know-how related to making stone constructions by stacking stones upon each other, without using any joining material. In a narrower sense, the art of dry-stone walling refers to building using broken stones with minimum alternation or no alteration at all. As a broader sense, the art of [&hellip;]<\/p>\n","protected":false},"author":1,"featured_media":13603,"parent":1664,"menu_order":0,"comment_status":"closed","ping_status":"closed","template":"","meta":[],"acf":[],"yoast_head":"<!-- This site is optimized with the Yoast SEO plugin v17.6 - https:\/\/yoast.com\/wordpress\/plugins\/seo\/ -->\n<meta name=\"robots\" content=\"index, follow, max-snippet:-1, max-image-preview:large, max-video-preview:-1\" \/>\n<link rel=\"canonical\" href=\"https:\/\/demo.tz-viskovo.hr\/en\/viskovo\/unesco\/art-of-dry-stone-walling-knowledge-and-techniques\/\" \/>\n<meta property=\"og:locale\" content=\"en_US\" \/>\n<meta property=\"og:type\" content=\"article\" \/>\n<meta property=\"og:title\" content=\"Art of dry stone walling, knowledge and techniques - Turisti\u010dka zajednica op\u0107ine Vi\u0161kovo\" \/>\n<meta property=\"og:description\" content=\"The art of dry stone walling concerns the know-how related to making stone constructions by stacking stones upon each other, without using any joining material. In a narrower sense, the art of dry-stone walling refers to building using broken stones with minimum alternation or no alteration at all. As a broader sense, the art of [&hellip;]\" \/>\n<meta property=\"og:url\" content=\"https:\/\/demo.tz-viskovo.hr\/en\/viskovo\/unesco\/art-of-dry-stone-walling-knowledge-and-techniques\/\" \/>\n<meta property=\"og:site_name\" content=\"Turisti\u010dka zajednica op\u0107ine Vi\u0161kovo\" \/>\n<meta property=\"article:modified_time\" content=\"2020-05-15T08:03:24+00:00\" \/>\n<meta property=\"og:image\" content=\"https:\/\/demo.tz-viskovo.hr\/wp-content\/uploads\/2020\/05\/KAPITI4-Medium.jpg\" \/>\n\t<meta property=\"og:image:width\" content=\"1148\" \/>\n\t<meta property=\"og:image:height\" content=\"768\" \/>\n<meta name=\"twitter:card\" content=\"summary_large_image\" \/>\n<meta name=\"twitter:label1\" content=\"Est. reading time\" \/>\n\t<meta name=\"twitter:data1\" content=\"2 minutes\" \/>\n<script type=\"application\/ld+json\" class=\"yoast-schema-graph\">{\"@context\":\"https:\/\/schema.org\",\"@graph\":[{\"@type\":\"WebSite\",\"@id\":\"https:\/\/demo.tz-viskovo.hr\/it\/#website\",\"url\":\"https:\/\/demo.tz-viskovo.hr\/it\/\",\"name\":\"Turisti\\u010dka zajednica op\\u0107ine Vi\\u0161kovo\",\"description\":\"\",\"potentialAction\":[{\"@type\":\"SearchAction\",\"target\":{\"@type\":\"EntryPoint\",\"urlTemplate\":\"https:\/\/demo.tz-viskovo.hr\/it\/?s={search_term_string}\"},\"query-input\":\"required name=search_term_string\"}],\"inLanguage\":\"en-US\"},{\"@type\":\"ImageObject\",\"@id\":\"https:\/\/demo.tz-viskovo.hr\/en\/viskovo\/unesco\/art-of-dry-stone-walling-knowledge-and-techniques\/#primaryimage\",\"inLanguage\":\"en-US\",\"url\":\"https:\/\/demo.tz-viskovo.hr\/wp-content\/uploads\/2020\/05\/KAPITI4-Medium.jpg\",\"contentUrl\":\"https:\/\/demo.tz-viskovo.hr\/wp-content\/uploads\/2020\/05\/KAPITI4-Medium.jpg\",\"width\":1148,\"height\":768},{\"@type\":\"WebPage\",\"@id\":\"https:\/\/demo.tz-viskovo.hr\/en\/viskovo\/unesco\/art-of-dry-stone-walling-knowledge-and-techniques\/#webpage\",\"url\":\"https:\/\/demo.tz-viskovo.hr\/en\/viskovo\/unesco\/art-of-dry-stone-walling-knowledge-and-techniques\/\",\"name\":\"Art of dry stone walling, knowledge and techniques - Turisti\\u010dka zajednica op\\u0107ine Vi\\u0161kovo\",\"isPartOf\":{\"@id\":\"https:\/\/demo.tz-viskovo.hr\/it\/#website\"},\"primaryImageOfPage\":{\"@id\":\"https:\/\/demo.tz-viskovo.hr\/en\/viskovo\/unesco\/art-of-dry-stone-walling-knowledge-and-techniques\/#primaryimage\"},\"datePublished\":\"2019-08-22T10:06:36+00:00\",\"dateModified\":\"2020-05-15T08:03:24+00:00\",\"breadcrumb\":{\"@id\":\"https:\/\/demo.tz-viskovo.hr\/en\/viskovo\/unesco\/art-of-dry-stone-walling-knowledge-and-techniques\/#breadcrumb\"},\"inLanguage\":\"en-US\",\"potentialAction\":[{\"@type\":\"ReadAction\",\"target\":[\"https:\/\/demo.tz-viskovo.hr\/en\/viskovo\/unesco\/art-of-dry-stone-walling-knowledge-and-techniques\/\"]}]},{\"@type\":\"BreadcrumbList\",\"@id\":\"https:\/\/demo.tz-viskovo.hr\/en\/viskovo\/unesco\/art-of-dry-stone-walling-knowledge-and-techniques\/#breadcrumb\",\"itemListElement\":[{\"@type\":\"ListItem\",\"position\":1,\"name\":\"Home\",\"item\":\"https:\/\/demo.tz-viskovo.hr\/en\/\"},{\"@type\":\"ListItem\",\"position\":2,\"name\":\"Vi\\u0161kovo\",\"item\":\"https:\/\/demo.tz-viskovo.hr\/en\/viskovo\/\"},{\"@type\":\"ListItem\",\"position\":3,\"name\":\"UNESCO\",\"item\":\"https:\/\/demo.tz-viskovo.hr\/en\/viskovo\/unesco\/\"},{\"@type\":\"ListItem\",\"position\":4,\"name\":\"Art of dry stone walling, knowledge and techniques\"}]}]}<\/script>\n<!-- \/ Yoast SEO plugin. -->","yoast_head_json":{"robots":{"index":"index","follow":"follow","max-snippet":"max-snippet:-1","max-image-preview":"max-image-preview:large","max-video-preview":"max-video-preview:-1"},"canonical":"https:\/\/demo.tz-viskovo.hr\/en\/viskovo\/unesco\/art-of-dry-stone-walling-knowledge-and-techniques\/","og_locale":"en_US","og_type":"article","og_title":"Art of dry stone walling, knowledge and techniques - Turisti\u010dka zajednica op\u0107ine Vi\u0161kovo","og_description":"The art of dry stone walling concerns the know-how related to making stone constructions by stacking stones upon each other, without using any joining material. In a narrower sense, the art of dry-stone walling refers to building using broken stones with minimum alternation or no alteration at all. As a broader sense, the art of [&hellip;]","og_url":"https:\/\/demo.tz-viskovo.hr\/en\/viskovo\/unesco\/art-of-dry-stone-walling-knowledge-and-techniques\/","og_site_name":"Turisti\u010dka zajednica op\u0107ine Vi\u0161kovo","article_modified_time":"2020-05-15T08:03:24+00:00","og_image":[{"width":1148,"height":768,"url":"https:\/\/demo.tz-viskovo.hr\/wp-content\/uploads\/2020\/05\/KAPITI4-Medium.jpg","type":"image\/jpeg"}],"twitter_card":"summary_large_image","twitter_misc":{"Est. reading time":"2 minutes"},"schema":{"@context":"https:\/\/schema.org","@graph":[{"@type":"WebSite","@id":"https:\/\/demo.tz-viskovo.hr\/it\/#website","url":"https:\/\/demo.tz-viskovo.hr\/it\/","name":"Turisti\u010dka zajednica op\u0107ine Vi\u0161kovo","description":"","potentialAction":[{"@type":"SearchAction","target":{"@type":"EntryPoint","urlTemplate":"https:\/\/demo.tz-viskovo.hr\/it\/?s={search_term_string}"},"query-input":"required name=search_term_string"}],"inLanguage":"en-US"},{"@type":"ImageObject","@id":"https:\/\/demo.tz-viskovo.hr\/en\/viskovo\/unesco\/art-of-dry-stone-walling-knowledge-and-techniques\/#primaryimage","inLanguage":"en-US","url":"https:\/\/demo.tz-viskovo.hr\/wp-content\/uploads\/2020\/05\/KAPITI4-Medium.jpg","contentUrl":"https:\/\/demo.tz-viskovo.hr\/wp-content\/uploads\/2020\/05\/KAPITI4-Medium.jpg","width":1148,"height":768},{"@type":"WebPage","@id":"https:\/\/demo.tz-viskovo.hr\/en\/viskovo\/unesco\/art-of-dry-stone-walling-knowledge-and-techniques\/#webpage","url":"https:\/\/demo.tz-viskovo.hr\/en\/viskovo\/unesco\/art-of-dry-stone-walling-knowledge-and-techniques\/","name":"Art of dry stone walling, knowledge and techniques - Turisti\u010dka zajednica op\u0107ine Vi\u0161kovo","isPartOf":{"@id":"https:\/\/demo.tz-viskovo.hr\/it\/#website"},"primaryImageOfPage":{"@id":"https:\/\/demo.tz-viskovo.hr\/en\/viskovo\/unesco\/art-of-dry-stone-walling-knowledge-and-techniques\/#primaryimage"},"datePublished":"2019-08-22T10:06:36+00:00","dateModified":"2020-05-15T08:03:24+00:00","breadcrumb":{"@id":"https:\/\/demo.tz-viskovo.hr\/en\/viskovo\/unesco\/art-of-dry-stone-walling-knowledge-and-techniques\/#breadcrumb"},"inLanguage":"en-US","potentialAction":[{"@type":"ReadAction","target":["https:\/\/demo.tz-viskovo.hr\/en\/viskovo\/unesco\/art-of-dry-stone-walling-knowledge-and-techniques\/"]}]},{"@type":"BreadcrumbList","@id":"https:\/\/demo.tz-viskovo.hr\/en\/viskovo\/unesco\/art-of-dry-stone-walling-knowledge-and-techniques\/#breadcrumb","itemListElement":[{"@type":"ListItem","position":1,"name":"Home","item":"https:\/\/demo.tz-viskovo.hr\/en\/"},{"@type":"ListItem","position":2,"name":"Vi\u0161kovo","item":"https:\/\/demo.tz-viskovo.hr\/en\/viskovo\/"},{"@type":"ListItem","position":3,"name":"UNESCO","item":"https:\/\/demo.tz-viskovo.hr\/en\/viskovo\/unesco\/"},{"@type":"ListItem","position":4,"name":"Art of dry stone walling, knowledge and techniques"}]}]}},"_links":{"self":[{"href":"https:\/\/demo.tz-viskovo.hr\/en\/wp-json\/wp\/v2\/pages\/5031"}],"collection":[{"href":"https:\/\/demo.tz-viskovo.hr\/en\/wp-json\/wp\/v2\/pages"}],"about":[{"href":"https:\/\/demo.tz-viskovo.hr\/en\/wp-json\/wp\/v2\/types\/page"}],"author":[{"embeddable":true,"href":"https:\/\/demo.tz-viskovo.hr\/en\/wp-json\/wp\/v2\/users\/1"}],"replies":[{"embeddable":true,"href":"https:\/\/demo.tz-viskovo.hr\/en\/wp-json\/wp\/v2\/comments?post=5031"}],"version-history":[{"count":4,"href":"https:\/\/demo.tz-viskovo.hr\/en\/wp-json\/wp\/v2\/pages\/5031\/revisions"}],"predecessor-version":[{"id":13888,"href":"https:\/\/demo.tz-viskovo.hr\/en\/wp-json\/wp\/v2\/pages\/5031\/revisions\/13888"}],"up":[{"embeddable":true,"href":"https:\/\/demo.tz-viskovo.hr\/en\/wp-json\/wp\/v2\/pages\/1664"}],"wp:featuredmedia":[{"embeddable":true,"href":"https:\/\/demo.tz-viskovo.hr\/en\/wp-json\/wp\/v2\/media\/13603"}],"wp:attachment":[{"href":"https:\/\/demo.tz-viskovo.hr\/en\/wp-json\/wp\/v2\/media?parent=5031"}],"curies":[{"name":"wp","href":"https:\/\/api.w.org\/{rel}","templated":true}]}}