{"id":5036,"date":"2019-08-22T10:17:59","date_gmt":"2019-08-22T10:17:59","guid":{"rendered":"https:\/\/demo.tz-viskovo.hr\/?page_id=5036"},"modified":"2020-09-24T12:32:31","modified_gmt":"2020-09-24T12:32:31","slug":"the-past-in-the-present-events","status":"publish","type":"page","link":"https:\/\/demo.tz-viskovo.hr\/en\/what-to-do\/the-past-in-the-present-events\/","title":{"rendered":"The past in the present \u2013 Events"},"content":{"rendered":"\n<p>Our events, although rooted in the tradition and natural features of the area, take on new forms to meet the expectations of modern people. Vi\u0161kovo offers a wide range of interesting programmes that cater for all tastes in every season. We invite you to join us throughout the year and enjoy our programme of events.<\/p>\n\n\n\n<h2><strong>THE <em>\u0160TERNE <\/em>WATER WELLS \u2013 A SOURCE OF LIFE<\/strong><\/h2>\n\n\n\n<p>The karst relief with its permeable limestone rocks has unfavourable\nconditions for life due to its inability to retain water. The River Rje\u010dina,\nthe only stream of water in this area, which marks the north-eastern border\nbetween the Municipality of Vi\u0161kovo and the Grobnik area, has always been an\nimportant source of water. However, before the construction of the water supply\nsystem, the Rje\u010dina was generally inaccessible to people from Vi\u0161kovo, which is\nwhy water wells \u2013 locally known as <em>\u0161terne<\/em>\n\u2013 were a source of life for them.<\/p>\n\n\n\n<p>For a long time, there were only a handful of wells, which were dug in\nthe ground and covered with a stone. It was not until the 19<sup>th<\/sup>\ncentury that the construction of communal water wells in the centre of the village began. The water\nwas transported by pipes from the nearby roofs. Every village in Vi\u0161kovo\nreceived one such well; the oldest dates back to 1857 and is located in\nSar\u0161oni. <\/p>\n\n\n\n<p>Since people needed water on a daily basis, the well became the main meeting place for both young and old. People would go there to meet, exchange information and have a good time together. However, the local <a href=\"https:\/\/demo.tz-viskovo.hr\/en\/viskovo\/legends\/\">legend of <\/a><em><a href=\"https:\/\/demo.tz-viskovo.hr\/en\/viskovo\/legends\/\">Malik<\/a><\/em> warned children against falling into the deep, cold water. All this made the well a source of life in both a physical and spiritual sense.<\/p>\n\n\n\n<p>Over time, tap water was introduced into every household. As a result,\nthe wells became neglected and forgotten, and their social role was taken over\nby other locations.<\/p>\n\n\n\n<p>Because of the cultural and historical importance of these wells, Vi\u0161kovo Tourist Board started renovating them in 2007. A total of 28 public water wells have been cleaned and renovated: four in Mar\u010delji, five in Marini\u0107i, two in Mladeni\u0107i, eight in Sar\u0161oni, four in Sroki, and five in Vi\u0161kovo. <\/p>\n\n\n\n<p>Throughout the month of June, the wells of the Municipality of Vi\u0161kovo play host to a series of events entitled <strong>\u2018The <\/strong><em><strong>\u0161terne<\/strong><\/em><strong> water wells \u2013 a source of life\u2019. <\/strong>The limited space around the wells provides an intimate atmosphere in which the performers of cultural and entertainment programmes are closely connected to their audience. This series of event turns the wells into small stages and brings the spirit of past times and their original role back to life, if only for a while.<\/p>\n\n\n\n<h2><strong>MAJEVICA<\/strong><\/h2>\n\n\n\n<p>The first Sunday in May is called <em>Majevica<\/em> after the local name for the lilac flower, which blooms at this time of the year. In the past, this was the day of the last spring dance, followed by a busy period of work in the fields.<\/p>\n\n\n\n<p>In the past, young women would wait eagerly for this day, as the night before young men would bring flowers to the window of the house in which the girl they liked lived. They would also place a young May tree (usually juniper, fir or laurel) or a blossoming ash or cherry branch on the chimney or another high place next to her house such as a mulberry or walnut tree. <\/p>\n\n\n\n<p>There is\nalso a traditional song about this custom that goes:<\/p>\n\n\n\n<p><em>Majevica, lovely\nSunday,<\/em><em><\/em><\/p>\n\n\n\n<p><em>You&#8217;ll bring\nflowers to my window,<\/em><em><\/em><\/p>\n\n\n\n<p><em>Or a mulberry\nbeneath it.<\/em><\/p>\n\n\n\n<p>The girls would not sleep much on such nights. If a\ngirl found kale on the window, it meant that she had done something to\ndisplease someone. In that case, the girl would get up early to remove this\nsymbol of mockery before the neighbours could see it.<\/p>\n\n\n\n<p>The afternoon was reserved for the last spring dance. After\nthat, most of the young men would go into the nearby mountains to burn coal or\nlime.<\/p>\n\n\n\n<p>To commemorate this custom, Vi\u0161kovo Tourist Board initiated the <em><strong>Majevica<\/strong><\/em><strong> spring even<\/strong>t dedicated to preserving local traditions, cultural and historical heritage, and the cuisine and old customs of the Halubje area. It takes place on the first Sunday in May. The symbol of this event is the lilac flower, known locally as the <em>majevica.<\/em><\/p>\n\n\n\n<h2>READY, STEADY, GO! AND <strong>TAKE A WALK WITH ME\u2026<\/strong><\/h2>\n\n\n\n<p>Ancient paths and trails that once connected villages and people are today well-tended and marked walking trails. In spring, when nature is in full bloom, a series of walking tours under the title <strong>\u2018Priprema, pozor, sad!\u2019 <\/strong>(<em>Ready, steady, go!<\/em>) is organised every Wednesday and Friday of April in cooperation with Vi\u0161kovo Hiking Club \u2013 a perfect opportunity to enjoy nature and heritage, as well as the interesting stories told by our guides.<\/p>\n\n\n\n<p>In October, join us for a walk along the trails of the <em>Halubajski zvon\u010dari<\/em> bell ringers (<strong>\u2018Pro\u0161e\u0107i se z manun\u2026 po zvon\u010darskeh puteh\u2019<\/strong>) at the time of year when the forest is full of autumn colours.<\/p>\n\n\n\n<h2><strong>CARNIVAL<\/strong><\/h2>\n\n\n\n<p><strong>The Carnival<\/strong> period in the Municipality of Vi\u0161kovo begins on 17 January. This is the feast day of St. Anthony, patron saint of animals, which reflects the traditional way of life of the area (animal husbandry). The beginning of Carnival is marked by the blowing of a horn and the hanging of a straw doll known as <em>Pust. <\/em>On Shrove Tuesday, the day before Ash Wednesday, the <em>Pust<\/em> is convicted of all the bad things that happened in the previous year and burned.<\/p>\n\n\n\n<p>Carnival coincides\nwith the period of winter dormancy before nature awakens. For local people,\nthis meant a rest from their everyday work and an opportunity to get together\nand have fun. In fact, Carnival is often referred to as the <em>fifth season of the year.<\/em><\/p>\n\n\n\n<p>Typical Carnival\nfigures in this area are the <em>Halubajski\nzvon\u010dari<\/em> bell ringers, whose carnival pageant has been inscribed in the\nUNESCO List of Intangible Cultural Heritage. This pageant reminds us of times\ngone by, when the administrative borders were somewhat different. However, its\nmain goal and importance has remained the same: to connect local people. The\ninhabitants welcome the bell ringers and offer them traditional food just like\nthey did in past centuries. <\/p>\n\n\n\n<p>This tradition, which is based on the universal\nhuman need for the victory of good over evil and of the new life cycle (spring)\nover death (winter), is today reflected in the sports and entertainment events\nthat are part of Halubje Carnival.<strong><\/strong><\/p>\n\n\n\n<h2><strong>HALUBJE CARNIVAL<\/strong><\/h2>\n\n\n\n<p>Traditional customs that evoke the need for the triumph of spring over\nwinter and of good over evil are reflected in the Carnival period. In modern\ntimes, this period has been additionally enriched with sports and entertainment\nactivities, which are now part of Halubje Carnival.<\/p>\n\n\n\n<p><strong>Halubje Carnival <\/strong>is an event that has taken place every year since 1999, and is based on the centuries-old tradition of the <em>Halubajski zvon\u010dari<\/em> bell ringers (link). All events connected to Halubje Carnival are focused on preserving local and traditional values. The Carnival is an event that features &#8216;live traditions&#8217; and which simultaneously aspires to preserve old values and present Halubje to the wider public.<\/p>\n\n\n\n<p>It is held on the first Sunday after St. Anthony&#8217;s Day. This event is\norganised by all the carnival groups and other associations active in the\nMunicipality of Vi\u0161kovo area, from kindergartens to the Pensioners&#8217; Association.\nIn addition to the main carnival procession, there are many cultural and sports\nevents organised, like concerts, exhibitions or masked tournaments. <\/p>\n\n\n\n<p>Masked groups from neighbouring countries, such as Slovenia and Italy, also like to participate in Halubje Carnival, which makes it an international event.<\/p>\n\n\n\n<p>Tradition is passed down from generation to generation. During the <strong>\u2018Smotra mi\u0107eh zvon\u010dari\u2019<\/strong>, Mar\u010delji becomes a gathering place for young bell ringers from neighbouring areas that foster the tradition of bell ringing<\/p>\n","protected":false},"excerpt":{"rendered":"<p>Our events, although rooted in the tradition and natural features of the area, take on new forms to meet the expectations of modern people. Vi\u0161kovo offers a wide range of interesting programmes that cater for all tastes in every season. We invite you to join us throughout the year and enjoy our programme of events. [&hellip;]<\/p>\n","protected":false},"author":1,"featured_media":8447,"parent":3922,"menu_order":0,"comment_status":"closed","ping_status":"closed","template":"","meta":[],"acf":[],"yoast_head":"<!-- This site is optimized with the Yoast SEO plugin v17.6 - https:\/\/yoast.com\/wordpress\/plugins\/seo\/ -->\n<meta name=\"robots\" content=\"index, follow, max-snippet:-1, max-image-preview:large, max-video-preview:-1\" \/>\n<link rel=\"canonical\" href=\"https:\/\/demo.tz-viskovo.hr\/en\/what-to-do\/the-past-in-the-present-events\/\" \/>\n<meta property=\"og:locale\" content=\"en_US\" \/>\n<meta property=\"og:type\" content=\"article\" \/>\n<meta property=\"og:title\" content=\"The past in the present \u2013 Events - Turisti\u010dka zajednica op\u0107ine Vi\u0161kovo\" \/>\n<meta property=\"og:description\" content=\"Our events, although rooted in the tradition and natural features of the area, take on new forms to meet the expectations of modern people. Vi\u0161kovo offers a wide range of interesting programmes that cater for all tastes in every season. We invite you to join us throughout the year and enjoy our programme of events. [&hellip;]\" \/>\n<meta property=\"og:url\" content=\"https:\/\/demo.tz-viskovo.hr\/en\/what-to-do\/the-past-in-the-present-events\/\" \/>\n<meta property=\"og:site_name\" content=\"Turisti\u010dka zajednica op\u0107ine Vi\u0161kovo\" \/>\n<meta property=\"article:modified_time\" content=\"2020-09-24T12:32:31+00:00\" \/>\n<meta property=\"og:image\" content=\"https:\/\/demo.tz-viskovo.hr\/wp-content\/uploads\/2019\/09\/Ljetni-pljusak-1.jpg\" \/>\n\t<meta property=\"og:image:width\" content=\"1280\" \/>\n\t<meta property=\"og:image:height\" content=\"960\" \/>\n<meta name=\"twitter:card\" content=\"summary_large_image\" \/>\n<meta name=\"twitter:label1\" content=\"Est. reading time\" \/>\n\t<meta name=\"twitter:data1\" content=\"7 minutes\" \/>\n<script type=\"application\/ld+json\" class=\"yoast-schema-graph\">{\"@context\":\"https:\/\/schema.org\",\"@graph\":[{\"@type\":\"WebSite\",\"@id\":\"https:\/\/demo.tz-viskovo.hr\/it\/#website\",\"url\":\"https:\/\/demo.tz-viskovo.hr\/it\/\",\"name\":\"Turisti\\u010dka zajednica op\\u0107ine Vi\\u0161kovo\",\"description\":\"\",\"potentialAction\":[{\"@type\":\"SearchAction\",\"target\":{\"@type\":\"EntryPoint\",\"urlTemplate\":\"https:\/\/demo.tz-viskovo.hr\/it\/?s={search_term_string}\"},\"query-input\":\"required name=search_term_string\"}],\"inLanguage\":\"en-US\"},{\"@type\":\"ImageObject\",\"@id\":\"https:\/\/demo.tz-viskovo.hr\/en\/what-to-do\/the-past-in-the-present-events\/#primaryimage\",\"inLanguage\":\"en-US\",\"url\":\"https:\/\/demo.tz-viskovo.hr\/wp-content\/uploads\/2019\/09\/Ljetni-pljusak-1.jpg\",\"contentUrl\":\"https:\/\/demo.tz-viskovo.hr\/wp-content\/uploads\/2019\/09\/Ljetni-pljusak-1.jpg\",\"width\":1280,\"height\":960},{\"@type\":\"WebPage\",\"@id\":\"https:\/\/demo.tz-viskovo.hr\/en\/what-to-do\/the-past-in-the-present-events\/#webpage\",\"url\":\"https:\/\/demo.tz-viskovo.hr\/en\/what-to-do\/the-past-in-the-present-events\/\",\"name\":\"The past in the present \\u2013 Events - Turisti\\u010dka zajednica op\\u0107ine Vi\\u0161kovo\",\"isPartOf\":{\"@id\":\"https:\/\/demo.tz-viskovo.hr\/it\/#website\"},\"primaryImageOfPage\":{\"@id\":\"https:\/\/demo.tz-viskovo.hr\/en\/what-to-do\/the-past-in-the-present-events\/#primaryimage\"},\"datePublished\":\"2019-08-22T10:17:59+00:00\",\"dateModified\":\"2020-09-24T12:32:31+00:00\",\"breadcrumb\":{\"@id\":\"https:\/\/demo.tz-viskovo.hr\/en\/what-to-do\/the-past-in-the-present-events\/#breadcrumb\"},\"inLanguage\":\"en-US\",\"potentialAction\":[{\"@type\":\"ReadAction\",\"target\":[\"https:\/\/demo.tz-viskovo.hr\/en\/what-to-do\/the-past-in-the-present-events\/\"]}]},{\"@type\":\"BreadcrumbList\",\"@id\":\"https:\/\/demo.tz-viskovo.hr\/en\/what-to-do\/the-past-in-the-present-events\/#breadcrumb\",\"itemListElement\":[{\"@type\":\"ListItem\",\"position\":1,\"name\":\"Home\",\"item\":\"https:\/\/demo.tz-viskovo.hr\/en\/\"},{\"@type\":\"ListItem\",\"position\":2,\"name\":\"What to do\",\"item\":\"https:\/\/demo.tz-viskovo.hr\/en\/what-to-do\/\"},{\"@type\":\"ListItem\",\"position\":3,\"name\":\"The past in the present \\u2013 Events\"}]}]}<\/script>\n<!-- \/ Yoast SEO plugin. -->","yoast_head_json":{"robots":{"index":"index","follow":"follow","max-snippet":"max-snippet:-1","max-image-preview":"max-image-preview:large","max-video-preview":"max-video-preview:-1"},"canonical":"https:\/\/demo.tz-viskovo.hr\/en\/what-to-do\/the-past-in-the-present-events\/","og_locale":"en_US","og_type":"article","og_title":"The past in the present \u2013 Events - Turisti\u010dka zajednica op\u0107ine Vi\u0161kovo","og_description":"Our events, although rooted in the tradition and natural features of the area, take on new forms to meet the expectations of modern people. Vi\u0161kovo offers a wide range of interesting programmes that cater for all tastes in every season. We invite you to join us throughout the year and enjoy our programme of events. [&hellip;]","og_url":"https:\/\/demo.tz-viskovo.hr\/en\/what-to-do\/the-past-in-the-present-events\/","og_site_name":"Turisti\u010dka zajednica op\u0107ine Vi\u0161kovo","article_modified_time":"2020-09-24T12:32:31+00:00","og_image":[{"width":1280,"height":960,"url":"https:\/\/demo.tz-viskovo.hr\/wp-content\/uploads\/2019\/09\/Ljetni-pljusak-1.jpg","type":"image\/jpeg"}],"twitter_card":"summary_large_image","twitter_misc":{"Est. reading time":"7 minutes"},"schema":{"@context":"https:\/\/schema.org","@graph":[{"@type":"WebSite","@id":"https:\/\/demo.tz-viskovo.hr\/it\/#website","url":"https:\/\/demo.tz-viskovo.hr\/it\/","name":"Turisti\u010dka zajednica op\u0107ine Vi\u0161kovo","description":"","potentialAction":[{"@type":"SearchAction","target":{"@type":"EntryPoint","urlTemplate":"https:\/\/demo.tz-viskovo.hr\/it\/?s={search_term_string}"},"query-input":"required name=search_term_string"}],"inLanguage":"en-US"},{"@type":"ImageObject","@id":"https:\/\/demo.tz-viskovo.hr\/en\/what-to-do\/the-past-in-the-present-events\/#primaryimage","inLanguage":"en-US","url":"https:\/\/demo.tz-viskovo.hr\/wp-content\/uploads\/2019\/09\/Ljetni-pljusak-1.jpg","contentUrl":"https:\/\/demo.tz-viskovo.hr\/wp-content\/uploads\/2019\/09\/Ljetni-pljusak-1.jpg","width":1280,"height":960},{"@type":"WebPage","@id":"https:\/\/demo.tz-viskovo.hr\/en\/what-to-do\/the-past-in-the-present-events\/#webpage","url":"https:\/\/demo.tz-viskovo.hr\/en\/what-to-do\/the-past-in-the-present-events\/","name":"The past in the present \u2013 Events - Turisti\u010dka zajednica op\u0107ine Vi\u0161kovo","isPartOf":{"@id":"https:\/\/demo.tz-viskovo.hr\/it\/#website"},"primaryImageOfPage":{"@id":"https:\/\/demo.tz-viskovo.hr\/en\/what-to-do\/the-past-in-the-present-events\/#primaryimage"},"datePublished":"2019-08-22T10:17:59+00:00","dateModified":"2020-09-24T12:32:31+00:00","breadcrumb":{"@id":"https:\/\/demo.tz-viskovo.hr\/en\/what-to-do\/the-past-in-the-present-events\/#breadcrumb"},"inLanguage":"en-US","potentialAction":[{"@type":"ReadAction","target":["https:\/\/demo.tz-viskovo.hr\/en\/what-to-do\/the-past-in-the-present-events\/"]}]},{"@type":"BreadcrumbList","@id":"https:\/\/demo.tz-viskovo.hr\/en\/what-to-do\/the-past-in-the-present-events\/#breadcrumb","itemListElement":[{"@type":"ListItem","position":1,"name":"Home","item":"https:\/\/demo.tz-viskovo.hr\/en\/"},{"@type":"ListItem","position":2,"name":"What to do","item":"https:\/\/demo.tz-viskovo.hr\/en\/what-to-do\/"},{"@type":"ListItem","position":3,"name":"The past in the present \u2013 Events"}]}]}},"_links":{"self":[{"href":"https:\/\/demo.tz-viskovo.hr\/en\/wp-json\/wp\/v2\/pages\/5036"}],"collection":[{"href":"https:\/\/demo.tz-viskovo.hr\/en\/wp-json\/wp\/v2\/pages"}],"about":[{"href":"https:\/\/demo.tz-viskovo.hr\/en\/wp-json\/wp\/v2\/types\/page"}],"author":[{"embeddable":true,"href":"https:\/\/demo.tz-viskovo.hr\/en\/wp-json\/wp\/v2\/users\/1"}],"replies":[{"embeddable":true,"href":"https:\/\/demo.tz-viskovo.hr\/en\/wp-json\/wp\/v2\/comments?post=5036"}],"version-history":[{"count":10,"href":"https:\/\/demo.tz-viskovo.hr\/en\/wp-json\/wp\/v2\/pages\/5036\/revisions"}],"predecessor-version":[{"id":16586,"href":"https:\/\/demo.tz-viskovo.hr\/en\/wp-json\/wp\/v2\/pages\/5036\/revisions\/16586"}],"up":[{"embeddable":true,"href":"https:\/\/demo.tz-viskovo.hr\/en\/wp-json\/wp\/v2\/pages\/3922"}],"wp:featuredmedia":[{"embeddable":true,"href":"https:\/\/demo.tz-viskovo.hr\/en\/wp-json\/wp\/v2\/media\/8447"}],"wp:attachment":[{"href":"https:\/\/demo.tz-viskovo.hr\/en\/wp-json\/wp\/v2\/media?parent=5036"}],"curies":[{"name":"wp","href":"https:\/\/api.w.org\/{rel}","templated":true}]}}