{"id":5041,"date":"2019-08-22T10:21:43","date_gmt":"2019-08-22T10:21:43","guid":{"rendered":"https:\/\/demo.tz-viskovo.hr\/?page_id=5041"},"modified":"2020-11-24T11:28:20","modified_gmt":"2020-11-24T11:28:20","slug":"halubike","status":"publish","type":"page","link":"https:\/\/demo.tz-viskovo.hr\/en\/what-to-do\/halubike\/","title":{"rendered":"HALUbike"},"content":{"rendered":"\n<p>Vi\u0161kovo and its neighbouring villages are surrounded by a gentle landscape that invites you to discover traces of the past. Let our <a href=\"https:\/\/demo.tz-viskovo.hr\/en\/what-to-do\/walking-and-cycling-trails\/\">hiking and cycling trails <\/a>take you to oases of peace and beautiful views. Discover Vi\u0161kovo using HALUbike!<\/p>\n\n\n\n<p><br>The HALUbike public bicycle rental system in the Municipality of Vi\u0161kovo is<br>available at two bike-sharing stations. In the centre of Vi\u0161kovo in the Milihovo parking area, there is a station with 6 regular and 6 electric bikes. In Ronjgi, in the immediate vicinity of the network of hiking and cycling trails and the Ivan Mateti\u0107 Ronjgov Cultural Institution, there is a station with 4 regular and 4 electric bikes.<\/p>\n\n\n\n<p><br>Bicycles can be rented simply and directly at the stations. By scanning the QR code on the dock, the user logs into the GO2BIKE application. After accepting the general terms and conditions, the user enters the data and the required amount is then transferred to the prepaid account via credit card and the WSPay secure authorisation and payment system. After selecting the desired bicycle and scanning its QR code, an audio signal informs the user that the bicycle has been unlocked and that it is ready for use. At the end of the ride, the bike must be returned to the slot correctly, after which an amount is automatically deducted from the user\u2019s prepaid account according to the time of use and the valid price list. <\/p>\n\n\n\n<p>The billing unit used to determine the duration of the bicycle rental is 1 minute and the rental is charged according to the exact time of use.<br>Bicycles can be used from 6:00 to 21:00 within the administrative boundaries of the Municipality of Vi\u0161kovo.  <br><br>The HALUbike public bicycle rental system is designed in such a way as to be accessible and easy to use with all the necessary information and instructions displayed on the terminal. Additional information is available on the HALUbike website at <a href=\"http:\/\/www.halubike.hr\">www.halubike.hr<\/a> . <\/p>\n\n\n\n<figure class=\"wp-block-image\"><img loading=\"lazy\" width=\"1159\" height=\"1024\" src=\"https:\/\/demo.tz-viskovo.hr\/wp-content\/uploads\/2020\/05\/HALUBIKE_velika_naljepnica_v2_760x670cm-2-page-001-1159x1024.jpg\" alt=\"\" class=\"wp-image-14152\" srcset=\"https:\/\/demo.tz-viskovo.hr\/wp-content\/uploads\/2020\/05\/HALUBIKE_velika_naljepnica_v2_760x670cm-2-page-001-1159x1024.jpg 1159w, https:\/\/demo.tz-viskovo.hr\/wp-content\/uploads\/2020\/05\/HALUBIKE_velika_naljepnica_v2_760x670cm-2-page-001-300x265.jpg 300w, https:\/\/demo.tz-viskovo.hr\/wp-content\/uploads\/2020\/05\/HALUBIKE_velika_naljepnica_v2_760x670cm-2-page-001-768x679.jpg 768w\" sizes=\"(max-width: 1159px) 100vw, 1159px\" \/><\/figure>\n\n\n\n<div class=\"wp-block-file\"><a href=\"https:\/\/demo.tz-viskovo.hr\/wp-content\/uploads\/2020\/06\/Op\u0107i-uvjeti-HALUbike-sustava-Engleski.docx\">General terms and conditions<\/a><a href=\"https:\/\/demo.tz-viskovo.hr\/wp-content\/uploads\/2020\/06\/Op\u0107i-uvjeti-HALUbike-sustava-Engleski.docx\" class=\"wp-block-file__button\" download>Download<\/a><\/div>\n\n\n\n<div class=\"wp-block-file\"><a href=\"https:\/\/demo.tz-viskovo.hr\/wp-content\/uploads\/2020\/05\/Cjenik-HALUbike-sustava-Engleski-converted.pdf\">Price list of the HALUBike System <\/a><a href=\"https:\/\/demo.tz-viskovo.hr\/wp-content\/uploads\/2020\/05\/Cjenik-HALUbike-sustava-Engleski-converted.pdf\" class=\"wp-block-file__button\" download>Download<\/a><\/div>\n\n\n\n<p><a href=\"https:\/\/demo.tz-viskovo.hr\/wp-content\/uploads\/2019\/08\/Biciklisti%C4%8Dka-karta-Vi%C5%A1kovo-1.pdf\">Cycling trails map<\/a><\/p>\n\n\n\n<p><a href=\"https:\/\/demo.tz-viskovo.hr\/wp-content\/uploads\/2020\/05\/Viskovo_strana_2_2019_07_187_outlines.pdf\">Map of Vi\u0161kovo<\/a><\/p>\n\n\n\n<p><a href=\"https:\/\/demo.tz-viskovo.hr\/wp-content\/uploads\/2020\/11\/HALUbike-HR-EN.pdf\">HALUbike Flyer<\/a><\/p>\n","protected":false},"excerpt":{"rendered":"<p>Vi\u0161kovo and its neighbouring villages are surrounded by a gentle landscape that invites you to discover traces of the past. Let our hiking and cycling trails take you to oases of peace and beautiful views. Discover Vi\u0161kovo using HALUbike! The HALUbike public bicycle rental system in the Municipality of Vi\u0161kovo isavailable at two bike-sharing stations. [&hellip;]<\/p>\n","protected":false},"author":1,"featured_media":5051,"parent":3922,"menu_order":0,"comment_status":"closed","ping_status":"closed","template":"","meta":[],"acf":[],"yoast_head":"<!-- This site is optimized with the Yoast SEO plugin v17.6 - https:\/\/yoast.com\/wordpress\/plugins\/seo\/ -->\n<meta name=\"robots\" content=\"index, follow, max-snippet:-1, max-image-preview:large, max-video-preview:-1\" \/>\n<link rel=\"canonical\" href=\"https:\/\/demo.tz-viskovo.hr\/en\/what-to-do\/halubike\/\" \/>\n<meta property=\"og:locale\" content=\"en_US\" \/>\n<meta property=\"og:type\" content=\"article\" \/>\n<meta property=\"og:title\" content=\"HALUbike - Turisti\u010dka zajednica op\u0107ine Vi\u0161kovo\" \/>\n<meta property=\"og:description\" content=\"Vi\u0161kovo and its neighbouring villages are surrounded by a gentle landscape that invites you to discover traces of the past. Let our hiking and cycling trails take you to oases of peace and beautiful views. Discover Vi\u0161kovo using HALUbike! The HALUbike public bicycle rental system in the Municipality of Vi\u0161kovo isavailable at two bike-sharing stations. [&hellip;]\" \/>\n<meta property=\"og:url\" content=\"https:\/\/demo.tz-viskovo.hr\/en\/what-to-do\/halubike\/\" \/>\n<meta property=\"og:site_name\" content=\"Turisti\u010dka zajednica op\u0107ine Vi\u0161kovo\" \/>\n<meta property=\"article:modified_time\" content=\"2020-11-24T11:28:20+00:00\" \/>\n<meta property=\"og:image\" content=\"https:\/\/demo.tz-viskovo.hr\/wp-content\/uploads\/2019\/07\/20180916213118000000-main.jpg\" \/>\n\t<meta property=\"og:image:width\" content=\"949\" \/>\n\t<meta property=\"og:image:height\" content=\"600\" \/>\n<meta name=\"twitter:card\" content=\"summary_large_image\" \/>\n<meta name=\"twitter:label1\" content=\"Est. reading time\" \/>\n\t<meta name=\"twitter:data1\" content=\"2 minutes\" \/>\n<script type=\"application\/ld+json\" class=\"yoast-schema-graph\">{\"@context\":\"https:\/\/schema.org\",\"@graph\":[{\"@type\":\"WebSite\",\"@id\":\"https:\/\/demo.tz-viskovo.hr\/it\/#website\",\"url\":\"https:\/\/demo.tz-viskovo.hr\/it\/\",\"name\":\"Turisti\\u010dka zajednica op\\u0107ine Vi\\u0161kovo\",\"description\":\"\",\"potentialAction\":[{\"@type\":\"SearchAction\",\"target\":{\"@type\":\"EntryPoint\",\"urlTemplate\":\"https:\/\/demo.tz-viskovo.hr\/it\/?s={search_term_string}\"},\"query-input\":\"required name=search_term_string\"}],\"inLanguage\":\"en-US\"},{\"@type\":\"ImageObject\",\"@id\":\"https:\/\/demo.tz-viskovo.hr\/en\/what-to-do\/halubike\/#primaryimage\",\"inLanguage\":\"en-US\",\"url\":\"https:\/\/demo.tz-viskovo.hr\/wp-content\/uploads\/2019\/07\/20180916213118000000-main.jpg\",\"contentUrl\":\"https:\/\/demo.tz-viskovo.hr\/wp-content\/uploads\/2019\/07\/20180916213118000000-main.jpg\",\"width\":949,\"height\":600},{\"@type\":\"WebPage\",\"@id\":\"https:\/\/demo.tz-viskovo.hr\/en\/what-to-do\/halubike\/#webpage\",\"url\":\"https:\/\/demo.tz-viskovo.hr\/en\/what-to-do\/halubike\/\",\"name\":\"HALUbike - Turisti\\u010dka zajednica op\\u0107ine Vi\\u0161kovo\",\"isPartOf\":{\"@id\":\"https:\/\/demo.tz-viskovo.hr\/it\/#website\"},\"primaryImageOfPage\":{\"@id\":\"https:\/\/demo.tz-viskovo.hr\/en\/what-to-do\/halubike\/#primaryimage\"},\"datePublished\":\"2019-08-22T10:21:43+00:00\",\"dateModified\":\"2020-11-24T11:28:20+00:00\",\"breadcrumb\":{\"@id\":\"https:\/\/demo.tz-viskovo.hr\/en\/what-to-do\/halubike\/#breadcrumb\"},\"inLanguage\":\"en-US\",\"potentialAction\":[{\"@type\":\"ReadAction\",\"target\":[\"https:\/\/demo.tz-viskovo.hr\/en\/what-to-do\/halubike\/\"]}]},{\"@type\":\"BreadcrumbList\",\"@id\":\"https:\/\/demo.tz-viskovo.hr\/en\/what-to-do\/halubike\/#breadcrumb\",\"itemListElement\":[{\"@type\":\"ListItem\",\"position\":1,\"name\":\"Home\",\"item\":\"https:\/\/demo.tz-viskovo.hr\/en\/\"},{\"@type\":\"ListItem\",\"position\":2,\"name\":\"What to do\",\"item\":\"https:\/\/demo.tz-viskovo.hr\/en\/what-to-do\/\"},{\"@type\":\"ListItem\",\"position\":3,\"name\":\"HALUbike\"}]}]}<\/script>\n<!-- \/ Yoast SEO plugin. -->","yoast_head_json":{"robots":{"index":"index","follow":"follow","max-snippet":"max-snippet:-1","max-image-preview":"max-image-preview:large","max-video-preview":"max-video-preview:-1"},"canonical":"https:\/\/demo.tz-viskovo.hr\/en\/what-to-do\/halubike\/","og_locale":"en_US","og_type":"article","og_title":"HALUbike - Turisti\u010dka zajednica op\u0107ine Vi\u0161kovo","og_description":"Vi\u0161kovo and its neighbouring villages are surrounded by a gentle landscape that invites you to discover traces of the past. Let our hiking and cycling trails take you to oases of peace and beautiful views. Discover Vi\u0161kovo using HALUbike! The HALUbike public bicycle rental system in the Municipality of Vi\u0161kovo isavailable at two bike-sharing stations. [&hellip;]","og_url":"https:\/\/demo.tz-viskovo.hr\/en\/what-to-do\/halubike\/","og_site_name":"Turisti\u010dka zajednica op\u0107ine Vi\u0161kovo","article_modified_time":"2020-11-24T11:28:20+00:00","og_image":[{"width":949,"height":600,"url":"https:\/\/demo.tz-viskovo.hr\/wp-content\/uploads\/2019\/07\/20180916213118000000-main.jpg","type":"image\/jpeg"}],"twitter_card":"summary_large_image","twitter_misc":{"Est. reading time":"2 minutes"},"schema":{"@context":"https:\/\/schema.org","@graph":[{"@type":"WebSite","@id":"https:\/\/demo.tz-viskovo.hr\/it\/#website","url":"https:\/\/demo.tz-viskovo.hr\/it\/","name":"Turisti\u010dka zajednica op\u0107ine Vi\u0161kovo","description":"","potentialAction":[{"@type":"SearchAction","target":{"@type":"EntryPoint","urlTemplate":"https:\/\/demo.tz-viskovo.hr\/it\/?s={search_term_string}"},"query-input":"required name=search_term_string"}],"inLanguage":"en-US"},{"@type":"ImageObject","@id":"https:\/\/demo.tz-viskovo.hr\/en\/what-to-do\/halubike\/#primaryimage","inLanguage":"en-US","url":"https:\/\/demo.tz-viskovo.hr\/wp-content\/uploads\/2019\/07\/20180916213118000000-main.jpg","contentUrl":"https:\/\/demo.tz-viskovo.hr\/wp-content\/uploads\/2019\/07\/20180916213118000000-main.jpg","width":949,"height":600},{"@type":"WebPage","@id":"https:\/\/demo.tz-viskovo.hr\/en\/what-to-do\/halubike\/#webpage","url":"https:\/\/demo.tz-viskovo.hr\/en\/what-to-do\/halubike\/","name":"HALUbike - Turisti\u010dka zajednica op\u0107ine Vi\u0161kovo","isPartOf":{"@id":"https:\/\/demo.tz-viskovo.hr\/it\/#website"},"primaryImageOfPage":{"@id":"https:\/\/demo.tz-viskovo.hr\/en\/what-to-do\/halubike\/#primaryimage"},"datePublished":"2019-08-22T10:21:43+00:00","dateModified":"2020-11-24T11:28:20+00:00","breadcrumb":{"@id":"https:\/\/demo.tz-viskovo.hr\/en\/what-to-do\/halubike\/#breadcrumb"},"inLanguage":"en-US","potentialAction":[{"@type":"ReadAction","target":["https:\/\/demo.tz-viskovo.hr\/en\/what-to-do\/halubike\/"]}]},{"@type":"BreadcrumbList","@id":"https:\/\/demo.tz-viskovo.hr\/en\/what-to-do\/halubike\/#breadcrumb","itemListElement":[{"@type":"ListItem","position":1,"name":"Home","item":"https:\/\/demo.tz-viskovo.hr\/en\/"},{"@type":"ListItem","position":2,"name":"What to do","item":"https:\/\/demo.tz-viskovo.hr\/en\/what-to-do\/"},{"@type":"ListItem","position":3,"name":"HALUbike"}]}]}},"_links":{"self":[{"href":"https:\/\/demo.tz-viskovo.hr\/en\/wp-json\/wp\/v2\/pages\/5041"}],"collection":[{"href":"https:\/\/demo.tz-viskovo.hr\/en\/wp-json\/wp\/v2\/pages"}],"about":[{"href":"https:\/\/demo.tz-viskovo.hr\/en\/wp-json\/wp\/v2\/types\/page"}],"author":[{"embeddable":true,"href":"https:\/\/demo.tz-viskovo.hr\/en\/wp-json\/wp\/v2\/users\/1"}],"replies":[{"embeddable":true,"href":"https:\/\/demo.tz-viskovo.hr\/en\/wp-json\/wp\/v2\/comments?post=5041"}],"version-history":[{"count":9,"href":"https:\/\/demo.tz-viskovo.hr\/en\/wp-json\/wp\/v2\/pages\/5041\/revisions"}],"predecessor-version":[{"id":15860,"href":"https:\/\/demo.tz-viskovo.hr\/en\/wp-json\/wp\/v2\/pages\/5041\/revisions\/15860"}],"up":[{"embeddable":true,"href":"https:\/\/demo.tz-viskovo.hr\/en\/wp-json\/wp\/v2\/pages\/3922"}],"wp:featuredmedia":[{"embeddable":true,"href":"https:\/\/demo.tz-viskovo.hr\/en\/wp-json\/wp\/v2\/media\/5051"}],"wp:attachment":[{"href":"https:\/\/demo.tz-viskovo.hr\/en\/wp-json\/wp\/v2\/media?parent=5041"}],"curies":[{"name":"wp","href":"https:\/\/api.w.org\/{rel}","templated":true}]}}