{"id":14790,"date":"2020-07-07T11:50:43","date_gmt":"2020-07-07T11:50:43","guid":{"rendered":"https:\/\/demo.tz-viskovo.hr\/?page_id=14790"},"modified":"2020-07-07T11:55:03","modified_gmt":"2020-07-07T11:55:03","slug":"negozi","status":"publish","type":"page","link":"https:\/\/demo.tz-viskovo.hr\/it\/info\/tips-info\/negozi\/","title":{"rendered":"Negozi"},"content":{"rendered":"\n<p><strong>KONZUM<\/strong><\/p>\n\n\n\n<p>Indirizzo:\u00a0Vozi\u0161\u0107e<br>Tel.: 0800 400 000<br>Web:\u00a0<a href=\"https:\/\/www.konzum.hr\/\">www.konzum.hr<\/a><\/p>\n\n\n\n<p>Indirizzo :\u00a0Vozi\u0161\u0107e<br>Tel: 0800 400 000<br>Web:\u00a0<a href=\"https:\/\/www.konzum.hr\/\">www.konzum.hr<\/a><\/p>\n\n\n\n<p>Indirizzo :\u00a0Vozi\u0161\u0107e<br>Tel: 0800 400 000<br>Web:\u00a0<a href=\"https:\/\/www.konzum.hr\/\">www.konzum.hr<\/a><\/p>\n\n\n\n<p><strong>BRODOKOMERC NOVA<\/strong><\/p>\n\n\n\n<p>Indirizzo :\u00a0Vi\u0161kovo bb<br>Tel: 051\/256-821<br>Web:\u00a0<a href=\"http:\/\/www.brodokomerc.hr\/\">www.brodokomerc.hr<\/a><\/p>\n\n\n\n<p><strong>TRGOVINA KRK<\/strong><\/p>\n\n\n\n<p>Indirizzo  : Vozi\u0161\u0107e 59 c<br>Tel: 051\/440- 190<br>Address:\u00a0Kosi 68<br>Teleffonnummer : 051\/252-909<br>Web:\u00a0<a href=\"http:\/\/www.trgovina-krk.hr\/\">www.trgovina-krk.hr<\/a><\/p>\n\n\n\n<p><strong>ABCD d.o.o.<\/strong><\/p>\n\n\n\n<p>Indirizzo : Stupari 24, 51216 Vi\u0161kovo<br>Tel:\u00a0051 322 226<\/p>\n\n\n\n<table class=\"wp-block-table\"><tbody><tr><td><strong>TOMMY SUPERMARKET<\/strong><\/td><\/tr><tr><td> Indirizzo <\/td><td>Vi\u0161kovo 122B, 51216 Vi\u0161kovo<\/td><\/tr><tr><td>Tel.<\/td><td>+385 0800 02 03<\/td><\/tr><tr><td>Web<\/td><td><a href=\"http:\/\/tommy.hr\/\">www.tommy.hr<\/a><\/td><\/tr><tr><td><strong>LIDL d.o.o<\/strong><\/td><\/tr><tr><td>Indirizzo <\/td><td>Furi\u0107evo 23,51216 Vi\u0161kovo<\/td><\/tr><tr><td>Tel.<\/td><td>+385 0800 200 220<\/td><\/tr><tr><td>Web<\/td><td><a href=\"https:\/\/www.lidl.hr\/hr\/index.htm\">www.lidl.hr<\/a><\/td><\/tr><tr><td><strong>PLODINE d.d.<\/strong><\/td><\/tr><tr><td>Indirizzo <\/td><td>Marini\u0107i 182, 51216 Vi\u0161kovo<\/td><\/tr><tr><td>Tel.<\/td><td>+385 51 208 444<\/td><\/tr><tr><td>Web<\/td><td><a href=\"http:\/\/www.plodine.hr\/\">www.plodine.hr<\/a><\/td><\/tr><\/tbody><\/table>\n","protected":false},"excerpt":{"rendered":"<p>KONZUM Indirizzo:\u00a0Vozi\u0161\u0107eTel.: 0800 400 000Web:\u00a0www.konzum.hr Indirizzo :\u00a0Vozi\u0161\u0107eTel: 0800 400 000Web:\u00a0www.konzum.hr Indirizzo :\u00a0Vozi\u0161\u0107eTel: 0800 400 000Web:\u00a0www.konzum.hr BRODOKOMERC NOVA Indirizzo :\u00a0Vi\u0161kovo bbTel: 051\/256-821Web:\u00a0www.brodokomerc.hr TRGOVINA KRK Indirizzo : Vozi\u0161\u0107e 59 cTel: 051\/440- 190Address:\u00a0Kosi 68Teleffonnummer : 051\/252-909Web:\u00a0www.trgovina-krk.hr ABCD d.o.o. Indirizzo : Stupari 24, 51216 Vi\u0161kovoTel:\u00a0051 322 226 TOMMY SUPERMARKET Indirizzo Vi\u0161kovo 122B, 51216 Vi\u0161kovo Tel. +385 0800 02 03 [&hellip;]<\/p>\n","protected":false},"author":4,"featured_media":14775,"parent":3950,"menu_order":0,"comment_status":"closed","ping_status":"closed","template":"","meta":[],"acf":[],"yoast_head":"<!-- This site is optimized with the Yoast SEO plugin v17.6 - https:\/\/yoast.com\/wordpress\/plugins\/seo\/ -->\n<meta name=\"robots\" content=\"index, follow, max-snippet:-1, max-image-preview:large, max-video-preview:-1\" \/>\n<link rel=\"canonical\" href=\"https:\/\/demo.tz-viskovo.hr\/it\/info\/tips-info\/negozi\/\" \/>\n<meta property=\"og:locale\" content=\"it_IT\" \/>\n<meta property=\"og:type\" content=\"article\" \/>\n<meta property=\"og:title\" content=\"Negozi - Turisti\u010dka zajednica op\u0107ine Vi\u0161kovo\" \/>\n<meta property=\"og:description\" content=\"KONZUM Indirizzo:\u00a0Vozi\u0161\u0107eTel.: 0800 400 000Web:\u00a0www.konzum.hr Indirizzo :\u00a0Vozi\u0161\u0107eTel: 0800 400 000Web:\u00a0www.konzum.hr Indirizzo :\u00a0Vozi\u0161\u0107eTel: 0800 400 000Web:\u00a0www.konzum.hr BRODOKOMERC NOVA Indirizzo :\u00a0Vi\u0161kovo bbTel: 051\/256-821Web:\u00a0www.brodokomerc.hr TRGOVINA KRK Indirizzo : Vozi\u0161\u0107e 59 cTel: 051\/440- 190Address:\u00a0Kosi 68Teleffonnummer : 051\/252-909Web:\u00a0www.trgovina-krk.hr ABCD d.o.o. Indirizzo : Stupari 24, 51216 Vi\u0161kovoTel:\u00a0051 322 226 TOMMY SUPERMARKET Indirizzo Vi\u0161kovo 122B, 51216 Vi\u0161kovo Tel. +385 0800 02 03 [&hellip;]\" \/>\n<meta property=\"og:url\" content=\"https:\/\/demo.tz-viskovo.hr\/it\/info\/tips-info\/negozi\/\" \/>\n<meta property=\"og:site_name\" content=\"Turisti\u010dka zajednica op\u0107ine Vi\u0161kovo\" \/>\n<meta property=\"article:modified_time\" content=\"2020-07-07T11:55:03+00:00\" \/>\n<meta property=\"og:image\" content=\"https:\/\/demo.tz-viskovo.hr\/wp-content\/uploads\/2020\/07\/preuzmi.jpg\" \/>\n\t<meta property=\"og:image:width\" content=\"273\" \/>\n\t<meta property=\"og:image:height\" content=\"185\" \/>\n<meta name=\"twitter:card\" content=\"summary_large_image\" \/>\n<script type=\"application\/ld+json\" class=\"yoast-schema-graph\">{\"@context\":\"https:\/\/schema.org\",\"@graph\":[{\"@type\":\"WebSite\",\"@id\":\"https:\/\/demo.tz-viskovo.hr\/it\/#website\",\"url\":\"https:\/\/demo.tz-viskovo.hr\/it\/\",\"name\":\"Turisti\\u010dka zajednica op\\u0107ine Vi\\u0161kovo\",\"description\":\"\",\"potentialAction\":[{\"@type\":\"SearchAction\",\"target\":{\"@type\":\"EntryPoint\",\"urlTemplate\":\"https:\/\/demo.tz-viskovo.hr\/it\/?s={search_term_string}\"},\"query-input\":\"required name=search_term_string\"}],\"inLanguage\":\"it-IT\"},{\"@type\":\"ImageObject\",\"@id\":\"https:\/\/demo.tz-viskovo.hr\/it\/info\/tips-info\/negozi\/#primaryimage\",\"inLanguage\":\"it-IT\",\"url\":\"https:\/\/demo.tz-viskovo.hr\/wp-content\/uploads\/2020\/07\/preuzmi.jpg\",\"contentUrl\":\"https:\/\/demo.tz-viskovo.hr\/wp-content\/uploads\/2020\/07\/preuzmi.jpg\",\"width\":273,\"height\":185},{\"@type\":\"WebPage\",\"@id\":\"https:\/\/demo.tz-viskovo.hr\/it\/info\/tips-info\/negozi\/#webpage\",\"url\":\"https:\/\/demo.tz-viskovo.hr\/it\/info\/tips-info\/negozi\/\",\"name\":\"Negozi - Turisti\\u010dka zajednica op\\u0107ine Vi\\u0161kovo\",\"isPartOf\":{\"@id\":\"https:\/\/demo.tz-viskovo.hr\/it\/#website\"},\"primaryImageOfPage\":{\"@id\":\"https:\/\/demo.tz-viskovo.hr\/it\/info\/tips-info\/negozi\/#primaryimage\"},\"datePublished\":\"2020-07-07T11:50:43+00:00\",\"dateModified\":\"2020-07-07T11:55:03+00:00\",\"breadcrumb\":{\"@id\":\"https:\/\/demo.tz-viskovo.hr\/it\/info\/tips-info\/negozi\/#breadcrumb\"},\"inLanguage\":\"it-IT\",\"potentialAction\":[{\"@type\":\"ReadAction\",\"target\":[\"https:\/\/demo.tz-viskovo.hr\/it\/info\/tips-info\/negozi\/\"]}]},{\"@type\":\"BreadcrumbList\",\"@id\":\"https:\/\/demo.tz-viskovo.hr\/it\/info\/tips-info\/negozi\/#breadcrumb\",\"itemListElement\":[{\"@type\":\"ListItem\",\"position\":1,\"name\":\"Home\",\"item\":\"https:\/\/demo.tz-viskovo.hr\/it\/\"},{\"@type\":\"ListItem\",\"position\":2,\"name\":\"Info\",\"item\":\"https:\/\/demo.tz-viskovo.hr\/it\/info\/\"},{\"@type\":\"ListItem\",\"position\":3,\"name\":\"Tips &#038; info\",\"item\":\"https:\/\/demo.tz-viskovo.hr\/it\/info\/tips-info\/\"},{\"@type\":\"ListItem\",\"position\":4,\"name\":\"Negozi\"}]}]}<\/script>\n<!-- \/ Yoast SEO plugin. -->","yoast_head_json":{"robots":{"index":"index","follow":"follow","max-snippet":"max-snippet:-1","max-image-preview":"max-image-preview:large","max-video-preview":"max-video-preview:-1"},"canonical":"https:\/\/demo.tz-viskovo.hr\/it\/info\/tips-info\/negozi\/","og_locale":"it_IT","og_type":"article","og_title":"Negozi - Turisti\u010dka zajednica op\u0107ine Vi\u0161kovo","og_description":"KONZUM Indirizzo:\u00a0Vozi\u0161\u0107eTel.: 0800 400 000Web:\u00a0www.konzum.hr Indirizzo :\u00a0Vozi\u0161\u0107eTel: 0800 400 000Web:\u00a0www.konzum.hr Indirizzo :\u00a0Vozi\u0161\u0107eTel: 0800 400 000Web:\u00a0www.konzum.hr BRODOKOMERC NOVA Indirizzo :\u00a0Vi\u0161kovo bbTel: 051\/256-821Web:\u00a0www.brodokomerc.hr TRGOVINA KRK Indirizzo : Vozi\u0161\u0107e 59 cTel: 051\/440- 190Address:\u00a0Kosi 68Teleffonnummer : 051\/252-909Web:\u00a0www.trgovina-krk.hr ABCD d.o.o. Indirizzo : Stupari 24, 51216 Vi\u0161kovoTel:\u00a0051 322 226 TOMMY SUPERMARKET Indirizzo Vi\u0161kovo 122B, 51216 Vi\u0161kovo Tel. +385 0800 02 03 [&hellip;]","og_url":"https:\/\/demo.tz-viskovo.hr\/it\/info\/tips-info\/negozi\/","og_site_name":"Turisti\u010dka zajednica op\u0107ine Vi\u0161kovo","article_modified_time":"2020-07-07T11:55:03+00:00","og_image":[{"width":273,"height":185,"url":"https:\/\/demo.tz-viskovo.hr\/wp-content\/uploads\/2020\/07\/preuzmi.jpg","type":"image\/jpeg"}],"twitter_card":"summary_large_image","schema":{"@context":"https:\/\/schema.org","@graph":[{"@type":"WebSite","@id":"https:\/\/demo.tz-viskovo.hr\/it\/#website","url":"https:\/\/demo.tz-viskovo.hr\/it\/","name":"Turisti\u010dka zajednica op\u0107ine Vi\u0161kovo","description":"","potentialAction":[{"@type":"SearchAction","target":{"@type":"EntryPoint","urlTemplate":"https:\/\/demo.tz-viskovo.hr\/it\/?s={search_term_string}"},"query-input":"required name=search_term_string"}],"inLanguage":"it-IT"},{"@type":"ImageObject","@id":"https:\/\/demo.tz-viskovo.hr\/it\/info\/tips-info\/negozi\/#primaryimage","inLanguage":"it-IT","url":"https:\/\/demo.tz-viskovo.hr\/wp-content\/uploads\/2020\/07\/preuzmi.jpg","contentUrl":"https:\/\/demo.tz-viskovo.hr\/wp-content\/uploads\/2020\/07\/preuzmi.jpg","width":273,"height":185},{"@type":"WebPage","@id":"https:\/\/demo.tz-viskovo.hr\/it\/info\/tips-info\/negozi\/#webpage","url":"https:\/\/demo.tz-viskovo.hr\/it\/info\/tips-info\/negozi\/","name":"Negozi - Turisti\u010dka zajednica op\u0107ine Vi\u0161kovo","isPartOf":{"@id":"https:\/\/demo.tz-viskovo.hr\/it\/#website"},"primaryImageOfPage":{"@id":"https:\/\/demo.tz-viskovo.hr\/it\/info\/tips-info\/negozi\/#primaryimage"},"datePublished":"2020-07-07T11:50:43+00:00","dateModified":"2020-07-07T11:55:03+00:00","breadcrumb":{"@id":"https:\/\/demo.tz-viskovo.hr\/it\/info\/tips-info\/negozi\/#breadcrumb"},"inLanguage":"it-IT","potentialAction":[{"@type":"ReadAction","target":["https:\/\/demo.tz-viskovo.hr\/it\/info\/tips-info\/negozi\/"]}]},{"@type":"BreadcrumbList","@id":"https:\/\/demo.tz-viskovo.hr\/it\/info\/tips-info\/negozi\/#breadcrumb","itemListElement":[{"@type":"ListItem","position":1,"name":"Home","item":"https:\/\/demo.tz-viskovo.hr\/it\/"},{"@type":"ListItem","position":2,"name":"Info","item":"https:\/\/demo.tz-viskovo.hr\/it\/info\/"},{"@type":"ListItem","position":3,"name":"Tips &#038; info","item":"https:\/\/demo.tz-viskovo.hr\/it\/info\/tips-info\/"},{"@type":"ListItem","position":4,"name":"Negozi"}]}]}},"_links":{"self":[{"href":"https:\/\/demo.tz-viskovo.hr\/it\/wp-json\/wp\/v2\/pages\/14790"}],"collection":[{"href":"https:\/\/demo.tz-viskovo.hr\/it\/wp-json\/wp\/v2\/pages"}],"about":[{"href":"https:\/\/demo.tz-viskovo.hr\/it\/wp-json\/wp\/v2\/types\/page"}],"author":[{"embeddable":true,"href":"https:\/\/demo.tz-viskovo.hr\/it\/wp-json\/wp\/v2\/users\/4"}],"replies":[{"embeddable":true,"href":"https:\/\/demo.tz-viskovo.hr\/it\/wp-json\/wp\/v2\/comments?post=14790"}],"version-history":[{"count":2,"href":"https:\/\/demo.tz-viskovo.hr\/it\/wp-json\/wp\/v2\/pages\/14790\/revisions"}],"predecessor-version":[{"id":14801,"href":"https:\/\/demo.tz-viskovo.hr\/it\/wp-json\/wp\/v2\/pages\/14790\/revisions\/14801"}],"up":[{"embeddable":true,"href":"https:\/\/demo.tz-viskovo.hr\/it\/wp-json\/wp\/v2\/pages\/3950"}],"wp:featuredmedia":[{"embeddable":true,"href":"https:\/\/demo.tz-viskovo.hr\/it\/wp-json\/wp\/v2\/media\/14775"}],"wp:attachment":[{"href":"https:\/\/demo.tz-viskovo.hr\/it\/wp-json\/wp\/v2\/media?parent=14790"}],"curies":[{"name":"wp","href":"https:\/\/api.w.org\/{rel}","templated":true}]}}