{"id":1698,"date":"2019-05-26T14:56:07","date_gmt":"2019-05-26T14:56:07","guid":{"rendered":"https:\/\/demo.tz-viskovo.hr\/viskovo\/kulturna-bastina\/spomen-dom-i-m-ronjgov\/"},"modified":"2020-09-16T10:02:15","modified_gmt":"2020-09-16T10:02:15","slug":"spomen-dom-i-m-ronjgov","status":"publish","type":"page","link":"https:\/\/demo.tz-viskovo.hr\/it\/viskovo\/kulturna-bastina\/spomen-dom-i-m-ronjgov\/","title":{"rendered":"L&#8217;istituzione pubblica Ivan Mateti\u0107 Ronjgov"},"content":{"rendered":"\n<p>L&#8217;istituzione culturale \u201cIvan Mateti\u0107 Ronjgov\u201d, nata dall&#8217;associazione culturale ed educativa \u201cIvan Mateti\u0107 Ronjgov\u201d, fu istituita nel 1994 dalla decisione dell&#8217;Assemblea della Regione litoraneo-montana. Con sede a Ronjgi, Vi\u0161kovo, l&#8217;istituzione \u00e8 impegnata a tutelare il patrimonio culturale, il folclore autoctono e a rilanciare le usanze del territorio di Halubje. Il programma e le attivit\u00e0 dell&#8217;istituzione comprendono diversi aspetti culturali.<\/p>\n\n\n\n<p>La casa natale di Ivan Mateti\u0107 Ronjgov \u00e8 un museo nonch\u00e9 un centro memoriale. La sala commemorativa si trova l\u00ec proprio dove nacque Ivan Mateti\u0107 Ronjgov e rappresenta il centro della mostra con documenti importanti collegati alla vita personale e professionale di Mateti\u0107.<\/p>\n\n\n\n<p>Un altro aspetto importante dell&#8217;attivit\u00e0 dell&#8217;istituzione \u00e8 la pubblicazione, rivolta a promuovere e stampare libri e letteratura musicale in dialetto ciacavo. L&#8217;associazione organizza incontri scientifici con lo scopo di ricercare la vita e le attivit\u00e0 di importanti scrittori, artisti e altre figure di spicco del territorio che hanno lasciato una traccia significativa nella regione litoranea.Con l&#8217;obiettivo di arricchire la vita culturale e l&#8217;offerta turistica del Comune di Vi\u0161kovo, l&#8217;istituzione organizza eventi come le Giornate di Mateti\u0107, la Mantinjada pul Ronjgi (la mattinata a Ronjgi), Ve\u010der pul Mateti\u0107evega ognji\u0161\u0107a (le serate attorno al focolaio di casa Mateti\u0107), Prolje\u0107e u Ronjgima (la primavera a Ronjgi), Kanat pul Ronjgi (il canto a Ronjgi), ecc. Al fine di preservare la tradizione dell&#8217;artigianato nella zona di Halubje, l&#8217;istituzione ha istituito, tra le altre cose, l&#8217;associazione Delavska Katedra, che ha avviato numerosi progetti locali come le gare di falciatura e raccolta nonch\u00e9 il catalogo di oggetti tradizionali della zona di Halubje chiamato \u201cDa se ne pozabi\u201d (Per non dimenticare).<\/p>\n","protected":false},"excerpt":{"rendered":"<p>L&#8217;istituzione culturale \u201cIvan Mateti\u0107 Ronjgov\u201d, nata dall&#8217;associazione culturale ed educativa \u201cIvan Mateti\u0107 Ronjgov\u201d, fu istituita nel 1994 dalla decisione dell&#8217;Assemblea della Regione litoraneo-montana. Con sede a Ronjgi, Vi\u0161kovo, l&#8217;istituzione \u00e8 impegnata a tutelare il patrimonio culturale, il folclore autoctono e a rilanciare le usanze del territorio di Halubje. Il programma e le attivit\u00e0 dell&#8217;istituzione comprendono [&hellip;]<\/p>\n","protected":false},"author":1,"featured_media":8499,"parent":1686,"menu_order":0,"comment_status":"closed","ping_status":"closed","template":"","meta":[],"acf":[],"yoast_head":"<!-- This site is optimized with the Yoast SEO plugin v17.6 - https:\/\/yoast.com\/wordpress\/plugins\/seo\/ -->\n<meta name=\"robots\" content=\"index, follow, max-snippet:-1, max-image-preview:large, max-video-preview:-1\" \/>\n<link rel=\"canonical\" href=\"https:\/\/demo.tz-viskovo.hr\/it\/viskovo\/kulturna-bastina\/spomen-dom-i-m-ronjgov\/\" \/>\n<meta property=\"og:locale\" content=\"it_IT\" \/>\n<meta property=\"og:type\" content=\"article\" \/>\n<meta property=\"og:title\" content=\"L&#039;istituzione pubblica Ivan Mateti\u0107 Ronjgov - Turisti\u010dka zajednica op\u0107ine Vi\u0161kovo\" \/>\n<meta property=\"og:description\" content=\"L&#8217;istituzione culturale \u201cIvan Mateti\u0107 Ronjgov\u201d, nata dall&#8217;associazione culturale ed educativa \u201cIvan Mateti\u0107 Ronjgov\u201d, fu istituita nel 1994 dalla decisione dell&#8217;Assemblea della Regione litoraneo-montana. Con sede a Ronjgi, Vi\u0161kovo, l&#8217;istituzione \u00e8 impegnata a tutelare il patrimonio culturale, il folclore autoctono e a rilanciare le usanze del territorio di Halubje. Il programma e le attivit\u00e0 dell&#8217;istituzione comprendono [&hellip;]\" \/>\n<meta property=\"og:url\" content=\"https:\/\/demo.tz-viskovo.hr\/it\/viskovo\/kulturna-bastina\/spomen-dom-i-m-ronjgov\/\" \/>\n<meta property=\"og:site_name\" content=\"Turisti\u010dka zajednica op\u0107ine Vi\u0161kovo\" \/>\n<meta property=\"article:modified_time\" content=\"2020-09-16T10:02:15+00:00\" \/>\n<meta property=\"og:image\" content=\"https:\/\/demo.tz-viskovo.hr\/wp-content\/uploads\/2019\/09\/TZ-Viskovo_11072019_035.jpg\" \/>\n\t<meta property=\"og:image:width\" content=\"2000\" \/>\n\t<meta property=\"og:image:height\" content=\"1334\" \/>\n<meta name=\"twitter:card\" content=\"summary_large_image\" \/>\n<meta name=\"twitter:label1\" content=\"Tempo di lettura stimato\" \/>\n\t<meta name=\"twitter:data1\" content=\"1 minuto\" \/>\n<script type=\"application\/ld+json\" class=\"yoast-schema-graph\">{\"@context\":\"https:\/\/schema.org\",\"@graph\":[{\"@type\":\"WebSite\",\"@id\":\"https:\/\/demo.tz-viskovo.hr\/it\/#website\",\"url\":\"https:\/\/demo.tz-viskovo.hr\/it\/\",\"name\":\"Turisti\\u010dka zajednica op\\u0107ine Vi\\u0161kovo\",\"description\":\"\",\"potentialAction\":[{\"@type\":\"SearchAction\",\"target\":{\"@type\":\"EntryPoint\",\"urlTemplate\":\"https:\/\/demo.tz-viskovo.hr\/it\/?s={search_term_string}\"},\"query-input\":\"required name=search_term_string\"}],\"inLanguage\":\"it-IT\"},{\"@type\":\"ImageObject\",\"@id\":\"https:\/\/demo.tz-viskovo.hr\/it\/viskovo\/kulturna-bastina\/spomen-dom-i-m-ronjgov\/#primaryimage\",\"inLanguage\":\"it-IT\",\"url\":\"https:\/\/demo.tz-viskovo.hr\/wp-content\/uploads\/2019\/09\/TZ-Viskovo_11072019_035.jpg\",\"contentUrl\":\"https:\/\/demo.tz-viskovo.hr\/wp-content\/uploads\/2019\/09\/TZ-Viskovo_11072019_035.jpg\",\"width\":2000,\"height\":1334},{\"@type\":\"WebPage\",\"@id\":\"https:\/\/demo.tz-viskovo.hr\/it\/viskovo\/kulturna-bastina\/spomen-dom-i-m-ronjgov\/#webpage\",\"url\":\"https:\/\/demo.tz-viskovo.hr\/it\/viskovo\/kulturna-bastina\/spomen-dom-i-m-ronjgov\/\",\"name\":\"L'istituzione pubblica Ivan Mateti\\u0107 Ronjgov - Turisti\\u010dka zajednica op\\u0107ine Vi\\u0161kovo\",\"isPartOf\":{\"@id\":\"https:\/\/demo.tz-viskovo.hr\/it\/#website\"},\"primaryImageOfPage\":{\"@id\":\"https:\/\/demo.tz-viskovo.hr\/it\/viskovo\/kulturna-bastina\/spomen-dom-i-m-ronjgov\/#primaryimage\"},\"datePublished\":\"2019-05-26T14:56:07+00:00\",\"dateModified\":\"2020-09-16T10:02:15+00:00\",\"breadcrumb\":{\"@id\":\"https:\/\/demo.tz-viskovo.hr\/it\/viskovo\/kulturna-bastina\/spomen-dom-i-m-ronjgov\/#breadcrumb\"},\"inLanguage\":\"it-IT\",\"potentialAction\":[{\"@type\":\"ReadAction\",\"target\":[\"https:\/\/demo.tz-viskovo.hr\/it\/viskovo\/kulturna-bastina\/spomen-dom-i-m-ronjgov\/\"]}]},{\"@type\":\"BreadcrumbList\",\"@id\":\"https:\/\/demo.tz-viskovo.hr\/it\/viskovo\/kulturna-bastina\/spomen-dom-i-m-ronjgov\/#breadcrumb\",\"itemListElement\":[{\"@type\":\"ListItem\",\"position\":1,\"name\":\"Home\",\"item\":\"https:\/\/demo.tz-viskovo.hr\/it\/\"},{\"@type\":\"ListItem\",\"position\":2,\"name\":\"Vi\\u0161kovo\",\"item\":\"https:\/\/demo.tz-viskovo.hr\/it\/viskovo\/\"},{\"@type\":\"ListItem\",\"position\":3,\"name\":\"Beni culturali\",\"item\":\"https:\/\/demo.tz-viskovo.hr\/it\/viskovo\/kulturna-bastina\/\"},{\"@type\":\"ListItem\",\"position\":4,\"name\":\"L&#8217;istituzione pubblica Ivan Mateti\\u0107 Ronjgov\"}]}]}<\/script>\n<!-- \/ Yoast SEO plugin. -->","yoast_head_json":{"robots":{"index":"index","follow":"follow","max-snippet":"max-snippet:-1","max-image-preview":"max-image-preview:large","max-video-preview":"max-video-preview:-1"},"canonical":"https:\/\/demo.tz-viskovo.hr\/it\/viskovo\/kulturna-bastina\/spomen-dom-i-m-ronjgov\/","og_locale":"it_IT","og_type":"article","og_title":"L'istituzione pubblica Ivan Mateti\u0107 Ronjgov - Turisti\u010dka zajednica op\u0107ine Vi\u0161kovo","og_description":"L&#8217;istituzione culturale \u201cIvan Mateti\u0107 Ronjgov\u201d, nata dall&#8217;associazione culturale ed educativa \u201cIvan Mateti\u0107 Ronjgov\u201d, fu istituita nel 1994 dalla decisione dell&#8217;Assemblea della Regione litoraneo-montana. Con sede a Ronjgi, Vi\u0161kovo, l&#8217;istituzione \u00e8 impegnata a tutelare il patrimonio culturale, il folclore autoctono e a rilanciare le usanze del territorio di Halubje. Il programma e le attivit\u00e0 dell&#8217;istituzione comprendono [&hellip;]","og_url":"https:\/\/demo.tz-viskovo.hr\/it\/viskovo\/kulturna-bastina\/spomen-dom-i-m-ronjgov\/","og_site_name":"Turisti\u010dka zajednica op\u0107ine Vi\u0161kovo","article_modified_time":"2020-09-16T10:02:15+00:00","og_image":[{"width":2000,"height":1334,"url":"https:\/\/demo.tz-viskovo.hr\/wp-content\/uploads\/2019\/09\/TZ-Viskovo_11072019_035.jpg","type":"image\/jpeg"}],"twitter_card":"summary_large_image","twitter_misc":{"Tempo di lettura stimato":"1 minuto"},"schema":{"@context":"https:\/\/schema.org","@graph":[{"@type":"WebSite","@id":"https:\/\/demo.tz-viskovo.hr\/it\/#website","url":"https:\/\/demo.tz-viskovo.hr\/it\/","name":"Turisti\u010dka zajednica op\u0107ine Vi\u0161kovo","description":"","potentialAction":[{"@type":"SearchAction","target":{"@type":"EntryPoint","urlTemplate":"https:\/\/demo.tz-viskovo.hr\/it\/?s={search_term_string}"},"query-input":"required name=search_term_string"}],"inLanguage":"it-IT"},{"@type":"ImageObject","@id":"https:\/\/demo.tz-viskovo.hr\/it\/viskovo\/kulturna-bastina\/spomen-dom-i-m-ronjgov\/#primaryimage","inLanguage":"it-IT","url":"https:\/\/demo.tz-viskovo.hr\/wp-content\/uploads\/2019\/09\/TZ-Viskovo_11072019_035.jpg","contentUrl":"https:\/\/demo.tz-viskovo.hr\/wp-content\/uploads\/2019\/09\/TZ-Viskovo_11072019_035.jpg","width":2000,"height":1334},{"@type":"WebPage","@id":"https:\/\/demo.tz-viskovo.hr\/it\/viskovo\/kulturna-bastina\/spomen-dom-i-m-ronjgov\/#webpage","url":"https:\/\/demo.tz-viskovo.hr\/it\/viskovo\/kulturna-bastina\/spomen-dom-i-m-ronjgov\/","name":"L'istituzione pubblica Ivan Mateti\u0107 Ronjgov - Turisti\u010dka zajednica op\u0107ine Vi\u0161kovo","isPartOf":{"@id":"https:\/\/demo.tz-viskovo.hr\/it\/#website"},"primaryImageOfPage":{"@id":"https:\/\/demo.tz-viskovo.hr\/it\/viskovo\/kulturna-bastina\/spomen-dom-i-m-ronjgov\/#primaryimage"},"datePublished":"2019-05-26T14:56:07+00:00","dateModified":"2020-09-16T10:02:15+00:00","breadcrumb":{"@id":"https:\/\/demo.tz-viskovo.hr\/it\/viskovo\/kulturna-bastina\/spomen-dom-i-m-ronjgov\/#breadcrumb"},"inLanguage":"it-IT","potentialAction":[{"@type":"ReadAction","target":["https:\/\/demo.tz-viskovo.hr\/it\/viskovo\/kulturna-bastina\/spomen-dom-i-m-ronjgov\/"]}]},{"@type":"BreadcrumbList","@id":"https:\/\/demo.tz-viskovo.hr\/it\/viskovo\/kulturna-bastina\/spomen-dom-i-m-ronjgov\/#breadcrumb","itemListElement":[{"@type":"ListItem","position":1,"name":"Home","item":"https:\/\/demo.tz-viskovo.hr\/it\/"},{"@type":"ListItem","position":2,"name":"Vi\u0161kovo","item":"https:\/\/demo.tz-viskovo.hr\/it\/viskovo\/"},{"@type":"ListItem","position":3,"name":"Beni culturali","item":"https:\/\/demo.tz-viskovo.hr\/it\/viskovo\/kulturna-bastina\/"},{"@type":"ListItem","position":4,"name":"L&#8217;istituzione pubblica Ivan Mateti\u0107 Ronjgov"}]}]}},"_links":{"self":[{"href":"https:\/\/demo.tz-viskovo.hr\/it\/wp-json\/wp\/v2\/pages\/1698"}],"collection":[{"href":"https:\/\/demo.tz-viskovo.hr\/it\/wp-json\/wp\/v2\/pages"}],"about":[{"href":"https:\/\/demo.tz-viskovo.hr\/it\/wp-json\/wp\/v2\/types\/page"}],"author":[{"embeddable":true,"href":"https:\/\/demo.tz-viskovo.hr\/it\/wp-json\/wp\/v2\/users\/1"}],"replies":[{"embeddable":true,"href":"https:\/\/demo.tz-viskovo.hr\/it\/wp-json\/wp\/v2\/comments?post=1698"}],"version-history":[{"count":10,"href":"https:\/\/demo.tz-viskovo.hr\/it\/wp-json\/wp\/v2\/pages\/1698\/revisions"}],"predecessor-version":[{"id":15016,"href":"https:\/\/demo.tz-viskovo.hr\/it\/wp-json\/wp\/v2\/pages\/1698\/revisions\/15016"}],"up":[{"embeddable":true,"href":"https:\/\/demo.tz-viskovo.hr\/it\/wp-json\/wp\/v2\/pages\/1686"}],"wp:featuredmedia":[{"embeddable":true,"href":"https:\/\/demo.tz-viskovo.hr\/it\/wp-json\/wp\/v2\/media\/8499"}],"wp:attachment":[{"href":"https:\/\/demo.tz-viskovo.hr\/it\/wp-json\/wp\/v2\/media?parent=1698"}],"curies":[{"name":"wp","href":"https:\/\/api.w.org\/{rel}","templated":true}]}}