{"id":3785,"date":"2019-08-19T19:03:33","date_gmt":"2019-08-19T19:03:33","guid":{"rendered":"https:\/\/demo.tz-viskovo.hr\/?page_id=3785"},"modified":"2020-05-12T12:09:03","modified_gmt":"2020-05-12T12:09:03","slug":"i-dintorni-di-viskovo","status":"publish","type":"page","link":"https:\/\/demo.tz-viskovo.hr\/it\/cosa-fare\/i-dintorni-di-viskovo\/","title":{"rendered":"I dintorni di Vi\u0161kovo"},"content":{"rendered":"\n<p>Visita i dintorni di Vi\u0161kovo, goditi la diversit\u00e0 e le peculiarit\u00e0 dei luoghi vicini.<\/p>\n","protected":false},"excerpt":{"rendered":"<p>Visita i dintorni di Vi\u0161kovo, goditi la diversit\u00e0 e le peculiarit\u00e0 dei luoghi vicini.<\/p>\n","protected":false},"author":1,"featured_media":3795,"parent":3919,"menu_order":0,"comment_status":"closed","ping_status":"closed","template":"child-pages.php","meta":[],"acf":[],"yoast_head":"<!-- This site is optimized with the Yoast SEO plugin v17.6 - https:\/\/yoast.com\/wordpress\/plugins\/seo\/ -->\n<meta name=\"robots\" content=\"index, follow, max-snippet:-1, max-image-preview:large, max-video-preview:-1\" \/>\n<link rel=\"canonical\" href=\"https:\/\/demo.tz-viskovo.hr\/it\/cosa-fare\/i-dintorni-di-viskovo\/\" \/>\n<meta property=\"og:locale\" content=\"it_IT\" \/>\n<meta property=\"og:type\" content=\"article\" \/>\n<meta property=\"og:title\" content=\"I dintorni di Vi\u0161kovo - Turisti\u010dka zajednica op\u0107ine Vi\u0161kovo\" \/>\n<meta property=\"og:description\" content=\"Visita i dintorni di Vi\u0161kovo, goditi la diversit\u00e0 e le peculiarit\u00e0 dei luoghi vicini.\" \/>\n<meta property=\"og:url\" content=\"https:\/\/demo.tz-viskovo.hr\/it\/cosa-fare\/i-dintorni-di-viskovo\/\" \/>\n<meta property=\"og:site_name\" content=\"Turisti\u010dka zajednica op\u0107ine Vi\u0161kovo\" \/>\n<meta property=\"article:modified_time\" content=\"2020-05-12T12:09:03+00:00\" \/>\n<meta property=\"og:image\" content=\"https:\/\/demo.tz-viskovo.hr\/wp-content\/uploads\/2019\/07\/566aa2558cacb.jpg\" \/>\n\t<meta property=\"og:image:width\" content=\"350\" \/>\n\t<meta property=\"og:image:height\" content=\"525\" \/>\n<meta name=\"twitter:card\" content=\"summary_large_image\" \/>\n<script type=\"application\/ld+json\" class=\"yoast-schema-graph\">{\"@context\":\"https:\/\/schema.org\",\"@graph\":[{\"@type\":\"WebSite\",\"@id\":\"https:\/\/demo.tz-viskovo.hr\/it\/#website\",\"url\":\"https:\/\/demo.tz-viskovo.hr\/it\/\",\"name\":\"Turisti\\u010dka zajednica op\\u0107ine Vi\\u0161kovo\",\"description\":\"\",\"potentialAction\":[{\"@type\":\"SearchAction\",\"target\":{\"@type\":\"EntryPoint\",\"urlTemplate\":\"https:\/\/demo.tz-viskovo.hr\/it\/?s={search_term_string}\"},\"query-input\":\"required name=search_term_string\"}],\"inLanguage\":\"it-IT\"},{\"@type\":\"ImageObject\",\"@id\":\"https:\/\/demo.tz-viskovo.hr\/it\/cosa-fare\/i-dintorni-di-viskovo\/#primaryimage\",\"inLanguage\":\"it-IT\",\"url\":\"https:\/\/demo.tz-viskovo.hr\/wp-content\/uploads\/2019\/07\/566aa2558cacb.jpg\",\"contentUrl\":\"https:\/\/demo.tz-viskovo.hr\/wp-content\/uploads\/2019\/07\/566aa2558cacb.jpg\",\"width\":350,\"height\":525},{\"@type\":\"WebPage\",\"@id\":\"https:\/\/demo.tz-viskovo.hr\/it\/cosa-fare\/i-dintorni-di-viskovo\/#webpage\",\"url\":\"https:\/\/demo.tz-viskovo.hr\/it\/cosa-fare\/i-dintorni-di-viskovo\/\",\"name\":\"I dintorni di Vi\\u0161kovo - Turisti\\u010dka zajednica op\\u0107ine Vi\\u0161kovo\",\"isPartOf\":{\"@id\":\"https:\/\/demo.tz-viskovo.hr\/it\/#website\"},\"primaryImageOfPage\":{\"@id\":\"https:\/\/demo.tz-viskovo.hr\/it\/cosa-fare\/i-dintorni-di-viskovo\/#primaryimage\"},\"datePublished\":\"2019-08-19T19:03:33+00:00\",\"dateModified\":\"2020-05-12T12:09:03+00:00\",\"breadcrumb\":{\"@id\":\"https:\/\/demo.tz-viskovo.hr\/it\/cosa-fare\/i-dintorni-di-viskovo\/#breadcrumb\"},\"inLanguage\":\"it-IT\",\"potentialAction\":[{\"@type\":\"ReadAction\",\"target\":[\"https:\/\/demo.tz-viskovo.hr\/it\/cosa-fare\/i-dintorni-di-viskovo\/\"]}]},{\"@type\":\"BreadcrumbList\",\"@id\":\"https:\/\/demo.tz-viskovo.hr\/it\/cosa-fare\/i-dintorni-di-viskovo\/#breadcrumb\",\"itemListElement\":[{\"@type\":\"ListItem\",\"position\":1,\"name\":\"Home\",\"item\":\"https:\/\/demo.tz-viskovo.hr\/it\/\"},{\"@type\":\"ListItem\",\"position\":2,\"name\":\"Cosa fare\",\"item\":\"https:\/\/demo.tz-viskovo.hr\/it\/cosa-fare\/\"},{\"@type\":\"ListItem\",\"position\":3,\"name\":\"I dintorni di Vi\\u0161kovo\"}]}]}<\/script>\n<!-- \/ Yoast SEO plugin. -->","yoast_head_json":{"robots":{"index":"index","follow":"follow","max-snippet":"max-snippet:-1","max-image-preview":"max-image-preview:large","max-video-preview":"max-video-preview:-1"},"canonical":"https:\/\/demo.tz-viskovo.hr\/it\/cosa-fare\/i-dintorni-di-viskovo\/","og_locale":"it_IT","og_type":"article","og_title":"I dintorni di Vi\u0161kovo - Turisti\u010dka zajednica op\u0107ine Vi\u0161kovo","og_description":"Visita i dintorni di Vi\u0161kovo, goditi la diversit\u00e0 e le peculiarit\u00e0 dei luoghi vicini.","og_url":"https:\/\/demo.tz-viskovo.hr\/it\/cosa-fare\/i-dintorni-di-viskovo\/","og_site_name":"Turisti\u010dka zajednica op\u0107ine Vi\u0161kovo","article_modified_time":"2020-05-12T12:09:03+00:00","og_image":[{"width":350,"height":525,"url":"https:\/\/demo.tz-viskovo.hr\/wp-content\/uploads\/2019\/07\/566aa2558cacb.jpg","type":"image\/jpeg"}],"twitter_card":"summary_large_image","schema":{"@context":"https:\/\/schema.org","@graph":[{"@type":"WebSite","@id":"https:\/\/demo.tz-viskovo.hr\/it\/#website","url":"https:\/\/demo.tz-viskovo.hr\/it\/","name":"Turisti\u010dka zajednica op\u0107ine Vi\u0161kovo","description":"","potentialAction":[{"@type":"SearchAction","target":{"@type":"EntryPoint","urlTemplate":"https:\/\/demo.tz-viskovo.hr\/it\/?s={search_term_string}"},"query-input":"required name=search_term_string"}],"inLanguage":"it-IT"},{"@type":"ImageObject","@id":"https:\/\/demo.tz-viskovo.hr\/it\/cosa-fare\/i-dintorni-di-viskovo\/#primaryimage","inLanguage":"it-IT","url":"https:\/\/demo.tz-viskovo.hr\/wp-content\/uploads\/2019\/07\/566aa2558cacb.jpg","contentUrl":"https:\/\/demo.tz-viskovo.hr\/wp-content\/uploads\/2019\/07\/566aa2558cacb.jpg","width":350,"height":525},{"@type":"WebPage","@id":"https:\/\/demo.tz-viskovo.hr\/it\/cosa-fare\/i-dintorni-di-viskovo\/#webpage","url":"https:\/\/demo.tz-viskovo.hr\/it\/cosa-fare\/i-dintorni-di-viskovo\/","name":"I dintorni di Vi\u0161kovo - Turisti\u010dka zajednica op\u0107ine Vi\u0161kovo","isPartOf":{"@id":"https:\/\/demo.tz-viskovo.hr\/it\/#website"},"primaryImageOfPage":{"@id":"https:\/\/demo.tz-viskovo.hr\/it\/cosa-fare\/i-dintorni-di-viskovo\/#primaryimage"},"datePublished":"2019-08-19T19:03:33+00:00","dateModified":"2020-05-12T12:09:03+00:00","breadcrumb":{"@id":"https:\/\/demo.tz-viskovo.hr\/it\/cosa-fare\/i-dintorni-di-viskovo\/#breadcrumb"},"inLanguage":"it-IT","potentialAction":[{"@type":"ReadAction","target":["https:\/\/demo.tz-viskovo.hr\/it\/cosa-fare\/i-dintorni-di-viskovo\/"]}]},{"@type":"BreadcrumbList","@id":"https:\/\/demo.tz-viskovo.hr\/it\/cosa-fare\/i-dintorni-di-viskovo\/#breadcrumb","itemListElement":[{"@type":"ListItem","position":1,"name":"Home","item":"https:\/\/demo.tz-viskovo.hr\/it\/"},{"@type":"ListItem","position":2,"name":"Cosa fare","item":"https:\/\/demo.tz-viskovo.hr\/it\/cosa-fare\/"},{"@type":"ListItem","position":3,"name":"I dintorni di Vi\u0161kovo"}]}]}},"_links":{"self":[{"href":"https:\/\/demo.tz-viskovo.hr\/it\/wp-json\/wp\/v2\/pages\/3785"}],"collection":[{"href":"https:\/\/demo.tz-viskovo.hr\/it\/wp-json\/wp\/v2\/pages"}],"about":[{"href":"https:\/\/demo.tz-viskovo.hr\/it\/wp-json\/wp\/v2\/types\/page"}],"author":[{"embeddable":true,"href":"https:\/\/demo.tz-viskovo.hr\/it\/wp-json\/wp\/v2\/users\/1"}],"replies":[{"embeddable":true,"href":"https:\/\/demo.tz-viskovo.hr\/it\/wp-json\/wp\/v2\/comments?post=3785"}],"version-history":[{"count":2,"href":"https:\/\/demo.tz-viskovo.hr\/it\/wp-json\/wp\/v2\/pages\/3785\/revisions"}],"predecessor-version":[{"id":13553,"href":"https:\/\/demo.tz-viskovo.hr\/it\/wp-json\/wp\/v2\/pages\/3785\/revisions\/13553"}],"up":[{"embeddable":true,"href":"https:\/\/demo.tz-viskovo.hr\/it\/wp-json\/wp\/v2\/pages\/3919"}],"wp:featuredmedia":[{"embeddable":true,"href":"https:\/\/demo.tz-viskovo.hr\/it\/wp-json\/wp\/v2\/media\/3795"}],"wp:attachment":[{"href":"https:\/\/demo.tz-viskovo.hr\/it\/wp-json\/wp\/v2\/media?parent=3785"}],"curies":[{"name":"wp","href":"https:\/\/api.w.org\/{rel}","templated":true}]}}