{"id":3944,"date":"2019-08-19T20:01:39","date_gmt":"2019-08-19T20:01:39","guid":{"rendered":"https:\/\/demo.tz-viskovo.hr\/?page_id=3944"},"modified":"2019-08-19T20:01:40","modified_gmt":"2019-08-19T20:01:40","slug":"come-raggiungerci","status":"publish","type":"page","link":"https:\/\/demo.tz-viskovo.hr\/it\/info\/come-raggiungerci\/","title":{"rendered":"Come raggiungerci"},"content":{"rendered":"\n<p>Vi\u0161kovo \u00e8 facilmente raggiungibile in auto seguendo le indicazioni:<\/p>\n\n\n\n<p>Se arrivate dalla vicina Slovenia, il valico di frontiera Rupa, prima dell&#8217;ingresso occidentale di Rijeka , le indicazionii stradali &nbsp;vi dirigono in Kastav e poi in Vi\u0161kovo;<br>Se arrivate via Rijeka (Fiume) scegliete l&#8217;uscita-ovest (Kastav) Vi\u0161kovo;<br>Se arrivate da Opatija, seguite le indicazion ida Matulji per &nbsp;Kastav &nbsp;e poi Vi\u0161kovo.<br>Se venite in Croazia con l&#8217;autobus o in treno, come destinazione scegliete Rijeka,da &nbsp;dove Vi\u0161kovo e\u2019 facilmente raggiungibile con autobus o taxi. Se invece &nbsp;arrivate in Croazia in aereo, su disposizione sono l&#8217;aeroporto di Rijeka (isola di Krk), Zagabria e Pola. Tutti gli aeroporti di sopra hanno buoni collegamenti con &nbsp;Rijeka e Vi\u0161kovo.<\/p>\n\n\n\n<p>Vi\u0161kovo e\u2019 facilmente raggiungibile con autobus interurbani di trasporto pubblico.<br>Orario di linee di autobus nella zona di Vi\u0161kovo:<\/p>\n\n\n\n<p>Lineai br. 3a RIJEKA-DRNJEVCI-BEZJAKI<br><a href=\"http:\/\/www.autotrolej.hr\/Download\/2015\/09\/07\/18_18B_18C___01.08.20151.pdf\">Lineai br. 18 RIJEKA-SPIN\u010cI\u0106I-TRINAJSTI\u0106I-KASTAV-JELU\u0160I\u0106I-BRN\u010cI\u0106I<\/a><br><a href=\"http:\/\/www.autotrolej.hr\/Download\/2015\/10\/09\/17_19_20_211.pdf\">Lineai br. 19 RIJEKA-STUPARI-MAR\u010cELJI-KLANA<\/a><br><a href=\"http:\/\/www.autotrolej.hr\/Download\/2015\/10\/09\/17_19_20_211.pdf\">Lineai br. 20 RIJEKA-PEHLIN-MARINI\u0106I-MAR\u010cELJI-STUDENA-KLANA-LISAC<br>Lineai br. 21 RIJEKA-PEHLIN-MARINI\u0106I-BRN\u010cI\u0106I-JELU\u0160I\u0106I-KUDEJI<\/a><br><a href=\"http:\/\/www.autotrolej.hr\/Download\/2015\/09\/07\/LIN__11__07.09.2015.1.pdf\">Lineai br. 11 RIJEKA-LOKVA-SAR\u0160ONI-GARI\u0106I-VI\u0160KOVO<\/a><\/p>\n","protected":false},"excerpt":{"rendered":"<p>Vi\u0161kovo \u00e8 facilmente raggiungibile in auto seguendo le indicazioni: Se arrivate dalla vicina Slovenia, il valico di frontiera Rupa, prima dell&#8217;ingresso occidentale di Rijeka , le indicazionii stradali &nbsp;vi dirigono in Kastav e poi in Vi\u0161kovo;Se arrivate via Rijeka (Fiume) scegliete l&#8217;uscita-ovest (Kastav) Vi\u0161kovo;Se arrivate da Opatija, seguite le indicazion ida Matulji per &nbsp;Kastav &nbsp;e [&hellip;]<\/p>\n","protected":false},"author":1,"featured_media":3946,"parent":3940,"menu_order":0,"comment_status":"closed","ping_status":"closed","template":"","meta":[],"acf":[],"yoast_head":"<!-- This site is optimized with the Yoast SEO plugin v17.6 - https:\/\/yoast.com\/wordpress\/plugins\/seo\/ -->\n<meta name=\"robots\" content=\"index, follow, max-snippet:-1, max-image-preview:large, max-video-preview:-1\" \/>\n<link rel=\"canonical\" href=\"https:\/\/demo.tz-viskovo.hr\/it\/info\/come-raggiungerci\/\" \/>\n<meta property=\"og:locale\" content=\"it_IT\" \/>\n<meta property=\"og:type\" content=\"article\" \/>\n<meta property=\"og:title\" content=\"Come raggiungerci - Turisti\u010dka zajednica op\u0107ine Vi\u0161kovo\" \/>\n<meta property=\"og:description\" content=\"Vi\u0161kovo \u00e8 facilmente raggiungibile in auto seguendo le indicazioni: Se arrivate dalla vicina Slovenia, il valico di frontiera Rupa, prima dell&#8217;ingresso occidentale di Rijeka , le indicazionii stradali &nbsp;vi dirigono in Kastav e poi in Vi\u0161kovo;Se arrivate via Rijeka (Fiume) scegliete l&#8217;uscita-ovest (Kastav) Vi\u0161kovo;Se arrivate da Opatija, seguite le indicazion ida Matulji per &nbsp;Kastav &nbsp;e [&hellip;]\" \/>\n<meta property=\"og:url\" content=\"https:\/\/demo.tz-viskovo.hr\/it\/info\/come-raggiungerci\/\" \/>\n<meta property=\"og:site_name\" content=\"Turisti\u010dka zajednica op\u0107ine Vi\u0161kovo\" \/>\n<meta property=\"article:modified_time\" content=\"2019-08-19T20:01:40+00:00\" \/>\n<meta property=\"og:image\" content=\"https:\/\/demo.tz-viskovo.hr\/wp-content\/uploads\/2019\/08\/20131113111706000000-main.jpg\" \/>\n\t<meta property=\"og:image:width\" content=\"839\" \/>\n\t<meta property=\"og:image:height\" content=\"568\" \/>\n<meta name=\"twitter:card\" content=\"summary_large_image\" \/>\n<meta name=\"twitter:label1\" content=\"Tempo di lettura stimato\" \/>\n\t<meta name=\"twitter:data1\" content=\"1 minuto\" \/>\n<script type=\"application\/ld+json\" class=\"yoast-schema-graph\">{\"@context\":\"https:\/\/schema.org\",\"@graph\":[{\"@type\":\"WebSite\",\"@id\":\"https:\/\/demo.tz-viskovo.hr\/it\/#website\",\"url\":\"https:\/\/demo.tz-viskovo.hr\/it\/\",\"name\":\"Turisti\\u010dka zajednica op\\u0107ine Vi\\u0161kovo\",\"description\":\"\",\"potentialAction\":[{\"@type\":\"SearchAction\",\"target\":{\"@type\":\"EntryPoint\",\"urlTemplate\":\"https:\/\/demo.tz-viskovo.hr\/it\/?s={search_term_string}\"},\"query-input\":\"required name=search_term_string\"}],\"inLanguage\":\"it-IT\"},{\"@type\":\"ImageObject\",\"@id\":\"https:\/\/demo.tz-viskovo.hr\/it\/info\/come-raggiungerci\/#primaryimage\",\"inLanguage\":\"it-IT\",\"url\":\"https:\/\/demo.tz-viskovo.hr\/wp-content\/uploads\/2019\/08\/20131113111706000000-main.jpg\",\"contentUrl\":\"https:\/\/demo.tz-viskovo.hr\/wp-content\/uploads\/2019\/08\/20131113111706000000-main.jpg\",\"width\":839,\"height\":568},{\"@type\":\"WebPage\",\"@id\":\"https:\/\/demo.tz-viskovo.hr\/it\/info\/come-raggiungerci\/#webpage\",\"url\":\"https:\/\/demo.tz-viskovo.hr\/it\/info\/come-raggiungerci\/\",\"name\":\"Come raggiungerci - Turisti\\u010dka zajednica op\\u0107ine Vi\\u0161kovo\",\"isPartOf\":{\"@id\":\"https:\/\/demo.tz-viskovo.hr\/it\/#website\"},\"primaryImageOfPage\":{\"@id\":\"https:\/\/demo.tz-viskovo.hr\/it\/info\/come-raggiungerci\/#primaryimage\"},\"datePublished\":\"2019-08-19T20:01:39+00:00\",\"dateModified\":\"2019-08-19T20:01:40+00:00\",\"breadcrumb\":{\"@id\":\"https:\/\/demo.tz-viskovo.hr\/it\/info\/come-raggiungerci\/#breadcrumb\"},\"inLanguage\":\"it-IT\",\"potentialAction\":[{\"@type\":\"ReadAction\",\"target\":[\"https:\/\/demo.tz-viskovo.hr\/it\/info\/come-raggiungerci\/\"]}]},{\"@type\":\"BreadcrumbList\",\"@id\":\"https:\/\/demo.tz-viskovo.hr\/it\/info\/come-raggiungerci\/#breadcrumb\",\"itemListElement\":[{\"@type\":\"ListItem\",\"position\":1,\"name\":\"Home\",\"item\":\"https:\/\/demo.tz-viskovo.hr\/it\/\"},{\"@type\":\"ListItem\",\"position\":2,\"name\":\"Info\",\"item\":\"https:\/\/demo.tz-viskovo.hr\/it\/info\/\"},{\"@type\":\"ListItem\",\"position\":3,\"name\":\"Come raggiungerci\"}]}]}<\/script>\n<!-- \/ Yoast SEO plugin. -->","yoast_head_json":{"robots":{"index":"index","follow":"follow","max-snippet":"max-snippet:-1","max-image-preview":"max-image-preview:large","max-video-preview":"max-video-preview:-1"},"canonical":"https:\/\/demo.tz-viskovo.hr\/it\/info\/come-raggiungerci\/","og_locale":"it_IT","og_type":"article","og_title":"Come raggiungerci - Turisti\u010dka zajednica op\u0107ine Vi\u0161kovo","og_description":"Vi\u0161kovo \u00e8 facilmente raggiungibile in auto seguendo le indicazioni: Se arrivate dalla vicina Slovenia, il valico di frontiera Rupa, prima dell&#8217;ingresso occidentale di Rijeka , le indicazionii stradali &nbsp;vi dirigono in Kastav e poi in Vi\u0161kovo;Se arrivate via Rijeka (Fiume) scegliete l&#8217;uscita-ovest (Kastav) Vi\u0161kovo;Se arrivate da Opatija, seguite le indicazion ida Matulji per &nbsp;Kastav &nbsp;e [&hellip;]","og_url":"https:\/\/demo.tz-viskovo.hr\/it\/info\/come-raggiungerci\/","og_site_name":"Turisti\u010dka zajednica op\u0107ine Vi\u0161kovo","article_modified_time":"2019-08-19T20:01:40+00:00","og_image":[{"width":839,"height":568,"url":"https:\/\/demo.tz-viskovo.hr\/wp-content\/uploads\/2019\/08\/20131113111706000000-main.jpg","type":"image\/jpeg"}],"twitter_card":"summary_large_image","twitter_misc":{"Tempo di lettura stimato":"1 minuto"},"schema":{"@context":"https:\/\/schema.org","@graph":[{"@type":"WebSite","@id":"https:\/\/demo.tz-viskovo.hr\/it\/#website","url":"https:\/\/demo.tz-viskovo.hr\/it\/","name":"Turisti\u010dka zajednica op\u0107ine Vi\u0161kovo","description":"","potentialAction":[{"@type":"SearchAction","target":{"@type":"EntryPoint","urlTemplate":"https:\/\/demo.tz-viskovo.hr\/it\/?s={search_term_string}"},"query-input":"required name=search_term_string"}],"inLanguage":"it-IT"},{"@type":"ImageObject","@id":"https:\/\/demo.tz-viskovo.hr\/it\/info\/come-raggiungerci\/#primaryimage","inLanguage":"it-IT","url":"https:\/\/demo.tz-viskovo.hr\/wp-content\/uploads\/2019\/08\/20131113111706000000-main.jpg","contentUrl":"https:\/\/demo.tz-viskovo.hr\/wp-content\/uploads\/2019\/08\/20131113111706000000-main.jpg","width":839,"height":568},{"@type":"WebPage","@id":"https:\/\/demo.tz-viskovo.hr\/it\/info\/come-raggiungerci\/#webpage","url":"https:\/\/demo.tz-viskovo.hr\/it\/info\/come-raggiungerci\/","name":"Come raggiungerci - Turisti\u010dka zajednica op\u0107ine Vi\u0161kovo","isPartOf":{"@id":"https:\/\/demo.tz-viskovo.hr\/it\/#website"},"primaryImageOfPage":{"@id":"https:\/\/demo.tz-viskovo.hr\/it\/info\/come-raggiungerci\/#primaryimage"},"datePublished":"2019-08-19T20:01:39+00:00","dateModified":"2019-08-19T20:01:40+00:00","breadcrumb":{"@id":"https:\/\/demo.tz-viskovo.hr\/it\/info\/come-raggiungerci\/#breadcrumb"},"inLanguage":"it-IT","potentialAction":[{"@type":"ReadAction","target":["https:\/\/demo.tz-viskovo.hr\/it\/info\/come-raggiungerci\/"]}]},{"@type":"BreadcrumbList","@id":"https:\/\/demo.tz-viskovo.hr\/it\/info\/come-raggiungerci\/#breadcrumb","itemListElement":[{"@type":"ListItem","position":1,"name":"Home","item":"https:\/\/demo.tz-viskovo.hr\/it\/"},{"@type":"ListItem","position":2,"name":"Info","item":"https:\/\/demo.tz-viskovo.hr\/it\/info\/"},{"@type":"ListItem","position":3,"name":"Come raggiungerci"}]}]}},"_links":{"self":[{"href":"https:\/\/demo.tz-viskovo.hr\/it\/wp-json\/wp\/v2\/pages\/3944"}],"collection":[{"href":"https:\/\/demo.tz-viskovo.hr\/it\/wp-json\/wp\/v2\/pages"}],"about":[{"href":"https:\/\/demo.tz-viskovo.hr\/it\/wp-json\/wp\/v2\/types\/page"}],"author":[{"embeddable":true,"href":"https:\/\/demo.tz-viskovo.hr\/it\/wp-json\/wp\/v2\/users\/1"}],"replies":[{"embeddable":true,"href":"https:\/\/demo.tz-viskovo.hr\/it\/wp-json\/wp\/v2\/comments?post=3944"}],"version-history":[{"count":1,"href":"https:\/\/demo.tz-viskovo.hr\/it\/wp-json\/wp\/v2\/pages\/3944\/revisions"}],"predecessor-version":[{"id":3945,"href":"https:\/\/demo.tz-viskovo.hr\/it\/wp-json\/wp\/v2\/pages\/3944\/revisions\/3945"}],"up":[{"embeddable":true,"href":"https:\/\/demo.tz-viskovo.hr\/it\/wp-json\/wp\/v2\/pages\/3940"}],"wp:featuredmedia":[{"embeddable":true,"href":"https:\/\/demo.tz-viskovo.hr\/it\/wp-json\/wp\/v2\/media\/3946"}],"wp:attachment":[{"href":"https:\/\/demo.tz-viskovo.hr\/it\/wp-json\/wp\/v2\/media?parent=3944"}],"curies":[{"name":"wp","href":"https:\/\/api.w.org\/{rel}","templated":true}]}}