{"id":3956,"date":"2019-08-19T20:05:09","date_gmt":"2019-08-19T20:05:09","guid":{"rendered":"https:\/\/demo.tz-viskovo.hr\/?page_id=3956"},"modified":"2020-01-27T13:22:07","modified_gmt":"2020-01-27T13:22:07","slug":"informazioni-generali","status":"publish","type":"page","link":"https:\/\/demo.tz-viskovo.hr\/it\/info\/tips-info\/informazioni-generali\/","title":{"rendered":"Informazioni generali"},"content":{"rendered":"\n<h2>Frontiera<\/h2>\n\n\n\n<p>Come un documento di viaggio per l&#8217;entrata in Croazia \u00e8 riconosciuto passaporto o &nbsp;altro documento d&#8217;identificazione riconosciuto da un trattato internazionale. La legge doganale della Repubblica di Croazia e` armonizzato con le norme degli stati membri dell&#8217;UE.<\/p>\n\n\n\n<p>La valuta estera puo` essere importata ed esportata liberamente dal paese nel ammontare equivalente a 15.000 kune. Attrezzatura professionale e tecnica di grande valore deve essere dichiarata alla frontiera.<\/p>\n\n\n\n<p>Cani e gatti devono avere un certificato internazionale rilasciato da un veterinario confermando che \u00e8 passato il periodo tra 15 giorni e sei mesi dopo l\u2019ultima vaccinazione contro la rabbiai prima dell&#8217;entrata in Croazia.<\/p>\n\n\n\n<h2>Giorni festivi statali 2020<\/h2>\n\n\n\n<p>GENNAIO<br>01.01. Capodanno&nbsp;<br>06.01. Epifania&nbsp;<\/p>\n\n\n\n<p>APRILE\u00a0<br>12.04. Pasqua\u00a0<br>13.04. Pasquetta<br>15.04. Giornata di Comune di Vi\u0161kovo\u00a0<\/p>\n\n\n\n<p>MAGGIO\u00a0<br>01.05. Festa del lavoro<br> 30.05. Festa della Repubblica\u00a0 <\/p>\n\n\n\n<p>GIUGNO\u00a0<br>11.06. Corpus Domini\u00a0<br>22.6. Giornata della lotta antifascista\u00a0<br><\/p>\n\n\n\n<p>AGOSTO<br>05.08. Giornata della vittoria e del ringraziamento&nbsp;<br>15.08. Assunta (ferragosto)<\/p>\n\n\n\n<p>NOVEMBRE<br>01.11. Tutti i Santi\u00a0<br>18.11.  Giornata di indipendenza\u00a0 <\/p>\n\n\n\n<p>DICEMBRE&nbsp;<br>25.12. Natale&nbsp;<br>26.12. Santo Stefano<\/p>\n","protected":false},"excerpt":{"rendered":"<p>Frontiera Come un documento di viaggio per l&#8217;entrata in Croazia \u00e8 riconosciuto passaporto o &nbsp;altro documento d&#8217;identificazione riconosciuto da un trattato internazionale. La legge doganale della Repubblica di Croazia e` armonizzato con le norme degli stati membri dell&#8217;UE. La valuta estera puo` essere importata ed esportata liberamente dal paese nel ammontare equivalente a 15.000 kune. [&hellip;]<\/p>\n","protected":false},"author":1,"featured_media":3958,"parent":3950,"menu_order":0,"comment_status":"closed","ping_status":"closed","template":"","meta":[],"acf":[],"yoast_head":"<!-- This site is optimized with the Yoast SEO plugin v17.6 - https:\/\/yoast.com\/wordpress\/plugins\/seo\/ -->\n<meta name=\"robots\" content=\"index, follow, max-snippet:-1, max-image-preview:large, max-video-preview:-1\" \/>\n<link rel=\"canonical\" href=\"https:\/\/demo.tz-viskovo.hr\/it\/info\/tips-info\/informazioni-generali\/\" \/>\n<meta property=\"og:locale\" content=\"it_IT\" \/>\n<meta property=\"og:type\" content=\"article\" \/>\n<meta property=\"og:title\" content=\"Informazioni generali - Turisti\u010dka zajednica op\u0107ine Vi\u0161kovo\" \/>\n<meta property=\"og:description\" content=\"Frontiera Come un documento di viaggio per l&#8217;entrata in Croazia \u00e8 riconosciuto passaporto o &nbsp;altro documento d&#8217;identificazione riconosciuto da un trattato internazionale. La legge doganale della Repubblica di Croazia e` armonizzato con le norme degli stati membri dell&#8217;UE. La valuta estera puo` essere importata ed esportata liberamente dal paese nel ammontare equivalente a 15.000 kune. [&hellip;]\" \/>\n<meta property=\"og:url\" content=\"https:\/\/demo.tz-viskovo.hr\/it\/info\/tips-info\/informazioni-generali\/\" \/>\n<meta property=\"og:site_name\" content=\"Turisti\u010dka zajednica op\u0107ine Vi\u0161kovo\" \/>\n<meta property=\"article:modified_time\" content=\"2020-01-27T13:22:07+00:00\" \/>\n<meta property=\"og:image\" content=\"https:\/\/demo.tz-viskovo.hr\/wp-content\/uploads\/2019\/05\/tips.jpg\" \/>\n\t<meta property=\"og:image:width\" content=\"1280\" \/>\n\t<meta property=\"og:image:height\" content=\"648\" \/>\n<meta name=\"twitter:card\" content=\"summary_large_image\" \/>\n<meta name=\"twitter:label1\" content=\"Tempo di lettura stimato\" \/>\n\t<meta name=\"twitter:data1\" content=\"1 minuto\" \/>\n<script type=\"application\/ld+json\" class=\"yoast-schema-graph\">{\"@context\":\"https:\/\/schema.org\",\"@graph\":[{\"@type\":\"WebSite\",\"@id\":\"https:\/\/demo.tz-viskovo.hr\/it\/#website\",\"url\":\"https:\/\/demo.tz-viskovo.hr\/it\/\",\"name\":\"Turisti\\u010dka zajednica op\\u0107ine Vi\\u0161kovo\",\"description\":\"\",\"potentialAction\":[{\"@type\":\"SearchAction\",\"target\":{\"@type\":\"EntryPoint\",\"urlTemplate\":\"https:\/\/demo.tz-viskovo.hr\/it\/?s={search_term_string}\"},\"query-input\":\"required name=search_term_string\"}],\"inLanguage\":\"it-IT\"},{\"@type\":\"ImageObject\",\"@id\":\"https:\/\/demo.tz-viskovo.hr\/it\/info\/tips-info\/informazioni-generali\/#primaryimage\",\"inLanguage\":\"it-IT\",\"url\":\"https:\/\/demo.tz-viskovo.hr\/wp-content\/uploads\/2019\/05\/tips.jpg\",\"contentUrl\":\"https:\/\/demo.tz-viskovo.hr\/wp-content\/uploads\/2019\/05\/tips.jpg\",\"width\":1280,\"height\":648},{\"@type\":\"WebPage\",\"@id\":\"https:\/\/demo.tz-viskovo.hr\/it\/info\/tips-info\/informazioni-generali\/#webpage\",\"url\":\"https:\/\/demo.tz-viskovo.hr\/it\/info\/tips-info\/informazioni-generali\/\",\"name\":\"Informazioni generali - Turisti\\u010dka zajednica op\\u0107ine Vi\\u0161kovo\",\"isPartOf\":{\"@id\":\"https:\/\/demo.tz-viskovo.hr\/it\/#website\"},\"primaryImageOfPage\":{\"@id\":\"https:\/\/demo.tz-viskovo.hr\/it\/info\/tips-info\/informazioni-generali\/#primaryimage\"},\"datePublished\":\"2019-08-19T20:05:09+00:00\",\"dateModified\":\"2020-01-27T13:22:07+00:00\",\"breadcrumb\":{\"@id\":\"https:\/\/demo.tz-viskovo.hr\/it\/info\/tips-info\/informazioni-generali\/#breadcrumb\"},\"inLanguage\":\"it-IT\",\"potentialAction\":[{\"@type\":\"ReadAction\",\"target\":[\"https:\/\/demo.tz-viskovo.hr\/it\/info\/tips-info\/informazioni-generali\/\"]}]},{\"@type\":\"BreadcrumbList\",\"@id\":\"https:\/\/demo.tz-viskovo.hr\/it\/info\/tips-info\/informazioni-generali\/#breadcrumb\",\"itemListElement\":[{\"@type\":\"ListItem\",\"position\":1,\"name\":\"Home\",\"item\":\"https:\/\/demo.tz-viskovo.hr\/it\/\"},{\"@type\":\"ListItem\",\"position\":2,\"name\":\"Info\",\"item\":\"https:\/\/demo.tz-viskovo.hr\/it\/info\/\"},{\"@type\":\"ListItem\",\"position\":3,\"name\":\"Tips &#038; info\",\"item\":\"https:\/\/demo.tz-viskovo.hr\/it\/info\/tips-info\/\"},{\"@type\":\"ListItem\",\"position\":4,\"name\":\"Informazioni generali\"}]}]}<\/script>\n<!-- \/ Yoast SEO plugin. -->","yoast_head_json":{"robots":{"index":"index","follow":"follow","max-snippet":"max-snippet:-1","max-image-preview":"max-image-preview:large","max-video-preview":"max-video-preview:-1"},"canonical":"https:\/\/demo.tz-viskovo.hr\/it\/info\/tips-info\/informazioni-generali\/","og_locale":"it_IT","og_type":"article","og_title":"Informazioni generali - Turisti\u010dka zajednica op\u0107ine Vi\u0161kovo","og_description":"Frontiera Come un documento di viaggio per l&#8217;entrata in Croazia \u00e8 riconosciuto passaporto o &nbsp;altro documento d&#8217;identificazione riconosciuto da un trattato internazionale. La legge doganale della Repubblica di Croazia e` armonizzato con le norme degli stati membri dell&#8217;UE. La valuta estera puo` essere importata ed esportata liberamente dal paese nel ammontare equivalente a 15.000 kune. [&hellip;]","og_url":"https:\/\/demo.tz-viskovo.hr\/it\/info\/tips-info\/informazioni-generali\/","og_site_name":"Turisti\u010dka zajednica op\u0107ine Vi\u0161kovo","article_modified_time":"2020-01-27T13:22:07+00:00","og_image":[{"width":1280,"height":648,"url":"https:\/\/demo.tz-viskovo.hr\/wp-content\/uploads\/2019\/05\/tips.jpg","type":"image\/jpeg"}],"twitter_card":"summary_large_image","twitter_misc":{"Tempo di lettura stimato":"1 minuto"},"schema":{"@context":"https:\/\/schema.org","@graph":[{"@type":"WebSite","@id":"https:\/\/demo.tz-viskovo.hr\/it\/#website","url":"https:\/\/demo.tz-viskovo.hr\/it\/","name":"Turisti\u010dka zajednica op\u0107ine Vi\u0161kovo","description":"","potentialAction":[{"@type":"SearchAction","target":{"@type":"EntryPoint","urlTemplate":"https:\/\/demo.tz-viskovo.hr\/it\/?s={search_term_string}"},"query-input":"required name=search_term_string"}],"inLanguage":"it-IT"},{"@type":"ImageObject","@id":"https:\/\/demo.tz-viskovo.hr\/it\/info\/tips-info\/informazioni-generali\/#primaryimage","inLanguage":"it-IT","url":"https:\/\/demo.tz-viskovo.hr\/wp-content\/uploads\/2019\/05\/tips.jpg","contentUrl":"https:\/\/demo.tz-viskovo.hr\/wp-content\/uploads\/2019\/05\/tips.jpg","width":1280,"height":648},{"@type":"WebPage","@id":"https:\/\/demo.tz-viskovo.hr\/it\/info\/tips-info\/informazioni-generali\/#webpage","url":"https:\/\/demo.tz-viskovo.hr\/it\/info\/tips-info\/informazioni-generali\/","name":"Informazioni generali - Turisti\u010dka zajednica op\u0107ine Vi\u0161kovo","isPartOf":{"@id":"https:\/\/demo.tz-viskovo.hr\/it\/#website"},"primaryImageOfPage":{"@id":"https:\/\/demo.tz-viskovo.hr\/it\/info\/tips-info\/informazioni-generali\/#primaryimage"},"datePublished":"2019-08-19T20:05:09+00:00","dateModified":"2020-01-27T13:22:07+00:00","breadcrumb":{"@id":"https:\/\/demo.tz-viskovo.hr\/it\/info\/tips-info\/informazioni-generali\/#breadcrumb"},"inLanguage":"it-IT","potentialAction":[{"@type":"ReadAction","target":["https:\/\/demo.tz-viskovo.hr\/it\/info\/tips-info\/informazioni-generali\/"]}]},{"@type":"BreadcrumbList","@id":"https:\/\/demo.tz-viskovo.hr\/it\/info\/tips-info\/informazioni-generali\/#breadcrumb","itemListElement":[{"@type":"ListItem","position":1,"name":"Home","item":"https:\/\/demo.tz-viskovo.hr\/it\/"},{"@type":"ListItem","position":2,"name":"Info","item":"https:\/\/demo.tz-viskovo.hr\/it\/info\/"},{"@type":"ListItem","position":3,"name":"Tips &#038; info","item":"https:\/\/demo.tz-viskovo.hr\/it\/info\/tips-info\/"},{"@type":"ListItem","position":4,"name":"Informazioni generali"}]}]}},"_links":{"self":[{"href":"https:\/\/demo.tz-viskovo.hr\/it\/wp-json\/wp\/v2\/pages\/3956"}],"collection":[{"href":"https:\/\/demo.tz-viskovo.hr\/it\/wp-json\/wp\/v2\/pages"}],"about":[{"href":"https:\/\/demo.tz-viskovo.hr\/it\/wp-json\/wp\/v2\/types\/page"}],"author":[{"embeddable":true,"href":"https:\/\/demo.tz-viskovo.hr\/it\/wp-json\/wp\/v2\/users\/1"}],"replies":[{"embeddable":true,"href":"https:\/\/demo.tz-viskovo.hr\/it\/wp-json\/wp\/v2\/comments?post=3956"}],"version-history":[{"count":2,"href":"https:\/\/demo.tz-viskovo.hr\/it\/wp-json\/wp\/v2\/pages\/3956\/revisions"}],"predecessor-version":[{"id":12001,"href":"https:\/\/demo.tz-viskovo.hr\/it\/wp-json\/wp\/v2\/pages\/3956\/revisions\/12001"}],"up":[{"embeddable":true,"href":"https:\/\/demo.tz-viskovo.hr\/it\/wp-json\/wp\/v2\/pages\/3950"}],"wp:featuredmedia":[{"embeddable":true,"href":"https:\/\/demo.tz-viskovo.hr\/it\/wp-json\/wp\/v2\/media\/3958"}],"wp:attachment":[{"href":"https:\/\/demo.tz-viskovo.hr\/it\/wp-json\/wp\/v2\/media?parent=3956"}],"curies":[{"name":"wp","href":"https:\/\/api.w.org\/{rel}","templated":true}]}}