{"id":3962,"date":"2019-08-19T20:06:58","date_gmt":"2019-08-19T20:06:58","guid":{"rendered":"https:\/\/demo.tz-viskovo.hr\/?page_id=3962"},"modified":"2020-07-07T12:46:54","modified_gmt":"2020-07-07T12:46:54","slug":"moneta-e-atm","status":"publish","type":"page","link":"https:\/\/demo.tz-viskovo.hr\/it\/info\/tips-info\/moneta-e-atm\/","title":{"rendered":"Moneta e ATM"},"content":{"rendered":"\n<p>La moneta croata \u00e8 la Kuna, 1 Kuna (KN) = 100 Lipa (lp).<\/p>\n\n\n\n<p>Le banconote sono in tagli da 1000, 500, 200, 100, 50, 20 e 10 kn.&nbsp;<br>Le monete sono in tagli da 5, 2 e 1 kuna e di 50, 20, 10, 5, 2 e 1 lipa.<\/p>\n\n\n\n<p>Le valute estere possono essere cambiate nelle banche, uffici di cambio, uffici postali, agenzie di viaggio, alberghi e campeggi.&nbsp;<br>I corsii di cambio sono pubblicati nei giornali e tutti i luoghi dove si cambia la valuta.&nbsp;<br>I corsi di cambio possono essere controllati on-line sul sito della Banca nazionale croata.<\/p>\n\n\n\n<p>Gli assegni possono essere riscossi nelle banche.<br>In Vi\u0161kovo operano 7 banche, ufficio postale e 2 cambi valute.<\/p>\n\n\n\n<p>La maggior parte dei negozi, ristoranti e agenzie accettono tutte le principali carte di credito (Eurocard \/ Mastercard, American Express, Diners, Visa). Punti vendita dove accettano una carta di credito hanno un&#8217;etichetta con il logo della carta.<\/p>\n\n\n\n<p>In Vi\u0161kovo ci sono 10 ATM delle banche seguenti:<\/p>\n\n\n\n<p><strong>ERSTE BANKA<\/strong><br>Vi\u0161kovo 122c<br>Gornji Sroki 57A<br>Marini\u0107i b.b., market Plodine<br>Marini\u0107i 18<\/p>\n\n\n\n<p><strong>OTP BANKA<\/strong><br>Vi\u0161kovo 122<\/p>\n\n\n\n<p><strong>PRIVREDNA BANKA<\/strong><br>Marini\u0107i 11<br>Vi\u0161kovo 30<\/p>\n\n\n\n<p><strong>ZAGREBA\u010cKA BANKA<\/strong><br>Vozi\u0161\u0107e 24<\/p>\n\n\n\n<p><strong>RAIFFEISEN BANKA<\/strong><br>Vozi\u0161\u0107e 3<\/p>\n\n\n\n<p><strong>ADDIKO BANKA<\/strong><br>Vozi\u0161\u0107e 5<br><\/p>\n","protected":false},"excerpt":{"rendered":"<p>La moneta croata \u00e8 la Kuna, 1 Kuna (KN) = 100 Lipa (lp). Le banconote sono in tagli da 1000, 500, 200, 100, 50, 20 e 10 kn.&nbsp;Le monete sono in tagli da 5, 2 e 1 kuna e di 50, 20, 10, 5, 2 e 1 lipa. Le valute estere possono essere cambiate nelle [&hellip;]<\/p>\n","protected":false},"author":1,"featured_media":14775,"parent":3950,"menu_order":0,"comment_status":"closed","ping_status":"closed","template":"","meta":[],"acf":[],"yoast_head":"<!-- This site is optimized with the Yoast SEO plugin v17.6 - https:\/\/yoast.com\/wordpress\/plugins\/seo\/ -->\n<meta name=\"robots\" content=\"index, follow, max-snippet:-1, max-image-preview:large, max-video-preview:-1\" \/>\n<link rel=\"canonical\" href=\"https:\/\/demo.tz-viskovo.hr\/it\/info\/tips-info\/moneta-e-atm\/\" \/>\n<meta property=\"og:locale\" content=\"it_IT\" \/>\n<meta property=\"og:type\" content=\"article\" \/>\n<meta property=\"og:title\" content=\"Moneta e ATM - Turisti\u010dka zajednica op\u0107ine Vi\u0161kovo\" \/>\n<meta property=\"og:description\" content=\"La moneta croata \u00e8 la Kuna, 1 Kuna (KN) = 100 Lipa (lp). Le banconote sono in tagli da 1000, 500, 200, 100, 50, 20 e 10 kn.&nbsp;Le monete sono in tagli da 5, 2 e 1 kuna e di 50, 20, 10, 5, 2 e 1 lipa. Le valute estere possono essere cambiate nelle [&hellip;]\" \/>\n<meta property=\"og:url\" content=\"https:\/\/demo.tz-viskovo.hr\/it\/info\/tips-info\/moneta-e-atm\/\" \/>\n<meta property=\"og:site_name\" content=\"Turisti\u010dka zajednica op\u0107ine Vi\u0161kovo\" \/>\n<meta property=\"article:modified_time\" content=\"2020-07-07T12:46:54+00:00\" \/>\n<meta property=\"og:image\" content=\"https:\/\/demo.tz-viskovo.hr\/wp-content\/uploads\/2020\/07\/preuzmi.jpg\" \/>\n\t<meta property=\"og:image:width\" content=\"273\" \/>\n\t<meta property=\"og:image:height\" content=\"185\" \/>\n<meta name=\"twitter:card\" content=\"summary_large_image\" \/>\n<meta name=\"twitter:label1\" content=\"Tempo di lettura stimato\" \/>\n\t<meta name=\"twitter:data1\" content=\"1 minuto\" \/>\n<script type=\"application\/ld+json\" class=\"yoast-schema-graph\">{\"@context\":\"https:\/\/schema.org\",\"@graph\":[{\"@type\":\"WebSite\",\"@id\":\"https:\/\/demo.tz-viskovo.hr\/it\/#website\",\"url\":\"https:\/\/demo.tz-viskovo.hr\/it\/\",\"name\":\"Turisti\\u010dka zajednica op\\u0107ine Vi\\u0161kovo\",\"description\":\"\",\"potentialAction\":[{\"@type\":\"SearchAction\",\"target\":{\"@type\":\"EntryPoint\",\"urlTemplate\":\"https:\/\/demo.tz-viskovo.hr\/it\/?s={search_term_string}\"},\"query-input\":\"required name=search_term_string\"}],\"inLanguage\":\"it-IT\"},{\"@type\":\"ImageObject\",\"@id\":\"https:\/\/demo.tz-viskovo.hr\/it\/info\/tips-info\/moneta-e-atm\/#primaryimage\",\"inLanguage\":\"it-IT\",\"url\":\"https:\/\/demo.tz-viskovo.hr\/wp-content\/uploads\/2020\/07\/preuzmi.jpg\",\"contentUrl\":\"https:\/\/demo.tz-viskovo.hr\/wp-content\/uploads\/2020\/07\/preuzmi.jpg\",\"width\":273,\"height\":185},{\"@type\":\"WebPage\",\"@id\":\"https:\/\/demo.tz-viskovo.hr\/it\/info\/tips-info\/moneta-e-atm\/#webpage\",\"url\":\"https:\/\/demo.tz-viskovo.hr\/it\/info\/tips-info\/moneta-e-atm\/\",\"name\":\"Moneta e ATM - Turisti\\u010dka zajednica op\\u0107ine Vi\\u0161kovo\",\"isPartOf\":{\"@id\":\"https:\/\/demo.tz-viskovo.hr\/it\/#website\"},\"primaryImageOfPage\":{\"@id\":\"https:\/\/demo.tz-viskovo.hr\/it\/info\/tips-info\/moneta-e-atm\/#primaryimage\"},\"datePublished\":\"2019-08-19T20:06:58+00:00\",\"dateModified\":\"2020-07-07T12:46:54+00:00\",\"breadcrumb\":{\"@id\":\"https:\/\/demo.tz-viskovo.hr\/it\/info\/tips-info\/moneta-e-atm\/#breadcrumb\"},\"inLanguage\":\"it-IT\",\"potentialAction\":[{\"@type\":\"ReadAction\",\"target\":[\"https:\/\/demo.tz-viskovo.hr\/it\/info\/tips-info\/moneta-e-atm\/\"]}]},{\"@type\":\"BreadcrumbList\",\"@id\":\"https:\/\/demo.tz-viskovo.hr\/it\/info\/tips-info\/moneta-e-atm\/#breadcrumb\",\"itemListElement\":[{\"@type\":\"ListItem\",\"position\":1,\"name\":\"Home\",\"item\":\"https:\/\/demo.tz-viskovo.hr\/it\/\"},{\"@type\":\"ListItem\",\"position\":2,\"name\":\"Info\",\"item\":\"https:\/\/demo.tz-viskovo.hr\/it\/info\/\"},{\"@type\":\"ListItem\",\"position\":3,\"name\":\"Tips &#038; info\",\"item\":\"https:\/\/demo.tz-viskovo.hr\/it\/info\/tips-info\/\"},{\"@type\":\"ListItem\",\"position\":4,\"name\":\"Moneta e ATM\"}]}]}<\/script>\n<!-- \/ Yoast SEO plugin. -->","yoast_head_json":{"robots":{"index":"index","follow":"follow","max-snippet":"max-snippet:-1","max-image-preview":"max-image-preview:large","max-video-preview":"max-video-preview:-1"},"canonical":"https:\/\/demo.tz-viskovo.hr\/it\/info\/tips-info\/moneta-e-atm\/","og_locale":"it_IT","og_type":"article","og_title":"Moneta e ATM - Turisti\u010dka zajednica op\u0107ine Vi\u0161kovo","og_description":"La moneta croata \u00e8 la Kuna, 1 Kuna (KN) = 100 Lipa (lp). Le banconote sono in tagli da 1000, 500, 200, 100, 50, 20 e 10 kn.&nbsp;Le monete sono in tagli da 5, 2 e 1 kuna e di 50, 20, 10, 5, 2 e 1 lipa. Le valute estere possono essere cambiate nelle [&hellip;]","og_url":"https:\/\/demo.tz-viskovo.hr\/it\/info\/tips-info\/moneta-e-atm\/","og_site_name":"Turisti\u010dka zajednica op\u0107ine Vi\u0161kovo","article_modified_time":"2020-07-07T12:46:54+00:00","og_image":[{"width":273,"height":185,"url":"https:\/\/demo.tz-viskovo.hr\/wp-content\/uploads\/2020\/07\/preuzmi.jpg","type":"image\/jpeg"}],"twitter_card":"summary_large_image","twitter_misc":{"Tempo di lettura stimato":"1 minuto"},"schema":{"@context":"https:\/\/schema.org","@graph":[{"@type":"WebSite","@id":"https:\/\/demo.tz-viskovo.hr\/it\/#website","url":"https:\/\/demo.tz-viskovo.hr\/it\/","name":"Turisti\u010dka zajednica op\u0107ine Vi\u0161kovo","description":"","potentialAction":[{"@type":"SearchAction","target":{"@type":"EntryPoint","urlTemplate":"https:\/\/demo.tz-viskovo.hr\/it\/?s={search_term_string}"},"query-input":"required name=search_term_string"}],"inLanguage":"it-IT"},{"@type":"ImageObject","@id":"https:\/\/demo.tz-viskovo.hr\/it\/info\/tips-info\/moneta-e-atm\/#primaryimage","inLanguage":"it-IT","url":"https:\/\/demo.tz-viskovo.hr\/wp-content\/uploads\/2020\/07\/preuzmi.jpg","contentUrl":"https:\/\/demo.tz-viskovo.hr\/wp-content\/uploads\/2020\/07\/preuzmi.jpg","width":273,"height":185},{"@type":"WebPage","@id":"https:\/\/demo.tz-viskovo.hr\/it\/info\/tips-info\/moneta-e-atm\/#webpage","url":"https:\/\/demo.tz-viskovo.hr\/it\/info\/tips-info\/moneta-e-atm\/","name":"Moneta e ATM - Turisti\u010dka zajednica op\u0107ine Vi\u0161kovo","isPartOf":{"@id":"https:\/\/demo.tz-viskovo.hr\/it\/#website"},"primaryImageOfPage":{"@id":"https:\/\/demo.tz-viskovo.hr\/it\/info\/tips-info\/moneta-e-atm\/#primaryimage"},"datePublished":"2019-08-19T20:06:58+00:00","dateModified":"2020-07-07T12:46:54+00:00","breadcrumb":{"@id":"https:\/\/demo.tz-viskovo.hr\/it\/info\/tips-info\/moneta-e-atm\/#breadcrumb"},"inLanguage":"it-IT","potentialAction":[{"@type":"ReadAction","target":["https:\/\/demo.tz-viskovo.hr\/it\/info\/tips-info\/moneta-e-atm\/"]}]},{"@type":"BreadcrumbList","@id":"https:\/\/demo.tz-viskovo.hr\/it\/info\/tips-info\/moneta-e-atm\/#breadcrumb","itemListElement":[{"@type":"ListItem","position":1,"name":"Home","item":"https:\/\/demo.tz-viskovo.hr\/it\/"},{"@type":"ListItem","position":2,"name":"Info","item":"https:\/\/demo.tz-viskovo.hr\/it\/info\/"},{"@type":"ListItem","position":3,"name":"Tips &#038; info","item":"https:\/\/demo.tz-viskovo.hr\/it\/info\/tips-info\/"},{"@type":"ListItem","position":4,"name":"Moneta e ATM"}]}]}},"_links":{"self":[{"href":"https:\/\/demo.tz-viskovo.hr\/it\/wp-json\/wp\/v2\/pages\/3962"}],"collection":[{"href":"https:\/\/demo.tz-viskovo.hr\/it\/wp-json\/wp\/v2\/pages"}],"about":[{"href":"https:\/\/demo.tz-viskovo.hr\/it\/wp-json\/wp\/v2\/types\/page"}],"author":[{"embeddable":true,"href":"https:\/\/demo.tz-viskovo.hr\/it\/wp-json\/wp\/v2\/users\/1"}],"replies":[{"embeddable":true,"href":"https:\/\/demo.tz-viskovo.hr\/it\/wp-json\/wp\/v2\/comments?post=3962"}],"version-history":[{"count":3,"href":"https:\/\/demo.tz-viskovo.hr\/it\/wp-json\/wp\/v2\/pages\/3962\/revisions"}],"predecessor-version":[{"id":14811,"href":"https:\/\/demo.tz-viskovo.hr\/it\/wp-json\/wp\/v2\/pages\/3962\/revisions\/14811"}],"up":[{"embeddable":true,"href":"https:\/\/demo.tz-viskovo.hr\/it\/wp-json\/wp\/v2\/pages\/3950"}],"wp:featuredmedia":[{"embeddable":true,"href":"https:\/\/demo.tz-viskovo.hr\/it\/wp-json\/wp\/v2\/media\/14775"}],"wp:attachment":[{"href":"https:\/\/demo.tz-viskovo.hr\/it\/wp-json\/wp\/v2\/media?parent=3962"}],"curies":[{"name":"wp","href":"https:\/\/api.w.org\/{rel}","templated":true}]}}