{"id":3969,"date":"2019-08-19T20:09:19","date_gmt":"2019-08-19T20:09:19","guid":{"rendered":"https:\/\/demo.tz-viskovo.hr\/?page_id=3969"},"modified":"2020-07-07T12:56:56","modified_gmt":"2020-07-07T12:56:56","slug":"info-traffico","status":"publish","type":"page","link":"https:\/\/demo.tz-viskovo.hr\/it\/info\/tips-info\/info-traffico\/","title":{"rendered":"Info traffico"},"content":{"rendered":"\n<h2>Informazioni generali<\/h2>\n\n\n\n<p>In Croazia si guida sul lato destro della strada.<br>I veicoli devono avere durante l\u2019inverno per tutta la giornata la luce breve accesa.<br>I motocicli devono avere la luce breve accesa per tutta la giornata &nbsp;tutto l&#8217;anno. L&#8217;ora legale inizia alla fine di marzo e finisce alla fine di ottobre.<br>Utilizzo di telefoni cellulari durante la guida non \u00e8 permesso.<br>Uso obbligatorio delle cinture di sicurezza.<br>Importo massimo di alcool nel sangue \u00e8 di 0,5 per mille.<\/p>\n\n\n\n<h2>Documenti<\/h2>\n\n\n\n<p>Za ulazak automobilom u Hrvatsku i vo\u017enju potrebni su prometna i voza\u010dka dozvola te dokaz o osiguranju vozila u slu\u010daju nezgode.<\/p>\n\n\n\n<h2>Informazioni e aiuto sulla strada<\/h2>\n\n\n\n<p>Automobile Club croato (HAK)<\/p>\n\n\n\n<p><a href=\"http:\/\/www.hak.hr\/\" target=\"_blank\" rel=\"noreferrer noopener\">www.hak.hr<\/a><br>Centro di informazione: +385 1 4640 800<br>Assistenza stradale: 987<\/p>\n\n\n\n<h2>Stazioni di servizio<\/h2>\n\n\n\n<p>Stazioni vendono pi\u00f9 tipi di combustibile: Super 98, Super plus 98, Super 95, Eurosuper 95, Super 95, Euro Diesel, Diesel e bombole di gas. Nelle pagine seguenti troverete informazioni &nbsp;su distributori di benzina, prezzi dei carburanti, pagamento, ecc<\/p>\n\n\n\n<p><a href=\"http:\/\/www.ina.hr\/\" target=\"_blank\" rel=\"noreferrer noopener\">www.ina.hr<\/a><br><a href=\"http:\/\/www.hak.hr\/\" target=\"_blank\" rel=\"noreferrer noopener\">www.hak.hr<\/a><\/p>\n\n\n\n<h2>Distributori di benzina in Vi\u0161kovo<\/h2>\n\n\n\n<p>FILTOM d.o.o.<br>Furi\u0107evo BB , Vi\u0161kovo\u00a0<br>+385 51 257-613<\/p>\n\n\n\n<table class=\"wp-block-table\"><tbody><tr><td>PETROL d.o.o<\/td><\/tr><tr><td>Adresa<\/td><td>Vozi\u0161\u0107e 32, 51216 Vi\u0161kovo<\/td><\/tr><tr><td>Telefon<\/td><td>+385 51 288 914<\/td><\/tr><tr><td>Web<\/td><td><a href=\"https:\/\/www.petrol.si\/\">https:\/\/www.petrol.si\/<\/a><\/td><\/tr><\/tbody><\/table>\n\n\n\n<h2>Noleggio auto<\/h2>\n\n\n\n<p>Il servizio forniscono varie societ\u00e0 in Croazia:<br><a href=\"http:\/\/www.budget.hr\/\" target=\"_blank\" rel=\"noreferrer noopener\">www.budget.hr<\/a><br><a href=\"http:\/\/www.hertz.hr\/\" target=\"_blank\" rel=\"noreferrer noopener\">www.hertz.hr<\/a><\/p>\n\n\n\n<h2>Servizio taxi<\/h2>\n\n\n\n<p>TAXI \u201eMARIN\u201c<br>Vi\u0161kovo<br>Tel: +385 91 164 4893<br>Tel: +385 95 501 6390<\/p>\n","protected":false},"excerpt":{"rendered":"<p>Informazioni generali In Croazia si guida sul lato destro della strada.I veicoli devono avere durante l\u2019inverno per tutta la giornata la luce breve accesa.I motocicli devono avere la luce breve accesa per tutta la giornata &nbsp;tutto l&#8217;anno. L&#8217;ora legale inizia alla fine di marzo e finisce alla fine di ottobre.Utilizzo di telefoni cellulari durante la [&hellip;]<\/p>\n","protected":false},"author":1,"featured_media":14775,"parent":3950,"menu_order":0,"comment_status":"closed","ping_status":"closed","template":"","meta":[],"acf":[],"yoast_head":"<!-- This site is optimized with the Yoast SEO plugin v17.6 - https:\/\/yoast.com\/wordpress\/plugins\/seo\/ -->\n<meta name=\"robots\" content=\"index, follow, max-snippet:-1, max-image-preview:large, max-video-preview:-1\" \/>\n<link rel=\"canonical\" href=\"https:\/\/demo.tz-viskovo.hr\/it\/info\/tips-info\/info-traffico\/\" \/>\n<meta property=\"og:locale\" content=\"it_IT\" \/>\n<meta property=\"og:type\" content=\"article\" \/>\n<meta property=\"og:title\" content=\"Info traffico - Turisti\u010dka zajednica op\u0107ine Vi\u0161kovo\" \/>\n<meta property=\"og:description\" content=\"Informazioni generali In Croazia si guida sul lato destro della strada.I veicoli devono avere durante l\u2019inverno per tutta la giornata la luce breve accesa.I motocicli devono avere la luce breve accesa per tutta la giornata &nbsp;tutto l&#8217;anno. L&#8217;ora legale inizia alla fine di marzo e finisce alla fine di ottobre.Utilizzo di telefoni cellulari durante la [&hellip;]\" \/>\n<meta property=\"og:url\" content=\"https:\/\/demo.tz-viskovo.hr\/it\/info\/tips-info\/info-traffico\/\" \/>\n<meta property=\"og:site_name\" content=\"Turisti\u010dka zajednica op\u0107ine Vi\u0161kovo\" \/>\n<meta property=\"article:modified_time\" content=\"2020-07-07T12:56:56+00:00\" \/>\n<meta property=\"og:image\" content=\"https:\/\/demo.tz-viskovo.hr\/wp-content\/uploads\/2020\/07\/preuzmi.jpg\" \/>\n\t<meta property=\"og:image:width\" content=\"273\" \/>\n\t<meta property=\"og:image:height\" content=\"185\" \/>\n<meta name=\"twitter:card\" content=\"summary_large_image\" \/>\n<meta name=\"twitter:label1\" content=\"Tempo di lettura stimato\" \/>\n\t<meta name=\"twitter:data1\" content=\"1 minuto\" \/>\n<script type=\"application\/ld+json\" class=\"yoast-schema-graph\">{\"@context\":\"https:\/\/schema.org\",\"@graph\":[{\"@type\":\"WebSite\",\"@id\":\"https:\/\/demo.tz-viskovo.hr\/it\/#website\",\"url\":\"https:\/\/demo.tz-viskovo.hr\/it\/\",\"name\":\"Turisti\\u010dka zajednica op\\u0107ine Vi\\u0161kovo\",\"description\":\"\",\"potentialAction\":[{\"@type\":\"SearchAction\",\"target\":{\"@type\":\"EntryPoint\",\"urlTemplate\":\"https:\/\/demo.tz-viskovo.hr\/it\/?s={search_term_string}\"},\"query-input\":\"required name=search_term_string\"}],\"inLanguage\":\"it-IT\"},{\"@type\":\"ImageObject\",\"@id\":\"https:\/\/demo.tz-viskovo.hr\/it\/info\/tips-info\/info-traffico\/#primaryimage\",\"inLanguage\":\"it-IT\",\"url\":\"https:\/\/demo.tz-viskovo.hr\/wp-content\/uploads\/2020\/07\/preuzmi.jpg\",\"contentUrl\":\"https:\/\/demo.tz-viskovo.hr\/wp-content\/uploads\/2020\/07\/preuzmi.jpg\",\"width\":273,\"height\":185},{\"@type\":\"WebPage\",\"@id\":\"https:\/\/demo.tz-viskovo.hr\/it\/info\/tips-info\/info-traffico\/#webpage\",\"url\":\"https:\/\/demo.tz-viskovo.hr\/it\/info\/tips-info\/info-traffico\/\",\"name\":\"Info traffico - Turisti\\u010dka zajednica op\\u0107ine Vi\\u0161kovo\",\"isPartOf\":{\"@id\":\"https:\/\/demo.tz-viskovo.hr\/it\/#website\"},\"primaryImageOfPage\":{\"@id\":\"https:\/\/demo.tz-viskovo.hr\/it\/info\/tips-info\/info-traffico\/#primaryimage\"},\"datePublished\":\"2019-08-19T20:09:19+00:00\",\"dateModified\":\"2020-07-07T12:56:56+00:00\",\"breadcrumb\":{\"@id\":\"https:\/\/demo.tz-viskovo.hr\/it\/info\/tips-info\/info-traffico\/#breadcrumb\"},\"inLanguage\":\"it-IT\",\"potentialAction\":[{\"@type\":\"ReadAction\",\"target\":[\"https:\/\/demo.tz-viskovo.hr\/it\/info\/tips-info\/info-traffico\/\"]}]},{\"@type\":\"BreadcrumbList\",\"@id\":\"https:\/\/demo.tz-viskovo.hr\/it\/info\/tips-info\/info-traffico\/#breadcrumb\",\"itemListElement\":[{\"@type\":\"ListItem\",\"position\":1,\"name\":\"Home\",\"item\":\"https:\/\/demo.tz-viskovo.hr\/it\/\"},{\"@type\":\"ListItem\",\"position\":2,\"name\":\"Info\",\"item\":\"https:\/\/demo.tz-viskovo.hr\/it\/info\/\"},{\"@type\":\"ListItem\",\"position\":3,\"name\":\"Tips &#038; info\",\"item\":\"https:\/\/demo.tz-viskovo.hr\/it\/info\/tips-info\/\"},{\"@type\":\"ListItem\",\"position\":4,\"name\":\"Info traffico\"}]}]}<\/script>\n<!-- \/ Yoast SEO plugin. -->","yoast_head_json":{"robots":{"index":"index","follow":"follow","max-snippet":"max-snippet:-1","max-image-preview":"max-image-preview:large","max-video-preview":"max-video-preview:-1"},"canonical":"https:\/\/demo.tz-viskovo.hr\/it\/info\/tips-info\/info-traffico\/","og_locale":"it_IT","og_type":"article","og_title":"Info traffico - Turisti\u010dka zajednica op\u0107ine Vi\u0161kovo","og_description":"Informazioni generali In Croazia si guida sul lato destro della strada.I veicoli devono avere durante l\u2019inverno per tutta la giornata la luce breve accesa.I motocicli devono avere la luce breve accesa per tutta la giornata &nbsp;tutto l&#8217;anno. L&#8217;ora legale inizia alla fine di marzo e finisce alla fine di ottobre.Utilizzo di telefoni cellulari durante la [&hellip;]","og_url":"https:\/\/demo.tz-viskovo.hr\/it\/info\/tips-info\/info-traffico\/","og_site_name":"Turisti\u010dka zajednica op\u0107ine Vi\u0161kovo","article_modified_time":"2020-07-07T12:56:56+00:00","og_image":[{"width":273,"height":185,"url":"https:\/\/demo.tz-viskovo.hr\/wp-content\/uploads\/2020\/07\/preuzmi.jpg","type":"image\/jpeg"}],"twitter_card":"summary_large_image","twitter_misc":{"Tempo di lettura stimato":"1 minuto"},"schema":{"@context":"https:\/\/schema.org","@graph":[{"@type":"WebSite","@id":"https:\/\/demo.tz-viskovo.hr\/it\/#website","url":"https:\/\/demo.tz-viskovo.hr\/it\/","name":"Turisti\u010dka zajednica op\u0107ine Vi\u0161kovo","description":"","potentialAction":[{"@type":"SearchAction","target":{"@type":"EntryPoint","urlTemplate":"https:\/\/demo.tz-viskovo.hr\/it\/?s={search_term_string}"},"query-input":"required name=search_term_string"}],"inLanguage":"it-IT"},{"@type":"ImageObject","@id":"https:\/\/demo.tz-viskovo.hr\/it\/info\/tips-info\/info-traffico\/#primaryimage","inLanguage":"it-IT","url":"https:\/\/demo.tz-viskovo.hr\/wp-content\/uploads\/2020\/07\/preuzmi.jpg","contentUrl":"https:\/\/demo.tz-viskovo.hr\/wp-content\/uploads\/2020\/07\/preuzmi.jpg","width":273,"height":185},{"@type":"WebPage","@id":"https:\/\/demo.tz-viskovo.hr\/it\/info\/tips-info\/info-traffico\/#webpage","url":"https:\/\/demo.tz-viskovo.hr\/it\/info\/tips-info\/info-traffico\/","name":"Info traffico - Turisti\u010dka zajednica op\u0107ine Vi\u0161kovo","isPartOf":{"@id":"https:\/\/demo.tz-viskovo.hr\/it\/#website"},"primaryImageOfPage":{"@id":"https:\/\/demo.tz-viskovo.hr\/it\/info\/tips-info\/info-traffico\/#primaryimage"},"datePublished":"2019-08-19T20:09:19+00:00","dateModified":"2020-07-07T12:56:56+00:00","breadcrumb":{"@id":"https:\/\/demo.tz-viskovo.hr\/it\/info\/tips-info\/info-traffico\/#breadcrumb"},"inLanguage":"it-IT","potentialAction":[{"@type":"ReadAction","target":["https:\/\/demo.tz-viskovo.hr\/it\/info\/tips-info\/info-traffico\/"]}]},{"@type":"BreadcrumbList","@id":"https:\/\/demo.tz-viskovo.hr\/it\/info\/tips-info\/info-traffico\/#breadcrumb","itemListElement":[{"@type":"ListItem","position":1,"name":"Home","item":"https:\/\/demo.tz-viskovo.hr\/it\/"},{"@type":"ListItem","position":2,"name":"Info","item":"https:\/\/demo.tz-viskovo.hr\/it\/info\/"},{"@type":"ListItem","position":3,"name":"Tips &#038; info","item":"https:\/\/demo.tz-viskovo.hr\/it\/info\/tips-info\/"},{"@type":"ListItem","position":4,"name":"Info traffico"}]}]}},"_links":{"self":[{"href":"https:\/\/demo.tz-viskovo.hr\/it\/wp-json\/wp\/v2\/pages\/3969"}],"collection":[{"href":"https:\/\/demo.tz-viskovo.hr\/it\/wp-json\/wp\/v2\/pages"}],"about":[{"href":"https:\/\/demo.tz-viskovo.hr\/it\/wp-json\/wp\/v2\/types\/page"}],"author":[{"embeddable":true,"href":"https:\/\/demo.tz-viskovo.hr\/it\/wp-json\/wp\/v2\/users\/1"}],"replies":[{"embeddable":true,"href":"https:\/\/demo.tz-viskovo.hr\/it\/wp-json\/wp\/v2\/comments?post=3969"}],"version-history":[{"count":2,"href":"https:\/\/demo.tz-viskovo.hr\/it\/wp-json\/wp\/v2\/pages\/3969\/revisions"}],"predecessor-version":[{"id":14813,"href":"https:\/\/demo.tz-viskovo.hr\/it\/wp-json\/wp\/v2\/pages\/3969\/revisions\/14813"}],"up":[{"embeddable":true,"href":"https:\/\/demo.tz-viskovo.hr\/it\/wp-json\/wp\/v2\/pages\/3950"}],"wp:featuredmedia":[{"embeddable":true,"href":"https:\/\/demo.tz-viskovo.hr\/it\/wp-json\/wp\/v2\/media\/14775"}],"wp:attachment":[{"href":"https:\/\/demo.tz-viskovo.hr\/it\/wp-json\/wp\/v2\/media?parent=3969"}],"curies":[{"name":"wp","href":"https:\/\/api.w.org\/{rel}","templated":true}]}}