{"id":3981,"date":"2019-08-19T20:12:01","date_gmt":"2019-08-19T20:12:01","guid":{"rendered":"https:\/\/demo.tz-viskovo.hr\/?page_id=3981"},"modified":"2020-07-07T11:21:31","modified_gmt":"2020-07-07T11:21:31","slug":"numeri-importanti-amministrazione-comunale","status":"publish","type":"page","link":"https:\/\/demo.tz-viskovo.hr\/it\/info\/tips-info\/numeri-importanti-amministrazione-comunale\/","title":{"rendered":"Numeri importanti &#8211; Amministrazione comunale"},"content":{"rendered":"\n<h2>Amministrazione comunale<\/h2>\n\n\n\n<p>Vozi\u0161\u0107e 3, 51216 Vi\u0161kovo<br>Tel: +385 51 503 770<br>Fax: +385 51 257 521<br>www.opcina-viskovo.com<br>e-mail: opcina-viskovo@ri.t-com.hr<\/p>\n\n\n\n<h2>Numeri importanti<\/h2>\n\n\n\n<table class=\"wp-block-table\"><tbody><tr><td>Prefisso internazionale per la Croazia<\/td><td>00385<\/td><\/tr><tr><td>Il prefisso per la contea di Primorje-Gorski Kotar<\/td><td>051<\/td><\/tr><tr><td>Polizia<\/td><td>192<\/td><\/tr><tr><td>Vigili del fuoco<\/td><td>193<\/td><\/tr><tr><td>Pronto soccorso<\/td><td>194<\/td><\/tr><tr><td>Soccorso stradale<\/td><td>1987<\/td><\/tr><tr><td>Previsioni del tempo e le condizioni stradali<\/td><td>060 520 520<\/td><\/tr><tr><td>Autoclub croato<\/td><td>01 4640 800<\/td><\/tr><tr><td>Comune Vi\u0161kovo<\/td><td>00385 51 503 770<\/td><\/tr><tr><td>Ufficio Postale<\/td><td>00385 51 256 791<\/td><\/tr><tr><td>Fina<\/td><td>00385 51 256 329<\/td><\/tr><tr><td>Erste banka<\/td><td>00385 62 376 169<\/td><\/tr><tr><td>Zagreba\u010dka banka<\/td><td>00385 51 353 940<\/td><\/tr><tr><td>Cooperativa di risparmio e credito Dukat<\/td><td>00385 51 257 515<\/td><\/tr><tr><td>Hypo-Alpe-Adria-Bank<\/td><td>00385 51 650 999<\/td><\/tr><tr><td>Istarska kreditna banka<\/td><td>00385 51 504 320<\/td><\/tr><tr><td>Podravska banka<\/td><td>00385 51 504 190<\/td><\/tr><tr><td>Privredna banka Marini\u0107i<\/td><td>00385 51 681 216<\/td><\/tr><tr><td>Centro assistenza sanitaria Vi\u0161kovo<\/td><td>00385 51 226 451<\/td><\/tr><tr><td>Farmacia mr.ph. Nada Poli\u0107<\/td><td>00385 51 257 388<\/td><\/tr><tr><td>Ufficio Parrocchiale<\/td><td>00385 51 256 862<\/td><\/tr><\/tbody><\/table>\n","protected":false},"excerpt":{"rendered":"<p>Amministrazione comunale Vozi\u0161\u0107e 3, 51216 Vi\u0161kovoTel: +385 51 503 770Fax: +385 51 257 521www.opcina-viskovo.come-mail: opcina-viskovo@ri.t-com.hr Numeri importanti Prefisso internazionale per la Croazia 00385 Il prefisso per la contea di Primorje-Gorski Kotar 051 Polizia 192 Vigili del fuoco 193 Pronto soccorso 194 Soccorso stradale 1987 Previsioni del tempo e le condizioni stradali 060 520 520 Autoclub [&hellip;]<\/p>\n","protected":false},"author":1,"featured_media":14775,"parent":3950,"menu_order":0,"comment_status":"closed","ping_status":"closed","template":"","meta":[],"acf":[],"yoast_head":"<!-- This site is optimized with the Yoast SEO plugin v17.6 - https:\/\/yoast.com\/wordpress\/plugins\/seo\/ -->\n<meta name=\"robots\" content=\"index, follow, max-snippet:-1, max-image-preview:large, max-video-preview:-1\" \/>\n<link rel=\"canonical\" href=\"https:\/\/demo.tz-viskovo.hr\/it\/info\/tips-info\/numeri-importanti-amministrazione-comunale\/\" \/>\n<meta property=\"og:locale\" content=\"it_IT\" \/>\n<meta property=\"og:type\" content=\"article\" \/>\n<meta property=\"og:title\" content=\"Numeri importanti - Amministrazione comunale - Turisti\u010dka zajednica op\u0107ine Vi\u0161kovo\" \/>\n<meta property=\"og:description\" content=\"Amministrazione comunale Vozi\u0161\u0107e 3, 51216 Vi\u0161kovoTel: +385 51 503 770Fax: +385 51 257 521www.opcina-viskovo.come-mail: opcina-viskovo@ri.t-com.hr Numeri importanti Prefisso internazionale per la Croazia 00385 Il prefisso per la contea di Primorje-Gorski Kotar 051 Polizia 192 Vigili del fuoco 193 Pronto soccorso 194 Soccorso stradale 1987 Previsioni del tempo e le condizioni stradali 060 520 520 Autoclub [&hellip;]\" \/>\n<meta property=\"og:url\" content=\"https:\/\/demo.tz-viskovo.hr\/it\/info\/tips-info\/numeri-importanti-amministrazione-comunale\/\" \/>\n<meta property=\"og:site_name\" content=\"Turisti\u010dka zajednica op\u0107ine Vi\u0161kovo\" \/>\n<meta property=\"article:modified_time\" content=\"2020-07-07T11:21:31+00:00\" \/>\n<meta property=\"og:image\" content=\"https:\/\/demo.tz-viskovo.hr\/wp-content\/uploads\/2020\/07\/preuzmi.jpg\" \/>\n\t<meta property=\"og:image:width\" content=\"273\" \/>\n\t<meta property=\"og:image:height\" content=\"185\" \/>\n<meta name=\"twitter:card\" content=\"summary_large_image\" \/>\n<script type=\"application\/ld+json\" class=\"yoast-schema-graph\">{\"@context\":\"https:\/\/schema.org\",\"@graph\":[{\"@type\":\"WebSite\",\"@id\":\"https:\/\/demo.tz-viskovo.hr\/it\/#website\",\"url\":\"https:\/\/demo.tz-viskovo.hr\/it\/\",\"name\":\"Turisti\\u010dka zajednica op\\u0107ine Vi\\u0161kovo\",\"description\":\"\",\"potentialAction\":[{\"@type\":\"SearchAction\",\"target\":{\"@type\":\"EntryPoint\",\"urlTemplate\":\"https:\/\/demo.tz-viskovo.hr\/it\/?s={search_term_string}\"},\"query-input\":\"required name=search_term_string\"}],\"inLanguage\":\"it-IT\"},{\"@type\":\"ImageObject\",\"@id\":\"https:\/\/demo.tz-viskovo.hr\/it\/info\/tips-info\/numeri-importanti-amministrazione-comunale\/#primaryimage\",\"inLanguage\":\"it-IT\",\"url\":\"https:\/\/demo.tz-viskovo.hr\/wp-content\/uploads\/2020\/07\/preuzmi.jpg\",\"contentUrl\":\"https:\/\/demo.tz-viskovo.hr\/wp-content\/uploads\/2020\/07\/preuzmi.jpg\",\"width\":273,\"height\":185},{\"@type\":\"WebPage\",\"@id\":\"https:\/\/demo.tz-viskovo.hr\/it\/info\/tips-info\/numeri-importanti-amministrazione-comunale\/#webpage\",\"url\":\"https:\/\/demo.tz-viskovo.hr\/it\/info\/tips-info\/numeri-importanti-amministrazione-comunale\/\",\"name\":\"Numeri importanti - Amministrazione comunale - Turisti\\u010dka zajednica op\\u0107ine Vi\\u0161kovo\",\"isPartOf\":{\"@id\":\"https:\/\/demo.tz-viskovo.hr\/it\/#website\"},\"primaryImageOfPage\":{\"@id\":\"https:\/\/demo.tz-viskovo.hr\/it\/info\/tips-info\/numeri-importanti-amministrazione-comunale\/#primaryimage\"},\"datePublished\":\"2019-08-19T20:12:01+00:00\",\"dateModified\":\"2020-07-07T11:21:31+00:00\",\"breadcrumb\":{\"@id\":\"https:\/\/demo.tz-viskovo.hr\/it\/info\/tips-info\/numeri-importanti-amministrazione-comunale\/#breadcrumb\"},\"inLanguage\":\"it-IT\",\"potentialAction\":[{\"@type\":\"ReadAction\",\"target\":[\"https:\/\/demo.tz-viskovo.hr\/it\/info\/tips-info\/numeri-importanti-amministrazione-comunale\/\"]}]},{\"@type\":\"BreadcrumbList\",\"@id\":\"https:\/\/demo.tz-viskovo.hr\/it\/info\/tips-info\/numeri-importanti-amministrazione-comunale\/#breadcrumb\",\"itemListElement\":[{\"@type\":\"ListItem\",\"position\":1,\"name\":\"Home\",\"item\":\"https:\/\/demo.tz-viskovo.hr\/it\/\"},{\"@type\":\"ListItem\",\"position\":2,\"name\":\"Info\",\"item\":\"https:\/\/demo.tz-viskovo.hr\/it\/info\/\"},{\"@type\":\"ListItem\",\"position\":3,\"name\":\"Tips &#038; info\",\"item\":\"https:\/\/demo.tz-viskovo.hr\/it\/info\/tips-info\/\"},{\"@type\":\"ListItem\",\"position\":4,\"name\":\"Numeri importanti &#8211; Amministrazione comunale\"}]}]}<\/script>\n<!-- \/ Yoast SEO plugin. -->","yoast_head_json":{"robots":{"index":"index","follow":"follow","max-snippet":"max-snippet:-1","max-image-preview":"max-image-preview:large","max-video-preview":"max-video-preview:-1"},"canonical":"https:\/\/demo.tz-viskovo.hr\/it\/info\/tips-info\/numeri-importanti-amministrazione-comunale\/","og_locale":"it_IT","og_type":"article","og_title":"Numeri importanti - Amministrazione comunale - Turisti\u010dka zajednica op\u0107ine Vi\u0161kovo","og_description":"Amministrazione comunale Vozi\u0161\u0107e 3, 51216 Vi\u0161kovoTel: +385 51 503 770Fax: +385 51 257 521www.opcina-viskovo.come-mail: opcina-viskovo@ri.t-com.hr Numeri importanti Prefisso internazionale per la Croazia 00385 Il prefisso per la contea di Primorje-Gorski Kotar 051 Polizia 192 Vigili del fuoco 193 Pronto soccorso 194 Soccorso stradale 1987 Previsioni del tempo e le condizioni stradali 060 520 520 Autoclub [&hellip;]","og_url":"https:\/\/demo.tz-viskovo.hr\/it\/info\/tips-info\/numeri-importanti-amministrazione-comunale\/","og_site_name":"Turisti\u010dka zajednica op\u0107ine Vi\u0161kovo","article_modified_time":"2020-07-07T11:21:31+00:00","og_image":[{"width":273,"height":185,"url":"https:\/\/demo.tz-viskovo.hr\/wp-content\/uploads\/2020\/07\/preuzmi.jpg","type":"image\/jpeg"}],"twitter_card":"summary_large_image","schema":{"@context":"https:\/\/schema.org","@graph":[{"@type":"WebSite","@id":"https:\/\/demo.tz-viskovo.hr\/it\/#website","url":"https:\/\/demo.tz-viskovo.hr\/it\/","name":"Turisti\u010dka zajednica op\u0107ine Vi\u0161kovo","description":"","potentialAction":[{"@type":"SearchAction","target":{"@type":"EntryPoint","urlTemplate":"https:\/\/demo.tz-viskovo.hr\/it\/?s={search_term_string}"},"query-input":"required name=search_term_string"}],"inLanguage":"it-IT"},{"@type":"ImageObject","@id":"https:\/\/demo.tz-viskovo.hr\/it\/info\/tips-info\/numeri-importanti-amministrazione-comunale\/#primaryimage","inLanguage":"it-IT","url":"https:\/\/demo.tz-viskovo.hr\/wp-content\/uploads\/2020\/07\/preuzmi.jpg","contentUrl":"https:\/\/demo.tz-viskovo.hr\/wp-content\/uploads\/2020\/07\/preuzmi.jpg","width":273,"height":185},{"@type":"WebPage","@id":"https:\/\/demo.tz-viskovo.hr\/it\/info\/tips-info\/numeri-importanti-amministrazione-comunale\/#webpage","url":"https:\/\/demo.tz-viskovo.hr\/it\/info\/tips-info\/numeri-importanti-amministrazione-comunale\/","name":"Numeri importanti - Amministrazione comunale - Turisti\u010dka zajednica op\u0107ine Vi\u0161kovo","isPartOf":{"@id":"https:\/\/demo.tz-viskovo.hr\/it\/#website"},"primaryImageOfPage":{"@id":"https:\/\/demo.tz-viskovo.hr\/it\/info\/tips-info\/numeri-importanti-amministrazione-comunale\/#primaryimage"},"datePublished":"2019-08-19T20:12:01+00:00","dateModified":"2020-07-07T11:21:31+00:00","breadcrumb":{"@id":"https:\/\/demo.tz-viskovo.hr\/it\/info\/tips-info\/numeri-importanti-amministrazione-comunale\/#breadcrumb"},"inLanguage":"it-IT","potentialAction":[{"@type":"ReadAction","target":["https:\/\/demo.tz-viskovo.hr\/it\/info\/tips-info\/numeri-importanti-amministrazione-comunale\/"]}]},{"@type":"BreadcrumbList","@id":"https:\/\/demo.tz-viskovo.hr\/it\/info\/tips-info\/numeri-importanti-amministrazione-comunale\/#breadcrumb","itemListElement":[{"@type":"ListItem","position":1,"name":"Home","item":"https:\/\/demo.tz-viskovo.hr\/it\/"},{"@type":"ListItem","position":2,"name":"Info","item":"https:\/\/demo.tz-viskovo.hr\/it\/info\/"},{"@type":"ListItem","position":3,"name":"Tips &#038; info","item":"https:\/\/demo.tz-viskovo.hr\/it\/info\/tips-info\/"},{"@type":"ListItem","position":4,"name":"Numeri importanti &#8211; Amministrazione comunale"}]}]}},"_links":{"self":[{"href":"https:\/\/demo.tz-viskovo.hr\/it\/wp-json\/wp\/v2\/pages\/3981"}],"collection":[{"href":"https:\/\/demo.tz-viskovo.hr\/it\/wp-json\/wp\/v2\/pages"}],"about":[{"href":"https:\/\/demo.tz-viskovo.hr\/it\/wp-json\/wp\/v2\/types\/page"}],"author":[{"embeddable":true,"href":"https:\/\/demo.tz-viskovo.hr\/it\/wp-json\/wp\/v2\/users\/1"}],"replies":[{"embeddable":true,"href":"https:\/\/demo.tz-viskovo.hr\/it\/wp-json\/wp\/v2\/comments?post=3981"}],"version-history":[{"count":1,"href":"https:\/\/demo.tz-viskovo.hr\/it\/wp-json\/wp\/v2\/pages\/3981\/revisions"}],"predecessor-version":[{"id":3982,"href":"https:\/\/demo.tz-viskovo.hr\/it\/wp-json\/wp\/v2\/pages\/3981\/revisions\/3982"}],"up":[{"embeddable":true,"href":"https:\/\/demo.tz-viskovo.hr\/it\/wp-json\/wp\/v2\/pages\/3950"}],"wp:featuredmedia":[{"embeddable":true,"href":"https:\/\/demo.tz-viskovo.hr\/it\/wp-json\/wp\/v2\/media\/14775"}],"wp:attachment":[{"href":"https:\/\/demo.tz-viskovo.hr\/it\/wp-json\/wp\/v2\/media?parent=3981"}],"curies":[{"name":"wp","href":"https:\/\/api.w.org\/{rel}","templated":true}]}}