{"id":3993,"date":"2019-08-19T20:16:02","date_gmt":"2019-08-19T20:16:02","guid":{"rendered":"https:\/\/demo.tz-viskovo.hr\/?page_id=3993"},"modified":"2020-07-07T11:41:34","modified_gmt":"2020-07-07T11:41:34","slug":"link","status":"publish","type":"page","link":"https:\/\/demo.tz-viskovo.hr\/it\/info\/tips-info\/link\/","title":{"rendered":"Link"},"content":{"rendered":"\n<p><strong>Se non avete ottenuto tutte le informazioni che stavate cercando su questo sito, vi offriamo una lista di link utili&#8230;<\/strong><\/p>\n\n\n\n<table class=\"wp-block-table is-style-stripes\"><tbody><tr><td><a rel=\"noreferrer noopener\" href=\"http:\/\/croatia.hr\/it-IT\/Homepage\" target=\"_blank\">Ente Nazionale Croato per il Turismo<\/a><\/td><\/tr><tr><td><a href=\"http:\/\/www.kvarner.hr\/it\/turismo\" target=\"_blank\" rel=\"noreferrer noopener\">Ente del turismo del Quarnero<\/a><\/td><\/tr><tr><td><a href=\"http:\/\/www.hak.hr\/it\" target=\"_blank\" rel=\"noreferrer noopener\">Club Automobilistico Croato<\/a>&nbsp;<\/td><\/tr><tr><td><a href=\"http:\/\/www.hac.hr\/en\/\" target=\"_blank\" rel=\"noreferrer noopener\">Autostrade Croate<\/a><\/td><\/tr><tr><td><a href=\"http:\/\/www.gss.hr\/en\/news.htm\" target=\"_blank\" rel=\"noreferrer noopener\">Soccorso Alpino<\/a><\/td><\/tr><tr><td><a href=\"http:\/\/meteo.hr\/index_en.php\" target=\"_blank\" rel=\"noreferrer noopener\">Servizio meteorologico e idrologico Croato<\/a><\/td><\/tr><\/tbody><\/table>\n\n\n\n<table class=\"wp-block-table is-style-stripes\"><tbody><tr><td> <a rel=\"noreferrer noopener\" href=\"http:\/\/www.autotrolej.hr\/default.asp?ru=90&amp;sid=&amp;jezik=1\" target=\"_blank\">Autotrolej<\/a> <\/td><\/tr><tr><td> <a rel=\"noreferrer noopener\" href=\"https:\/\/www.autotrans.hr\/en-us\/home\" target=\"_blank\">Autotrans<\/a> <\/td><\/tr><tr><td> <a rel=\"noreferrer noopener\" href=\"http:\/\/www.jadrolinija.hr\/it\/domestico\" target=\"_blank\">Jadrolinija<\/a> <\/td><\/tr><tr><td> <a rel=\"noreferrer noopener\" href=\"http:\/\/www.rijeka-airport.hr\/index_eng.asp\" target=\"_blank\">Aeroporto di Rijeka<\/a>&nbsp;&nbsp; <\/td><\/tr><tr><td> <a rel=\"noreferrer noopener\" href=\"http:\/\/www.hzpp.hr\/Default.aspx?sec=282\" target=\"_blank\">Ferrovie Croate<\/a>&nbsp; <\/td><\/tr><\/tbody><\/table>\n","protected":false},"excerpt":{"rendered":"<p>Se non avete ottenuto tutte le informazioni che stavate cercando su questo sito, vi offriamo una lista di link utili&#8230; Ente Nazionale Croato per il Turismo Ente del turismo del Quarnero Club Automobilistico Croato&nbsp; Autostrade Croate Soccorso Alpino Servizio meteorologico e idrologico Croato Autotrolej Autotrans Jadrolinija Aeroporto di Rijeka&nbsp;&nbsp; Ferrovie Croate&nbsp;<\/p>\n","protected":false},"author":1,"featured_media":14775,"parent":3950,"menu_order":0,"comment_status":"closed","ping_status":"closed","template":"","meta":[],"acf":[],"yoast_head":"<!-- This site is optimized with the Yoast SEO plugin v17.6 - https:\/\/yoast.com\/wordpress\/plugins\/seo\/ -->\n<meta name=\"robots\" content=\"index, follow, max-snippet:-1, max-image-preview:large, max-video-preview:-1\" \/>\n<link rel=\"canonical\" href=\"https:\/\/demo.tz-viskovo.hr\/it\/info\/tips-info\/link\/\" \/>\n<meta property=\"og:locale\" content=\"it_IT\" \/>\n<meta property=\"og:type\" content=\"article\" \/>\n<meta property=\"og:title\" content=\"Link - Turisti\u010dka zajednica op\u0107ine Vi\u0161kovo\" \/>\n<meta property=\"og:description\" content=\"Se non avete ottenuto tutte le informazioni che stavate cercando su questo sito, vi offriamo una lista di link utili&#8230; Ente Nazionale Croato per il Turismo Ente del turismo del Quarnero Club Automobilistico Croato&nbsp; Autostrade Croate Soccorso Alpino Servizio meteorologico e idrologico Croato Autotrolej Autotrans Jadrolinija Aeroporto di Rijeka&nbsp;&nbsp; Ferrovie Croate&nbsp;\" \/>\n<meta property=\"og:url\" content=\"https:\/\/demo.tz-viskovo.hr\/it\/info\/tips-info\/link\/\" \/>\n<meta property=\"og:site_name\" content=\"Turisti\u010dka zajednica op\u0107ine Vi\u0161kovo\" \/>\n<meta property=\"article:modified_time\" content=\"2020-07-07T11:41:34+00:00\" \/>\n<meta property=\"og:image\" content=\"https:\/\/demo.tz-viskovo.hr\/wp-content\/uploads\/2020\/07\/preuzmi.jpg\" \/>\n\t<meta property=\"og:image:width\" content=\"273\" \/>\n\t<meta property=\"og:image:height\" content=\"185\" \/>\n<meta name=\"twitter:card\" content=\"summary_large_image\" \/>\n<script type=\"application\/ld+json\" class=\"yoast-schema-graph\">{\"@context\":\"https:\/\/schema.org\",\"@graph\":[{\"@type\":\"WebSite\",\"@id\":\"https:\/\/demo.tz-viskovo.hr\/it\/#website\",\"url\":\"https:\/\/demo.tz-viskovo.hr\/it\/\",\"name\":\"Turisti\\u010dka zajednica op\\u0107ine Vi\\u0161kovo\",\"description\":\"\",\"potentialAction\":[{\"@type\":\"SearchAction\",\"target\":{\"@type\":\"EntryPoint\",\"urlTemplate\":\"https:\/\/demo.tz-viskovo.hr\/it\/?s={search_term_string}\"},\"query-input\":\"required name=search_term_string\"}],\"inLanguage\":\"it-IT\"},{\"@type\":\"ImageObject\",\"@id\":\"https:\/\/demo.tz-viskovo.hr\/it\/info\/tips-info\/link\/#primaryimage\",\"inLanguage\":\"it-IT\",\"url\":\"https:\/\/demo.tz-viskovo.hr\/wp-content\/uploads\/2020\/07\/preuzmi.jpg\",\"contentUrl\":\"https:\/\/demo.tz-viskovo.hr\/wp-content\/uploads\/2020\/07\/preuzmi.jpg\",\"width\":273,\"height\":185},{\"@type\":\"WebPage\",\"@id\":\"https:\/\/demo.tz-viskovo.hr\/it\/info\/tips-info\/link\/#webpage\",\"url\":\"https:\/\/demo.tz-viskovo.hr\/it\/info\/tips-info\/link\/\",\"name\":\"Link - Turisti\\u010dka zajednica op\\u0107ine Vi\\u0161kovo\",\"isPartOf\":{\"@id\":\"https:\/\/demo.tz-viskovo.hr\/it\/#website\"},\"primaryImageOfPage\":{\"@id\":\"https:\/\/demo.tz-viskovo.hr\/it\/info\/tips-info\/link\/#primaryimage\"},\"datePublished\":\"2019-08-19T20:16:02+00:00\",\"dateModified\":\"2020-07-07T11:41:34+00:00\",\"breadcrumb\":{\"@id\":\"https:\/\/demo.tz-viskovo.hr\/it\/info\/tips-info\/link\/#breadcrumb\"},\"inLanguage\":\"it-IT\",\"potentialAction\":[{\"@type\":\"ReadAction\",\"target\":[\"https:\/\/demo.tz-viskovo.hr\/it\/info\/tips-info\/link\/\"]}]},{\"@type\":\"BreadcrumbList\",\"@id\":\"https:\/\/demo.tz-viskovo.hr\/it\/info\/tips-info\/link\/#breadcrumb\",\"itemListElement\":[{\"@type\":\"ListItem\",\"position\":1,\"name\":\"Home\",\"item\":\"https:\/\/demo.tz-viskovo.hr\/it\/\"},{\"@type\":\"ListItem\",\"position\":2,\"name\":\"Info\",\"item\":\"https:\/\/demo.tz-viskovo.hr\/it\/info\/\"},{\"@type\":\"ListItem\",\"position\":3,\"name\":\"Tips &#038; info\",\"item\":\"https:\/\/demo.tz-viskovo.hr\/it\/info\/tips-info\/\"},{\"@type\":\"ListItem\",\"position\":4,\"name\":\"Link\"}]}]}<\/script>\n<!-- \/ Yoast SEO plugin. -->","yoast_head_json":{"robots":{"index":"index","follow":"follow","max-snippet":"max-snippet:-1","max-image-preview":"max-image-preview:large","max-video-preview":"max-video-preview:-1"},"canonical":"https:\/\/demo.tz-viskovo.hr\/it\/info\/tips-info\/link\/","og_locale":"it_IT","og_type":"article","og_title":"Link - Turisti\u010dka zajednica op\u0107ine Vi\u0161kovo","og_description":"Se non avete ottenuto tutte le informazioni che stavate cercando su questo sito, vi offriamo una lista di link utili&#8230; Ente Nazionale Croato per il Turismo Ente del turismo del Quarnero Club Automobilistico Croato&nbsp; Autostrade Croate Soccorso Alpino Servizio meteorologico e idrologico Croato Autotrolej Autotrans Jadrolinija Aeroporto di Rijeka&nbsp;&nbsp; Ferrovie Croate&nbsp;","og_url":"https:\/\/demo.tz-viskovo.hr\/it\/info\/tips-info\/link\/","og_site_name":"Turisti\u010dka zajednica op\u0107ine Vi\u0161kovo","article_modified_time":"2020-07-07T11:41:34+00:00","og_image":[{"width":273,"height":185,"url":"https:\/\/demo.tz-viskovo.hr\/wp-content\/uploads\/2020\/07\/preuzmi.jpg","type":"image\/jpeg"}],"twitter_card":"summary_large_image","schema":{"@context":"https:\/\/schema.org","@graph":[{"@type":"WebSite","@id":"https:\/\/demo.tz-viskovo.hr\/it\/#website","url":"https:\/\/demo.tz-viskovo.hr\/it\/","name":"Turisti\u010dka zajednica op\u0107ine Vi\u0161kovo","description":"","potentialAction":[{"@type":"SearchAction","target":{"@type":"EntryPoint","urlTemplate":"https:\/\/demo.tz-viskovo.hr\/it\/?s={search_term_string}"},"query-input":"required name=search_term_string"}],"inLanguage":"it-IT"},{"@type":"ImageObject","@id":"https:\/\/demo.tz-viskovo.hr\/it\/info\/tips-info\/link\/#primaryimage","inLanguage":"it-IT","url":"https:\/\/demo.tz-viskovo.hr\/wp-content\/uploads\/2020\/07\/preuzmi.jpg","contentUrl":"https:\/\/demo.tz-viskovo.hr\/wp-content\/uploads\/2020\/07\/preuzmi.jpg","width":273,"height":185},{"@type":"WebPage","@id":"https:\/\/demo.tz-viskovo.hr\/it\/info\/tips-info\/link\/#webpage","url":"https:\/\/demo.tz-viskovo.hr\/it\/info\/tips-info\/link\/","name":"Link - Turisti\u010dka zajednica op\u0107ine Vi\u0161kovo","isPartOf":{"@id":"https:\/\/demo.tz-viskovo.hr\/it\/#website"},"primaryImageOfPage":{"@id":"https:\/\/demo.tz-viskovo.hr\/it\/info\/tips-info\/link\/#primaryimage"},"datePublished":"2019-08-19T20:16:02+00:00","dateModified":"2020-07-07T11:41:34+00:00","breadcrumb":{"@id":"https:\/\/demo.tz-viskovo.hr\/it\/info\/tips-info\/link\/#breadcrumb"},"inLanguage":"it-IT","potentialAction":[{"@type":"ReadAction","target":["https:\/\/demo.tz-viskovo.hr\/it\/info\/tips-info\/link\/"]}]},{"@type":"BreadcrumbList","@id":"https:\/\/demo.tz-viskovo.hr\/it\/info\/tips-info\/link\/#breadcrumb","itemListElement":[{"@type":"ListItem","position":1,"name":"Home","item":"https:\/\/demo.tz-viskovo.hr\/it\/"},{"@type":"ListItem","position":2,"name":"Info","item":"https:\/\/demo.tz-viskovo.hr\/it\/info\/"},{"@type":"ListItem","position":3,"name":"Tips &#038; info","item":"https:\/\/demo.tz-viskovo.hr\/it\/info\/tips-info\/"},{"@type":"ListItem","position":4,"name":"Link"}]}]}},"_links":{"self":[{"href":"https:\/\/demo.tz-viskovo.hr\/it\/wp-json\/wp\/v2\/pages\/3993"}],"collection":[{"href":"https:\/\/demo.tz-viskovo.hr\/it\/wp-json\/wp\/v2\/pages"}],"about":[{"href":"https:\/\/demo.tz-viskovo.hr\/it\/wp-json\/wp\/v2\/types\/page"}],"author":[{"embeddable":true,"href":"https:\/\/demo.tz-viskovo.hr\/it\/wp-json\/wp\/v2\/users\/1"}],"replies":[{"embeddable":true,"href":"https:\/\/demo.tz-viskovo.hr\/it\/wp-json\/wp\/v2\/comments?post=3993"}],"version-history":[{"count":3,"href":"https:\/\/demo.tz-viskovo.hr\/it\/wp-json\/wp\/v2\/pages\/3993\/revisions"}],"predecessor-version":[{"id":14787,"href":"https:\/\/demo.tz-viskovo.hr\/it\/wp-json\/wp\/v2\/pages\/3993\/revisions\/14787"}],"up":[{"embeddable":true,"href":"https:\/\/demo.tz-viskovo.hr\/it\/wp-json\/wp\/v2\/pages\/3950"}],"wp:featuredmedia":[{"embeddable":true,"href":"https:\/\/demo.tz-viskovo.hr\/it\/wp-json\/wp\/v2\/media\/14775"}],"wp:attachment":[{"href":"https:\/\/demo.tz-viskovo.hr\/it\/wp-json\/wp\/v2\/media?parent=3993"}],"curies":[{"name":"wp","href":"https:\/\/api.w.org\/{rel}","templated":true}]}}