{"id":4028,"date":"2019-08-19T20:28:57","date_gmt":"2019-08-19T20:28:57","guid":{"rendered":"https:\/\/demo.tz-viskovo.hr\/?page_id=4028"},"modified":"2019-08-19T20:28:58","modified_gmt":"2019-08-19T20:28:58","slug":"applicazioni-per-cellulari","status":"publish","type":"page","link":"https:\/\/demo.tz-viskovo.hr\/it\/info\/applicazioni-per-cellulari\/","title":{"rendered":"Applicazioni per cellulari"},"content":{"rendered":"\n<h2><strong>Bike Rijeka<\/strong><\/h2>\n\n\n\n<p><strong>L\u2019applicazione per cellulare Bike Rijeka riunisce quaranta piste ciclabili che attraversano 8 citt\u00e0 e comuni dell\u2019anello fiumano (Rije\u010dki prsten): Rijeka, Kastav, Klan, Vi\u0161kovo, Jelenje, \u010cavle, Kostrena e Bakar. La massima attenzione \u00e8 rivolta alla visualizzazione e alla navigazione sulle piste. Le piste possono essere selezionate in base ai criteri di difficolt\u00e0 o semplicemente in base alla posizione sulla mappa.<\/strong><\/p>\n\n\n\n<p>La navigazione sulla pista, tranne il solo percorso, mostra le statistiche della guida, il tempo di guida, la distanza percorsa e la velocit\u00e0. Durante il percorso, sulla mappa di Google vengono visualizzate anche le attrazioni che si incontrano, \u00e8 possibile trovare informazioni di contatto sulle strutture di ristorazione, gli alloggi e altri servizi ausiliari.&nbsp;<\/p>\n\n\n\n<p><strong>Scarica l&#8217;applicazione<\/strong><\/p>\n\n\n\n<p><a href=\"https:\/\/play.google.com\/store\/apps\/details?id=hr.molekula.bikerijeka\">Android<\/a><br><a href=\"https:\/\/itunes.apple.com\/hr\/app\/bike-rijeka\/id884542925?mt=8&amp;ign-mpt=uo%3D4\">iPhone<\/a><\/p>\n","protected":false},"excerpt":{"rendered":"<p>Bike Rijeka L\u2019applicazione per cellulare Bike Rijeka riunisce quaranta piste ciclabili che attraversano 8 citt\u00e0 e comuni dell\u2019anello fiumano (Rije\u010dki prsten): Rijeka, Kastav, Klan, Vi\u0161kovo, Jelenje, \u010cavle, Kostrena e Bakar. La massima attenzione \u00e8 rivolta alla visualizzazione e alla navigazione sulle piste. Le piste possono essere selezionate in base ai criteri di difficolt\u00e0 o semplicemente [&hellip;]<\/p>\n","protected":false},"author":1,"featured_media":4030,"parent":3940,"menu_order":0,"comment_status":"closed","ping_status":"closed","template":"","meta":[],"acf":[],"yoast_head":"<!-- This site is optimized with the Yoast SEO plugin v17.6 - https:\/\/yoast.com\/wordpress\/plugins\/seo\/ -->\n<meta name=\"robots\" content=\"index, follow, max-snippet:-1, max-image-preview:large, max-video-preview:-1\" \/>\n<link rel=\"canonical\" href=\"https:\/\/demo.tz-viskovo.hr\/it\/info\/applicazioni-per-cellulari\/\" \/>\n<meta property=\"og:locale\" content=\"it_IT\" \/>\n<meta property=\"og:type\" content=\"article\" \/>\n<meta property=\"og:title\" content=\"Applicazioni per cellulari - Turisti\u010dka zajednica op\u0107ine Vi\u0161kovo\" \/>\n<meta property=\"og:description\" content=\"Bike Rijeka L\u2019applicazione per cellulare Bike Rijeka riunisce quaranta piste ciclabili che attraversano 8 citt\u00e0 e comuni dell\u2019anello fiumano (Rije\u010dki prsten): Rijeka, Kastav, Klan, Vi\u0161kovo, Jelenje, \u010cavle, Kostrena e Bakar. La massima attenzione \u00e8 rivolta alla visualizzazione e alla navigazione sulle piste. Le piste possono essere selezionate in base ai criteri di difficolt\u00e0 o semplicemente [&hellip;]\" \/>\n<meta property=\"og:url\" content=\"https:\/\/demo.tz-viskovo.hr\/it\/info\/applicazioni-per-cellulari\/\" \/>\n<meta property=\"og:site_name\" content=\"Turisti\u010dka zajednica op\u0107ine Vi\u0161kovo\" \/>\n<meta property=\"article:modified_time\" content=\"2019-08-19T20:28:58+00:00\" \/>\n<meta property=\"og:image\" content=\"https:\/\/demo.tz-viskovo.hr\/wp-content\/uploads\/2019\/05\/20151214081744000000-main.jpg\" \/>\n\t<meta property=\"og:image:width\" content=\"620\" \/>\n\t<meta property=\"og:image:height\" content=\"460\" \/>\n<meta name=\"twitter:card\" content=\"summary_large_image\" \/>\n<meta name=\"twitter:label1\" content=\"Tempo di lettura stimato\" \/>\n\t<meta name=\"twitter:data1\" content=\"1 minuto\" \/>\n<script type=\"application\/ld+json\" class=\"yoast-schema-graph\">{\"@context\":\"https:\/\/schema.org\",\"@graph\":[{\"@type\":\"WebSite\",\"@id\":\"https:\/\/demo.tz-viskovo.hr\/it\/#website\",\"url\":\"https:\/\/demo.tz-viskovo.hr\/it\/\",\"name\":\"Turisti\\u010dka zajednica op\\u0107ine Vi\\u0161kovo\",\"description\":\"\",\"potentialAction\":[{\"@type\":\"SearchAction\",\"target\":{\"@type\":\"EntryPoint\",\"urlTemplate\":\"https:\/\/demo.tz-viskovo.hr\/it\/?s={search_term_string}\"},\"query-input\":\"required name=search_term_string\"}],\"inLanguage\":\"it-IT\"},{\"@type\":\"ImageObject\",\"@id\":\"https:\/\/demo.tz-viskovo.hr\/it\/info\/applicazioni-per-cellulari\/#primaryimage\",\"inLanguage\":\"it-IT\",\"url\":\"https:\/\/demo.tz-viskovo.hr\/wp-content\/uploads\/2019\/05\/20151214081744000000-main.jpg\",\"contentUrl\":\"https:\/\/demo.tz-viskovo.hr\/wp-content\/uploads\/2019\/05\/20151214081744000000-main.jpg\",\"width\":620,\"height\":460},{\"@type\":\"WebPage\",\"@id\":\"https:\/\/demo.tz-viskovo.hr\/it\/info\/applicazioni-per-cellulari\/#webpage\",\"url\":\"https:\/\/demo.tz-viskovo.hr\/it\/info\/applicazioni-per-cellulari\/\",\"name\":\"Applicazioni per cellulari - Turisti\\u010dka zajednica op\\u0107ine Vi\\u0161kovo\",\"isPartOf\":{\"@id\":\"https:\/\/demo.tz-viskovo.hr\/it\/#website\"},\"primaryImageOfPage\":{\"@id\":\"https:\/\/demo.tz-viskovo.hr\/it\/info\/applicazioni-per-cellulari\/#primaryimage\"},\"datePublished\":\"2019-08-19T20:28:57+00:00\",\"dateModified\":\"2019-08-19T20:28:58+00:00\",\"breadcrumb\":{\"@id\":\"https:\/\/demo.tz-viskovo.hr\/it\/info\/applicazioni-per-cellulari\/#breadcrumb\"},\"inLanguage\":\"it-IT\",\"potentialAction\":[{\"@type\":\"ReadAction\",\"target\":[\"https:\/\/demo.tz-viskovo.hr\/it\/info\/applicazioni-per-cellulari\/\"]}]},{\"@type\":\"BreadcrumbList\",\"@id\":\"https:\/\/demo.tz-viskovo.hr\/it\/info\/applicazioni-per-cellulari\/#breadcrumb\",\"itemListElement\":[{\"@type\":\"ListItem\",\"position\":1,\"name\":\"Home\",\"item\":\"https:\/\/demo.tz-viskovo.hr\/it\/\"},{\"@type\":\"ListItem\",\"position\":2,\"name\":\"Info\",\"item\":\"https:\/\/demo.tz-viskovo.hr\/it\/info\/\"},{\"@type\":\"ListItem\",\"position\":3,\"name\":\"Applicazioni per cellulari\"}]}]}<\/script>\n<!-- \/ Yoast SEO plugin. -->","yoast_head_json":{"robots":{"index":"index","follow":"follow","max-snippet":"max-snippet:-1","max-image-preview":"max-image-preview:large","max-video-preview":"max-video-preview:-1"},"canonical":"https:\/\/demo.tz-viskovo.hr\/it\/info\/applicazioni-per-cellulari\/","og_locale":"it_IT","og_type":"article","og_title":"Applicazioni per cellulari - Turisti\u010dka zajednica op\u0107ine Vi\u0161kovo","og_description":"Bike Rijeka L\u2019applicazione per cellulare Bike Rijeka riunisce quaranta piste ciclabili che attraversano 8 citt\u00e0 e comuni dell\u2019anello fiumano (Rije\u010dki prsten): Rijeka, Kastav, Klan, Vi\u0161kovo, Jelenje, \u010cavle, Kostrena e Bakar. La massima attenzione \u00e8 rivolta alla visualizzazione e alla navigazione sulle piste. Le piste possono essere selezionate in base ai criteri di difficolt\u00e0 o semplicemente [&hellip;]","og_url":"https:\/\/demo.tz-viskovo.hr\/it\/info\/applicazioni-per-cellulari\/","og_site_name":"Turisti\u010dka zajednica op\u0107ine Vi\u0161kovo","article_modified_time":"2019-08-19T20:28:58+00:00","og_image":[{"width":620,"height":460,"url":"https:\/\/demo.tz-viskovo.hr\/wp-content\/uploads\/2019\/05\/20151214081744000000-main.jpg","type":"image\/jpeg"}],"twitter_card":"summary_large_image","twitter_misc":{"Tempo di lettura stimato":"1 minuto"},"schema":{"@context":"https:\/\/schema.org","@graph":[{"@type":"WebSite","@id":"https:\/\/demo.tz-viskovo.hr\/it\/#website","url":"https:\/\/demo.tz-viskovo.hr\/it\/","name":"Turisti\u010dka zajednica op\u0107ine Vi\u0161kovo","description":"","potentialAction":[{"@type":"SearchAction","target":{"@type":"EntryPoint","urlTemplate":"https:\/\/demo.tz-viskovo.hr\/it\/?s={search_term_string}"},"query-input":"required name=search_term_string"}],"inLanguage":"it-IT"},{"@type":"ImageObject","@id":"https:\/\/demo.tz-viskovo.hr\/it\/info\/applicazioni-per-cellulari\/#primaryimage","inLanguage":"it-IT","url":"https:\/\/demo.tz-viskovo.hr\/wp-content\/uploads\/2019\/05\/20151214081744000000-main.jpg","contentUrl":"https:\/\/demo.tz-viskovo.hr\/wp-content\/uploads\/2019\/05\/20151214081744000000-main.jpg","width":620,"height":460},{"@type":"WebPage","@id":"https:\/\/demo.tz-viskovo.hr\/it\/info\/applicazioni-per-cellulari\/#webpage","url":"https:\/\/demo.tz-viskovo.hr\/it\/info\/applicazioni-per-cellulari\/","name":"Applicazioni per cellulari - Turisti\u010dka zajednica op\u0107ine Vi\u0161kovo","isPartOf":{"@id":"https:\/\/demo.tz-viskovo.hr\/it\/#website"},"primaryImageOfPage":{"@id":"https:\/\/demo.tz-viskovo.hr\/it\/info\/applicazioni-per-cellulari\/#primaryimage"},"datePublished":"2019-08-19T20:28:57+00:00","dateModified":"2019-08-19T20:28:58+00:00","breadcrumb":{"@id":"https:\/\/demo.tz-viskovo.hr\/it\/info\/applicazioni-per-cellulari\/#breadcrumb"},"inLanguage":"it-IT","potentialAction":[{"@type":"ReadAction","target":["https:\/\/demo.tz-viskovo.hr\/it\/info\/applicazioni-per-cellulari\/"]}]},{"@type":"BreadcrumbList","@id":"https:\/\/demo.tz-viskovo.hr\/it\/info\/applicazioni-per-cellulari\/#breadcrumb","itemListElement":[{"@type":"ListItem","position":1,"name":"Home","item":"https:\/\/demo.tz-viskovo.hr\/it\/"},{"@type":"ListItem","position":2,"name":"Info","item":"https:\/\/demo.tz-viskovo.hr\/it\/info\/"},{"@type":"ListItem","position":3,"name":"Applicazioni per cellulari"}]}]}},"_links":{"self":[{"href":"https:\/\/demo.tz-viskovo.hr\/it\/wp-json\/wp\/v2\/pages\/4028"}],"collection":[{"href":"https:\/\/demo.tz-viskovo.hr\/it\/wp-json\/wp\/v2\/pages"}],"about":[{"href":"https:\/\/demo.tz-viskovo.hr\/it\/wp-json\/wp\/v2\/types\/page"}],"author":[{"embeddable":true,"href":"https:\/\/demo.tz-viskovo.hr\/it\/wp-json\/wp\/v2\/users\/1"}],"replies":[{"embeddable":true,"href":"https:\/\/demo.tz-viskovo.hr\/it\/wp-json\/wp\/v2\/comments?post=4028"}],"version-history":[{"count":1,"href":"https:\/\/demo.tz-viskovo.hr\/it\/wp-json\/wp\/v2\/pages\/4028\/revisions"}],"predecessor-version":[{"id":4029,"href":"https:\/\/demo.tz-viskovo.hr\/it\/wp-json\/wp\/v2\/pages\/4028\/revisions\/4029"}],"up":[{"embeddable":true,"href":"https:\/\/demo.tz-viskovo.hr\/it\/wp-json\/wp\/v2\/pages\/3940"}],"wp:featuredmedia":[{"embeddable":true,"href":"https:\/\/demo.tz-viskovo.hr\/it\/wp-json\/wp\/v2\/media\/4030"}],"wp:attachment":[{"href":"https:\/\/demo.tz-viskovo.hr\/it\/wp-json\/wp\/v2\/media?parent=4028"}],"curies":[{"name":"wp","href":"https:\/\/api.w.org\/{rel}","templated":true}]}}