{"id":8181,"date":"2019-08-26T07:35:54","date_gmt":"2019-08-26T07:35:54","guid":{"rendered":"https:\/\/demo.tz-viskovo.hr\/?page_id=8181"},"modified":"2020-09-15T13:28:16","modified_gmt":"2020-09-15T13:28:16","slug":"la-tecnica-di-construzione-dei-muretti-a-secco","status":"publish","type":"page","link":"https:\/\/demo.tz-viskovo.hr\/it\/viskovo\/unesco\/la-tecnica-di-construzione-dei-muretti-a-secco\/","title":{"rendered":"La tecnica di construzione dei muretti a secco"},"content":{"rendered":"\n<p>L&#8217;arte della costruzione del muro a secco consiste nel realizzare strutture in pietra senza l&#8217;uso di materiale legante. In senso pi\u00f9 stretto, si riferisce alla muratura in pietra con poca o senza lavorazione. Come termine pi\u00f9 ampio pu\u00f2 anche includere la posa di pavimentazioni e rivestimenti in pietra, quindi la costruzione di strutture ingegneristiche in pietra scolpita senza l&#8217;uso di leganti. Quest&#8217;arte fu utilizzata dall&#8217;uomo nell&#8217;area adriatico-dinarica della Croazia dalla preistoria ai giorni nostri. La sua distribuzione, i risultati tecnici e l&#8217;importanza per la comunit\u00e0 sono legati all&#8217;intensit\u00e0 della popolazione e all&#8217;attivit\u00e0 economica nonch\u00e9 alle modalit\u00e0 e ai mezzi di trasformazione del suolo carsico ai fini della produzione agricola. <\/p>\n\n\n\n<p>Sul suolo carsico, il muro a secco \u00e8 una tecnica manuale insostituibile per creare rifugi, percorsi e recinzioni, in particolare per adattare il terreno roccioso all&#8217;agricoltura. La maggior parte delle costruzioni si svolge principalmente nelle prime e pi\u00f9 intense fasi di lavoro con lo scopo di ottenere nuovi terreni \u2013 durante la recinzione, l&#8217;eliminazione dalle rocce e la costruzione di terrazze e di semplici rifugi in pietra per la permanenza temporanea.<\/p>\n","protected":false},"excerpt":{"rendered":"<p>L&#8217;arte della costruzione del muro a secco consiste nel realizzare strutture in pietra senza l&#8217;uso di materiale legante. In senso pi\u00f9 stretto, si riferisce alla muratura in pietra con poca o senza lavorazione. Come termine pi\u00f9 ampio pu\u00f2 anche includere la posa di pavimentazioni e rivestimenti in pietra, quindi la costruzione di strutture ingegneristiche in [&hellip;]<\/p>\n","protected":false},"author":1,"featured_media":13605,"parent":1666,"menu_order":0,"comment_status":"closed","ping_status":"closed","template":"","meta":[],"acf":[],"yoast_head":"<!-- This site is optimized with the Yoast SEO plugin v17.6 - https:\/\/yoast.com\/wordpress\/plugins\/seo\/ -->\n<meta name=\"robots\" content=\"index, follow, max-snippet:-1, max-image-preview:large, max-video-preview:-1\" \/>\n<link rel=\"canonical\" href=\"https:\/\/demo.tz-viskovo.hr\/it\/viskovo\/unesco\/la-tecnica-di-construzione-dei-muretti-a-secco\/\" \/>\n<meta property=\"og:locale\" content=\"it_IT\" \/>\n<meta property=\"og:type\" content=\"article\" \/>\n<meta property=\"og:title\" content=\"La tecnica di construzione dei muretti a secco - Turisti\u010dka zajednica op\u0107ine Vi\u0161kovo\" \/>\n<meta property=\"og:description\" content=\"L&#8217;arte della costruzione del muro a secco consiste nel realizzare strutture in pietra senza l&#8217;uso di materiale legante. In senso pi\u00f9 stretto, si riferisce alla muratura in pietra con poca o senza lavorazione. Come termine pi\u00f9 ampio pu\u00f2 anche includere la posa di pavimentazioni e rivestimenti in pietra, quindi la costruzione di strutture ingegneristiche in [&hellip;]\" \/>\n<meta property=\"og:url\" content=\"https:\/\/demo.tz-viskovo.hr\/it\/viskovo\/unesco\/la-tecnica-di-construzione-dei-muretti-a-secco\/\" \/>\n<meta property=\"og:site_name\" content=\"Turisti\u010dka zajednica op\u0107ine Vi\u0161kovo\" \/>\n<meta property=\"article:modified_time\" content=\"2020-09-15T13:28:16+00:00\" \/>\n<meta property=\"og:image\" content=\"https:\/\/demo.tz-viskovo.hr\/wp-content\/uploads\/2020\/05\/KAPITI4-Medium.jpg\" \/>\n\t<meta property=\"og:image:width\" content=\"1148\" \/>\n\t<meta property=\"og:image:height\" content=\"768\" \/>\n<meta name=\"twitter:card\" content=\"summary_large_image\" \/>\n<meta name=\"twitter:label1\" content=\"Tempo di lettura stimato\" \/>\n\t<meta name=\"twitter:data1\" content=\"1 minuto\" \/>\n<script type=\"application\/ld+json\" class=\"yoast-schema-graph\">{\"@context\":\"https:\/\/schema.org\",\"@graph\":[{\"@type\":\"WebSite\",\"@id\":\"https:\/\/demo.tz-viskovo.hr\/it\/#website\",\"url\":\"https:\/\/demo.tz-viskovo.hr\/it\/\",\"name\":\"Turisti\\u010dka zajednica op\\u0107ine Vi\\u0161kovo\",\"description\":\"\",\"potentialAction\":[{\"@type\":\"SearchAction\",\"target\":{\"@type\":\"EntryPoint\",\"urlTemplate\":\"https:\/\/demo.tz-viskovo.hr\/it\/?s={search_term_string}\"},\"query-input\":\"required name=search_term_string\"}],\"inLanguage\":\"it-IT\"},{\"@type\":\"ImageObject\",\"@id\":\"https:\/\/demo.tz-viskovo.hr\/it\/viskovo\/unesco\/la-tecnica-di-construzione-dei-muretti-a-secco\/#primaryimage\",\"inLanguage\":\"it-IT\",\"url\":\"https:\/\/demo.tz-viskovo.hr\/wp-content\/uploads\/2020\/05\/KAPITI4-Medium.jpg\",\"contentUrl\":\"https:\/\/demo.tz-viskovo.hr\/wp-content\/uploads\/2020\/05\/KAPITI4-Medium.jpg\",\"width\":1148,\"height\":768},{\"@type\":\"WebPage\",\"@id\":\"https:\/\/demo.tz-viskovo.hr\/it\/viskovo\/unesco\/la-tecnica-di-construzione-dei-muretti-a-secco\/#webpage\",\"url\":\"https:\/\/demo.tz-viskovo.hr\/it\/viskovo\/unesco\/la-tecnica-di-construzione-dei-muretti-a-secco\/\",\"name\":\"La tecnica di construzione dei muretti a secco - Turisti\\u010dka zajednica op\\u0107ine Vi\\u0161kovo\",\"isPartOf\":{\"@id\":\"https:\/\/demo.tz-viskovo.hr\/it\/#website\"},\"primaryImageOfPage\":{\"@id\":\"https:\/\/demo.tz-viskovo.hr\/it\/viskovo\/unesco\/la-tecnica-di-construzione-dei-muretti-a-secco\/#primaryimage\"},\"datePublished\":\"2019-08-26T07:35:54+00:00\",\"dateModified\":\"2020-09-15T13:28:16+00:00\",\"breadcrumb\":{\"@id\":\"https:\/\/demo.tz-viskovo.hr\/it\/viskovo\/unesco\/la-tecnica-di-construzione-dei-muretti-a-secco\/#breadcrumb\"},\"inLanguage\":\"it-IT\",\"potentialAction\":[{\"@type\":\"ReadAction\",\"target\":[\"https:\/\/demo.tz-viskovo.hr\/it\/viskovo\/unesco\/la-tecnica-di-construzione-dei-muretti-a-secco\/\"]}]},{\"@type\":\"BreadcrumbList\",\"@id\":\"https:\/\/demo.tz-viskovo.hr\/it\/viskovo\/unesco\/la-tecnica-di-construzione-dei-muretti-a-secco\/#breadcrumb\",\"itemListElement\":[{\"@type\":\"ListItem\",\"position\":1,\"name\":\"Home\",\"item\":\"https:\/\/demo.tz-viskovo.hr\/it\/\"},{\"@type\":\"ListItem\",\"position\":2,\"name\":\"Vi\\u0161kovo\",\"item\":\"https:\/\/demo.tz-viskovo.hr\/it\/viskovo\/\"},{\"@type\":\"ListItem\",\"position\":3,\"name\":\"UNESCO\",\"item\":\"https:\/\/demo.tz-viskovo.hr\/it\/viskovo\/unesco\/\"},{\"@type\":\"ListItem\",\"position\":4,\"name\":\"La tecnica di construzione dei muretti a secco\"}]}]}<\/script>\n<!-- \/ Yoast SEO plugin. -->","yoast_head_json":{"robots":{"index":"index","follow":"follow","max-snippet":"max-snippet:-1","max-image-preview":"max-image-preview:large","max-video-preview":"max-video-preview:-1"},"canonical":"https:\/\/demo.tz-viskovo.hr\/it\/viskovo\/unesco\/la-tecnica-di-construzione-dei-muretti-a-secco\/","og_locale":"it_IT","og_type":"article","og_title":"La tecnica di construzione dei muretti a secco - Turisti\u010dka zajednica op\u0107ine Vi\u0161kovo","og_description":"L&#8217;arte della costruzione del muro a secco consiste nel realizzare strutture in pietra senza l&#8217;uso di materiale legante. In senso pi\u00f9 stretto, si riferisce alla muratura in pietra con poca o senza lavorazione. Come termine pi\u00f9 ampio pu\u00f2 anche includere la posa di pavimentazioni e rivestimenti in pietra, quindi la costruzione di strutture ingegneristiche in [&hellip;]","og_url":"https:\/\/demo.tz-viskovo.hr\/it\/viskovo\/unesco\/la-tecnica-di-construzione-dei-muretti-a-secco\/","og_site_name":"Turisti\u010dka zajednica op\u0107ine Vi\u0161kovo","article_modified_time":"2020-09-15T13:28:16+00:00","og_image":[{"width":1148,"height":768,"url":"https:\/\/demo.tz-viskovo.hr\/wp-content\/uploads\/2020\/05\/KAPITI4-Medium.jpg","type":"image\/jpeg"}],"twitter_card":"summary_large_image","twitter_misc":{"Tempo di lettura stimato":"1 minuto"},"schema":{"@context":"https:\/\/schema.org","@graph":[{"@type":"WebSite","@id":"https:\/\/demo.tz-viskovo.hr\/it\/#website","url":"https:\/\/demo.tz-viskovo.hr\/it\/","name":"Turisti\u010dka zajednica op\u0107ine Vi\u0161kovo","description":"","potentialAction":[{"@type":"SearchAction","target":{"@type":"EntryPoint","urlTemplate":"https:\/\/demo.tz-viskovo.hr\/it\/?s={search_term_string}"},"query-input":"required name=search_term_string"}],"inLanguage":"it-IT"},{"@type":"ImageObject","@id":"https:\/\/demo.tz-viskovo.hr\/it\/viskovo\/unesco\/la-tecnica-di-construzione-dei-muretti-a-secco\/#primaryimage","inLanguage":"it-IT","url":"https:\/\/demo.tz-viskovo.hr\/wp-content\/uploads\/2020\/05\/KAPITI4-Medium.jpg","contentUrl":"https:\/\/demo.tz-viskovo.hr\/wp-content\/uploads\/2020\/05\/KAPITI4-Medium.jpg","width":1148,"height":768},{"@type":"WebPage","@id":"https:\/\/demo.tz-viskovo.hr\/it\/viskovo\/unesco\/la-tecnica-di-construzione-dei-muretti-a-secco\/#webpage","url":"https:\/\/demo.tz-viskovo.hr\/it\/viskovo\/unesco\/la-tecnica-di-construzione-dei-muretti-a-secco\/","name":"La tecnica di construzione dei muretti a secco - Turisti\u010dka zajednica op\u0107ine Vi\u0161kovo","isPartOf":{"@id":"https:\/\/demo.tz-viskovo.hr\/it\/#website"},"primaryImageOfPage":{"@id":"https:\/\/demo.tz-viskovo.hr\/it\/viskovo\/unesco\/la-tecnica-di-construzione-dei-muretti-a-secco\/#primaryimage"},"datePublished":"2019-08-26T07:35:54+00:00","dateModified":"2020-09-15T13:28:16+00:00","breadcrumb":{"@id":"https:\/\/demo.tz-viskovo.hr\/it\/viskovo\/unesco\/la-tecnica-di-construzione-dei-muretti-a-secco\/#breadcrumb"},"inLanguage":"it-IT","potentialAction":[{"@type":"ReadAction","target":["https:\/\/demo.tz-viskovo.hr\/it\/viskovo\/unesco\/la-tecnica-di-construzione-dei-muretti-a-secco\/"]}]},{"@type":"BreadcrumbList","@id":"https:\/\/demo.tz-viskovo.hr\/it\/viskovo\/unesco\/la-tecnica-di-construzione-dei-muretti-a-secco\/#breadcrumb","itemListElement":[{"@type":"ListItem","position":1,"name":"Home","item":"https:\/\/demo.tz-viskovo.hr\/it\/"},{"@type":"ListItem","position":2,"name":"Vi\u0161kovo","item":"https:\/\/demo.tz-viskovo.hr\/it\/viskovo\/"},{"@type":"ListItem","position":3,"name":"UNESCO","item":"https:\/\/demo.tz-viskovo.hr\/it\/viskovo\/unesco\/"},{"@type":"ListItem","position":4,"name":"La tecnica di construzione dei muretti a secco"}]}]}},"_links":{"self":[{"href":"https:\/\/demo.tz-viskovo.hr\/it\/wp-json\/wp\/v2\/pages\/8181"}],"collection":[{"href":"https:\/\/demo.tz-viskovo.hr\/it\/wp-json\/wp\/v2\/pages"}],"about":[{"href":"https:\/\/demo.tz-viskovo.hr\/it\/wp-json\/wp\/v2\/types\/page"}],"author":[{"embeddable":true,"href":"https:\/\/demo.tz-viskovo.hr\/it\/wp-json\/wp\/v2\/users\/1"}],"replies":[{"embeddable":true,"href":"https:\/\/demo.tz-viskovo.hr\/it\/wp-json\/wp\/v2\/comments?post=8181"}],"version-history":[{"count":6,"href":"https:\/\/demo.tz-viskovo.hr\/it\/wp-json\/wp\/v2\/pages\/8181\/revisions"}],"predecessor-version":[{"id":15007,"href":"https:\/\/demo.tz-viskovo.hr\/it\/wp-json\/wp\/v2\/pages\/8181\/revisions\/15007"}],"up":[{"embeddable":true,"href":"https:\/\/demo.tz-viskovo.hr\/it\/wp-json\/wp\/v2\/pages\/1666"}],"wp:featuredmedia":[{"embeddable":true,"href":"https:\/\/demo.tz-viskovo.hr\/it\/wp-json\/wp\/v2\/media\/13605"}],"wp:attachment":[{"href":"https:\/\/demo.tz-viskovo.hr\/it\/wp-json\/wp\/v2\/media?parent=8181"}],"curies":[{"name":"wp","href":"https:\/\/api.w.org\/{rel}","templated":true}]}}