{"id":8203,"date":"2019-08-26T07:56:32","date_gmt":"2019-08-26T07:56:32","guid":{"rendered":"https:\/\/demo.tz-viskovo.hr\/?page_id=8203"},"modified":"2020-09-24T12:40:27","modified_gmt":"2020-09-24T12:40:27","slug":"il-passato-nel-presente-manifestazioni","status":"publish","type":"page","link":"https:\/\/demo.tz-viskovo.hr\/it\/cosa-fare\/il-passato-nel-presente-manifestazioni\/","title":{"rendered":"Il passato nel presente &#8211; manifestazioni"},"content":{"rendered":"\n<p>Le nostre manifestazioni, sebbene radicate nella tradizione e nelle caratteristiche naturali della zona, assumono nuove forme per soddisfare le aspettative della gente moderna. In ogni stagione, Vi\u0161kovo offre una vasta gamma di programmi interessanti che soddisfano tutti i gusti. Vi invitiamo a unirvi a noi durante tutto l&#8217;anno e a godervi il nostro programma di manifestazioni.<\/p>\n\n\n\n<h2><strong>CISTERNE (POZZI) \u2013 FONTE DI VITA<\/strong><\/h2>\n\n\n\n<p>In questo territorio carsico con rocce calcaree permeabili, le condizioni di vita sono sempre state sfavorevoli a causa dell&#8217;impossibilit\u00e0 di trattenere l&#8217;acqua. Il fiume Rje\u010dina, ossia il confine naturale nord-orientale tra il comune di Vi\u0161kovo e il territorio di Grobnik, rappresentava da sempre un&#8217;importante fonte d&#8217;acqua. Siccome prima della costruzione della moderna rete idrica, questo fiume era difficilmente accessibile agli abitanti di Vi\u0161kovo, le cisterne ovvero i pozzi erano per loro la fonte di vita.<br> Per molto tempo esistevano solamente alcune cisterne scavate nel terreno e ricoperte da una pietra. Nel XIX secolo inizi\u00f2 la costruzione di cisterne pubbliche al centro del paese in cui si raccoglieva l&#8217;acqua dai tetti delle case vicine. Ogni paese di Vi\u0161kovo possedeva questo tipo di cisterna. Il pi\u00f9 antica fu costruita nel 1857 a Sar\u0161oni.<\/p>\n\n\n\n<p>Il fabbisogno quotidiano di acqua portava giovani e anziani alla cisterna che divenne un luogo di ritrovo in cui scambiarsi informazioni e novit\u00e0. <a href=\"https:\/\/demo.tz-viskovo.hr\/it\/viskovo\/leggende\/\">La leggenda di Malik<\/a> avvertiva i bambini dal rischio di cadere nelle acque profonde e fredde. Tutto questo rendeva le cisterne fonte di vita non solo nel senso fisico ma anche quello spirituale.<\/p>\n\n\n\n<p>Il progresso della civilt\u00e0 ha portato l&#8217;acqua in ogni casa. Come conseguenza, le cisterne sono state trascurate e dimenticate e il loro ruolo sociale \u00e8 stato assunto da altri posti.<\/p>\n\n\n\n<p>Con lo scopo di riconoscere il valore storico-culturale delle cisterne, l&#8217;Ente per il turismo del Comune di Vi\u0161kovo nel 2007 ha iniziato la loro rivitalizzazione. Sono state elencate, ripulite e ristrutturate 28 cisterne pubbliche: quattro a Mar\u010delji, cinque a Marini\u0107i, due a Mladeni\u0107i, otto a Sar\u0161oni, quattro a Sroki e cinque a Vi\u0161kovo. <\/p>\n\n\n\n<p>Durante il mese di giugno, le cisterne del comune di Vi\u0161kovo ospitano una serie di manifestazioni dal titolo <strong>\u201cCisterne (pozzi) &#8211; fonte di vita\u201d<\/strong>. Lo spazio limitato attorno alle cisterne offre un&#8217;atmosfera intima in cui gli artisti dei programmi culturali e d&#8217;intrattenimento sono strettamente collegati al loro pubblico. Questa serie di eventi trasforma le cisterne in piccoli palcoscenici che riportano in vita lo spirito dei tempi passati e il loro ruolo originale, anche se solo per un breve periodo.<\/p>\n\n\n\n<h2><strong>MAJEVICA<\/strong><\/h2>\n\n\n\n<p>La prima domenica di maggio si chiama Majevica secondo il nome locale del lill\u00e0 che fiorisce in questo periodo dell&#8217;anno. In passato, questo era il giorno dell&#8217;ultima danza primaverile, seguita da un intenso periodo di lavoro nei campi<\/p>\n\n\n\n<p>Un tempo le ragazze aspettavano con impazienza questo giorno. Infatti, secondo la tradizione, i ragazzi dovevano decorare la finestra della ragazza che gli piaceva durante la notte. Sul comignolo della casa di questa ragazza o su un posto alto accanto alla casa (un albero di noci, gelsi o altro) si posava il maj ovvero un arbusto sempreverde (di solito ginepro o abete ma anche alloro) o un ramo di frassino o ciliegio in fiore.<\/p>\n\n\n\n<p>Si cantava:<br><em>Majevica, bella domenica,<br>Tu mi abbellirai la finestra,<br>oppure il gelso l\u00e0 sotto.<\/em><\/p>\n\n\n\n<p>Quella notte le ragazze non dormivano. Se una ragazza trovava invece una verza, questo significava che qualcuno provava del rancore nei suoi confronti. In quel caso, la ragazza si svegliava presto e rimuoveva questo simbolo di beffa prima di essere vista dai vicini di casa. Nel pomeriggio si svolgeva l&#8217;ultimo ballo primaverile. La maggior parte dei giovani, dopo la Majevica, andava sulle montagne vicine a bruciare il carbone o la calce.<\/p>\n\n\n\n<p>In ricordo di quest&#8217;usanza, l&#8217;Ente per il turismo del Comune di Vi\u0161kovo ha promosso l&#8217;evento <strong>Majevica \u2013 la festa della primavera<\/strong>. Questa manifestazione dedicata alla tradizione, alla conservazione del patrimonio culturale e storico, alla cucina e alle antiche usanze della regione di Halubje si svolge la prima domenica di maggio. Il simbolo di quest&#8217;evento \u00e8 il lill\u00e0, che a Halubje si chiama anche majevica.<\/p>\n\n\n\n<h2>PRONTI, ATTENTI, VIA! E <strong>PASSEGGIA CON ME\u2026<\/strong><\/h2>\n\n\n\n<p>Antichi sentieri e percorsi che un tempo collegavano villaggi e persone, oggi sono itinerari ben curati e tracciati. In primavera, quando la natura \u00e8 in piena fioritura, una serie di escursioni guidate dal titolo <strong>\u201cPriprema, pozor, sad!\u201d<\/strong> (Pronti, attenti, via!) vengono organizzate ogni mercoled\u00ec e venerd\u00ec di aprile in collaborazione con il Club escursionistico di Vi\u0161kovo. Questa \u00e8 un&#8217;occasione perfetta per godersi la natura e il patrimonio culturale, nonch\u00e9 ascoltare le storie interessanti raccontate dalle nostre guide.<\/p>\n\n\n\n<p>A ottobre, unitevi a noi per una passeggiata lungo i sentieri degli Scampanatori di Halubje (<strong>\u201cPro\u0161e\u0107i se z manun &#8230; po zvon\u010darskeh puteh\u201d<\/strong>) nel periodo dell&#8217;anno in cui il bosco \u00e8 pieno di colori autunnali.<\/p>\n\n\n\n<h2><strong>IL CARNEVALE<\/strong><\/h2>\n\n\n\n<p><strong>Il periodo di Carnevale <\/strong>nella zona del comune di Vi\u0161kovo inizia ogni anno il 17 gennaio per Sant&#8217;Antonio, il protettore del bestiame, che stabilisce un chiaro legame con le forme tradizionali di vita in quest&#8217;area (allevamento di bestiame). L&#8217;inizio del Carnevale \u00e8 caratterizzato dal suono del corno e dal fantoccio di paglia ovvero il Pust, che verr\u00e0 bruciato nella giornata di marted\u00ec prima delle Ceneri dopo essere stato condannato come colpevole di tutti i mali accaduti nell&#8217;anno precedente.<\/p>\n\n\n\n<p>Il Carnevale coincide con il periodo dell&#8217;inattivit\u00e0 della natura, poco prima del suo risveglio. In passato, per gli abitanti locali significava concedersi un po&#8217; di riposo dal lavoro quotidiano. Infatti, questo periodo, chiamato anche &#8220;la quinta stagione dell&#8217;anno&#8221; era dedicato al divertimento e allo stare in compagnia. Insomma, un&#8217;usanza che continua anche oggi. <\/p>\n\n\n\n<p>I protagonisti principali delle manifestazioni carnevalesche sono gli Halubajski zvon\u010dari &#8211; scampanatori di Halubje che con la loro particolare processione sono entrati a far parte della Lista del patrimonio culturale immateriale dell&#8217;UNESCO. Questa processione rievoca tempi passati in cui i confini amministrativi erano diversi, ma il significato del loro itinerario per secoli \u00e8 rimasto invariato: gli scampanatori visitano le case nell&#8217;area e i padroni di casa li accolgono con i tipici piatti tradizionali locali. .<\/p>\n\n\n\n<p>La tradizione che riflette il desiderio universale dell&#8217;uomo del bene che vince il male ovvero del nuovo ciclo di vita (primavera) che si contrappone alla morte (inverno), oggi si manifesta nelle varie attivit\u00e0 sportive e d&#8217;intrattenimento che fanno parte del carnevale di Halubje.<br> <\/p>\n\n\n\n<h2><strong>IL CARNEVALE DI HALUBJE<\/strong><\/h2>\n\n\n\n<p>Il carnevale riflette il bisogno universale dell&#8217;uomo di un nuovo ciclo di vita (primavera) che si contrappone alla morte (inverno) nonch\u00e9 del bene che vince il male. In linea con lo stile della vita moderna, le tradizioni carnevalesche sono state completate con delle attivit\u00e0 sportive e d&#8217;intrattenimento che fanno parte del carnevale di Halubje.<\/p>\n\n\n\n<p><strong>Il carnevale di Halubje<\/strong> si svolge dal 1999 ed \u00e8 caratterizzato dalla tradizione centenaria degli scampanatori di Halubje. Tutti gli eventi nell&#8217;abito del Carnevale sono rivolti a conservare le tradizioni, le usanze locali e i valori di un tempo. <\/p>\n\n\n\n<p>Il Carnevale inizia sempre la prima domenica dopo la giornata di Sant&#8217;Antonio. Vi partecipano tutte le associazioni carnevalesche attive nel Comune di Vi\u0161kovo: dai bambini degli asili alle Societ\u00e0 dei pensionati. Oltre alla sfilata di Carnevale si svolgono numerosi eventi culturali e sportivi: concerti, esposizioni, varie competizioni in maschera e altro.<\/p>\n\n\n\n<p>Al Carnevale di Halubje partecipano pure i gruppi mascherati provenienti dagli stati vicini (Slovenia e Italia) conferendogli un tocco internazionale.<\/p>\n\n\n\n<p>La tradizione si ama gi\u00e0 dall\u2019infanzia. Durante la sfilata <strong>\u201cSmotra mi\u0107eh zvon\u010dari\u201d<\/strong>, Mar\u010delji diventa un luogo di ritrovo per i giovani scampanatori di Halubje delle zone limitrofe che promuovono quest&#8217;usanza.<\/p>\n","protected":false},"excerpt":{"rendered":"<p>Le nostre manifestazioni, sebbene radicate nella tradizione e nelle caratteristiche naturali della zona, assumono nuove forme per soddisfare le aspettative della gente moderna. In ogni stagione, Vi\u0161kovo offre una vasta gamma di programmi interessanti che soddisfano tutti i gusti. Vi invitiamo a unirvi a noi durante tutto l&#8217;anno e a godervi il nostro programma di [&hellip;]<\/p>\n","protected":false},"author":1,"featured_media":8449,"parent":3919,"menu_order":0,"comment_status":"closed","ping_status":"closed","template":"","meta":[],"acf":[],"yoast_head":"<!-- This site is optimized with the Yoast SEO plugin v17.6 - https:\/\/yoast.com\/wordpress\/plugins\/seo\/ -->\n<meta name=\"robots\" content=\"index, follow, max-snippet:-1, max-image-preview:large, max-video-preview:-1\" \/>\n<link rel=\"canonical\" href=\"https:\/\/demo.tz-viskovo.hr\/it\/cosa-fare\/il-passato-nel-presente-manifestazioni\/\" \/>\n<meta property=\"og:locale\" content=\"it_IT\" \/>\n<meta property=\"og:type\" content=\"article\" \/>\n<meta property=\"og:title\" content=\"Il passato nel presente - manifestazioni - Turisti\u010dka zajednica op\u0107ine Vi\u0161kovo\" \/>\n<meta property=\"og:description\" content=\"Le nostre manifestazioni, sebbene radicate nella tradizione e nelle caratteristiche naturali della zona, assumono nuove forme per soddisfare le aspettative della gente moderna. In ogni stagione, Vi\u0161kovo offre una vasta gamma di programmi interessanti che soddisfano tutti i gusti. Vi invitiamo a unirvi a noi durante tutto l&#8217;anno e a godervi il nostro programma di [&hellip;]\" \/>\n<meta property=\"og:url\" content=\"https:\/\/demo.tz-viskovo.hr\/it\/cosa-fare\/il-passato-nel-presente-manifestazioni\/\" \/>\n<meta property=\"og:site_name\" content=\"Turisti\u010dka zajednica op\u0107ine Vi\u0161kovo\" \/>\n<meta property=\"article:modified_time\" content=\"2020-09-24T12:40:27+00:00\" \/>\n<meta property=\"og:image\" content=\"https:\/\/demo.tz-viskovo.hr\/wp-content\/uploads\/2019\/09\/Ljetni-pljusak-1.jpg\" \/>\n\t<meta property=\"og:image:width\" content=\"1280\" \/>\n\t<meta property=\"og:image:height\" content=\"960\" \/>\n<meta name=\"twitter:card\" content=\"summary_large_image\" \/>\n<meta name=\"twitter:label1\" content=\"Tempo di lettura stimato\" \/>\n\t<meta name=\"twitter:data1\" content=\"6 minuti\" \/>\n<script type=\"application\/ld+json\" class=\"yoast-schema-graph\">{\"@context\":\"https:\/\/schema.org\",\"@graph\":[{\"@type\":\"WebSite\",\"@id\":\"https:\/\/demo.tz-viskovo.hr\/it\/#website\",\"url\":\"https:\/\/demo.tz-viskovo.hr\/it\/\",\"name\":\"Turisti\\u010dka zajednica op\\u0107ine Vi\\u0161kovo\",\"description\":\"\",\"potentialAction\":[{\"@type\":\"SearchAction\",\"target\":{\"@type\":\"EntryPoint\",\"urlTemplate\":\"https:\/\/demo.tz-viskovo.hr\/it\/?s={search_term_string}\"},\"query-input\":\"required name=search_term_string\"}],\"inLanguage\":\"it-IT\"},{\"@type\":\"ImageObject\",\"@id\":\"https:\/\/demo.tz-viskovo.hr\/it\/cosa-fare\/il-passato-nel-presente-manifestazioni\/#primaryimage\",\"inLanguage\":\"it-IT\",\"url\":\"https:\/\/demo.tz-viskovo.hr\/wp-content\/uploads\/2019\/09\/Ljetni-pljusak-1.jpg\",\"contentUrl\":\"https:\/\/demo.tz-viskovo.hr\/wp-content\/uploads\/2019\/09\/Ljetni-pljusak-1.jpg\",\"width\":1280,\"height\":960},{\"@type\":\"WebPage\",\"@id\":\"https:\/\/demo.tz-viskovo.hr\/it\/cosa-fare\/il-passato-nel-presente-manifestazioni\/#webpage\",\"url\":\"https:\/\/demo.tz-viskovo.hr\/it\/cosa-fare\/il-passato-nel-presente-manifestazioni\/\",\"name\":\"Il passato nel presente - manifestazioni - Turisti\\u010dka zajednica op\\u0107ine Vi\\u0161kovo\",\"isPartOf\":{\"@id\":\"https:\/\/demo.tz-viskovo.hr\/it\/#website\"},\"primaryImageOfPage\":{\"@id\":\"https:\/\/demo.tz-viskovo.hr\/it\/cosa-fare\/il-passato-nel-presente-manifestazioni\/#primaryimage\"},\"datePublished\":\"2019-08-26T07:56:32+00:00\",\"dateModified\":\"2020-09-24T12:40:27+00:00\",\"breadcrumb\":{\"@id\":\"https:\/\/demo.tz-viskovo.hr\/it\/cosa-fare\/il-passato-nel-presente-manifestazioni\/#breadcrumb\"},\"inLanguage\":\"it-IT\",\"potentialAction\":[{\"@type\":\"ReadAction\",\"target\":[\"https:\/\/demo.tz-viskovo.hr\/it\/cosa-fare\/il-passato-nel-presente-manifestazioni\/\"]}]},{\"@type\":\"BreadcrumbList\",\"@id\":\"https:\/\/demo.tz-viskovo.hr\/it\/cosa-fare\/il-passato-nel-presente-manifestazioni\/#breadcrumb\",\"itemListElement\":[{\"@type\":\"ListItem\",\"position\":1,\"name\":\"Home\",\"item\":\"https:\/\/demo.tz-viskovo.hr\/it\/\"},{\"@type\":\"ListItem\",\"position\":2,\"name\":\"Cosa fare\",\"item\":\"https:\/\/demo.tz-viskovo.hr\/it\/cosa-fare\/\"},{\"@type\":\"ListItem\",\"position\":3,\"name\":\"Il passato nel presente &#8211; manifestazioni\"}]}]}<\/script>\n<!-- \/ Yoast SEO plugin. -->","yoast_head_json":{"robots":{"index":"index","follow":"follow","max-snippet":"max-snippet:-1","max-image-preview":"max-image-preview:large","max-video-preview":"max-video-preview:-1"},"canonical":"https:\/\/demo.tz-viskovo.hr\/it\/cosa-fare\/il-passato-nel-presente-manifestazioni\/","og_locale":"it_IT","og_type":"article","og_title":"Il passato nel presente - manifestazioni - Turisti\u010dka zajednica op\u0107ine Vi\u0161kovo","og_description":"Le nostre manifestazioni, sebbene radicate nella tradizione e nelle caratteristiche naturali della zona, assumono nuove forme per soddisfare le aspettative della gente moderna. In ogni stagione, Vi\u0161kovo offre una vasta gamma di programmi interessanti che soddisfano tutti i gusti. Vi invitiamo a unirvi a noi durante tutto l&#8217;anno e a godervi il nostro programma di [&hellip;]","og_url":"https:\/\/demo.tz-viskovo.hr\/it\/cosa-fare\/il-passato-nel-presente-manifestazioni\/","og_site_name":"Turisti\u010dka zajednica op\u0107ine Vi\u0161kovo","article_modified_time":"2020-09-24T12:40:27+00:00","og_image":[{"width":1280,"height":960,"url":"https:\/\/demo.tz-viskovo.hr\/wp-content\/uploads\/2019\/09\/Ljetni-pljusak-1.jpg","type":"image\/jpeg"}],"twitter_card":"summary_large_image","twitter_misc":{"Tempo di lettura stimato":"6 minuti"},"schema":{"@context":"https:\/\/schema.org","@graph":[{"@type":"WebSite","@id":"https:\/\/demo.tz-viskovo.hr\/it\/#website","url":"https:\/\/demo.tz-viskovo.hr\/it\/","name":"Turisti\u010dka zajednica op\u0107ine Vi\u0161kovo","description":"","potentialAction":[{"@type":"SearchAction","target":{"@type":"EntryPoint","urlTemplate":"https:\/\/demo.tz-viskovo.hr\/it\/?s={search_term_string}"},"query-input":"required name=search_term_string"}],"inLanguage":"it-IT"},{"@type":"ImageObject","@id":"https:\/\/demo.tz-viskovo.hr\/it\/cosa-fare\/il-passato-nel-presente-manifestazioni\/#primaryimage","inLanguage":"it-IT","url":"https:\/\/demo.tz-viskovo.hr\/wp-content\/uploads\/2019\/09\/Ljetni-pljusak-1.jpg","contentUrl":"https:\/\/demo.tz-viskovo.hr\/wp-content\/uploads\/2019\/09\/Ljetni-pljusak-1.jpg","width":1280,"height":960},{"@type":"WebPage","@id":"https:\/\/demo.tz-viskovo.hr\/it\/cosa-fare\/il-passato-nel-presente-manifestazioni\/#webpage","url":"https:\/\/demo.tz-viskovo.hr\/it\/cosa-fare\/il-passato-nel-presente-manifestazioni\/","name":"Il passato nel presente - manifestazioni - Turisti\u010dka zajednica op\u0107ine Vi\u0161kovo","isPartOf":{"@id":"https:\/\/demo.tz-viskovo.hr\/it\/#website"},"primaryImageOfPage":{"@id":"https:\/\/demo.tz-viskovo.hr\/it\/cosa-fare\/il-passato-nel-presente-manifestazioni\/#primaryimage"},"datePublished":"2019-08-26T07:56:32+00:00","dateModified":"2020-09-24T12:40:27+00:00","breadcrumb":{"@id":"https:\/\/demo.tz-viskovo.hr\/it\/cosa-fare\/il-passato-nel-presente-manifestazioni\/#breadcrumb"},"inLanguage":"it-IT","potentialAction":[{"@type":"ReadAction","target":["https:\/\/demo.tz-viskovo.hr\/it\/cosa-fare\/il-passato-nel-presente-manifestazioni\/"]}]},{"@type":"BreadcrumbList","@id":"https:\/\/demo.tz-viskovo.hr\/it\/cosa-fare\/il-passato-nel-presente-manifestazioni\/#breadcrumb","itemListElement":[{"@type":"ListItem","position":1,"name":"Home","item":"https:\/\/demo.tz-viskovo.hr\/it\/"},{"@type":"ListItem","position":2,"name":"Cosa fare","item":"https:\/\/demo.tz-viskovo.hr\/it\/cosa-fare\/"},{"@type":"ListItem","position":3,"name":"Il passato nel presente &#8211; manifestazioni"}]}]}},"_links":{"self":[{"href":"https:\/\/demo.tz-viskovo.hr\/it\/wp-json\/wp\/v2\/pages\/8203"}],"collection":[{"href":"https:\/\/demo.tz-viskovo.hr\/it\/wp-json\/wp\/v2\/pages"}],"about":[{"href":"https:\/\/demo.tz-viskovo.hr\/it\/wp-json\/wp\/v2\/types\/page"}],"author":[{"embeddable":true,"href":"https:\/\/demo.tz-viskovo.hr\/it\/wp-json\/wp\/v2\/users\/1"}],"replies":[{"embeddable":true,"href":"https:\/\/demo.tz-viskovo.hr\/it\/wp-json\/wp\/v2\/comments?post=8203"}],"version-history":[{"count":11,"href":"https:\/\/demo.tz-viskovo.hr\/it\/wp-json\/wp\/v2\/pages\/8203\/revisions"}],"predecessor-version":[{"id":15100,"href":"https:\/\/demo.tz-viskovo.hr\/it\/wp-json\/wp\/v2\/pages\/8203\/revisions\/15100"}],"up":[{"embeddable":true,"href":"https:\/\/demo.tz-viskovo.hr\/it\/wp-json\/wp\/v2\/pages\/3919"}],"wp:featuredmedia":[{"embeddable":true,"href":"https:\/\/demo.tz-viskovo.hr\/it\/wp-json\/wp\/v2\/media\/8449"}],"wp:attachment":[{"href":"https:\/\/demo.tz-viskovo.hr\/it\/wp-json\/wp\/v2\/media?parent=8203"}],"curies":[{"name":"wp","href":"https:\/\/api.w.org\/{rel}","templated":true}]}}